{"id":4853,"date":"2023-05-08T14:24:53","date_gmt":"2023-05-08T12:24:53","guid":{"rendered":"https:\/\/nomis.hr\/?page_id=4853"},"modified":"2023-05-08T14:28:08","modified_gmt":"2023-05-08T12:28:08","slug":"pravila-o-privatnosti","status":"publish","type":"page","link":"https:\/\/nomis.hr\/sr\/pravila-o-privatnosti\/","title":{"rendered":"Pravila o privatnosti"},"content":{"rendered":"<div class=\"fusion-fullwidth fullwidth-box fusion-builder-row-1 fusion-flex-container nonhundred-percent-fullwidth non-hundred-percent-height-scrolling\" style=\"--awb-border-radius-top-left:0px;--awb-border-radius-top-right:0px;--awb-border-radius-bottom-right:0px;--awb-border-radius-bottom-left:0px;--awb-flex-wrap:wrap;\" ><div class=\"fusion-builder-row fusion-row fusion-flex-align-items-flex-start fusion-flex-justify-content-center fusion-flex-content-wrap\" style=\"max-width:104%;margin-left: calc(-4% \/ 2 );margin-right: calc(-4% \/ 2 );\"><div class=\"fusion-layout-column fusion_builder_column fusion-builder-column-0 fusion_builder_column_3_4 3_4 fusion-flex-column\" style=\"--awb-bg-size:cover;--awb-width-large:75%;--awb-margin-top-large:0px;--awb-spacing-right-large:2.56%;--awb-margin-bottom-large:0px;--awb-spacing-left-large:2.56%;--awb-width-medium:100%;--awb-spacing-right-medium:1.92%;--awb-spacing-left-medium:1.92%;--awb-width-small:100%;--awb-spacing-right-small:1.92%;--awb-spacing-left-small:1.92%;\"><div class=\"fusion-column-wrapper fusion-flex-justify-content-flex-start fusion-content-layout-column\"><div class=\"fusion-title title fusion-title-1 sep-underline sep-solid fusion-title-text fusion-title-size-two\"><h2 class=\"fusion-title-heading title-heading-left fusion-responsive-typography-calculated\" style=\"margin:0;--fontSize:38;line-height:1.26;\">Pravila o privatnosti<\/h2><\/div><div class=\"fusion-text fusion-text-1\"><div class=\"att-intro\">\n<p>Nomis d.o.o. je firma koja se bavi distribucijom polimernih materijala-granulata, bojila i aditiva za polimerne materijale, ma\u0161ine za brizganje i duvanje, periferija, transportnih traka, te sredstava za podmazivanje i za\u0161titu ma\u0161ina i alata. Ova Pravila privatnosti primenjuju se svaki put kad pose\u0107ujete na\u0161u mre\u017enu stranicu.<\/p>\n<\/div>\n<div class=\"att-text\">\n<h3>Podaci koje prikupljamo<\/h3>\n<p>Prikupljamo sledec\u0301e vrste podataka:<\/p>\n<p>a) Podaci koje prikupljamo izravno na temelju vas\u030ce saglasnosti<br \/>\nb) Ime<br \/>\nc) Prezime<br \/>\nd) Email adresa<br \/>\ne) Broj telefona<\/p>\n<p>Ovi podaci spremljeni su u bazi podataka na web serveru i c\u030cuvaju se neograni\u010deno.<\/p>\n<p>2. Podaci prikupljeni automatski iz sigurnosnih razloga:<br \/>\na) IP adresa<\/p>\n<p>Ovi podaci se bri\u0161u na mese\u010dnoj osnovi.<\/p>\n<p>Nas\u030ce mrez\u030cne stranice nisu namenjene deci mla\u0111oj od 16 godina. Svesno ne prikupljamo osobne podatke dece mla\u0111e od 16 godina. Ako ste mla\u0111i od 16 godina, ne ostavljajte svoje osobne podatke na ovim mrez\u030cnim stranicama.<\/p>\n<h3>Koris\u030ctenje vas\u030cih (osobnih) podataka<\/h3>\n<p>Gore navedeni podaci prikupljaju se u svrhu:<br \/>\na) Kako bi Vas obavestili o novostima i novim proizvodima i uslugama Nomis d.o.o. putem newslettera.<br \/>\nb) Kako bi mogli \u0161to bolje i preciznije odgovoriti na Va\u0161e upite i komentare.<\/p>\n<p>Za obra\u0111ivanje podataka koristimo sledec\u0301e izvore trec\u0301e strane:<br \/>\na) Google Analytics za prikupljanje generalne i skupne statistike. (Ne \u0161aljemo Va\u0161e podatke prema Google Analyticsu). Google pravila privatnosti se nalaze na <a href=\"https:\/\/policies.google.com\/privacy\" target=\"_blank\" rel=\"noopener\">https:\/\/policies.google.com\/privacy<\/a><br \/>\nb) Mailchimp za izradu i slanje newslettera. Mailchimp pravila privatnosti se nalaze na <a href=\"https:\/\/mailchimp.com\/legal\/privacy\" target=\"_blank\" rel=\"noopener\">https:\/\/mailchimp.com\/legal\/privacy\/<\/a><br \/>\nc) Google Maps za kreiranje i umetanje karte na web stranicu (prikupljaju IP adresu)<br \/>\nd) Google Fonts za umetanje fonta na web stranicu<\/p>\n<h3>Az\u030curiranje osobnih podataka<\/h3>\n<p>Ako z\u030celite dobiti uvid o gore navedenim prikupljenim podacima, az\u030curirati ih, promeniti ili izbrisati, moz\u030cete nas kontaktirati na <a href=\"mailto:nomis@nomis.hr\" target=\"_self\" rel=\"noopener\">nomis@nomis.hr<\/a><br \/>\nU svakom trenutku moz\u030cete se odaviti i s nas\u030ceg newslettera klikom na link na dnu svakog newslettera.<br \/>\nTako\u0111er moz\u030cete uloz\u030citi <u><a href=\"mailto:nomis@nomis.hr\">prigovor<\/a><\/u> na obradu osobnih podataka. Nas\u030c voditelj obrade osobnih podataka obradit c\u0301e vas\u030c sluc\u030caj u roku od 30 dana.<\/p>\n<h3>Kolac\u030cic\u0301i<\/h3>\n<p>Ne pohranjujemo nikakve korisnic\u030cke podatke u kolac\u030cic\u0301e vas\u030ceg mrez\u030cnog preglednika. Moguc\u0301e je da vanjske usluge koje koristimo (Google Analytics, Google Maps, Google Fonts, Mailchimp) pohranjuju pseudonimizirane podatke o vama u kolac\u030cic\u0301e. Me\u0111utim, ne postoji poveznica izme\u0111u podataka koje prikupljamo od Vas i onih koje spoljne usluge imaju o Vama. <a href=\"https:\/\/nomis.hr\/politika-kolacica-cookie\/\" rel=\"noopener\">Vi\u0161e o kola\u010di\u0107ima<\/a>.<\/p>\n<\/div>\n<\/div><\/div><\/div><\/div><\/div>\n","protected":false},"excerpt":{"rendered":"","protected":false},"author":2,"featured_media":0,"parent":0,"menu_order":0,"comment_status":"closed","ping_status":"open","template":"","meta":{"footnotes":""},"yoast_head":"<!-- This site is optimized with the Yoast SEO plugin v21.3 - https:\/\/yoast.com\/wordpress\/plugins\/seo\/ -->\n<title>Pravila o privatnosti - Nomis<\/title>\n<meta name=\"robots\" content=\"index, follow, max-snippet:-1, max-image-preview:large, max-video-preview:-1\" \/>\n<link rel=\"canonical\" href=\"https:\/\/nomis.hr\/sr\/pravila-o-privatnosti\/\" \/>\n<meta property=\"og:locale\" content=\"sr_RS\" \/>\n<meta property=\"og:type\" content=\"article\" \/>\n<meta property=\"og:title\" content=\"Pravila o privatnosti - Nomis\" \/>\n<meta property=\"og:url\" content=\"https:\/\/nomis.hr\/sr\/pravila-o-privatnosti\/\" \/>\n<meta property=\"og:site_name\" content=\"Nomis\" \/>\n<meta property=\"article:modified_time\" content=\"2023-05-08T12:28:08+00:00\" \/>\n<meta name=\"twitter:card\" content=\"summary_large_image\" \/>\n<meta name=\"twitter:label1\" content=\"\u041f\u0440\u043e\u0446\u0435\u045a\u0435\u043d\u043e \u0432\u0440\u0435\u043c\u0435 \u0447\u0438\u0442\u0430\u045a\u0430\" \/>\n\t<meta name=\"twitter:data1\" content=\"5 \u043c\u0438\u043d\u0443\u0442\u0430\" \/>\n<script type=\"application\/ld+json\" class=\"yoast-schema-graph\">{\"@context\":\"https:\/\/schema.org\",\"@graph\":[{\"@type\":\"WebPage\",\"@id\":\"https:\/\/nomis.hr\/sr\/pravila-o-privatnosti\/\",\"url\":\"https:\/\/nomis.hr\/sr\/pravila-o-privatnosti\/\",\"name\":\"Pravila o privatnosti - Nomis\",\"isPartOf\":{\"@id\":\"https:\/\/nomis.hr\/#website\"},\"datePublished\":\"2023-05-08T12:24:53+00:00\",\"dateModified\":\"2023-05-08T12:28:08+00:00\",\"breadcrumb\":{\"@id\":\"https:\/\/nomis.hr\/sr\/pravila-o-privatnosti\/#breadcrumb\"},\"inLanguage\":\"sr-RS\",\"potentialAction\":[{\"@type\":\"ReadAction\",\"target\":[\"https:\/\/nomis.hr\/sr\/pravila-o-privatnosti\/\"]}]},{\"@type\":\"BreadcrumbList\",\"@id\":\"https:\/\/nomis.hr\/sr\/pravila-o-privatnosti\/#breadcrumb\",\"itemListElement\":[{\"@type\":\"ListItem\",\"position\":1,\"name\":\"Home\",\"item\":\"https:\/\/nomis.hr\/sr\/\"},{\"@type\":\"ListItem\",\"position\":2,\"name\":\"Pravila o privatnosti\"}]},{\"@type\":\"WebSite\",\"@id\":\"https:\/\/nomis.hr\/#website\",\"url\":\"https:\/\/nomis.hr\/\",\"name\":\"Nomis\",\"description\":\"Sve za preradu polimera i metala na jednom mjestu!\",\"publisher\":{\"@id\":\"https:\/\/nomis.hr\/#organization\"},\"potentialAction\":[{\"@type\":\"SearchAction\",\"target\":{\"@type\":\"EntryPoint\",\"urlTemplate\":\"https:\/\/nomis.hr\/?s={search_term_string}\"},\"query-input\":\"required name=search_term_string\"}],\"inLanguage\":\"sr-RS\"},{\"@type\":\"Organization\",\"@id\":\"https:\/\/nomis.hr\/#organization\",\"name\":\"Nomis\",\"url\":\"https:\/\/nomis.hr\/\",\"logo\":{\"@type\":\"ImageObject\",\"inLanguage\":\"sr-RS\",\"@id\":\"https:\/\/nomis.hr\/#\/schema\/logo\/image\/\",\"url\":\"https:\/\/nomis.hr\/wp-content\/uploads\/2021\/03\/Nomis-logo-admin-login.png\",\"contentUrl\":\"https:\/\/nomis.hr\/wp-content\/uploads\/2021\/03\/Nomis-logo-admin-login.png\",\"width\":640,\"height\":163,\"caption\":\"Nomis\"},\"image\":{\"@id\":\"https:\/\/nomis.hr\/#\/schema\/logo\/image\/\"}}]}<\/script>\n<!-- \/ Yoast SEO plugin. -->","yoast_head_json":{"title":"Pravila o privatnosti - Nomis","robots":{"index":"index","follow":"follow","max-snippet":"max-snippet:-1","max-image-preview":"max-image-preview:large","max-video-preview":"max-video-preview:-1"},"canonical":"https:\/\/nomis.hr\/sr\/pravila-o-privatnosti\/","og_locale":"sr_RS","og_type":"article","og_title":"Pravila o privatnosti - Nomis","og_url":"https:\/\/nomis.hr\/sr\/pravila-o-privatnosti\/","og_site_name":"Nomis","article_modified_time":"2023-05-08T12:28:08+00:00","twitter_card":"summary_large_image","twitter_misc":{"\u041f\u0440\u043e\u0446\u0435\u045a\u0435\u043d\u043e \u0432\u0440\u0435\u043c\u0435 \u0447\u0438\u0442\u0430\u045a\u0430":"5 \u043c\u0438\u043d\u0443\u0442\u0430"},"schema":{"@context":"https:\/\/schema.org","@graph":[{"@type":"WebPage","@id":"https:\/\/nomis.hr\/sr\/pravila-o-privatnosti\/","url":"https:\/\/nomis.hr\/sr\/pravila-o-privatnosti\/","name":"Pravila o privatnosti - Nomis","isPartOf":{"@id":"https:\/\/nomis.hr\/#website"},"datePublished":"2023-05-08T12:24:53+00:00","dateModified":"2023-05-08T12:28:08+00:00","breadcrumb":{"@id":"https:\/\/nomis.hr\/sr\/pravila-o-privatnosti\/#breadcrumb"},"inLanguage":"sr-RS","potentialAction":[{"@type":"ReadAction","target":["https:\/\/nomis.hr\/sr\/pravila-o-privatnosti\/"]}]},{"@type":"BreadcrumbList","@id":"https:\/\/nomis.hr\/sr\/pravila-o-privatnosti\/#breadcrumb","itemListElement":[{"@type":"ListItem","position":1,"name":"Home","item":"https:\/\/nomis.hr\/sr\/"},{"@type":"ListItem","position":2,"name":"Pravila o privatnosti"}]},{"@type":"WebSite","@id":"https:\/\/nomis.hr\/#website","url":"https:\/\/nomis.hr\/","name":"Nomis","description":"Sve za preradu polimera i metala na jednom mjestu!","publisher":{"@id":"https:\/\/nomis.hr\/#organization"},"potentialAction":[{"@type":"SearchAction","target":{"@type":"EntryPoint","urlTemplate":"https:\/\/nomis.hr\/?s={search_term_string}"},"query-input":"required name=search_term_string"}],"inLanguage":"sr-RS"},{"@type":"Organization","@id":"https:\/\/nomis.hr\/#organization","name":"Nomis","url":"https:\/\/nomis.hr\/","logo":{"@type":"ImageObject","inLanguage":"sr-RS","@id":"https:\/\/nomis.hr\/#\/schema\/logo\/image\/","url":"https:\/\/nomis.hr\/wp-content\/uploads\/2021\/03\/Nomis-logo-admin-login.png","contentUrl":"https:\/\/nomis.hr\/wp-content\/uploads\/2021\/03\/Nomis-logo-admin-login.png","width":640,"height":163,"caption":"Nomis"},"image":{"@id":"https:\/\/nomis.hr\/#\/schema\/logo\/image\/"}}]}},"_links":{"self":[{"href":"https:\/\/nomis.hr\/sr\/wp-json\/wp\/v2\/pages\/4853"}],"collection":[{"href":"https:\/\/nomis.hr\/sr\/wp-json\/wp\/v2\/pages"}],"about":[{"href":"https:\/\/nomis.hr\/sr\/wp-json\/wp\/v2\/types\/page"}],"author":[{"embeddable":true,"href":"https:\/\/nomis.hr\/sr\/wp-json\/wp\/v2\/users\/2"}],"replies":[{"embeddable":true,"href":"https:\/\/nomis.hr\/sr\/wp-json\/wp\/v2\/comments?post=4853"}],"version-history":[{"count":3,"href":"https:\/\/nomis.hr\/sr\/wp-json\/wp\/v2\/pages\/4853\/revisions"}],"predecessor-version":[{"id":4856,"href":"https:\/\/nomis.hr\/sr\/wp-json\/wp\/v2\/pages\/4853\/revisions\/4856"}],"wp:attachment":[{"href":"https:\/\/nomis.hr\/sr\/wp-json\/wp\/v2\/media?parent=4853"}],"curies":[{"name":"wp","href":"https:\/\/api.w.org\/{rel}","templated":true}]}}