{"id":4857,"date":"2023-05-08T14:43:20","date_gmt":"2023-05-08T12:43:20","guid":{"rendered":"https:\/\/nomis.hr\/?page_id=4857"},"modified":"2023-05-08T14:48:07","modified_gmt":"2023-05-08T12:48:07","slug":"politika-kolacica","status":"publish","type":"page","link":"https:\/\/nomis.hr\/sr\/politika-kolacica\/","title":{"rendered":"Politika kola\u010di\u0107a"},"content":{"rendered":"<div class=\"fusion-fullwidth fullwidth-box fusion-builder-row-1 fusion-flex-container nonhundred-percent-fullwidth non-hundred-percent-height-scrolling\" style=\"--awb-border-radius-top-left:0px;--awb-border-radius-top-right:0px;--awb-border-radius-bottom-right:0px;--awb-border-radius-bottom-left:0px;--awb-flex-wrap:wrap;\" ><div class=\"fusion-builder-row fusion-row fusion-flex-align-items-flex-start fusion-flex-justify-content-center fusion-flex-content-wrap\" style=\"max-width:104%;margin-left: calc(-4% \/ 2 );margin-right: calc(-4% \/ 2 );\"><div class=\"fusion-layout-column fusion_builder_column fusion-builder-column-0 fusion_builder_column_3_4 3_4 fusion-flex-column\" style=\"--awb-bg-size:cover;--awb-width-large:75%;--awb-margin-top-large:15px;--awb-spacing-right-large:2.56%;--awb-margin-bottom-large:15px;--awb-spacing-left-large:2.56%;--awb-width-medium:100%;--awb-order-medium:0;--awb-spacing-right-medium:1.92%;--awb-spacing-left-medium:1.92%;--awb-width-small:100%;--awb-order-small:0;--awb-spacing-right-small:1.92%;--awb-spacing-left-small:1.92%;\"><div class=\"fusion-column-wrapper fusion-column-has-shadow fusion-flex-justify-content-flex-start fusion-content-layout-column\"><div class=\"fusion-title title fusion-title-1 sep-underline sep-solid fusion-title-text fusion-title-size-two\" style=\"--awb-margin-top-small:10px;--awb-margin-right-small:0px;--awb-margin-bottom-small:20px;--awb-margin-left-small:0px;\"><h2 class=\"fusion-title-heading title-heading-left fusion-responsive-typography-calculated\" style=\"margin:0;--fontSize:38;line-height:1.26;\">Politika kola\u010di\u0107a<\/h2><\/div><div class=\"fusion-text fusion-text-1\"><div class=\"att-text\">\n<h3>Privatnost korisnika<\/h3>\n<p>Web stranica nomis.hr na va\u0161 ra\u010dunar sprema kola\u010di\u0107e kako bi potpuno ispravno radila i pru\u017eala bolje korisni\u010dko iskustvo.<br \/>\nKori\u0161tenjem web stranice pristajete na uporabu kola\u010di\u0107a.<br \/>\nBlokiranjem kola\u010di\u0107a i dalje mo\u017eete pregledavati web stranicu, ali neke njene mogu\u0107nosti vam ne\u0107e biti dostupne.<\/p>\n<h3>\u0160to je kola\u010di\u0107?<\/h3>\n<p>Kola\u010di\u0107 je informacija spremljena na va\u0161 ra\u010dunar od strane web stranice koju posjetite.<\/p>\n<p>Kola\u010di\u0107i obi\u010dno spremaju va\u0161e postavke i postavke za web stranicu kao \u0161to su preferirani jezik ili adresa. Kasnije, kada opet otvorite istu web stranicu internetski preglednik \u0161alje natrag kola\u010di\u0107e koji pripadaju toj stranici. To omogu\u0107ava web stranici da prika\u017ee informacije prilago\u0111ene va\u0161im potrebama.<\/p>\n<p>Kola\u010di\u0107i mogu spremati \u0161irok raspon informacija uklju\u010duju\u0107i osobne identifikacijske informacije (kao \u0161to su va\u0161e ime, ku\u0107na adresa, e-mail adresa ili broj telefona). Te informacije mogu biti spremljene jedino ako vi to omogu\u0107ite. Web stranice ne mogu dobiti pristup informacijama koje im vi niste dali i ne mogu pristupiti drugim datotekama na va\u0161em ra\u010dunaru.<\/p>\n<p>Aktivnosti spremanja i slanja kola\u010di\u0107a vama nisu vidljive.<br \/>\nSvaki internetski preglednik omogu\u0107ava vam da podesite na\u010din kori\u0161tenja kola\u010di\u0107a (odobravanje, odbijanje, vrijeme i na\u010din brisanja i sl.)<\/p>\n<h3>Vrste kola\u010di\u0107a<\/h3>\n<h4>Privremeni kola\u010di\u0107i<\/h4>\n<p>Privremeni kola\u010di\u0107i (kola\u010di\u0107i sesije) uklanjaju se s ra\u010dunala po zatvaranju internetskog preglednika.<br \/>\nPomo\u0107u njih web stranice pohranjuju privremene podatke npr. stavke u ko\u0161arici za kupnju.<\/p>\n<h4>Stalni kola\u010di\u0107i<\/h4>\n<p>Stalni ili spremljeni kola\u010di\u0107i ostaju na ra\u010dunaru nakon zatvaranja programa internetskog preglednika.<br \/>\nPomo\u0107u njih web stranice pohranjuju podatke kao \u0161to su npr. ime za prijavu i lozinka, tako da se ne morate prijavljivati prilikom svakog posjeta odre\u0111enom mjestu. Stalni kola\u010di\u0107i ostat \u0107e na ra\u010dunalu danima, mjesecima, \u010dak i godinama.<\/p>\n<h4>Kola\u010di\u0107i od prve strane<\/h4>\n<p>Kola\u010di\u0107i od prve strane dolaze s web stranice koju gledate, a mogu biti stalni ili privremeni.<br \/>\nPomo\u0107u tih kola\u010di\u0107a web stranica mo\u017ee pohraniti podatke koje \u0107e ponovo koristiti prilikom slede\u0107eg posjeta.<\/p>\n<h4>Kola\u010di\u0107i tre\u0107e strane<\/h4>\n<p>Kola\u010di\u0107i tre\u0107e strane dolaze s drugih web stranica npr. putem banner reklama koje se nalaze na web stranici koju gledate.<br \/>\nPomo\u0107u tih kola\u010di\u0107a web stranice mogu pratiti kori\u0161tenje interneta u marketin\u0161ke svrhe.<\/p>\n<h3>Kako onemogu\u0107iti kola\u010di\u0107e?<\/h3>\n<p>Upute za pode\u0161avanje postavki kola\u010di\u0107a u va\u0161em internetskom pregledniku mo\u017eete prona\u0107i na web stranicama za podr\u0161ku odre\u0111enog internetskog preglednika.<br \/>\nnpr. Google Chrome &#8211;\u00a0<a href=\"https:\/\/support.google.com\/chrome\/answer\/95647?hl=en-GB&amp;p=cpn_cookies\" target=\"_self\" rel=\"noopener\">https:\/\/support.google.com\/chrome\/answer\/95647?hl=en-GB&amp;p=cpn_cookies<\/a><\/p>\n<h3>Da li Nomis koristi kola\u010di\u0107e?<\/h3>\n<p>Da, zbog ispravnog rada i pru\u017eanja boljeg korisni\u010dkog iskustva.<\/p>\n<h3>Kakve kola\u010di\u0107e koristi Nomis i za\u0161to?<\/h3>\n<p>nomis.hr koristi privremene i trajne kola\u010di\u0107e zbog pristupa sadr\u017eaju, prijave na sustav i potpuno ispravnog funkcioniranja web stranica.<\/p>\n<h3>Da li na web stranici ima kola\u010di\u0107a tre\u0107e strane?<\/h3>\n<p>NOMIS koristi Google Analytics za mjerenje pose\u0107enosti. Ako \u017eelite onemogu\u0107iti da vam Google Analytics sprema kola\u010di\u0107e, mo\u017eete to u\u010diniti na linku: <a href=\"https:\/\/tools.google.com\/dlpage\/gaoptout\" target=\"_self\" rel=\"noopener\">https:\/\/tools.google.com\/dlpage\/gaoptout<\/a><\/p>\n<h3>Vi\u0161e informacija o kola\u010di\u0107ima<\/h3>\n<p><a href=\"http:\/\/en.wikipedia.org\/wiki\/HTTP_cookie\" target=\"_self\" rel=\"noopener\">http:\/\/en.wikipedia.org\/wiki\/HTTP_cookie<\/a><br \/>\n<a href=\"http:\/\/eur-lex.europa.eu\/LexUriServ\/LexUriServ.do?uri=CELEX:32002L0058:EN:NOT\" target=\"_self\" rel=\"noopener\">http:\/\/eur-lex.europa.eu\/LexUriServ\/LexUriServ.do?uri=CELEX:32002L0058:EN:NOT<\/a><\/p>\n<\/div>\n<\/div><\/div><\/div><\/div><\/div>\n","protected":false},"excerpt":{"rendered":"","protected":false},"author":2,"featured_media":0,"parent":0,"menu_order":0,"comment_status":"closed","ping_status":"closed","template":"","meta":{"footnotes":""},"class_list":["post-4857","page","type-page","status-publish","hentry"],"yoast_head":"<!-- This site is optimized with the Yoast SEO plugin v27.4 - https:\/\/yoast.com\/product\/yoast-seo-wordpress\/ -->\n<title>Politika kola\u010di\u0107a - Nomis<\/title>\n<meta name=\"robots\" content=\"index, follow, max-snippet:-1, max-image-preview:large, max-video-preview:-1\" \/>\n<link rel=\"canonical\" href=\"https:\/\/nomis.hr\/sr\/politika-kolacica\/\" \/>\n<meta property=\"og:locale\" content=\"sr_RS\" \/>\n<meta property=\"og:type\" content=\"article\" \/>\n<meta property=\"og:title\" content=\"Politika kola\u010di\u0107a - Nomis\" \/>\n<meta property=\"og:url\" content=\"https:\/\/nomis.hr\/sr\/politika-kolacica\/\" \/>\n<meta property=\"og:site_name\" content=\"Nomis\" \/>\n<meta property=\"article:modified_time\" content=\"2023-05-08T12:48:07+00:00\" \/>\n<meta name=\"twitter:card\" content=\"summary_large_image\" \/>\n<meta name=\"twitter:label1\" content=\"\u041f\u0440\u043e\u0446\u0435\u045a\u0435\u043d\u043e \u0432\u0440\u0435\u043c\u0435 \u0447\u0438\u0442\u0430\u045a\u0430\" \/>\n\t<meta name=\"twitter:data1\" content=\"7 \u043c\u0438\u043d\u0443\u0442\" \/>\n<script type=\"application\/ld+json\" class=\"yoast-schema-graph\">{\"@context\":\"https:\\\/\\\/schema.org\",\"@graph\":[{\"@type\":\"WebPage\",\"@id\":\"https:\\\/\\\/nomis.hr\\\/sr\\\/politika-kolacica\\\/\",\"url\":\"https:\\\/\\\/nomis.hr\\\/sr\\\/politika-kolacica\\\/\",\"name\":\"Politika kola\u010di\u0107a - Nomis\",\"isPartOf\":{\"@id\":\"https:\\\/\\\/nomis.hr\\\/#website\"},\"datePublished\":\"2023-05-08T12:43:20+00:00\",\"dateModified\":\"2023-05-08T12:48:07+00:00\",\"breadcrumb\":{\"@id\":\"https:\\\/\\\/nomis.hr\\\/sr\\\/politika-kolacica\\\/#breadcrumb\"},\"inLanguage\":\"sr-RS\",\"potentialAction\":[{\"@type\":\"ReadAction\",\"target\":[\"https:\\\/\\\/nomis.hr\\\/sr\\\/politika-kolacica\\\/\"]}]},{\"@type\":\"BreadcrumbList\",\"@id\":\"https:\\\/\\\/nomis.hr\\\/sr\\\/politika-kolacica\\\/#breadcrumb\",\"itemListElement\":[{\"@type\":\"ListItem\",\"position\":1,\"name\":\"Home\",\"item\":\"https:\\\/\\\/nomis.hr\\\/sr\\\/\"},{\"@type\":\"ListItem\",\"position\":2,\"name\":\"Politika kola\u010di\u0107a\"}]},{\"@type\":\"WebSite\",\"@id\":\"https:\\\/\\\/nomis.hr\\\/#website\",\"url\":\"https:\\\/\\\/nomis.hr\\\/\",\"name\":\"Nomis\",\"description\":\"Sve za preradu polimera i metala na jednom mjestu!\",\"publisher\":{\"@id\":\"https:\\\/\\\/nomis.hr\\\/#organization\"},\"potentialAction\":[{\"@type\":\"SearchAction\",\"target\":{\"@type\":\"EntryPoint\",\"urlTemplate\":\"https:\\\/\\\/nomis.hr\\\/?s={search_term_string}\"},\"query-input\":{\"@type\":\"PropertyValueSpecification\",\"valueRequired\":true,\"valueName\":\"search_term_string\"}}],\"inLanguage\":\"sr-RS\"},{\"@type\":\"Organization\",\"@id\":\"https:\\\/\\\/nomis.hr\\\/#organization\",\"name\":\"Nomis\",\"url\":\"https:\\\/\\\/nomis.hr\\\/\",\"logo\":{\"@type\":\"ImageObject\",\"inLanguage\":\"sr-RS\",\"@id\":\"https:\\\/\\\/nomis.hr\\\/#\\\/schema\\\/logo\\\/image\\\/\",\"url\":\"https:\\\/\\\/nomis.hr\\\/wp-content\\\/uploads\\\/2021\\\/03\\\/Nomis-logo-admin-login.png\",\"contentUrl\":\"https:\\\/\\\/nomis.hr\\\/wp-content\\\/uploads\\\/2021\\\/03\\\/Nomis-logo-admin-login.png\",\"width\":640,\"height\":163,\"caption\":\"Nomis\"},\"image\":{\"@id\":\"https:\\\/\\\/nomis.hr\\\/#\\\/schema\\\/logo\\\/image\\\/\"}}]}<\/script>\n<!-- \/ Yoast SEO plugin. -->","yoast_head_json":{"title":"Politika kola\u010di\u0107a - Nomis","robots":{"index":"index","follow":"follow","max-snippet":"max-snippet:-1","max-image-preview":"max-image-preview:large","max-video-preview":"max-video-preview:-1"},"canonical":"https:\/\/nomis.hr\/sr\/politika-kolacica\/","og_locale":"sr_RS","og_type":"article","og_title":"Politika kola\u010di\u0107a - Nomis","og_url":"https:\/\/nomis.hr\/sr\/politika-kolacica\/","og_site_name":"Nomis","article_modified_time":"2023-05-08T12:48:07+00:00","twitter_card":"summary_large_image","twitter_misc":{"\u041f\u0440\u043e\u0446\u0435\u045a\u0435\u043d\u043e \u0432\u0440\u0435\u043c\u0435 \u0447\u0438\u0442\u0430\u045a\u0430":"7 \u043c\u0438\u043d\u0443\u0442"},"schema":{"@context":"https:\/\/schema.org","@graph":[{"@type":"WebPage","@id":"https:\/\/nomis.hr\/sr\/politika-kolacica\/","url":"https:\/\/nomis.hr\/sr\/politika-kolacica\/","name":"Politika kola\u010di\u0107a - Nomis","isPartOf":{"@id":"https:\/\/nomis.hr\/#website"},"datePublished":"2023-05-08T12:43:20+00:00","dateModified":"2023-05-08T12:48:07+00:00","breadcrumb":{"@id":"https:\/\/nomis.hr\/sr\/politika-kolacica\/#breadcrumb"},"inLanguage":"sr-RS","potentialAction":[{"@type":"ReadAction","target":["https:\/\/nomis.hr\/sr\/politika-kolacica\/"]}]},{"@type":"BreadcrumbList","@id":"https:\/\/nomis.hr\/sr\/politika-kolacica\/#breadcrumb","itemListElement":[{"@type":"ListItem","position":1,"name":"Home","item":"https:\/\/nomis.hr\/sr\/"},{"@type":"ListItem","position":2,"name":"Politika kola\u010di\u0107a"}]},{"@type":"WebSite","@id":"https:\/\/nomis.hr\/#website","url":"https:\/\/nomis.hr\/","name":"Nomis","description":"Sve za preradu polimera i metala na jednom mjestu!","publisher":{"@id":"https:\/\/nomis.hr\/#organization"},"potentialAction":[{"@type":"SearchAction","target":{"@type":"EntryPoint","urlTemplate":"https:\/\/nomis.hr\/?s={search_term_string}"},"query-input":{"@type":"PropertyValueSpecification","valueRequired":true,"valueName":"search_term_string"}}],"inLanguage":"sr-RS"},{"@type":"Organization","@id":"https:\/\/nomis.hr\/#organization","name":"Nomis","url":"https:\/\/nomis.hr\/","logo":{"@type":"ImageObject","inLanguage":"sr-RS","@id":"https:\/\/nomis.hr\/#\/schema\/logo\/image\/","url":"https:\/\/nomis.hr\/wp-content\/uploads\/2021\/03\/Nomis-logo-admin-login.png","contentUrl":"https:\/\/nomis.hr\/wp-content\/uploads\/2021\/03\/Nomis-logo-admin-login.png","width":640,"height":163,"caption":"Nomis"},"image":{"@id":"https:\/\/nomis.hr\/#\/schema\/logo\/image\/"}}]}},"_links":{"self":[{"href":"https:\/\/nomis.hr\/sr\/wp-json\/wp\/v2\/pages\/4857","targetHints":{"allow":["GET"]}}],"collection":[{"href":"https:\/\/nomis.hr\/sr\/wp-json\/wp\/v2\/pages"}],"about":[{"href":"https:\/\/nomis.hr\/sr\/wp-json\/wp\/v2\/types\/page"}],"author":[{"embeddable":true,"href":"https:\/\/nomis.hr\/sr\/wp-json\/wp\/v2\/users\/2"}],"replies":[{"embeddable":true,"href":"https:\/\/nomis.hr\/sr\/wp-json\/wp\/v2\/comments?post=4857"}],"version-history":[{"count":4,"href":"https:\/\/nomis.hr\/sr\/wp-json\/wp\/v2\/pages\/4857\/revisions"}],"predecessor-version":[{"id":4863,"href":"https:\/\/nomis.hr\/sr\/wp-json\/wp\/v2\/pages\/4857\/revisions\/4863"}],"wp:attachment":[{"href":"https:\/\/nomis.hr\/sr\/wp-json\/wp\/v2\/media?parent=4857"}],"curies":[{"name":"wp","href":"https:\/\/api.w.org\/{rel}","templated":true}]}}