{"id":3720,"date":"2022-05-05T11:44:49","date_gmt":"2022-05-05T09:44:49","guid":{"rendered":"https:\/\/nomis.hr\/product\/proflow-ultrasonic\/"},"modified":"2022-05-05T11:44:49","modified_gmt":"2022-05-05T09:44:49","slug":"proflow-ultrasonic","status":"publish","type":"product","link":"https:\/\/nomis.hr\/sr\/produkt\/proflow-ultrasonic\/","title":{"rendered":"Proflow ultrasonic"},"content":{"rendered":"","protected":false},"excerpt":{"rendered":"<p>Industrijski 4.0 (IOT) u kontroli temperature i hla\u0111enju &#8211; beskontaktno elektroni\u010dko merenje protoka.<\/p>\n<p>Merenje procesnih podataka i kontrola procesa na najvi\u0161em nivou bez odr\u017eavanja. Proflow ultrasonic &#8211; kao zamena za sada\u0161nju i \u0161iroko rasprostranjenu standardnu varijantu merenja s impelerom, turbinom ili vrtlogom &#8211; sada vr\u0161i beskontaktno merenje po ultrazvu\u010dnom principu (bez rotiraju\u0107ih delovi). Senzori se mogu vizualizirati putem protemp kontrolera ili spojiti na PLC.<\/p>\n<p>Glavne karakteristike:<\/p>\n<ul>\n<li>Jednostavan za integraciju u ma\u0161inama i linije postrojenja<\/li>\n<li>4 ili 6 x potro\u0161a\u010dkih kanala (naprijed\/povrat) 1\/2\u201c<\/li>\n<li>Brojne mogu\u0107nosti prenosa podataka<\/li>\n<li>S dTOF tehnologijom i DDS funkcijom<\/li>\n<li>S LED displej na senzoru protoka<\/li>\n<li>Merenje temperature PT 1.000<\/li>\n<li>Velika crvena\/zelena LED dioda statusa<\/li>\n<li>1 x glavni priklju\u010dak 1&#8243;<\/li>\n<li>Brzina protoka po kanalu 1 &#8230; 30 l\/min (nema \u201erizika od preoptere\u0107enja\u201c-&gt; 60 l\/min])<\/li>\n<li>Radna temperatura: 0 &#8230; 120 \u00b0C<\/li>\n<\/ul>\n<p>&nbsp;<\/p>\n[fusion_button link=\"https:\/\/nomis.hr\/wp-content\/uploads\/2022\/05\/ProFlow-ultrasonic-technotrans-solutions-GmbH-formerly-gwk-Gesellschaft-Warme-Kaltetechnik-mbH.pdf\" title=\"\" target=\"_blank\" link_attributes=\"\" alignment_medium=\"\" alignment_small=\"\" alignment=\"\" modal=\"\" hide_on_mobile=\"small-visibility,medium-visibility,large-visibility\" sticky_display=\"normal,sticky\" class=\"\" id=\"\" color=\"default\" button_gradient_top_color=\"\" hue=\"\" saturation=\"\" lightness=\"\" alpha=\"\" button_gradient_bottom_color=\"\" button_gradient_top_color_hover=\"\" button_gradient_bottom_color_hover=\"\" gradient_start_position=\"\" gradient_end_position=\"\" gradient_type=\"\" radial_direction=\"\" linear_angle=\"180\" accent_color=\"\" accent_hover_color=\"\" type=\"\" bevel_color=\"\" bevel_color_hover=\"\" border_top=\"\" border_right=\"\" border_bottom=\"\" border_left=\"\" border_radius_top_left=\"\" border_radius_top_right=\"\" border_radius_bottom_right=\"\" border_radius_bottom_left=\"\" border_color=\"\" border_hover_color=\"\" size=\"\" padding_top=\"\" padding_right=\"\" padding_bottom=\"\" padding_left=\"\" fusion_font_family_button_font=\"\" fusion_font_variant_button_font=\"\" font_size=\"\" line_height=\"\" letter_spacing=\"\" text_transform=\"\" stretch=\"default\" margin_top=\"\" margin_right=\"\" margin_bottom=\"\" margin_left=\"\" icon=\"fa-file-pdf fas\" icon_position=\"left\" icon_divider=\"no\" animation_type=\"\" animation_direction=\"left\" animation_speed=\"0.3\" animation_offset=\"\"]Tehni\u010dki dokument[\/fusion_button]\n","protected":false},"featured_media":1750,"template":"","meta":[],"product_cat":[204,205,206],"product_tag":[],"yoast_head":"<!-- This site is optimized with the Yoast SEO plugin v21.3 - https:\/\/yoast.com\/wordpress\/plugins\/seo\/ -->\n<title>Proflow ultrasonic - Nomis<\/title>\n<meta name=\"robots\" content=\"index, follow, max-snippet:-1, max-image-preview:large, max-video-preview:-1\" \/>\n<link rel=\"canonical\" href=\"https:\/\/nomis.hr\/sr\/produkt\/proflow-ultrasonic\/\" \/>\n<meta property=\"og:locale\" content=\"sr_RS\" \/>\n<meta property=\"og:type\" content=\"article\" \/>\n<meta property=\"og:title\" content=\"Proflow ultrasonic - Nomis\" \/>\n<meta property=\"og:description\" content=\"Industrijski 4.0 (IOT) u kontroli temperature i hla\u0111enju - beskontaktno elektroni\u010dko merenje protoka.  Merenje procesnih podataka i kontrola procesa na najvi\u0161em nivou bez odr\u017eavanja. Proflow ultrasonic - kao zamena za sada\u0161nju i \u0161iroko rasprostranjenu standardnu varijantu merenja s impelerom, turbinom ili vrtlogom - sada vr\u0161i beskontaktno merenje po ultrazvu\u010dnom principu (bez rotiraju\u0107ih delovi). Senzori se mogu vizualizirati putem protemp kontrolera ili spojiti na PLC.  Glavne karakteristike:   Jednostavan za integraciju u ma\u0161inama i linije postrojenja  4 ili 6 x potro\u0161a\u010dkih kanala (naprijed\/povrat) 1\/2\u201c  Brojne mogu\u0107nosti prenosa podataka  S dTOF tehnologijom i DDS funkcijom  S LED displej na senzoru protoka  Merenje temperature PT 1.000  Velika crvena\/zelena LED dioda statusa  1 x glavni priklju\u010dak 1&quot;  Brzina protoka po kanalu 1 ... 30 l\/min (nema \u201erizika od preoptere\u0107enja\u201c-&gt; 60 l\/min])  Radna temperatura: 0 ... 120 \u00b0C  &nbsp;\" \/>\n<meta property=\"og:url\" content=\"https:\/\/nomis.hr\/sr\/produkt\/proflow-ultrasonic\/\" \/>\n<meta property=\"og:site_name\" content=\"Nomis\" \/>\n<meta name=\"twitter:card\" content=\"summary_large_image\" \/>\n<script type=\"application\/ld+json\" class=\"yoast-schema-graph\">{\"@context\":\"https:\/\/schema.org\",\"@graph\":[{\"@type\":\"WebPage\",\"@id\":\"https:\/\/nomis.hr\/sr\/produkt\/proflow-ultrasonic\/\",\"url\":\"https:\/\/nomis.hr\/sr\/produkt\/proflow-ultrasonic\/\",\"name\":\"Proflow ultrasonic - Nomis\",\"isPartOf\":{\"@id\":\"https:\/\/nomis.hr\/#website\"},\"datePublished\":\"2022-05-05T09:44:49+00:00\",\"dateModified\":\"2022-05-05T09:44:49+00:00\",\"breadcrumb\":{\"@id\":\"https:\/\/nomis.hr\/sr\/produkt\/proflow-ultrasonic\/#breadcrumb\"},\"inLanguage\":\"sr-RS\",\"potentialAction\":[{\"@type\":\"ReadAction\",\"target\":[\"https:\/\/nomis.hr\/sr\/produkt\/proflow-ultrasonic\/\"]}]},{\"@type\":\"BreadcrumbList\",\"@id\":\"https:\/\/nomis.hr\/sr\/produkt\/proflow-ultrasonic\/#breadcrumb\",\"itemListElement\":[{\"@type\":\"ListItem\",\"position\":1,\"name\":\"Home\",\"item\":\"https:\/\/nomis.hr\/sr\/\"},{\"@type\":\"ListItem\",\"position\":2,\"name\":\"Katalog proizvoda\",\"item\":\"https:\/\/nomis.hr\/sr\/katalog-proizvoda\/\"},{\"@type\":\"ListItem\",\"position\":3,\"name\":\"Proflow ultrasonic\"}]},{\"@type\":\"WebSite\",\"@id\":\"https:\/\/nomis.hr\/#website\",\"url\":\"https:\/\/nomis.hr\/\",\"name\":\"Nomis\",\"description\":\"Sve za preradu polimera i metala na jednom mjestu!\",\"publisher\":{\"@id\":\"https:\/\/nomis.hr\/#organization\"},\"potentialAction\":[{\"@type\":\"SearchAction\",\"target\":{\"@type\":\"EntryPoint\",\"urlTemplate\":\"https:\/\/nomis.hr\/?s={search_term_string}\"},\"query-input\":\"required name=search_term_string\"}],\"inLanguage\":\"sr-RS\"},{\"@type\":\"Organization\",\"@id\":\"https:\/\/nomis.hr\/#organization\",\"name\":\"Nomis\",\"url\":\"https:\/\/nomis.hr\/\",\"logo\":{\"@type\":\"ImageObject\",\"inLanguage\":\"sr-RS\",\"@id\":\"https:\/\/nomis.hr\/#\/schema\/logo\/image\/\",\"url\":\"https:\/\/nomis.hr\/wp-content\/uploads\/2021\/03\/Nomis-logo-admin-login.png\",\"contentUrl\":\"https:\/\/nomis.hr\/wp-content\/uploads\/2021\/03\/Nomis-logo-admin-login.png\",\"width\":640,\"height\":163,\"caption\":\"Nomis\"},\"image\":{\"@id\":\"https:\/\/nomis.hr\/#\/schema\/logo\/image\/\"}}]}<\/script>\n<!-- \/ Yoast SEO plugin. -->","yoast_head_json":{"title":"Proflow ultrasonic - Nomis","robots":{"index":"index","follow":"follow","max-snippet":"max-snippet:-1","max-image-preview":"max-image-preview:large","max-video-preview":"max-video-preview:-1"},"canonical":"https:\/\/nomis.hr\/sr\/produkt\/proflow-ultrasonic\/","og_locale":"sr_RS","og_type":"article","og_title":"Proflow ultrasonic - Nomis","og_description":"Industrijski 4.0 (IOT) u kontroli temperature i hla\u0111enju - beskontaktno elektroni\u010dko merenje protoka.  Merenje procesnih podataka i kontrola procesa na najvi\u0161em nivou bez odr\u017eavanja. Proflow ultrasonic - kao zamena za sada\u0161nju i \u0161iroko rasprostranjenu standardnu varijantu merenja s impelerom, turbinom ili vrtlogom - sada vr\u0161i beskontaktno merenje po ultrazvu\u010dnom principu (bez rotiraju\u0107ih delovi). Senzori se mogu vizualizirati putem protemp kontrolera ili spojiti na PLC.  Glavne karakteristike:   Jednostavan za integraciju u ma\u0161inama i linije postrojenja  4 ili 6 x potro\u0161a\u010dkih kanala (naprijed\/povrat) 1\/2\u201c  Brojne mogu\u0107nosti prenosa podataka  S dTOF tehnologijom i DDS funkcijom  S LED displej na senzoru protoka  Merenje temperature PT 1.000  Velika crvena\/zelena LED dioda statusa  1 x glavni priklju\u010dak 1\"  Brzina protoka po kanalu 1 ... 30 l\/min (nema \u201erizika od preoptere\u0107enja\u201c-&gt; 60 l\/min])  Radna temperatura: 0 ... 120 \u00b0C  &nbsp;","og_url":"https:\/\/nomis.hr\/sr\/produkt\/proflow-ultrasonic\/","og_site_name":"Nomis","twitter_card":"summary_large_image","schema":{"@context":"https:\/\/schema.org","@graph":[{"@type":"WebPage","@id":"https:\/\/nomis.hr\/sr\/produkt\/proflow-ultrasonic\/","url":"https:\/\/nomis.hr\/sr\/produkt\/proflow-ultrasonic\/","name":"Proflow ultrasonic - Nomis","isPartOf":{"@id":"https:\/\/nomis.hr\/#website"},"datePublished":"2022-05-05T09:44:49+00:00","dateModified":"2022-05-05T09:44:49+00:00","breadcrumb":{"@id":"https:\/\/nomis.hr\/sr\/produkt\/proflow-ultrasonic\/#breadcrumb"},"inLanguage":"sr-RS","potentialAction":[{"@type":"ReadAction","target":["https:\/\/nomis.hr\/sr\/produkt\/proflow-ultrasonic\/"]}]},{"@type":"BreadcrumbList","@id":"https:\/\/nomis.hr\/sr\/produkt\/proflow-ultrasonic\/#breadcrumb","itemListElement":[{"@type":"ListItem","position":1,"name":"Home","item":"https:\/\/nomis.hr\/sr\/"},{"@type":"ListItem","position":2,"name":"Katalog proizvoda","item":"https:\/\/nomis.hr\/sr\/katalog-proizvoda\/"},{"@type":"ListItem","position":3,"name":"Proflow ultrasonic"}]},{"@type":"WebSite","@id":"https:\/\/nomis.hr\/#website","url":"https:\/\/nomis.hr\/","name":"Nomis","description":"Sve za preradu polimera i metala na jednom mjestu!","publisher":{"@id":"https:\/\/nomis.hr\/#organization"},"potentialAction":[{"@type":"SearchAction","target":{"@type":"EntryPoint","urlTemplate":"https:\/\/nomis.hr\/?s={search_term_string}"},"query-input":"required name=search_term_string"}],"inLanguage":"sr-RS"},{"@type":"Organization","@id":"https:\/\/nomis.hr\/#organization","name":"Nomis","url":"https:\/\/nomis.hr\/","logo":{"@type":"ImageObject","inLanguage":"sr-RS","@id":"https:\/\/nomis.hr\/#\/schema\/logo\/image\/","url":"https:\/\/nomis.hr\/wp-content\/uploads\/2021\/03\/Nomis-logo-admin-login.png","contentUrl":"https:\/\/nomis.hr\/wp-content\/uploads\/2021\/03\/Nomis-logo-admin-login.png","width":640,"height":163,"caption":"Nomis"},"image":{"@id":"https:\/\/nomis.hr\/#\/schema\/logo\/image\/"}}]}},"_links":{"self":[{"href":"https:\/\/nomis.hr\/sr\/wp-json\/wp\/v2\/product\/3720"}],"collection":[{"href":"https:\/\/nomis.hr\/sr\/wp-json\/wp\/v2\/product"}],"about":[{"href":"https:\/\/nomis.hr\/sr\/wp-json\/wp\/v2\/types\/product"}],"wp:featuredmedia":[{"embeddable":true,"href":"https:\/\/nomis.hr\/sr\/wp-json\/wp\/v2\/media\/1750"}],"wp:attachment":[{"href":"https:\/\/nomis.hr\/sr\/wp-json\/wp\/v2\/media?parent=3720"}],"wp:term":[{"taxonomy":"product_cat","embeddable":true,"href":"https:\/\/nomis.hr\/sr\/wp-json\/wp\/v2\/product_cat?post=3720"},{"taxonomy":"product_tag","embeddable":true,"href":"https:\/\/nomis.hr\/sr\/wp-json\/wp\/v2\/product_tag?post=3720"}],"curies":[{"name":"wp","href":"https:\/\/api.w.org\/{rel}","templated":true}]}}