{"id":3726,"date":"2022-05-05T12:00:31","date_gmt":"2022-05-05T10:00:31","guid":{"rendered":"https:\/\/nomis.hr\/product\/teco-wi\/"},"modified":"2022-05-05T12:00:31","modified_gmt":"2022-05-05T10:00:31","slug":"teco-wi","status":"publish","type":"product","link":"https:\/\/nomis.hr\/sr\/produkt\/teco-wi\/","title":{"rendered":"Teco wi"},"content":{"rendered":"","protected":false},"excerpt":{"rendered":"<p>Modularni temperator na vodu do 150 \u00b0C.<\/p>\n<p>Apsolutna pouzdanost, visoka ta\u010dnost regulacije, jednostavan rad i povoljan omer cene i u\u010dinka: osim raznovrsnih karakteristika koje moderni temperator mora ispuniti, to su klju\u010dni kriterijumi u Teco wi seriji temperatora.<\/p>\n<p>Kao jedinice s jednim i vi\u0161e krugova, ovi modularni temperatori pokrivaju \u0161irok spektar performansi. Kapaciteti grejanja od 12 do 1000 kW, max. mogu\u0107i rashladni kapaciteti do 3460 kW i protok pumpe od max. 300 m3\/h impresivni su osnovni podaci za ove tehni\u010dki sofisticirane temperatore za rad s komprimovanom vodom do 150 \u00b0C. Ova serija se uglavnom koristi za kontrolu temperature valjaka u proizvodnji (folije, papira, gume itd).<\/p>\n<p>Glavne karakteristike:<\/p>\n<ul>\n<li>Samo-optimizirana mikroprocesorska regulacija interfejsa s visokom precizno\u0161\u0107u<\/li>\n<li>Rad na nekoliko jezika putem ekrana osetljivog na dodir 3\/5\u201d, alternativno VNC putem Etherneta s Va\u0161eg ra\u010dunara<\/li>\n<li>Kontinuirano pra\u0107enje parametara procesa<\/li>\n<li>Istovremeni prikaz ciljne temperature i stvarne vrednosti<\/li>\n<li>Podesivo ograni\u010denje zadanih vrednosti<\/li>\n<li>Integrisane informacije o radu i servisu<\/li>\n<li>Spremanje i pozivanje parametara procesa sa SD karticom<\/li>\n<li>VNC poslu\u017eitelj putem Etherneta<\/li>\n<\/ul>\n<p>&nbsp;<\/p>\n[fusion_button link=\"https:\/\/nomis.hr\/wp-content\/uploads\/2022\/05\/teco-wi_wv-technotrans-solutions-GmbH-formerly-gwk-Gesellschaft-Warme-Kaltetechnik-mbH.pdf\" title=\"\" target=\"_blank\" link_attributes=\"\" alignment_medium=\"\" alignment_small=\"\" alignment=\"\" modal=\"\" hide_on_mobile=\"small-visibility,medium-visibility,large-visibility\" sticky_display=\"normal,sticky\" class=\"\" id=\"\" color=\"default\" button_gradient_top_color=\"\" hue=\"\" saturation=\"\" lightness=\"\" alpha=\"\" button_gradient_bottom_color=\"\" button_gradient_top_color_hover=\"\" button_gradient_bottom_color_hover=\"\" gradient_start_position=\"\" gradient_end_position=\"\" gradient_type=\"\" radial_direction=\"\" linear_angle=\"180\" accent_color=\"\" accent_hover_color=\"\" type=\"\" bevel_color=\"\" bevel_color_hover=\"\" border_top=\"\" border_right=\"\" border_bottom=\"\" border_left=\"\" border_radius_top_left=\"\" border_radius_top_right=\"\" border_radius_bottom_right=\"\" border_radius_bottom_left=\"\" border_color=\"\" border_hover_color=\"\" size=\"\" padding_top=\"\" padding_right=\"\" padding_bottom=\"\" padding_left=\"\" fusion_font_family_button_font=\"\" fusion_font_variant_button_font=\"\" font_size=\"\" line_height=\"\" letter_spacing=\"\" text_transform=\"\" stretch=\"default\" margin_top=\"\" margin_right=\"\" margin_bottom=\"\" margin_left=\"\" icon=\"fa-file-pdf fas\" icon_position=\"left\" icon_divider=\"no\" animation_type=\"\" animation_direction=\"left\" animation_speed=\"0.3\" animation_offset=\"\"]Tehni\u010dki dokument[\/fusion_button]\n","protected":false},"featured_media":1787,"template":"","meta":[],"product_cat":[204,205,207],"product_tag":[],"yoast_head":"<!-- This site is optimized with the Yoast SEO plugin v21.3 - https:\/\/yoast.com\/wordpress\/plugins\/seo\/ -->\n<title>Teco wi - Nomis<\/title>\n<meta name=\"robots\" content=\"index, follow, max-snippet:-1, max-image-preview:large, max-video-preview:-1\" \/>\n<link rel=\"canonical\" href=\"https:\/\/nomis.hr\/sr\/produkt\/teco-wi\/\" \/>\n<meta property=\"og:locale\" content=\"sr_RS\" \/>\n<meta property=\"og:type\" content=\"article\" \/>\n<meta property=\"og:title\" content=\"Teco wi - Nomis\" \/>\n<meta property=\"og:description\" content=\"Modularni temperator na vodu do 150 \u00b0C.  Apsolutna pouzdanost, visoka ta\u010dnost regulacije, jednostavan rad i povoljan omer cene i u\u010dinka: osim raznovrsnih karakteristika koje moderni temperator mora ispuniti, to su klju\u010dni kriterijumi u Teco wi seriji temperatora.  Kao jedinice s jednim i vi\u0161e krugova, ovi modularni temperatori pokrivaju \u0161irok spektar performansi. Kapaciteti grejanja od 12 do 1000 kW, max. mogu\u0107i rashladni kapaciteti do 3460 kW i protok pumpe od max. 300 m3\/h impresivni su osnovni podaci za ove tehni\u010dki sofisticirane temperatore za rad s komprimovanom vodom do 150 \u00b0C. Ova serija se uglavnom koristi za kontrolu temperature valjaka u proizvodnji (folije, papira, gume itd).  Glavne karakteristike:   Samo-optimizirana mikroprocesorska regulacija interfejsa s visokom precizno\u0161\u0107u  Rad na nekoliko jezika putem ekrana osetljivog na dodir 3\/5\u201d, alternativno VNC putem Etherneta s Va\u0161eg ra\u010dunara  Kontinuirano pra\u0107enje parametara procesa  Istovremeni prikaz ciljne temperature i stvarne vrednosti  Podesivo ograni\u010denje zadanih vrednosti  Integrisane informacije o radu i servisu  Spremanje i pozivanje parametara procesa sa SD karticom  VNC poslu\u017eitelj putem Etherneta  &nbsp;\" \/>\n<meta property=\"og:url\" content=\"https:\/\/nomis.hr\/sr\/produkt\/teco-wi\/\" \/>\n<meta property=\"og:site_name\" content=\"Nomis\" \/>\n<meta name=\"twitter:card\" content=\"summary_large_image\" \/>\n<script type=\"application\/ld+json\" class=\"yoast-schema-graph\">{\"@context\":\"https:\/\/schema.org\",\"@graph\":[{\"@type\":\"WebPage\",\"@id\":\"https:\/\/nomis.hr\/sr\/produkt\/teco-wi\/\",\"url\":\"https:\/\/nomis.hr\/sr\/produkt\/teco-wi\/\",\"name\":\"Teco wi - Nomis\",\"isPartOf\":{\"@id\":\"https:\/\/nomis.hr\/#website\"},\"datePublished\":\"2022-05-05T10:00:31+00:00\",\"dateModified\":\"2022-05-05T10:00:31+00:00\",\"breadcrumb\":{\"@id\":\"https:\/\/nomis.hr\/sr\/produkt\/teco-wi\/#breadcrumb\"},\"inLanguage\":\"sr-RS\",\"potentialAction\":[{\"@type\":\"ReadAction\",\"target\":[\"https:\/\/nomis.hr\/sr\/produkt\/teco-wi\/\"]}]},{\"@type\":\"BreadcrumbList\",\"@id\":\"https:\/\/nomis.hr\/sr\/produkt\/teco-wi\/#breadcrumb\",\"itemListElement\":[{\"@type\":\"ListItem\",\"position\":1,\"name\":\"Home\",\"item\":\"https:\/\/nomis.hr\/sr\/\"},{\"@type\":\"ListItem\",\"position\":2,\"name\":\"Katalog proizvoda\",\"item\":\"https:\/\/nomis.hr\/sr\/katalog-proizvoda\/\"},{\"@type\":\"ListItem\",\"position\":3,\"name\":\"Teco wi\"}]},{\"@type\":\"WebSite\",\"@id\":\"https:\/\/nomis.hr\/#website\",\"url\":\"https:\/\/nomis.hr\/\",\"name\":\"Nomis\",\"description\":\"Sve za preradu polimera i metala na jednom mjestu!\",\"publisher\":{\"@id\":\"https:\/\/nomis.hr\/#organization\"},\"potentialAction\":[{\"@type\":\"SearchAction\",\"target\":{\"@type\":\"EntryPoint\",\"urlTemplate\":\"https:\/\/nomis.hr\/?s={search_term_string}\"},\"query-input\":\"required name=search_term_string\"}],\"inLanguage\":\"sr-RS\"},{\"@type\":\"Organization\",\"@id\":\"https:\/\/nomis.hr\/#organization\",\"name\":\"Nomis\",\"url\":\"https:\/\/nomis.hr\/\",\"logo\":{\"@type\":\"ImageObject\",\"inLanguage\":\"sr-RS\",\"@id\":\"https:\/\/nomis.hr\/#\/schema\/logo\/image\/\",\"url\":\"https:\/\/nomis.hr\/wp-content\/uploads\/2021\/03\/Nomis-logo-admin-login.png\",\"contentUrl\":\"https:\/\/nomis.hr\/wp-content\/uploads\/2021\/03\/Nomis-logo-admin-login.png\",\"width\":640,\"height\":163,\"caption\":\"Nomis\"},\"image\":{\"@id\":\"https:\/\/nomis.hr\/#\/schema\/logo\/image\/\"}}]}<\/script>\n<!-- \/ Yoast SEO plugin. -->","yoast_head_json":{"title":"Teco wi - Nomis","robots":{"index":"index","follow":"follow","max-snippet":"max-snippet:-1","max-image-preview":"max-image-preview:large","max-video-preview":"max-video-preview:-1"},"canonical":"https:\/\/nomis.hr\/sr\/produkt\/teco-wi\/","og_locale":"sr_RS","og_type":"article","og_title":"Teco wi - Nomis","og_description":"Modularni temperator na vodu do 150 \u00b0C.  Apsolutna pouzdanost, visoka ta\u010dnost regulacije, jednostavan rad i povoljan omer cene i u\u010dinka: osim raznovrsnih karakteristika koje moderni temperator mora ispuniti, to su klju\u010dni kriterijumi u Teco wi seriji temperatora.  Kao jedinice s jednim i vi\u0161e krugova, ovi modularni temperatori pokrivaju \u0161irok spektar performansi. Kapaciteti grejanja od 12 do 1000 kW, max. mogu\u0107i rashladni kapaciteti do 3460 kW i protok pumpe od max. 300 m3\/h impresivni su osnovni podaci za ove tehni\u010dki sofisticirane temperatore za rad s komprimovanom vodom do 150 \u00b0C. Ova serija se uglavnom koristi za kontrolu temperature valjaka u proizvodnji (folije, papira, gume itd).  Glavne karakteristike:   Samo-optimizirana mikroprocesorska regulacija interfejsa s visokom precizno\u0161\u0107u  Rad na nekoliko jezika putem ekrana osetljivog na dodir 3\/5\u201d, alternativno VNC putem Etherneta s Va\u0161eg ra\u010dunara  Kontinuirano pra\u0107enje parametara procesa  Istovremeni prikaz ciljne temperature i stvarne vrednosti  Podesivo ograni\u010denje zadanih vrednosti  Integrisane informacije o radu i servisu  Spremanje i pozivanje parametara procesa sa SD karticom  VNC poslu\u017eitelj putem Etherneta  &nbsp;","og_url":"https:\/\/nomis.hr\/sr\/produkt\/teco-wi\/","og_site_name":"Nomis","twitter_card":"summary_large_image","schema":{"@context":"https:\/\/schema.org","@graph":[{"@type":"WebPage","@id":"https:\/\/nomis.hr\/sr\/produkt\/teco-wi\/","url":"https:\/\/nomis.hr\/sr\/produkt\/teco-wi\/","name":"Teco wi - Nomis","isPartOf":{"@id":"https:\/\/nomis.hr\/#website"},"datePublished":"2022-05-05T10:00:31+00:00","dateModified":"2022-05-05T10:00:31+00:00","breadcrumb":{"@id":"https:\/\/nomis.hr\/sr\/produkt\/teco-wi\/#breadcrumb"},"inLanguage":"sr-RS","potentialAction":[{"@type":"ReadAction","target":["https:\/\/nomis.hr\/sr\/produkt\/teco-wi\/"]}]},{"@type":"BreadcrumbList","@id":"https:\/\/nomis.hr\/sr\/produkt\/teco-wi\/#breadcrumb","itemListElement":[{"@type":"ListItem","position":1,"name":"Home","item":"https:\/\/nomis.hr\/sr\/"},{"@type":"ListItem","position":2,"name":"Katalog proizvoda","item":"https:\/\/nomis.hr\/sr\/katalog-proizvoda\/"},{"@type":"ListItem","position":3,"name":"Teco wi"}]},{"@type":"WebSite","@id":"https:\/\/nomis.hr\/#website","url":"https:\/\/nomis.hr\/","name":"Nomis","description":"Sve za preradu polimera i metala na jednom mjestu!","publisher":{"@id":"https:\/\/nomis.hr\/#organization"},"potentialAction":[{"@type":"SearchAction","target":{"@type":"EntryPoint","urlTemplate":"https:\/\/nomis.hr\/?s={search_term_string}"},"query-input":"required name=search_term_string"}],"inLanguage":"sr-RS"},{"@type":"Organization","@id":"https:\/\/nomis.hr\/#organization","name":"Nomis","url":"https:\/\/nomis.hr\/","logo":{"@type":"ImageObject","inLanguage":"sr-RS","@id":"https:\/\/nomis.hr\/#\/schema\/logo\/image\/","url":"https:\/\/nomis.hr\/wp-content\/uploads\/2021\/03\/Nomis-logo-admin-login.png","contentUrl":"https:\/\/nomis.hr\/wp-content\/uploads\/2021\/03\/Nomis-logo-admin-login.png","width":640,"height":163,"caption":"Nomis"},"image":{"@id":"https:\/\/nomis.hr\/#\/schema\/logo\/image\/"}}]}},"_links":{"self":[{"href":"https:\/\/nomis.hr\/sr\/wp-json\/wp\/v2\/product\/3726"}],"collection":[{"href":"https:\/\/nomis.hr\/sr\/wp-json\/wp\/v2\/product"}],"about":[{"href":"https:\/\/nomis.hr\/sr\/wp-json\/wp\/v2\/types\/product"}],"wp:featuredmedia":[{"embeddable":true,"href":"https:\/\/nomis.hr\/sr\/wp-json\/wp\/v2\/media\/1787"}],"wp:attachment":[{"href":"https:\/\/nomis.hr\/sr\/wp-json\/wp\/v2\/media?parent=3726"}],"wp:term":[{"taxonomy":"product_cat","embeddable":true,"href":"https:\/\/nomis.hr\/sr\/wp-json\/wp\/v2\/product_cat?post=3726"},{"taxonomy":"product_tag","embeddable":true,"href":"https:\/\/nomis.hr\/sr\/wp-json\/wp\/v2\/product_tag?post=3726"}],"curies":[{"name":"wp","href":"https:\/\/api.w.org\/{rel}","templated":true}]}}