{"id":3742,"date":"2022-05-05T12:04:34","date_gmt":"2022-05-05T10:04:34","guid":{"rendered":"https:\/\/nomis.hr\/product\/rashladni-tornjevi-gvk-ghkv\/"},"modified":"2022-05-05T12:04:34","modified_gmt":"2022-05-05T10:04:34","slug":"rashladni-tornjevi-gvk-ghkv","status":"publish","type":"product","link":"https:\/\/nomis.hr\/sr\/produkt\/rashladni-tornjevi-gvk-ghkv\/","title":{"rendered":"Rashladni tornjevi gvk-ghkv"},"content":{"rendered":"","protected":false},"excerpt":{"rendered":"<p>Rashladni tornjevi su deo sredi\u0161njeg sistema rashladnog postrojenja, koji se isporu\u010duju po principu klju\u010d u ruke i reguliraju mikroprocesorskim upravlja\u010dkim sistemom koji se lako programira. Koriste se za odvo\u0111enje suvi\u0161ne topline iz proizvodnih sistema s vi\u0161om temperaturnim nivoom i rade na principu isparavanja. Kako bi se spre\u010dilo one\u010di\u0161\u0107enje kontaminiranom vodom iz rashladnog tornja, rashladni krugovi i rashladni toranj odvojeni su plo\u010dastim izmenjiva\u010d topline. Ovo je va\u017eno razmatranje za ekolo\u0161ki svesne industrije. Pokrivaju\u0107i raspon kapaciteta od 50 kW do 1200 kW, potpuno plasti\u010dni rashladni tornjevi otporni su na najekstremnije klimatske uslove. Aksijalni ventilatori s motorima prilago\u0111eni su kapacitetu i rade uz smanjeni nivo buke.<\/p>\n<p>&nbsp;<\/p>\n[fusion_button link=\"https:\/\/nomis.hr\/wp-content\/uploads\/2022\/05\/en_Kuehlen-mit-System-1.pdf\" title=\"\" target=\"_blank\" link_attributes=\"\" alignment_medium=\"\" alignment_small=\"\" alignment=\"\" modal=\"\" hide_on_mobile=\"small-visibility,medium-visibility,large-visibility\" sticky_display=\"normal,sticky\" class=\"\" id=\"\" color=\"default\" button_gradient_top_color=\"\" hue=\"\" saturation=\"\" lightness=\"\" alpha=\"\" button_gradient_bottom_color=\"\" button_gradient_top_color_hover=\"\" button_gradient_bottom_color_hover=\"\" gradient_start_position=\"\" gradient_end_position=\"\" gradient_type=\"\" radial_direction=\"\" linear_angle=\"180\" accent_color=\"\" accent_hover_color=\"\" type=\"\" bevel_color=\"\" bevel_color_hover=\"\" border_top=\"\" border_right=\"\" border_bottom=\"\" border_left=\"\" border_radius_top_left=\"\" border_radius_top_right=\"\" border_radius_bottom_right=\"\" border_radius_bottom_left=\"\" border_color=\"\" border_hover_color=\"\" size=\"\" padding_top=\"\" padding_right=\"\" padding_bottom=\"\" padding_left=\"\" fusion_font_family_button_font=\"\" fusion_font_variant_button_font=\"\" font_size=\"\" line_height=\"\" letter_spacing=\"\" text_transform=\"\" stretch=\"default\" margin_top=\"\" margin_right=\"\" margin_bottom=\"\" margin_left=\"\" icon=\"fa-file-pdf fas\" icon_position=\"left\" icon_divider=\"no\" animation_type=\"\" animation_direction=\"left\" animation_speed=\"0.3\" animation_offset=\"\"]Tehni\u010dki dokument[\/fusion_button]\n","protected":false},"featured_media":1803,"template":"","meta":[],"product_cat":[204,205,211],"product_tag":[],"yoast_head":"<!-- This site is optimized with the Yoast SEO plugin v21.3 - https:\/\/yoast.com\/wordpress\/plugins\/seo\/ -->\n<title>Rashladni tornjevi gvk-ghkv - Nomis<\/title>\n<meta name=\"robots\" content=\"index, follow, max-snippet:-1, max-image-preview:large, max-video-preview:-1\" \/>\n<link rel=\"canonical\" href=\"https:\/\/nomis.hr\/sr\/produkt\/rashladni-tornjevi-gvk-ghkv\/\" \/>\n<meta property=\"og:locale\" content=\"sr_RS\" \/>\n<meta property=\"og:type\" content=\"article\" \/>\n<meta property=\"og:title\" content=\"Rashladni tornjevi gvk-ghkv - Nomis\" \/>\n<meta property=\"og:description\" content=\"Rashladni tornjevi su deo sredi\u0161njeg sistema rashladnog postrojenja, koji se isporu\u010duju po principu klju\u010d u ruke i reguliraju mikroprocesorskim upravlja\u010dkim sistemom koji se lako programira. Koriste se za odvo\u0111enje suvi\u0161ne topline iz proizvodnih sistema s vi\u0161om temperaturnim nivoom i rade na principu isparavanja. Kako bi se spre\u010dilo one\u010di\u0161\u0107enje kontaminiranom vodom iz rashladnog tornja, rashladni krugovi i rashladni toranj odvojeni su plo\u010dastim izmenjiva\u010d topline. Ovo je va\u017eno razmatranje za ekolo\u0161ki svesne industrije. Pokrivaju\u0107i raspon kapaciteta od 50 kW do 1200 kW, potpuno plasti\u010dni rashladni tornjevi otporni su na najekstremnije klimatske uslove. Aksijalni ventilatori s motorima prilago\u0111eni su kapacitetu i rade uz smanjeni nivo buke.  &nbsp;\" \/>\n<meta property=\"og:url\" content=\"https:\/\/nomis.hr\/sr\/produkt\/rashladni-tornjevi-gvk-ghkv\/\" \/>\n<meta property=\"og:site_name\" content=\"Nomis\" \/>\n<meta name=\"twitter:card\" content=\"summary_large_image\" \/>\n<script type=\"application\/ld+json\" class=\"yoast-schema-graph\">{\"@context\":\"https:\/\/schema.org\",\"@graph\":[{\"@type\":\"WebPage\",\"@id\":\"https:\/\/nomis.hr\/sr\/produkt\/rashladni-tornjevi-gvk-ghkv\/\",\"url\":\"https:\/\/nomis.hr\/sr\/produkt\/rashladni-tornjevi-gvk-ghkv\/\",\"name\":\"Rashladni tornjevi gvk-ghkv - Nomis\",\"isPartOf\":{\"@id\":\"https:\/\/nomis.hr\/#website\"},\"datePublished\":\"2022-05-05T10:04:34+00:00\",\"dateModified\":\"2022-05-05T10:04:34+00:00\",\"breadcrumb\":{\"@id\":\"https:\/\/nomis.hr\/sr\/produkt\/rashladni-tornjevi-gvk-ghkv\/#breadcrumb\"},\"inLanguage\":\"sr-RS\",\"potentialAction\":[{\"@type\":\"ReadAction\",\"target\":[\"https:\/\/nomis.hr\/sr\/produkt\/rashladni-tornjevi-gvk-ghkv\/\"]}]},{\"@type\":\"BreadcrumbList\",\"@id\":\"https:\/\/nomis.hr\/sr\/produkt\/rashladni-tornjevi-gvk-ghkv\/#breadcrumb\",\"itemListElement\":[{\"@type\":\"ListItem\",\"position\":1,\"name\":\"Home\",\"item\":\"https:\/\/nomis.hr\/sr\/\"},{\"@type\":\"ListItem\",\"position\":2,\"name\":\"Katalog proizvoda\",\"item\":\"https:\/\/nomis.hr\/sr\/katalog-proizvoda\/\"},{\"@type\":\"ListItem\",\"position\":3,\"name\":\"Rashladni tornjevi gvk-ghkv\"}]},{\"@type\":\"WebSite\",\"@id\":\"https:\/\/nomis.hr\/#website\",\"url\":\"https:\/\/nomis.hr\/\",\"name\":\"Nomis\",\"description\":\"Sve za preradu polimera i metala na jednom mjestu!\",\"publisher\":{\"@id\":\"https:\/\/nomis.hr\/#organization\"},\"potentialAction\":[{\"@type\":\"SearchAction\",\"target\":{\"@type\":\"EntryPoint\",\"urlTemplate\":\"https:\/\/nomis.hr\/?s={search_term_string}\"},\"query-input\":\"required name=search_term_string\"}],\"inLanguage\":\"sr-RS\"},{\"@type\":\"Organization\",\"@id\":\"https:\/\/nomis.hr\/#organization\",\"name\":\"Nomis\",\"url\":\"https:\/\/nomis.hr\/\",\"logo\":{\"@type\":\"ImageObject\",\"inLanguage\":\"sr-RS\",\"@id\":\"https:\/\/nomis.hr\/#\/schema\/logo\/image\/\",\"url\":\"https:\/\/nomis.hr\/wp-content\/uploads\/2021\/03\/Nomis-logo-admin-login.png\",\"contentUrl\":\"https:\/\/nomis.hr\/wp-content\/uploads\/2021\/03\/Nomis-logo-admin-login.png\",\"width\":640,\"height\":163,\"caption\":\"Nomis\"},\"image\":{\"@id\":\"https:\/\/nomis.hr\/#\/schema\/logo\/image\/\"}}]}<\/script>\n<!-- \/ Yoast SEO plugin. -->","yoast_head_json":{"title":"Rashladni tornjevi gvk-ghkv - Nomis","robots":{"index":"index","follow":"follow","max-snippet":"max-snippet:-1","max-image-preview":"max-image-preview:large","max-video-preview":"max-video-preview:-1"},"canonical":"https:\/\/nomis.hr\/sr\/produkt\/rashladni-tornjevi-gvk-ghkv\/","og_locale":"sr_RS","og_type":"article","og_title":"Rashladni tornjevi gvk-ghkv - Nomis","og_description":"Rashladni tornjevi su deo sredi\u0161njeg sistema rashladnog postrojenja, koji se isporu\u010duju po principu klju\u010d u ruke i reguliraju mikroprocesorskim upravlja\u010dkim sistemom koji se lako programira. Koriste se za odvo\u0111enje suvi\u0161ne topline iz proizvodnih sistema s vi\u0161om temperaturnim nivoom i rade na principu isparavanja. Kako bi se spre\u010dilo one\u010di\u0161\u0107enje kontaminiranom vodom iz rashladnog tornja, rashladni krugovi i rashladni toranj odvojeni su plo\u010dastim izmenjiva\u010d topline. Ovo je va\u017eno razmatranje za ekolo\u0161ki svesne industrije. Pokrivaju\u0107i raspon kapaciteta od 50 kW do 1200 kW, potpuno plasti\u010dni rashladni tornjevi otporni su na najekstremnije klimatske uslove. Aksijalni ventilatori s motorima prilago\u0111eni su kapacitetu i rade uz smanjeni nivo buke.  &nbsp;","og_url":"https:\/\/nomis.hr\/sr\/produkt\/rashladni-tornjevi-gvk-ghkv\/","og_site_name":"Nomis","twitter_card":"summary_large_image","schema":{"@context":"https:\/\/schema.org","@graph":[{"@type":"WebPage","@id":"https:\/\/nomis.hr\/sr\/produkt\/rashladni-tornjevi-gvk-ghkv\/","url":"https:\/\/nomis.hr\/sr\/produkt\/rashladni-tornjevi-gvk-ghkv\/","name":"Rashladni tornjevi gvk-ghkv - Nomis","isPartOf":{"@id":"https:\/\/nomis.hr\/#website"},"datePublished":"2022-05-05T10:04:34+00:00","dateModified":"2022-05-05T10:04:34+00:00","breadcrumb":{"@id":"https:\/\/nomis.hr\/sr\/produkt\/rashladni-tornjevi-gvk-ghkv\/#breadcrumb"},"inLanguage":"sr-RS","potentialAction":[{"@type":"ReadAction","target":["https:\/\/nomis.hr\/sr\/produkt\/rashladni-tornjevi-gvk-ghkv\/"]}]},{"@type":"BreadcrumbList","@id":"https:\/\/nomis.hr\/sr\/produkt\/rashladni-tornjevi-gvk-ghkv\/#breadcrumb","itemListElement":[{"@type":"ListItem","position":1,"name":"Home","item":"https:\/\/nomis.hr\/sr\/"},{"@type":"ListItem","position":2,"name":"Katalog proizvoda","item":"https:\/\/nomis.hr\/sr\/katalog-proizvoda\/"},{"@type":"ListItem","position":3,"name":"Rashladni tornjevi gvk-ghkv"}]},{"@type":"WebSite","@id":"https:\/\/nomis.hr\/#website","url":"https:\/\/nomis.hr\/","name":"Nomis","description":"Sve za preradu polimera i metala na jednom mjestu!","publisher":{"@id":"https:\/\/nomis.hr\/#organization"},"potentialAction":[{"@type":"SearchAction","target":{"@type":"EntryPoint","urlTemplate":"https:\/\/nomis.hr\/?s={search_term_string}"},"query-input":"required name=search_term_string"}],"inLanguage":"sr-RS"},{"@type":"Organization","@id":"https:\/\/nomis.hr\/#organization","name":"Nomis","url":"https:\/\/nomis.hr\/","logo":{"@type":"ImageObject","inLanguage":"sr-RS","@id":"https:\/\/nomis.hr\/#\/schema\/logo\/image\/","url":"https:\/\/nomis.hr\/wp-content\/uploads\/2021\/03\/Nomis-logo-admin-login.png","contentUrl":"https:\/\/nomis.hr\/wp-content\/uploads\/2021\/03\/Nomis-logo-admin-login.png","width":640,"height":163,"caption":"Nomis"},"image":{"@id":"https:\/\/nomis.hr\/#\/schema\/logo\/image\/"}}]}},"_links":{"self":[{"href":"https:\/\/nomis.hr\/sr\/wp-json\/wp\/v2\/product\/3742"}],"collection":[{"href":"https:\/\/nomis.hr\/sr\/wp-json\/wp\/v2\/product"}],"about":[{"href":"https:\/\/nomis.hr\/sr\/wp-json\/wp\/v2\/types\/product"}],"wp:featuredmedia":[{"embeddable":true,"href":"https:\/\/nomis.hr\/sr\/wp-json\/wp\/v2\/media\/1803"}],"wp:attachment":[{"href":"https:\/\/nomis.hr\/sr\/wp-json\/wp\/v2\/media?parent=3742"}],"wp:term":[{"taxonomy":"product_cat","embeddable":true,"href":"https:\/\/nomis.hr\/sr\/wp-json\/wp\/v2\/product_cat?post=3742"},{"taxonomy":"product_tag","embeddable":true,"href":"https:\/\/nomis.hr\/sr\/wp-json\/wp\/v2\/product_tag?post=3742"}],"curies":[{"name":"wp","href":"https:\/\/api.w.org\/{rel}","templated":true}]}}