{"id":3758,"date":"2022-05-05T12:11:43","date_gmt":"2022-05-05T10:11:43","guid":{"rendered":"https:\/\/nomis.hr\/product\/integrat-direct\/"},"modified":"2022-10-13T11:50:56","modified_gmt":"2022-10-13T09:50:56","slug":"integrat-direct","status":"publish","type":"product","link":"https:\/\/nomis.hr\/sr\/produkt\/integrat-direct\/","title":{"rendered":"Integrat direct"},"content":{"rendered":"","protected":false},"excerpt":{"rendered":"<p>Vi\u0161estruki sistem kontrole temperature u modularnom dizajnu koji je dostupan u nekoliko verzija istovremeno ispunjava najmanje tri zaheva.<\/p>\n<p>U jednom sistemu kombinuje prednosti konvencionalnih razdelnika vode, sistema za impulsno hla\u0111enje i kontinuirano hla\u0111enje deluju\u0107ih jedinica za regulaciju temperature, dok elimini\u0161e nedostatke svakog od ovih sistema. Sistem kontrole temperature ima do 128 individualno podesivih krugova i prikladan je za obradu poliolefina i tehni\u010dkih termoplasti\u010dnih materijala.<\/p>\n<p>Glavne karakteristike:<\/p>\n<ul>\n<li>Trajna kontrola temperature u vi\u0161e krugova za segmentirano grejanje i hla\u0111enje kalupa u modularnom dizajnu<\/li>\n<li>Individualna regulacija temperature do 128 krugova za kontrolu temperature<\/li>\n<li>Visoko u\u010dinkovito direktno hla\u0111enje<\/li>\n<li>Nema pumpe \/ nema grejanja \/ nema izmenjiva\u010da toplote<\/li>\n<\/ul>\n<p>&nbsp;<\/p>\n[fusion_button link=\"https:\/\/nomis.hr\/wp-content\/uploads\/2022\/05\/system-integrat_GB-4.pdf\" title=\"\" target=\"_blank\" link_attributes=\"\" alignment_medium=\"\" alignment_small=\"\" alignment=\"\" modal=\"\" hide_on_mobile=\"small-visibility,medium-visibility,large-visibility\" sticky_display=\"normal,sticky\" class=\"\" id=\"\" color=\"default\" button_gradient_top_color=\"\" hue=\"\" saturation=\"\" lightness=\"\" alpha=\"\" button_gradient_bottom_color=\"\" button_gradient_top_color_hover=\"\" button_gradient_bottom_color_hover=\"\" gradient_start_position=\"\" gradient_end_position=\"\" gradient_type=\"\" radial_direction=\"\" linear_angle=\"180\" accent_color=\"\" accent_hover_color=\"\" type=\"\" bevel_color=\"\" bevel_color_hover=\"\" border_top=\"\" border_right=\"\" border_bottom=\"\" border_left=\"\" border_radius_top_left=\"\" border_radius_top_right=\"\" border_radius_bottom_right=\"\" border_radius_bottom_left=\"\" border_color=\"\" border_hover_color=\"\" size=\"\" padding_top=\"\" padding_right=\"\" padding_bottom=\"\" padding_left=\"\" fusion_font_family_button_font=\"\" fusion_font_variant_button_font=\"\" font_size=\"\" line_height=\"\" letter_spacing=\"\" text_transform=\"\" stretch=\"default\" margin_top=\"\" margin_right=\"\" margin_bottom=\"\" margin_left=\"\" icon=\"fa-file-pdf fas\" icon_position=\"left\" icon_divider=\"no\" animation_type=\"\" animation_direction=\"left\" animation_speed=\"0.3\" animation_offset=\"\"]Dokument[\/fusion_button]\n","protected":false},"featured_media":1819,"template":"","meta":[],"product_cat":[204,215,205],"product_tag":[],"yoast_head":"<!-- This site is optimized with the Yoast SEO plugin v21.3 - https:\/\/yoast.com\/wordpress\/plugins\/seo\/ -->\n<title>Integrat direct - Nomis<\/title>\n<meta name=\"robots\" content=\"index, follow, max-snippet:-1, max-image-preview:large, max-video-preview:-1\" \/>\n<link rel=\"canonical\" href=\"https:\/\/nomis.hr\/sr\/produkt\/integrat-direct\/\" \/>\n<meta property=\"og:locale\" content=\"sr_RS\" \/>\n<meta property=\"og:type\" content=\"article\" \/>\n<meta property=\"og:title\" content=\"Integrat direct - Nomis\" \/>\n<meta property=\"og:description\" content=\"Vi\u0161estruki sistem kontrole temperature u modularnom dizajnu koji je dostupan u nekoliko verzija istovremeno ispunjava najmanje tri zaheva.  U jednom sistemu kombinuje prednosti konvencionalnih razdelnika vode, sistema za impulsno hla\u0111enje i kontinuirano hla\u0111enje deluju\u0107ih jedinica za regulaciju temperature, dok elimini\u0161e nedostatke svakog od ovih sistema. Sistem kontrole temperature ima do 128 individualno podesivih krugova i prikladan je za obradu poliolefina i tehni\u010dkih termoplasti\u010dnih materijala.  Glavne karakteristike:   Trajna kontrola temperature u vi\u0161e krugova za segmentirano grejanje i hla\u0111enje kalupa u modularnom dizajnu  Individualna regulacija temperature do 128 krugova za kontrolu temperature  Visoko u\u010dinkovito direktno hla\u0111enje  Nema pumpe \/ nema grejanja \/ nema izmenjiva\u010da toplote  &nbsp;\" \/>\n<meta property=\"og:url\" content=\"https:\/\/nomis.hr\/sr\/produkt\/integrat-direct\/\" \/>\n<meta property=\"og:site_name\" content=\"Nomis\" \/>\n<meta property=\"article:modified_time\" content=\"2022-10-13T09:50:56+00:00\" \/>\n<meta name=\"twitter:card\" content=\"summary_large_image\" \/>\n<script type=\"application\/ld+json\" class=\"yoast-schema-graph\">{\"@context\":\"https:\/\/schema.org\",\"@graph\":[{\"@type\":\"WebPage\",\"@id\":\"https:\/\/nomis.hr\/sr\/produkt\/integrat-direct\/\",\"url\":\"https:\/\/nomis.hr\/sr\/produkt\/integrat-direct\/\",\"name\":\"Integrat direct - Nomis\",\"isPartOf\":{\"@id\":\"https:\/\/nomis.hr\/#website\"},\"datePublished\":\"2022-05-05T10:11:43+00:00\",\"dateModified\":\"2022-10-13T09:50:56+00:00\",\"breadcrumb\":{\"@id\":\"https:\/\/nomis.hr\/sr\/produkt\/integrat-direct\/#breadcrumb\"},\"inLanguage\":\"sr-RS\",\"potentialAction\":[{\"@type\":\"ReadAction\",\"target\":[\"https:\/\/nomis.hr\/sr\/produkt\/integrat-direct\/\"]}]},{\"@type\":\"BreadcrumbList\",\"@id\":\"https:\/\/nomis.hr\/sr\/produkt\/integrat-direct\/#breadcrumb\",\"itemListElement\":[{\"@type\":\"ListItem\",\"position\":1,\"name\":\"Home\",\"item\":\"https:\/\/nomis.hr\/sr\/\"},{\"@type\":\"ListItem\",\"position\":2,\"name\":\"Katalog proizvoda\",\"item\":\"https:\/\/nomis.hr\/sr\/katalog-proizvoda\/\"},{\"@type\":\"ListItem\",\"position\":3,\"name\":\"Integrat direct\"}]},{\"@type\":\"WebSite\",\"@id\":\"https:\/\/nomis.hr\/#website\",\"url\":\"https:\/\/nomis.hr\/\",\"name\":\"Nomis\",\"description\":\"Sve za preradu polimera i metala na jednom mjestu!\",\"publisher\":{\"@id\":\"https:\/\/nomis.hr\/#organization\"},\"potentialAction\":[{\"@type\":\"SearchAction\",\"target\":{\"@type\":\"EntryPoint\",\"urlTemplate\":\"https:\/\/nomis.hr\/?s={search_term_string}\"},\"query-input\":\"required name=search_term_string\"}],\"inLanguage\":\"sr-RS\"},{\"@type\":\"Organization\",\"@id\":\"https:\/\/nomis.hr\/#organization\",\"name\":\"Nomis\",\"url\":\"https:\/\/nomis.hr\/\",\"logo\":{\"@type\":\"ImageObject\",\"inLanguage\":\"sr-RS\",\"@id\":\"https:\/\/nomis.hr\/#\/schema\/logo\/image\/\",\"url\":\"https:\/\/nomis.hr\/wp-content\/uploads\/2021\/03\/Nomis-logo-admin-login.png\",\"contentUrl\":\"https:\/\/nomis.hr\/wp-content\/uploads\/2021\/03\/Nomis-logo-admin-login.png\",\"width\":640,\"height\":163,\"caption\":\"Nomis\"},\"image\":{\"@id\":\"https:\/\/nomis.hr\/#\/schema\/logo\/image\/\"}}]}<\/script>\n<!-- \/ Yoast SEO plugin. -->","yoast_head_json":{"title":"Integrat direct - Nomis","robots":{"index":"index","follow":"follow","max-snippet":"max-snippet:-1","max-image-preview":"max-image-preview:large","max-video-preview":"max-video-preview:-1"},"canonical":"https:\/\/nomis.hr\/sr\/produkt\/integrat-direct\/","og_locale":"sr_RS","og_type":"article","og_title":"Integrat direct - Nomis","og_description":"Vi\u0161estruki sistem kontrole temperature u modularnom dizajnu koji je dostupan u nekoliko verzija istovremeno ispunjava najmanje tri zaheva.  U jednom sistemu kombinuje prednosti konvencionalnih razdelnika vode, sistema za impulsno hla\u0111enje i kontinuirano hla\u0111enje deluju\u0107ih jedinica za regulaciju temperature, dok elimini\u0161e nedostatke svakog od ovih sistema. Sistem kontrole temperature ima do 128 individualno podesivih krugova i prikladan je za obradu poliolefina i tehni\u010dkih termoplasti\u010dnih materijala.  Glavne karakteristike:   Trajna kontrola temperature u vi\u0161e krugova za segmentirano grejanje i hla\u0111enje kalupa u modularnom dizajnu  Individualna regulacija temperature do 128 krugova za kontrolu temperature  Visoko u\u010dinkovito direktno hla\u0111enje  Nema pumpe \/ nema grejanja \/ nema izmenjiva\u010da toplote  &nbsp;","og_url":"https:\/\/nomis.hr\/sr\/produkt\/integrat-direct\/","og_site_name":"Nomis","article_modified_time":"2022-10-13T09:50:56+00:00","twitter_card":"summary_large_image","schema":{"@context":"https:\/\/schema.org","@graph":[{"@type":"WebPage","@id":"https:\/\/nomis.hr\/sr\/produkt\/integrat-direct\/","url":"https:\/\/nomis.hr\/sr\/produkt\/integrat-direct\/","name":"Integrat direct - Nomis","isPartOf":{"@id":"https:\/\/nomis.hr\/#website"},"datePublished":"2022-05-05T10:11:43+00:00","dateModified":"2022-10-13T09:50:56+00:00","breadcrumb":{"@id":"https:\/\/nomis.hr\/sr\/produkt\/integrat-direct\/#breadcrumb"},"inLanguage":"sr-RS","potentialAction":[{"@type":"ReadAction","target":["https:\/\/nomis.hr\/sr\/produkt\/integrat-direct\/"]}]},{"@type":"BreadcrumbList","@id":"https:\/\/nomis.hr\/sr\/produkt\/integrat-direct\/#breadcrumb","itemListElement":[{"@type":"ListItem","position":1,"name":"Home","item":"https:\/\/nomis.hr\/sr\/"},{"@type":"ListItem","position":2,"name":"Katalog proizvoda","item":"https:\/\/nomis.hr\/sr\/katalog-proizvoda\/"},{"@type":"ListItem","position":3,"name":"Integrat direct"}]},{"@type":"WebSite","@id":"https:\/\/nomis.hr\/#website","url":"https:\/\/nomis.hr\/","name":"Nomis","description":"Sve za preradu polimera i metala na jednom mjestu!","publisher":{"@id":"https:\/\/nomis.hr\/#organization"},"potentialAction":[{"@type":"SearchAction","target":{"@type":"EntryPoint","urlTemplate":"https:\/\/nomis.hr\/?s={search_term_string}"},"query-input":"required name=search_term_string"}],"inLanguage":"sr-RS"},{"@type":"Organization","@id":"https:\/\/nomis.hr\/#organization","name":"Nomis","url":"https:\/\/nomis.hr\/","logo":{"@type":"ImageObject","inLanguage":"sr-RS","@id":"https:\/\/nomis.hr\/#\/schema\/logo\/image\/","url":"https:\/\/nomis.hr\/wp-content\/uploads\/2021\/03\/Nomis-logo-admin-login.png","contentUrl":"https:\/\/nomis.hr\/wp-content\/uploads\/2021\/03\/Nomis-logo-admin-login.png","width":640,"height":163,"caption":"Nomis"},"image":{"@id":"https:\/\/nomis.hr\/#\/schema\/logo\/image\/"}}]}},"_links":{"self":[{"href":"https:\/\/nomis.hr\/sr\/wp-json\/wp\/v2\/product\/3758"}],"collection":[{"href":"https:\/\/nomis.hr\/sr\/wp-json\/wp\/v2\/product"}],"about":[{"href":"https:\/\/nomis.hr\/sr\/wp-json\/wp\/v2\/types\/product"}],"wp:featuredmedia":[{"embeddable":true,"href":"https:\/\/nomis.hr\/sr\/wp-json\/wp\/v2\/media\/1819"}],"wp:attachment":[{"href":"https:\/\/nomis.hr\/sr\/wp-json\/wp\/v2\/media?parent=3758"}],"wp:term":[{"taxonomy":"product_cat","embeddable":true,"href":"https:\/\/nomis.hr\/sr\/wp-json\/wp\/v2\/product_cat?post=3758"},{"taxonomy":"product_tag","embeddable":true,"href":"https:\/\/nomis.hr\/sr\/wp-json\/wp\/v2\/product_tag?post=3758"}],"curies":[{"name":"wp","href":"https:\/\/api.w.org\/{rel}","templated":true}]}}