{"id":3767,"date":"2022-05-05T12:16:19","date_gmt":"2022-05-05T10:16:19","guid":{"rendered":"https:\/\/nomis.hr\/product\/integrat-vario-gt\/"},"modified":"2022-05-05T12:16:19","modified_gmt":"2022-05-05T10:16:19","slug":"integrat-vario-gt","status":"publish","type":"product","link":"https:\/\/nomis.hr\/sr\/produkt\/integrat-vario-gt\/","title":{"rendered":"Integrat vario gt"},"content":{"rendered":"","protected":false},"excerpt":{"rendered":"<p>Dinami\u010dka kontrola temperature s CO<sub>2<\/sub> nudi potpuno nove mogu\u0107nosti.<\/p>\n<p>Ovaj novi i ekolo\u0161ki prihvatljiv postupak zaista pru\u017ea re\u0161enje za grejanje i hla\u0111enje slo\u017eenih i tankih zidova oblikovanih delova. Kori\u0161tenjem plinovitih medija za procese grejanja i hla\u0111enja, zaprljani rashladni kanali sada su stvar pro\u0161losti.<\/p>\n<p>U osnovi je ta\u010dno da plinoviti mediji imaju nedostatak jer nisu dobri vodi\u010di topline. To se barem odnosi na vazduh koji se koristi samo za procese hla\u0111enja u posebnim okolnostima. Ali za razliku od toga, ako se mogu\u0107nosti CO<sub>2<\/sub> pravilno iskoriste, on nudi zanimljivu alternativu konvencionalnoj kontroli temperature na vodu. Visoka entalpija isparavanja ubrizgane te\u010dnosti pra\u0107ena temperaturom od -76\u00b0C pru\u017ea izrazito u\u010dinkovit prenos toplote.<\/p>\n<p>Hla\u0111enje s CO<sub>2<\/sub> se uspe\u0161no primjenjuje ve\u0107 dugi niz godina. Ipak, novost je da je mogu\u0107e i grejanje na plinoviti CO<sub>2<\/sub>. U vario gt temperiralima CO<sub>2<\/sub> se komprimira na odgovaraju\u0107i pritisak i zagreva blizu zida kalupa.<\/p>\n<p>Za razliku od svih ostalih tehnika, ova metoda regulacije temperature ne postavlja nikakve zahteve za rashladni sistem, niti u pogledu temperature, pritiska, volumnog protoka ili kvalitete vode. Kontrola temperature bez vode vrlo je prikladna za primenu u uvetima proizvodnje u \u010distim sobama.<\/p>\n<p>&nbsp;<\/p>\n[fusion_button link=\"https:\/\/nomis.hr\/wp-content\/uploads\/2022\/05\/integrat-vario-gt-technotrans-solutions-GmbH-formerly-gwk-Gesellschaft-Warme-Kaltetechnik-mbH.pdf\" title=\"\" target=\"_blank\" link_attributes=\"\" alignment_medium=\"\" alignment_small=\"\" alignment=\"\" modal=\"\" hide_on_mobile=\"small-visibility,medium-visibility,large-visibility\" sticky_display=\"normal,sticky\" class=\"\" id=\"\" color=\"default\" button_gradient_top_color=\"\" hue=\"\" saturation=\"\" lightness=\"\" alpha=\"\" button_gradient_bottom_color=\"\" button_gradient_top_color_hover=\"\" button_gradient_bottom_color_hover=\"\" gradient_start_position=\"\" gradient_end_position=\"\" gradient_type=\"\" radial_direction=\"\" linear_angle=\"180\" accent_color=\"\" accent_hover_color=\"\" type=\"\" bevel_color=\"\" bevel_color_hover=\"\" border_top=\"\" border_right=\"\" border_bottom=\"\" border_left=\"\" border_radius_top_left=\"\" border_radius_top_right=\"\" border_radius_bottom_right=\"\" border_radius_bottom_left=\"\" border_color=\"\" border_hover_color=\"\" size=\"\" padding_top=\"\" padding_right=\"\" padding_bottom=\"\" padding_left=\"\" fusion_font_family_button_font=\"\" fusion_font_variant_button_font=\"\" font_size=\"\" line_height=\"\" letter_spacing=\"\" text_transform=\"\" stretch=\"default\" margin_top=\"\" margin_right=\"\" margin_bottom=\"\" margin_left=\"\" icon=\"fa-file-pdf fas\" icon_position=\"left\" icon_divider=\"no\" animation_type=\"\" animation_direction=\"left\" animation_speed=\"0.3\" animation_offset=\"\"]Tehni\u010dki dokument[\/fusion_button]\n","protected":false},"featured_media":1830,"template":"","meta":[],"product_cat":[204,205,215],"product_tag":[],"yoast_head":"<!-- This site is optimized with the Yoast SEO plugin v21.3 - https:\/\/yoast.com\/wordpress\/plugins\/seo\/ -->\n<title>Integrat vario gt - Nomis<\/title>\n<meta name=\"robots\" content=\"index, follow, max-snippet:-1, max-image-preview:large, max-video-preview:-1\" \/>\n<link rel=\"canonical\" href=\"https:\/\/nomis.hr\/sr\/produkt\/integrat-vario-gt\/\" \/>\n<meta property=\"og:locale\" content=\"sr_RS\" \/>\n<meta property=\"og:type\" content=\"article\" \/>\n<meta property=\"og:title\" content=\"Integrat vario gt - Nomis\" \/>\n<meta property=\"og:description\" content=\"Dinami\u010dka kontrola temperature s CO2 nudi potpuno nove mogu\u0107nosti.  Ovaj novi i ekolo\u0161ki prihvatljiv postupak zaista pru\u017ea re\u0161enje za grejanje i hla\u0111enje slo\u017eenih i tankih zidova oblikovanih delova. Kori\u0161tenjem plinovitih medija za procese grejanja i hla\u0111enja, zaprljani rashladni kanali sada su stvar pro\u0161losti.  U osnovi je ta\u010dno da plinoviti mediji imaju nedostatak jer nisu dobri vodi\u010di topline. To se barem odnosi na vazduh koji se koristi samo za procese hla\u0111enja u posebnim okolnostima. Ali za razliku od toga, ako se mogu\u0107nosti CO2 pravilno iskoriste, on nudi zanimljivu alternativu konvencionalnoj kontroli temperature na vodu. Visoka entalpija isparavanja ubrizgane te\u010dnosti pra\u0107ena temperaturom od -76\u00b0C pru\u017ea izrazito u\u010dinkovit prenos toplote.  Hla\u0111enje s CO2 se uspe\u0161no primjenjuje ve\u0107 dugi niz godina. Ipak, novost je da je mogu\u0107e i grejanje na plinoviti CO2. U vario gt temperiralima CO2 se komprimira na odgovaraju\u0107i pritisak i zagreva blizu zida kalupa.  Za razliku od svih ostalih tehnika, ova metoda regulacije temperature ne postavlja nikakve zahteve za rashladni sistem, niti u pogledu temperature, pritiska, volumnog protoka ili kvalitete vode. Kontrola temperature bez vode vrlo je prikladna za primenu u uvetima proizvodnje u \u010distim sobama.  &nbsp;\" \/>\n<meta property=\"og:url\" content=\"https:\/\/nomis.hr\/sr\/produkt\/integrat-vario-gt\/\" \/>\n<meta property=\"og:site_name\" content=\"Nomis\" \/>\n<meta name=\"twitter:card\" content=\"summary_large_image\" \/>\n<script type=\"application\/ld+json\" class=\"yoast-schema-graph\">{\"@context\":\"https:\/\/schema.org\",\"@graph\":[{\"@type\":\"WebPage\",\"@id\":\"https:\/\/nomis.hr\/sr\/produkt\/integrat-vario-gt\/\",\"url\":\"https:\/\/nomis.hr\/sr\/produkt\/integrat-vario-gt\/\",\"name\":\"Integrat vario gt - Nomis\",\"isPartOf\":{\"@id\":\"https:\/\/nomis.hr\/#website\"},\"datePublished\":\"2022-05-05T10:16:19+00:00\",\"dateModified\":\"2022-05-05T10:16:19+00:00\",\"breadcrumb\":{\"@id\":\"https:\/\/nomis.hr\/sr\/produkt\/integrat-vario-gt\/#breadcrumb\"},\"inLanguage\":\"sr-RS\",\"potentialAction\":[{\"@type\":\"ReadAction\",\"target\":[\"https:\/\/nomis.hr\/sr\/produkt\/integrat-vario-gt\/\"]}]},{\"@type\":\"BreadcrumbList\",\"@id\":\"https:\/\/nomis.hr\/sr\/produkt\/integrat-vario-gt\/#breadcrumb\",\"itemListElement\":[{\"@type\":\"ListItem\",\"position\":1,\"name\":\"Home\",\"item\":\"https:\/\/nomis.hr\/sr\/\"},{\"@type\":\"ListItem\",\"position\":2,\"name\":\"Katalog proizvoda\",\"item\":\"https:\/\/nomis.hr\/sr\/katalog-proizvoda\/\"},{\"@type\":\"ListItem\",\"position\":3,\"name\":\"Integrat vario gt\"}]},{\"@type\":\"WebSite\",\"@id\":\"https:\/\/nomis.hr\/#website\",\"url\":\"https:\/\/nomis.hr\/\",\"name\":\"Nomis\",\"description\":\"Sve za preradu polimera i metala na jednom mjestu!\",\"publisher\":{\"@id\":\"https:\/\/nomis.hr\/#organization\"},\"potentialAction\":[{\"@type\":\"SearchAction\",\"target\":{\"@type\":\"EntryPoint\",\"urlTemplate\":\"https:\/\/nomis.hr\/?s={search_term_string}\"},\"query-input\":\"required name=search_term_string\"}],\"inLanguage\":\"sr-RS\"},{\"@type\":\"Organization\",\"@id\":\"https:\/\/nomis.hr\/#organization\",\"name\":\"Nomis\",\"url\":\"https:\/\/nomis.hr\/\",\"logo\":{\"@type\":\"ImageObject\",\"inLanguage\":\"sr-RS\",\"@id\":\"https:\/\/nomis.hr\/#\/schema\/logo\/image\/\",\"url\":\"https:\/\/nomis.hr\/wp-content\/uploads\/2021\/03\/Nomis-logo-admin-login.png\",\"contentUrl\":\"https:\/\/nomis.hr\/wp-content\/uploads\/2021\/03\/Nomis-logo-admin-login.png\",\"width\":640,\"height\":163,\"caption\":\"Nomis\"},\"image\":{\"@id\":\"https:\/\/nomis.hr\/#\/schema\/logo\/image\/\"}}]}<\/script>\n<!-- \/ Yoast SEO plugin. -->","yoast_head_json":{"title":"Integrat vario gt - Nomis","robots":{"index":"index","follow":"follow","max-snippet":"max-snippet:-1","max-image-preview":"max-image-preview:large","max-video-preview":"max-video-preview:-1"},"canonical":"https:\/\/nomis.hr\/sr\/produkt\/integrat-vario-gt\/","og_locale":"sr_RS","og_type":"article","og_title":"Integrat vario gt - Nomis","og_description":"Dinami\u010dka kontrola temperature s CO2 nudi potpuno nove mogu\u0107nosti.  Ovaj novi i ekolo\u0161ki prihvatljiv postupak zaista pru\u017ea re\u0161enje za grejanje i hla\u0111enje slo\u017eenih i tankih zidova oblikovanih delova. Kori\u0161tenjem plinovitih medija za procese grejanja i hla\u0111enja, zaprljani rashladni kanali sada su stvar pro\u0161losti.  U osnovi je ta\u010dno da plinoviti mediji imaju nedostatak jer nisu dobri vodi\u010di topline. To se barem odnosi na vazduh koji se koristi samo za procese hla\u0111enja u posebnim okolnostima. Ali za razliku od toga, ako se mogu\u0107nosti CO2 pravilno iskoriste, on nudi zanimljivu alternativu konvencionalnoj kontroli temperature na vodu. Visoka entalpija isparavanja ubrizgane te\u010dnosti pra\u0107ena temperaturom od -76\u00b0C pru\u017ea izrazito u\u010dinkovit prenos toplote.  Hla\u0111enje s CO2 se uspe\u0161no primjenjuje ve\u0107 dugi niz godina. Ipak, novost je da je mogu\u0107e i grejanje na plinoviti CO2. U vario gt temperiralima CO2 se komprimira na odgovaraju\u0107i pritisak i zagreva blizu zida kalupa.  Za razliku od svih ostalih tehnika, ova metoda regulacije temperature ne postavlja nikakve zahteve za rashladni sistem, niti u pogledu temperature, pritiska, volumnog protoka ili kvalitete vode. Kontrola temperature bez vode vrlo je prikladna za primenu u uvetima proizvodnje u \u010distim sobama.  &nbsp;","og_url":"https:\/\/nomis.hr\/sr\/produkt\/integrat-vario-gt\/","og_site_name":"Nomis","twitter_card":"summary_large_image","schema":{"@context":"https:\/\/schema.org","@graph":[{"@type":"WebPage","@id":"https:\/\/nomis.hr\/sr\/produkt\/integrat-vario-gt\/","url":"https:\/\/nomis.hr\/sr\/produkt\/integrat-vario-gt\/","name":"Integrat vario gt - Nomis","isPartOf":{"@id":"https:\/\/nomis.hr\/#website"},"datePublished":"2022-05-05T10:16:19+00:00","dateModified":"2022-05-05T10:16:19+00:00","breadcrumb":{"@id":"https:\/\/nomis.hr\/sr\/produkt\/integrat-vario-gt\/#breadcrumb"},"inLanguage":"sr-RS","potentialAction":[{"@type":"ReadAction","target":["https:\/\/nomis.hr\/sr\/produkt\/integrat-vario-gt\/"]}]},{"@type":"BreadcrumbList","@id":"https:\/\/nomis.hr\/sr\/produkt\/integrat-vario-gt\/#breadcrumb","itemListElement":[{"@type":"ListItem","position":1,"name":"Home","item":"https:\/\/nomis.hr\/sr\/"},{"@type":"ListItem","position":2,"name":"Katalog proizvoda","item":"https:\/\/nomis.hr\/sr\/katalog-proizvoda\/"},{"@type":"ListItem","position":3,"name":"Integrat vario gt"}]},{"@type":"WebSite","@id":"https:\/\/nomis.hr\/#website","url":"https:\/\/nomis.hr\/","name":"Nomis","description":"Sve za preradu polimera i metala na jednom mjestu!","publisher":{"@id":"https:\/\/nomis.hr\/#organization"},"potentialAction":[{"@type":"SearchAction","target":{"@type":"EntryPoint","urlTemplate":"https:\/\/nomis.hr\/?s={search_term_string}"},"query-input":"required name=search_term_string"}],"inLanguage":"sr-RS"},{"@type":"Organization","@id":"https:\/\/nomis.hr\/#organization","name":"Nomis","url":"https:\/\/nomis.hr\/","logo":{"@type":"ImageObject","inLanguage":"sr-RS","@id":"https:\/\/nomis.hr\/#\/schema\/logo\/image\/","url":"https:\/\/nomis.hr\/wp-content\/uploads\/2021\/03\/Nomis-logo-admin-login.png","contentUrl":"https:\/\/nomis.hr\/wp-content\/uploads\/2021\/03\/Nomis-logo-admin-login.png","width":640,"height":163,"caption":"Nomis"},"image":{"@id":"https:\/\/nomis.hr\/#\/schema\/logo\/image\/"}}]}},"_links":{"self":[{"href":"https:\/\/nomis.hr\/sr\/wp-json\/wp\/v2\/product\/3767"}],"collection":[{"href":"https:\/\/nomis.hr\/sr\/wp-json\/wp\/v2\/product"}],"about":[{"href":"https:\/\/nomis.hr\/sr\/wp-json\/wp\/v2\/types\/product"}],"wp:featuredmedia":[{"embeddable":true,"href":"https:\/\/nomis.hr\/sr\/wp-json\/wp\/v2\/media\/1830"}],"wp:attachment":[{"href":"https:\/\/nomis.hr\/sr\/wp-json\/wp\/v2\/media?parent=3767"}],"wp:term":[{"taxonomy":"product_cat","embeddable":true,"href":"https:\/\/nomis.hr\/sr\/wp-json\/wp\/v2\/product_cat?post=3767"},{"taxonomy":"product_tag","embeddable":true,"href":"https:\/\/nomis.hr\/sr\/wp-json\/wp\/v2\/product_tag?post=3767"}],"curies":[{"name":"wp","href":"https:\/\/api.w.org\/{rel}","templated":true}]}}