{"id":3771,"date":"2022-05-05T12:17:50","date_gmt":"2022-05-05T10:17:50","guid":{"rendered":"https:\/\/nomis.hr\/product\/moldclean\/"},"modified":"2022-05-05T12:17:50","modified_gmt":"2022-05-05T10:17:50","slug":"moldclean","status":"publish","type":"product","link":"https:\/\/nomis.hr\/sr\/produkt\/moldclean\/","title":{"rendered":"Moldclean"},"content":{"rendered":"","protected":false},"excerpt":{"rendered":"<p>\u010ci\u0161\u0107enja i za\u0161tita kanala za temperiranje kalupa.<\/p>\n<p>Serija ure\u0111aja Moldclean razvijena je za \u010di\u0161\u0107enje za\u010depljenih kanala za tempe\u00adriranje kalupa za injekcijsko brizganje i sistema izmjenjiva\u010da topline. Kontrola ph-vrednosti i merenje protoka ukazuju na napredak procesa \u010di\u0161\u0107enja.<\/p>\n<p>Minerali koji se otapaju u cirkuliraju\u0107oj vodi odvajaju se i o\u010dvr\u0161\u0107uju na povr\u0161inama s izmenom topline, pri \u010demu ometaju prenos topline, stvaraju vru\u0107a mesta i produ\u017euju vremena ci\u00adklusa injekcijskog brizganja. Pri tome se osloba\u0111aju kiseonik i uglji\u010dna kiselina koji dovode do korozije, koja dodatno uzrokuju zastoje u proizvodnji. Dodatno odr\u017eavanje, nestabilan proces i zastoji u proizvodnji uzrokuju velike tro\u0161kove, \u0161to je mogu\u0107e spre\u010diti samo uz odr\u017eavanje povr\u0161ina kanala za temperiranje \u010distima. Zavisno od nivoa kontaminacije, \u010di\u0161\u0107enje kanala za temperiranje rezultuje skra\u0107ivanjem vremena hla\u0111enja odlivka do 40 % pa i vi\u0161e.<\/p>\n<p>Glavne karakteristike:<\/p>\n<ul>\n<li>\u010ci\u0161\u0107enje (sredstvo za \u010di\u0161\u0107enje + impulsi komprimiranog vazduha)<\/li>\n<li>Merenje protoka<\/li>\n<li>Pra\u0107enje pH vrednosti<\/li>\n<li>Neutralizacija<\/li>\n<li>Ponovno uspostavljanje kvaliteta profilisanih delova<\/li>\n<\/ul>\n<p>&nbsp;<\/p>\n[fusion_button link=\"https:\/\/nomis.hr\/wp-content\/uploads\/2022\/05\/moldclean-technical.pdf\" title=\"\" target=\"_blank\" link_attributes=\"\" alignment_medium=\"\" alignment_small=\"\" alignment=\"\" modal=\"\" hide_on_mobile=\"small-visibility,medium-visibility,large-visibility\" sticky_display=\"normal,sticky\" class=\"\" id=\"\" color=\"default\" button_gradient_top_color=\"\" hue=\"\" saturation=\"\" lightness=\"\" alpha=\"\" button_gradient_bottom_color=\"\" button_gradient_top_color_hover=\"\" button_gradient_bottom_color_hover=\"\" gradient_start_position=\"\" gradient_end_position=\"\" gradient_type=\"\" radial_direction=\"\" linear_angle=\"180\" accent_color=\"\" accent_hover_color=\"\" type=\"\" bevel_color=\"\" bevel_color_hover=\"\" border_top=\"\" border_right=\"\" border_bottom=\"\" border_left=\"\" border_radius_top_left=\"\" border_radius_top_right=\"\" border_radius_bottom_right=\"\" border_radius_bottom_left=\"\" border_color=\"\" border_hover_color=\"\" size=\"\" padding_top=\"\" padding_right=\"\" padding_bottom=\"\" padding_left=\"\" fusion_font_family_button_font=\"\" fusion_font_variant_button_font=\"\" font_size=\"\" line_height=\"\" letter_spacing=\"\" text_transform=\"\" stretch=\"default\" margin_top=\"\" margin_right=\"\" margin_bottom=\"\" margin_left=\"\" icon=\"fa-file-pdf fas\" icon_position=\"left\" icon_divider=\"no\" animation_type=\"\" animation_direction=\"left\" animation_speed=\"0.3\" animation_offset=\"\"]Tehni\u010dki dokument[\/fusion_button]\n","protected":false},"featured_media":1834,"template":"","meta":[],"product_brand":[],"product_cat":[204,218,205],"product_tag":[],"class_list":{"0":"post-3771","1":"product","2":"type-product","3":"status-publish","4":"has-post-thumbnail","6":"product_cat-oprema-sr","7":"product_cat-sistemi-tretiranja-vode-i-ciscenje-kalupa","8":"product_cat-technotrans-sr","10":"first","11":"instock","12":"shipping-taxable","13":"product-type-simple"},"yoast_head":"<!-- This site is optimized with the Yoast SEO plugin v27.4 - https:\/\/yoast.com\/product\/yoast-seo-wordpress\/ -->\n<title>Moldclean - Nomis<\/title>\n<meta name=\"robots\" content=\"index, follow, max-snippet:-1, max-image-preview:large, max-video-preview:-1\" \/>\n<link rel=\"canonical\" href=\"https:\/\/nomis.hr\/sr\/produkt\/moldclean\/\" \/>\n<meta property=\"og:locale\" content=\"sr_RS\" \/>\n<meta property=\"og:type\" content=\"article\" \/>\n<meta property=\"og:title\" content=\"Moldclean - Nomis\" \/>\n<meta property=\"og:description\" content=\"\u010ci\u0161\u0107enja i za\u0161tita kanala za temperiranje kalupa.  Serija ure\u0111aja Moldclean razvijena je za \u010di\u0161\u0107enje za\u010depljenih kanala za tempe\u00adriranje kalupa za injekcijsko brizganje i sistema izmjenjiva\u010da topline. Kontrola ph-vrednosti i merenje protoka ukazuju na napredak procesa \u010di\u0161\u0107enja.  Minerali koji se otapaju u cirkuliraju\u0107oj vodi odvajaju se i o\u010dvr\u0161\u0107uju na povr\u0161inama s izmenom topline, pri \u010demu ometaju prenos topline, stvaraju vru\u0107a mesta i produ\u017euju vremena ci\u00adklusa injekcijskog brizganja. Pri tome se osloba\u0111aju kiseonik i uglji\u010dna kiselina koji dovode do korozije, koja dodatno uzrokuju zastoje u proizvodnji. Dodatno odr\u017eavanje, nestabilan proces i zastoji u proizvodnji uzrokuju velike tro\u0161kove, \u0161to je mogu\u0107e spre\u010diti samo uz odr\u017eavanje povr\u0161ina kanala za temperiranje \u010distima. Zavisno od nivoa kontaminacije, \u010di\u0161\u0107enje kanala za temperiranje rezultuje skra\u0107ivanjem vremena hla\u0111enja odlivka do 40 % pa i vi\u0161e.  Glavne karakteristike:   \u010ci\u0161\u0107enje (sredstvo za \u010di\u0161\u0107enje + impulsi komprimiranog vazduha)  Merenje protoka  Pra\u0107enje pH vrednosti  Neutralizacija  Ponovno uspostavljanje kvaliteta profilisanih delova  &nbsp;\" \/>\n<meta property=\"og:url\" content=\"https:\/\/nomis.hr\/sr\/produkt\/moldclean\/\" \/>\n<meta property=\"og:site_name\" content=\"Nomis\" \/>\n<meta name=\"twitter:card\" content=\"summary_large_image\" \/>\n<script type=\"application\/ld+json\" class=\"yoast-schema-graph\">{\"@context\":\"https:\\\/\\\/schema.org\",\"@graph\":[{\"@type\":\"WebPage\",\"@id\":\"https:\\\/\\\/nomis.hr\\\/sr\\\/produkt\\\/moldclean\\\/\",\"url\":\"https:\\\/\\\/nomis.hr\\\/sr\\\/produkt\\\/moldclean\\\/\",\"name\":\"Moldclean - Nomis\",\"isPartOf\":{\"@id\":\"https:\\\/\\\/nomis.hr\\\/#website\"},\"primaryImageOfPage\":{\"@id\":\"https:\\\/\\\/nomis.hr\\\/sr\\\/produkt\\\/moldclean\\\/#primaryimage\"},\"image\":{\"@id\":\"https:\\\/\\\/nomis.hr\\\/sr\\\/produkt\\\/moldclean\\\/#primaryimage\"},\"thumbnailUrl\":\"https:\\\/\\\/nomis.hr\\\/wp-content\\\/uploads\\\/2022\\\/05\\\/moldclean.jpg\",\"datePublished\":\"2022-05-05T10:17:50+00:00\",\"breadcrumb\":{\"@id\":\"https:\\\/\\\/nomis.hr\\\/sr\\\/produkt\\\/moldclean\\\/#breadcrumb\"},\"inLanguage\":\"sr-RS\",\"potentialAction\":[{\"@type\":\"ReadAction\",\"target\":[\"https:\\\/\\\/nomis.hr\\\/sr\\\/produkt\\\/moldclean\\\/\"]}]},{\"@type\":\"ImageObject\",\"inLanguage\":\"sr-RS\",\"@id\":\"https:\\\/\\\/nomis.hr\\\/sr\\\/produkt\\\/moldclean\\\/#primaryimage\",\"url\":\"https:\\\/\\\/nomis.hr\\\/wp-content\\\/uploads\\\/2022\\\/05\\\/moldclean.jpg\",\"contentUrl\":\"https:\\\/\\\/nomis.hr\\\/wp-content\\\/uploads\\\/2022\\\/05\\\/moldclean.jpg\",\"width\":1024,\"height\":1024},{\"@type\":\"BreadcrumbList\",\"@id\":\"https:\\\/\\\/nomis.hr\\\/sr\\\/produkt\\\/moldclean\\\/#breadcrumb\",\"itemListElement\":[{\"@type\":\"ListItem\",\"position\":1,\"name\":\"Home\",\"item\":\"https:\\\/\\\/nomis.hr\\\/sr\\\/\"},{\"@type\":\"ListItem\",\"position\":2,\"name\":\"Katalog proizvoda\",\"item\":\"https:\\\/\\\/nomis.hr\\\/sr\\\/katalog-proizvoda\\\/\"},{\"@type\":\"ListItem\",\"position\":3,\"name\":\"Moldclean\"}]},{\"@type\":\"WebSite\",\"@id\":\"https:\\\/\\\/nomis.hr\\\/#website\",\"url\":\"https:\\\/\\\/nomis.hr\\\/\",\"name\":\"Nomis\",\"description\":\"Sve za preradu polimera i metala na jednom mjestu!\",\"publisher\":{\"@id\":\"https:\\\/\\\/nomis.hr\\\/#organization\"},\"potentialAction\":[{\"@type\":\"SearchAction\",\"target\":{\"@type\":\"EntryPoint\",\"urlTemplate\":\"https:\\\/\\\/nomis.hr\\\/?s={search_term_string}\"},\"query-input\":{\"@type\":\"PropertyValueSpecification\",\"valueRequired\":true,\"valueName\":\"search_term_string\"}}],\"inLanguage\":\"sr-RS\"},{\"@type\":\"Organization\",\"@id\":\"https:\\\/\\\/nomis.hr\\\/#organization\",\"name\":\"Nomis\",\"url\":\"https:\\\/\\\/nomis.hr\\\/\",\"logo\":{\"@type\":\"ImageObject\",\"inLanguage\":\"sr-RS\",\"@id\":\"https:\\\/\\\/nomis.hr\\\/#\\\/schema\\\/logo\\\/image\\\/\",\"url\":\"https:\\\/\\\/nomis.hr\\\/wp-content\\\/uploads\\\/2021\\\/03\\\/Nomis-logo-admin-login.png\",\"contentUrl\":\"https:\\\/\\\/nomis.hr\\\/wp-content\\\/uploads\\\/2021\\\/03\\\/Nomis-logo-admin-login.png\",\"width\":640,\"height\":163,\"caption\":\"Nomis\"},\"image\":{\"@id\":\"https:\\\/\\\/nomis.hr\\\/#\\\/schema\\\/logo\\\/image\\\/\"}}]}<\/script>\n<!-- \/ Yoast SEO plugin. -->","yoast_head_json":{"title":"Moldclean - Nomis","robots":{"index":"index","follow":"follow","max-snippet":"max-snippet:-1","max-image-preview":"max-image-preview:large","max-video-preview":"max-video-preview:-1"},"canonical":"https:\/\/nomis.hr\/sr\/produkt\/moldclean\/","og_locale":"sr_RS","og_type":"article","og_title":"Moldclean - Nomis","og_description":"\u010ci\u0161\u0107enja i za\u0161tita kanala za temperiranje kalupa.  Serija ure\u0111aja Moldclean razvijena je za \u010di\u0161\u0107enje za\u010depljenih kanala za tempe\u00adriranje kalupa za injekcijsko brizganje i sistema izmjenjiva\u010da topline. Kontrola ph-vrednosti i merenje protoka ukazuju na napredak procesa \u010di\u0161\u0107enja.  Minerali koji se otapaju u cirkuliraju\u0107oj vodi odvajaju se i o\u010dvr\u0161\u0107uju na povr\u0161inama s izmenom topline, pri \u010demu ometaju prenos topline, stvaraju vru\u0107a mesta i produ\u017euju vremena ci\u00adklusa injekcijskog brizganja. Pri tome se osloba\u0111aju kiseonik i uglji\u010dna kiselina koji dovode do korozije, koja dodatno uzrokuju zastoje u proizvodnji. Dodatno odr\u017eavanje, nestabilan proces i zastoji u proizvodnji uzrokuju velike tro\u0161kove, \u0161to je mogu\u0107e spre\u010diti samo uz odr\u017eavanje povr\u0161ina kanala za temperiranje \u010distima. Zavisno od nivoa kontaminacije, \u010di\u0161\u0107enje kanala za temperiranje rezultuje skra\u0107ivanjem vremena hla\u0111enja odlivka do 40 % pa i vi\u0161e.  Glavne karakteristike:   \u010ci\u0161\u0107enje (sredstvo za \u010di\u0161\u0107enje + impulsi komprimiranog vazduha)  Merenje protoka  Pra\u0107enje pH vrednosti  Neutralizacija  Ponovno uspostavljanje kvaliteta profilisanih delova  &nbsp;","og_url":"https:\/\/nomis.hr\/sr\/produkt\/moldclean\/","og_site_name":"Nomis","twitter_card":"summary_large_image","schema":{"@context":"https:\/\/schema.org","@graph":[{"@type":"WebPage","@id":"https:\/\/nomis.hr\/sr\/produkt\/moldclean\/","url":"https:\/\/nomis.hr\/sr\/produkt\/moldclean\/","name":"Moldclean - Nomis","isPartOf":{"@id":"https:\/\/nomis.hr\/#website"},"primaryImageOfPage":{"@id":"https:\/\/nomis.hr\/sr\/produkt\/moldclean\/#primaryimage"},"image":{"@id":"https:\/\/nomis.hr\/sr\/produkt\/moldclean\/#primaryimage"},"thumbnailUrl":"https:\/\/nomis.hr\/wp-content\/uploads\/2022\/05\/moldclean.jpg","datePublished":"2022-05-05T10:17:50+00:00","breadcrumb":{"@id":"https:\/\/nomis.hr\/sr\/produkt\/moldclean\/#breadcrumb"},"inLanguage":"sr-RS","potentialAction":[{"@type":"ReadAction","target":["https:\/\/nomis.hr\/sr\/produkt\/moldclean\/"]}]},{"@type":"ImageObject","inLanguage":"sr-RS","@id":"https:\/\/nomis.hr\/sr\/produkt\/moldclean\/#primaryimage","url":"https:\/\/nomis.hr\/wp-content\/uploads\/2022\/05\/moldclean.jpg","contentUrl":"https:\/\/nomis.hr\/wp-content\/uploads\/2022\/05\/moldclean.jpg","width":1024,"height":1024},{"@type":"BreadcrumbList","@id":"https:\/\/nomis.hr\/sr\/produkt\/moldclean\/#breadcrumb","itemListElement":[{"@type":"ListItem","position":1,"name":"Home","item":"https:\/\/nomis.hr\/sr\/"},{"@type":"ListItem","position":2,"name":"Katalog proizvoda","item":"https:\/\/nomis.hr\/sr\/katalog-proizvoda\/"},{"@type":"ListItem","position":3,"name":"Moldclean"}]},{"@type":"WebSite","@id":"https:\/\/nomis.hr\/#website","url":"https:\/\/nomis.hr\/","name":"Nomis","description":"Sve za preradu polimera i metala na jednom mjestu!","publisher":{"@id":"https:\/\/nomis.hr\/#organization"},"potentialAction":[{"@type":"SearchAction","target":{"@type":"EntryPoint","urlTemplate":"https:\/\/nomis.hr\/?s={search_term_string}"},"query-input":{"@type":"PropertyValueSpecification","valueRequired":true,"valueName":"search_term_string"}}],"inLanguage":"sr-RS"},{"@type":"Organization","@id":"https:\/\/nomis.hr\/#organization","name":"Nomis","url":"https:\/\/nomis.hr\/","logo":{"@type":"ImageObject","inLanguage":"sr-RS","@id":"https:\/\/nomis.hr\/#\/schema\/logo\/image\/","url":"https:\/\/nomis.hr\/wp-content\/uploads\/2021\/03\/Nomis-logo-admin-login.png","contentUrl":"https:\/\/nomis.hr\/wp-content\/uploads\/2021\/03\/Nomis-logo-admin-login.png","width":640,"height":163,"caption":"Nomis"},"image":{"@id":"https:\/\/nomis.hr\/#\/schema\/logo\/image\/"}}]}},"_links":{"self":[{"href":"https:\/\/nomis.hr\/sr\/wp-json\/wp\/v2\/product\/3771","targetHints":{"allow":["GET"]}}],"collection":[{"href":"https:\/\/nomis.hr\/sr\/wp-json\/wp\/v2\/product"}],"about":[{"href":"https:\/\/nomis.hr\/sr\/wp-json\/wp\/v2\/types\/product"}],"wp:featuredmedia":[{"embeddable":true,"href":"https:\/\/nomis.hr\/sr\/wp-json\/wp\/v2\/media\/1834"}],"wp:attachment":[{"href":"https:\/\/nomis.hr\/sr\/wp-json\/wp\/v2\/media?parent=3771"}],"wp:term":[{"taxonomy":"product_brand","embeddable":true,"href":"https:\/\/nomis.hr\/sr\/wp-json\/wp\/v2\/product_brand?post=3771"},{"taxonomy":"product_cat","embeddable":true,"href":"https:\/\/nomis.hr\/sr\/wp-json\/wp\/v2\/product_cat?post=3771"},{"taxonomy":"product_tag","embeddable":true,"href":"https:\/\/nomis.hr\/sr\/wp-json\/wp\/v2\/product_tag?post=3771"}],"curies":[{"name":"wp","href":"https:\/\/api.w.org\/{rel}","templated":true}]}}