{"id":3775,"date":"2022-05-05T12:19:08","date_gmt":"2022-05-05T10:19:08","guid":{"rendered":"https:\/\/nomis.hr\/product\/waterclean\/"},"modified":"2022-10-13T16:05:21","modified_gmt":"2022-10-13T14:05:21","slug":"waterclean","status":"publish","type":"product","link":"https:\/\/nomis.hr\/sr\/produkt\/waterclean\/","title":{"rendered":"Waterclean"},"content":{"rendered":"","protected":false},"excerpt":{"rendered":"<p>Sistemi filtera.<\/p>\n<p>SPS-kontrolisani automatski korpasti filter s dvostrukim cedilom DN 40 je dizajniran za upotrebu u dopremi rashladnom vodom ili povratu cirkulacijskog medija. Zbog svog kompaktnog dizajna napravljen je da garantuje radnu sigurnu vodu u procesima injekcijskog brizganja.<\/p>\n<p>Raspon razli\u010ditih veli\u010dina filterskih mre\u017ea (standardnih 200 \u00b5m) osigurava visok kvalitet \u010diste procesne vode. R\u0111a i druge naslage skupljaju se u velikom korpastom filteru. Sna\u017ean magnet u umetku korpe zadr\u017eava najfinije \u010destice gvo\u017e\u0111a.<\/p>\n<p>Ono \u0161to je specifi\u010dno za waterclean sistem je to da je jedno od dva ku\u0107i\u0161ta filtra uvek u funkciji, a drugo o\u010di\u0161\u0107eno ku\u0107i\u0161te filtera spremno je za kori\u0161tenje u stanju pripravnosti. Na taj na\u010din mogu\u0107e je o\u010distiti zaga\u0111eni ulo\u017eak cedila dok sistem radi. Prebacivanje na o\u010di\u0161\u0107eno ku\u0107i\u0161te filtera vr\u0161i se automatski.<\/p>\n<p>&nbsp;<\/p>\n[fusion_button link=\"https:\/\/nomis.hr\/wp-content\/uploads\/2022\/05\/Waterclean-technical-pdf..pdf\" title=\"\" target=\"_blank\" link_attributes=\"\" alignment_medium=\"\" alignment_small=\"\" alignment=\"\" modal=\"\" hide_on_mobile=\"small-visibility,medium-visibility,large-visibility\" sticky_display=\"normal,sticky\" class=\"\" id=\"\" color=\"default\" button_gradient_top_color=\"\" hue=\"\" saturation=\"\" lightness=\"\" alpha=\"\" button_gradient_bottom_color=\"\" button_gradient_top_color_hover=\"\" button_gradient_bottom_color_hover=\"\" gradient_start_position=\"\" gradient_end_position=\"\" gradient_type=\"\" radial_direction=\"\" linear_angle=\"180\" accent_color=\"\" accent_hover_color=\"\" type=\"\" bevel_color=\"\" bevel_color_hover=\"\" border_top=\"\" border_right=\"\" border_bottom=\"\" border_left=\"\" border_radius_top_left=\"\" border_radius_top_right=\"\" border_radius_bottom_right=\"\" border_radius_bottom_left=\"\" border_color=\"\" border_hover_color=\"\" size=\"\" padding_top=\"\" padding_right=\"\" padding_bottom=\"\" padding_left=\"\" fusion_font_family_button_font=\"\" fusion_font_variant_button_font=\"\" font_size=\"\" line_height=\"\" letter_spacing=\"\" text_transform=\"\" stretch=\"default\" margin_top=\"\" margin_right=\"\" margin_bottom=\"\" margin_left=\"\" icon=\"fa-file-pdf fas\" icon_position=\"left\" icon_divider=\"no\" animation_type=\"\" animation_direction=\"left\" animation_speed=\"0.3\" animation_offset=\"\"]Tehni\u010dki dokument[\/fusion_button]\n","protected":false},"featured_media":1838,"template":"","meta":[],"product_cat":[204,205,218],"product_tag":[],"yoast_head":"<!-- This site is optimized with the Yoast SEO plugin v21.3 - https:\/\/yoast.com\/wordpress\/plugins\/seo\/ -->\n<title>Waterclean - Nomis<\/title>\n<meta name=\"robots\" content=\"index, follow, max-snippet:-1, max-image-preview:large, max-video-preview:-1\" \/>\n<link rel=\"canonical\" href=\"https:\/\/nomis.hr\/sr\/produkt\/waterclean\/\" \/>\n<meta property=\"og:locale\" content=\"sr_RS\" \/>\n<meta property=\"og:type\" content=\"article\" \/>\n<meta property=\"og:title\" content=\"Waterclean - Nomis\" \/>\n<meta property=\"og:description\" content=\"Sistemi filtera.  SPS-kontrolisani automatski korpasti filter s dvostrukim cedilom DN 40 je dizajniran za upotrebu u dopremi rashladnom vodom ili povratu cirkulacijskog medija. Zbog svog kompaktnog dizajna napravljen je da garantuje radnu sigurnu vodu u procesima injekcijskog brizganja.  Raspon razli\u010ditih veli\u010dina filterskih mre\u017ea (standardnih 200 \u00b5m) osigurava visok kvalitet \u010diste procesne vode. R\u0111a i druge naslage skupljaju se u velikom korpastom filteru. Sna\u017ean magnet u umetku korpe zadr\u017eava najfinije \u010destice gvo\u017e\u0111a.  Ono \u0161to je specifi\u010dno za waterclean sistem je to da je jedno od dva ku\u0107i\u0161ta filtra uvek u funkciji, a drugo o\u010di\u0161\u0107eno ku\u0107i\u0161te filtera spremno je za kori\u0161tenje u stanju pripravnosti. Na taj na\u010din mogu\u0107e je o\u010distiti zaga\u0111eni ulo\u017eak cedila dok sistem radi. Prebacivanje na o\u010di\u0161\u0107eno ku\u0107i\u0161te filtera vr\u0161i se automatski.  &nbsp;\" \/>\n<meta property=\"og:url\" content=\"https:\/\/nomis.hr\/sr\/produkt\/waterclean\/\" \/>\n<meta property=\"og:site_name\" content=\"Nomis\" \/>\n<meta property=\"article:modified_time\" content=\"2022-10-13T14:05:21+00:00\" \/>\n<meta name=\"twitter:card\" content=\"summary_large_image\" \/>\n<script type=\"application\/ld+json\" class=\"yoast-schema-graph\">{\"@context\":\"https:\/\/schema.org\",\"@graph\":[{\"@type\":\"WebPage\",\"@id\":\"https:\/\/nomis.hr\/sr\/produkt\/waterclean\/\",\"url\":\"https:\/\/nomis.hr\/sr\/produkt\/waterclean\/\",\"name\":\"Waterclean - Nomis\",\"isPartOf\":{\"@id\":\"https:\/\/nomis.hr\/#website\"},\"datePublished\":\"2022-05-05T10:19:08+00:00\",\"dateModified\":\"2022-10-13T14:05:21+00:00\",\"breadcrumb\":{\"@id\":\"https:\/\/nomis.hr\/sr\/produkt\/waterclean\/#breadcrumb\"},\"inLanguage\":\"sr-RS\",\"potentialAction\":[{\"@type\":\"ReadAction\",\"target\":[\"https:\/\/nomis.hr\/sr\/produkt\/waterclean\/\"]}]},{\"@type\":\"BreadcrumbList\",\"@id\":\"https:\/\/nomis.hr\/sr\/produkt\/waterclean\/#breadcrumb\",\"itemListElement\":[{\"@type\":\"ListItem\",\"position\":1,\"name\":\"Home\",\"item\":\"https:\/\/nomis.hr\/sr\/\"},{\"@type\":\"ListItem\",\"position\":2,\"name\":\"Katalog proizvoda\",\"item\":\"https:\/\/nomis.hr\/sr\/katalog-proizvoda\/\"},{\"@type\":\"ListItem\",\"position\":3,\"name\":\"Waterclean\"}]},{\"@type\":\"WebSite\",\"@id\":\"https:\/\/nomis.hr\/#website\",\"url\":\"https:\/\/nomis.hr\/\",\"name\":\"Nomis\",\"description\":\"Sve za preradu polimera i metala na jednom mjestu!\",\"publisher\":{\"@id\":\"https:\/\/nomis.hr\/#organization\"},\"potentialAction\":[{\"@type\":\"SearchAction\",\"target\":{\"@type\":\"EntryPoint\",\"urlTemplate\":\"https:\/\/nomis.hr\/?s={search_term_string}\"},\"query-input\":\"required name=search_term_string\"}],\"inLanguage\":\"sr-RS\"},{\"@type\":\"Organization\",\"@id\":\"https:\/\/nomis.hr\/#organization\",\"name\":\"Nomis\",\"url\":\"https:\/\/nomis.hr\/\",\"logo\":{\"@type\":\"ImageObject\",\"inLanguage\":\"sr-RS\",\"@id\":\"https:\/\/nomis.hr\/#\/schema\/logo\/image\/\",\"url\":\"https:\/\/nomis.hr\/wp-content\/uploads\/2021\/03\/Nomis-logo-admin-login.png\",\"contentUrl\":\"https:\/\/nomis.hr\/wp-content\/uploads\/2021\/03\/Nomis-logo-admin-login.png\",\"width\":640,\"height\":163,\"caption\":\"Nomis\"},\"image\":{\"@id\":\"https:\/\/nomis.hr\/#\/schema\/logo\/image\/\"}}]}<\/script>\n<!-- \/ Yoast SEO plugin. -->","yoast_head_json":{"title":"Waterclean - Nomis","robots":{"index":"index","follow":"follow","max-snippet":"max-snippet:-1","max-image-preview":"max-image-preview:large","max-video-preview":"max-video-preview:-1"},"canonical":"https:\/\/nomis.hr\/sr\/produkt\/waterclean\/","og_locale":"sr_RS","og_type":"article","og_title":"Waterclean - Nomis","og_description":"Sistemi filtera.  SPS-kontrolisani automatski korpasti filter s dvostrukim cedilom DN 40 je dizajniran za upotrebu u dopremi rashladnom vodom ili povratu cirkulacijskog medija. Zbog svog kompaktnog dizajna napravljen je da garantuje radnu sigurnu vodu u procesima injekcijskog brizganja.  Raspon razli\u010ditih veli\u010dina filterskih mre\u017ea (standardnih 200 \u00b5m) osigurava visok kvalitet \u010diste procesne vode. R\u0111a i druge naslage skupljaju se u velikom korpastom filteru. Sna\u017ean magnet u umetku korpe zadr\u017eava najfinije \u010destice gvo\u017e\u0111a.  Ono \u0161to je specifi\u010dno za waterclean sistem je to da je jedno od dva ku\u0107i\u0161ta filtra uvek u funkciji, a drugo o\u010di\u0161\u0107eno ku\u0107i\u0161te filtera spremno je za kori\u0161tenje u stanju pripravnosti. Na taj na\u010din mogu\u0107e je o\u010distiti zaga\u0111eni ulo\u017eak cedila dok sistem radi. Prebacivanje na o\u010di\u0161\u0107eno ku\u0107i\u0161te filtera vr\u0161i se automatski.  &nbsp;","og_url":"https:\/\/nomis.hr\/sr\/produkt\/waterclean\/","og_site_name":"Nomis","article_modified_time":"2022-10-13T14:05:21+00:00","twitter_card":"summary_large_image","schema":{"@context":"https:\/\/schema.org","@graph":[{"@type":"WebPage","@id":"https:\/\/nomis.hr\/sr\/produkt\/waterclean\/","url":"https:\/\/nomis.hr\/sr\/produkt\/waterclean\/","name":"Waterclean - Nomis","isPartOf":{"@id":"https:\/\/nomis.hr\/#website"},"datePublished":"2022-05-05T10:19:08+00:00","dateModified":"2022-10-13T14:05:21+00:00","breadcrumb":{"@id":"https:\/\/nomis.hr\/sr\/produkt\/waterclean\/#breadcrumb"},"inLanguage":"sr-RS","potentialAction":[{"@type":"ReadAction","target":["https:\/\/nomis.hr\/sr\/produkt\/waterclean\/"]}]},{"@type":"BreadcrumbList","@id":"https:\/\/nomis.hr\/sr\/produkt\/waterclean\/#breadcrumb","itemListElement":[{"@type":"ListItem","position":1,"name":"Home","item":"https:\/\/nomis.hr\/sr\/"},{"@type":"ListItem","position":2,"name":"Katalog proizvoda","item":"https:\/\/nomis.hr\/sr\/katalog-proizvoda\/"},{"@type":"ListItem","position":3,"name":"Waterclean"}]},{"@type":"WebSite","@id":"https:\/\/nomis.hr\/#website","url":"https:\/\/nomis.hr\/","name":"Nomis","description":"Sve za preradu polimera i metala na jednom mjestu!","publisher":{"@id":"https:\/\/nomis.hr\/#organization"},"potentialAction":[{"@type":"SearchAction","target":{"@type":"EntryPoint","urlTemplate":"https:\/\/nomis.hr\/?s={search_term_string}"},"query-input":"required name=search_term_string"}],"inLanguage":"sr-RS"},{"@type":"Organization","@id":"https:\/\/nomis.hr\/#organization","name":"Nomis","url":"https:\/\/nomis.hr\/","logo":{"@type":"ImageObject","inLanguage":"sr-RS","@id":"https:\/\/nomis.hr\/#\/schema\/logo\/image\/","url":"https:\/\/nomis.hr\/wp-content\/uploads\/2021\/03\/Nomis-logo-admin-login.png","contentUrl":"https:\/\/nomis.hr\/wp-content\/uploads\/2021\/03\/Nomis-logo-admin-login.png","width":640,"height":163,"caption":"Nomis"},"image":{"@id":"https:\/\/nomis.hr\/#\/schema\/logo\/image\/"}}]}},"_links":{"self":[{"href":"https:\/\/nomis.hr\/sr\/wp-json\/wp\/v2\/product\/3775"}],"collection":[{"href":"https:\/\/nomis.hr\/sr\/wp-json\/wp\/v2\/product"}],"about":[{"href":"https:\/\/nomis.hr\/sr\/wp-json\/wp\/v2\/types\/product"}],"wp:featuredmedia":[{"embeddable":true,"href":"https:\/\/nomis.hr\/sr\/wp-json\/wp\/v2\/media\/1838"}],"wp:attachment":[{"href":"https:\/\/nomis.hr\/sr\/wp-json\/wp\/v2\/media?parent=3775"}],"wp:term":[{"taxonomy":"product_cat","embeddable":true,"href":"https:\/\/nomis.hr\/sr\/wp-json\/wp\/v2\/product_cat?post=3775"},{"taxonomy":"product_tag","embeddable":true,"href":"https:\/\/nomis.hr\/sr\/wp-json\/wp\/v2\/product_tag?post=3775"}],"curies":[{"name":"wp","href":"https:\/\/api.w.org\/{rel}","templated":true}]}}