{"id":3782,"date":"2022-05-05T11:52:22","date_gmt":"2022-05-05T09:52:22","guid":{"rendered":"https:\/\/nomis.hr\/product\/teco-cs\/"},"modified":"2022-05-05T11:52:22","modified_gmt":"2022-05-05T09:52:22","slug":"teco-cs","status":"publish","type":"product","link":"https:\/\/nomis.hr\/sr\/produkt\/teco-cs\/","title":{"rendered":"Teco cs"},"content":{"rendered":"","protected":false},"excerpt":{"rendered":"<p>Temperatori na vodu do 225\u00b0C. Sve standardne jedinice opremljene su energetski u\u010dinkovitom konstantnom kontrolom grejanja. Zavisno verziji proizvoda, standardno je ili je dostupno kao opcija merenje i kontrola protoka, \u010dija se stvarna vrednost prikazuje istovremeno sa stvarnim i nominalnim vrednostima na ekranu u boji. Temperatura je grafi\u010dki prikazana nakon odabira odgovaraju\u0107e funkcije izbornika. Jednostavnim dodirom simbola na po\u010detnoj stranici mogu se odabrati korisne funkcije.<\/p>\n<p>Glavne karakteristike:<\/p>\n<ul>\n<li>Samo-optimizuju\u0107i Logotherm mikro-kontroler s visokom precizno\u0161\u0107u upravljanja (verzija t)<\/li>\n<li>Ekran osetljiv na dodir za prijavu, kontrolu i pra\u0107enje parametara procesa (verzija t)<\/li>\n<li>Intuitivno operativni interfejs s navigacijskim menijem prilago\u0111enom korisniku (verzija t)<\/li>\n<li>Merenje, indikacija i pra\u0107enje protoka (verzija t)<\/li>\n<li>Integrisane informacije o radu i servisu (verzija t)<\/li>\n<li>Pohranjivanje i opoziv parametara procesa s memorijskom karticom (verzija t)<\/li>\n<li>Indikacija temperature povrata (verzija t)<\/li>\n<li>Kontinuirano pra\u0107enje parametara procesa (verzija t)<\/li>\n<li>Elektronika otporna na prskanje<\/li>\n<li>Spreman za spajanje s 3 m dugim mre\u017enim kabelom i CEE uti\u010dnicom<\/li>\n<\/ul>\n<p>&nbsp;<\/p>\n[fusion_button link=\"https:\/\/nomis.hr\/wp-content\/uploads\/2022\/05\/teco-cs-technotrans-solutions-GmbH-formerly-gwk-Gesellschaft-Warme-Kaltetechnik-mbH.pdf\" title=\"\" target=\"_blank\" link_attributes=\"\" alignment_medium=\"\" alignment_small=\"\" alignment=\"\" modal=\"\" hide_on_mobile=\"small-visibility,medium-visibility,large-visibility\" sticky_display=\"normal,sticky\" class=\"\" id=\"\" color=\"default\" button_gradient_top_color=\"\" hue=\"\" saturation=\"\" lightness=\"\" alpha=\"\" button_gradient_bottom_color=\"\" button_gradient_top_color_hover=\"\" button_gradient_bottom_color_hover=\"\" gradient_start_position=\"\" gradient_end_position=\"\" gradient_type=\"\" radial_direction=\"\" linear_angle=\"180\" accent_color=\"\" accent_hover_color=\"\" type=\"\" bevel_color=\"\" bevel_color_hover=\"\" border_top=\"\" border_right=\"\" border_bottom=\"\" border_left=\"\" border_radius_top_left=\"\" border_radius_top_right=\"\" border_radius_bottom_right=\"\" border_radius_bottom_left=\"\" border_color=\"\" border_hover_color=\"\" size=\"\" padding_top=\"\" padding_right=\"\" padding_bottom=\"\" padding_left=\"\" fusion_font_family_button_font=\"\" fusion_font_variant_button_font=\"\" font_size=\"\" line_height=\"\" letter_spacing=\"\" text_transform=\"\" stretch=\"default\" margin_top=\"\" margin_right=\"\" margin_bottom=\"\" margin_left=\"\" icon=\"fa-file-pdf fas\" icon_position=\"left\" icon_divider=\"no\" animation_type=\"\" animation_direction=\"left\" animation_speed=\"0.3\" animation_offset=\"\"]Tehni\u010dki dokument[\/fusion_button]\n","protected":false},"featured_media":1767,"template":"","meta":[],"product_brand":[],"product_cat":[220,204,205],"product_tag":[],"class_list":{"0":"post-3782","1":"product","2":"type-product","3":"status-publish","4":"has-post-thumbnail","6":"product_cat-kompaktni-temperatori","7":"product_cat-oprema-sr","8":"product_cat-technotrans-sr","10":"first","11":"instock","12":"shipping-taxable","13":"product-type-simple"},"yoast_head":"<!-- This site is optimized with the Yoast SEO plugin v27.4 - https:\/\/yoast.com\/product\/yoast-seo-wordpress\/ -->\n<title>Teco cs - Nomis<\/title>\n<meta name=\"robots\" content=\"index, follow, max-snippet:-1, max-image-preview:large, max-video-preview:-1\" \/>\n<link rel=\"canonical\" href=\"https:\/\/nomis.hr\/sr\/produkt\/teco-cs\/\" \/>\n<meta property=\"og:locale\" content=\"sr_RS\" \/>\n<meta property=\"og:type\" content=\"article\" \/>\n<meta property=\"og:title\" content=\"Teco cs - Nomis\" \/>\n<meta property=\"og:description\" content=\"Temperatori na vodu do 225\u00b0C. Sve standardne jedinice opremljene su energetski u\u010dinkovitom konstantnom kontrolom grejanja. Zavisno verziji proizvoda, standardno je ili je dostupno kao opcija merenje i kontrola protoka, \u010dija se stvarna vrednost prikazuje istovremeno sa stvarnim i nominalnim vrednostima na ekranu u boji. Temperatura je grafi\u010dki prikazana nakon odabira odgovaraju\u0107e funkcije izbornika. Jednostavnim dodirom simbola na po\u010detnoj stranici mogu se odabrati korisne funkcije.  Glavne karakteristike:   Samo-optimizuju\u0107i Logotherm mikro-kontroler s visokom precizno\u0161\u0107u upravljanja (verzija t)  Ekran osetljiv na dodir za prijavu, kontrolu i pra\u0107enje parametara procesa (verzija t)  Intuitivno operativni interfejs s navigacijskim menijem prilago\u0111enom korisniku (verzija t)  Merenje, indikacija i pra\u0107enje protoka (verzija t)  Integrisane informacije o radu i servisu (verzija t)  Pohranjivanje i opoziv parametara procesa s memorijskom karticom (verzija t)  Indikacija temperature povrata (verzija t)  Kontinuirano pra\u0107enje parametara procesa (verzija t)  Elektronika otporna na prskanje  Spreman za spajanje s 3 m dugim mre\u017enim kabelom i CEE uti\u010dnicom  &nbsp;\" \/>\n<meta property=\"og:url\" content=\"https:\/\/nomis.hr\/sr\/produkt\/teco-cs\/\" \/>\n<meta property=\"og:site_name\" content=\"Nomis\" \/>\n<meta name=\"twitter:card\" content=\"summary_large_image\" \/>\n<script type=\"application\/ld+json\" class=\"yoast-schema-graph\">{\"@context\":\"https:\\\/\\\/schema.org\",\"@graph\":[{\"@type\":\"WebPage\",\"@id\":\"https:\\\/\\\/nomis.hr\\\/sr\\\/produkt\\\/teco-cs\\\/\",\"url\":\"https:\\\/\\\/nomis.hr\\\/sr\\\/produkt\\\/teco-cs\\\/\",\"name\":\"Teco cs - Nomis\",\"isPartOf\":{\"@id\":\"https:\\\/\\\/nomis.hr\\\/#website\"},\"primaryImageOfPage\":{\"@id\":\"https:\\\/\\\/nomis.hr\\\/sr\\\/produkt\\\/teco-cs\\\/#primaryimage\"},\"image\":{\"@id\":\"https:\\\/\\\/nomis.hr\\\/sr\\\/produkt\\\/teco-cs\\\/#primaryimage\"},\"thumbnailUrl\":\"https:\\\/\\\/nomis.hr\\\/wp-content\\\/uploads\\\/2022\\\/05\\\/TECO-CS.jpg\",\"datePublished\":\"2022-05-05T09:52:22+00:00\",\"breadcrumb\":{\"@id\":\"https:\\\/\\\/nomis.hr\\\/sr\\\/produkt\\\/teco-cs\\\/#breadcrumb\"},\"inLanguage\":\"sr-RS\",\"potentialAction\":[{\"@type\":\"ReadAction\",\"target\":[\"https:\\\/\\\/nomis.hr\\\/sr\\\/produkt\\\/teco-cs\\\/\"]}]},{\"@type\":\"ImageObject\",\"inLanguage\":\"sr-RS\",\"@id\":\"https:\\\/\\\/nomis.hr\\\/sr\\\/produkt\\\/teco-cs\\\/#primaryimage\",\"url\":\"https:\\\/\\\/nomis.hr\\\/wp-content\\\/uploads\\\/2022\\\/05\\\/TECO-CS.jpg\",\"contentUrl\":\"https:\\\/\\\/nomis.hr\\\/wp-content\\\/uploads\\\/2022\\\/05\\\/TECO-CS.jpg\",\"width\":1024,\"height\":1024},{\"@type\":\"BreadcrumbList\",\"@id\":\"https:\\\/\\\/nomis.hr\\\/sr\\\/produkt\\\/teco-cs\\\/#breadcrumb\",\"itemListElement\":[{\"@type\":\"ListItem\",\"position\":1,\"name\":\"Home\",\"item\":\"https:\\\/\\\/nomis.hr\\\/sr\\\/\"},{\"@type\":\"ListItem\",\"position\":2,\"name\":\"Katalog proizvoda\",\"item\":\"https:\\\/\\\/nomis.hr\\\/sr\\\/katalog-proizvoda\\\/\"},{\"@type\":\"ListItem\",\"position\":3,\"name\":\"Teco cs\"}]},{\"@type\":\"WebSite\",\"@id\":\"https:\\\/\\\/nomis.hr\\\/#website\",\"url\":\"https:\\\/\\\/nomis.hr\\\/\",\"name\":\"Nomis\",\"description\":\"Sve za preradu polimera i metala na jednom mjestu!\",\"publisher\":{\"@id\":\"https:\\\/\\\/nomis.hr\\\/#organization\"},\"potentialAction\":[{\"@type\":\"SearchAction\",\"target\":{\"@type\":\"EntryPoint\",\"urlTemplate\":\"https:\\\/\\\/nomis.hr\\\/?s={search_term_string}\"},\"query-input\":{\"@type\":\"PropertyValueSpecification\",\"valueRequired\":true,\"valueName\":\"search_term_string\"}}],\"inLanguage\":\"sr-RS\"},{\"@type\":\"Organization\",\"@id\":\"https:\\\/\\\/nomis.hr\\\/#organization\",\"name\":\"Nomis\",\"url\":\"https:\\\/\\\/nomis.hr\\\/\",\"logo\":{\"@type\":\"ImageObject\",\"inLanguage\":\"sr-RS\",\"@id\":\"https:\\\/\\\/nomis.hr\\\/#\\\/schema\\\/logo\\\/image\\\/\",\"url\":\"https:\\\/\\\/nomis.hr\\\/wp-content\\\/uploads\\\/2021\\\/03\\\/Nomis-logo-admin-login.png\",\"contentUrl\":\"https:\\\/\\\/nomis.hr\\\/wp-content\\\/uploads\\\/2021\\\/03\\\/Nomis-logo-admin-login.png\",\"width\":640,\"height\":163,\"caption\":\"Nomis\"},\"image\":{\"@id\":\"https:\\\/\\\/nomis.hr\\\/#\\\/schema\\\/logo\\\/image\\\/\"}}]}<\/script>\n<!-- \/ Yoast SEO plugin. -->","yoast_head_json":{"title":"Teco cs - Nomis","robots":{"index":"index","follow":"follow","max-snippet":"max-snippet:-1","max-image-preview":"max-image-preview:large","max-video-preview":"max-video-preview:-1"},"canonical":"https:\/\/nomis.hr\/sr\/produkt\/teco-cs\/","og_locale":"sr_RS","og_type":"article","og_title":"Teco cs - Nomis","og_description":"Temperatori na vodu do 225\u00b0C. Sve standardne jedinice opremljene su energetski u\u010dinkovitom konstantnom kontrolom grejanja. Zavisno verziji proizvoda, standardno je ili je dostupno kao opcija merenje i kontrola protoka, \u010dija se stvarna vrednost prikazuje istovremeno sa stvarnim i nominalnim vrednostima na ekranu u boji. Temperatura je grafi\u010dki prikazana nakon odabira odgovaraju\u0107e funkcije izbornika. Jednostavnim dodirom simbola na po\u010detnoj stranici mogu se odabrati korisne funkcije.  Glavne karakteristike:   Samo-optimizuju\u0107i Logotherm mikro-kontroler s visokom precizno\u0161\u0107u upravljanja (verzija t)  Ekran osetljiv na dodir za prijavu, kontrolu i pra\u0107enje parametara procesa (verzija t)  Intuitivno operativni interfejs s navigacijskim menijem prilago\u0111enom korisniku (verzija t)  Merenje, indikacija i pra\u0107enje protoka (verzija t)  Integrisane informacije o radu i servisu (verzija t)  Pohranjivanje i opoziv parametara procesa s memorijskom karticom (verzija t)  Indikacija temperature povrata (verzija t)  Kontinuirano pra\u0107enje parametara procesa (verzija t)  Elektronika otporna na prskanje  Spreman za spajanje s 3 m dugim mre\u017enim kabelom i CEE uti\u010dnicom  &nbsp;","og_url":"https:\/\/nomis.hr\/sr\/produkt\/teco-cs\/","og_site_name":"Nomis","twitter_card":"summary_large_image","schema":{"@context":"https:\/\/schema.org","@graph":[{"@type":"WebPage","@id":"https:\/\/nomis.hr\/sr\/produkt\/teco-cs\/","url":"https:\/\/nomis.hr\/sr\/produkt\/teco-cs\/","name":"Teco cs - Nomis","isPartOf":{"@id":"https:\/\/nomis.hr\/#website"},"primaryImageOfPage":{"@id":"https:\/\/nomis.hr\/sr\/produkt\/teco-cs\/#primaryimage"},"image":{"@id":"https:\/\/nomis.hr\/sr\/produkt\/teco-cs\/#primaryimage"},"thumbnailUrl":"https:\/\/nomis.hr\/wp-content\/uploads\/2022\/05\/TECO-CS.jpg","datePublished":"2022-05-05T09:52:22+00:00","breadcrumb":{"@id":"https:\/\/nomis.hr\/sr\/produkt\/teco-cs\/#breadcrumb"},"inLanguage":"sr-RS","potentialAction":[{"@type":"ReadAction","target":["https:\/\/nomis.hr\/sr\/produkt\/teco-cs\/"]}]},{"@type":"ImageObject","inLanguage":"sr-RS","@id":"https:\/\/nomis.hr\/sr\/produkt\/teco-cs\/#primaryimage","url":"https:\/\/nomis.hr\/wp-content\/uploads\/2022\/05\/TECO-CS.jpg","contentUrl":"https:\/\/nomis.hr\/wp-content\/uploads\/2022\/05\/TECO-CS.jpg","width":1024,"height":1024},{"@type":"BreadcrumbList","@id":"https:\/\/nomis.hr\/sr\/produkt\/teco-cs\/#breadcrumb","itemListElement":[{"@type":"ListItem","position":1,"name":"Home","item":"https:\/\/nomis.hr\/sr\/"},{"@type":"ListItem","position":2,"name":"Katalog proizvoda","item":"https:\/\/nomis.hr\/sr\/katalog-proizvoda\/"},{"@type":"ListItem","position":3,"name":"Teco cs"}]},{"@type":"WebSite","@id":"https:\/\/nomis.hr\/#website","url":"https:\/\/nomis.hr\/","name":"Nomis","description":"Sve za preradu polimera i metala na jednom mjestu!","publisher":{"@id":"https:\/\/nomis.hr\/#organization"},"potentialAction":[{"@type":"SearchAction","target":{"@type":"EntryPoint","urlTemplate":"https:\/\/nomis.hr\/?s={search_term_string}"},"query-input":{"@type":"PropertyValueSpecification","valueRequired":true,"valueName":"search_term_string"}}],"inLanguage":"sr-RS"},{"@type":"Organization","@id":"https:\/\/nomis.hr\/#organization","name":"Nomis","url":"https:\/\/nomis.hr\/","logo":{"@type":"ImageObject","inLanguage":"sr-RS","@id":"https:\/\/nomis.hr\/#\/schema\/logo\/image\/","url":"https:\/\/nomis.hr\/wp-content\/uploads\/2021\/03\/Nomis-logo-admin-login.png","contentUrl":"https:\/\/nomis.hr\/wp-content\/uploads\/2021\/03\/Nomis-logo-admin-login.png","width":640,"height":163,"caption":"Nomis"},"image":{"@id":"https:\/\/nomis.hr\/#\/schema\/logo\/image\/"}}]}},"_links":{"self":[{"href":"https:\/\/nomis.hr\/sr\/wp-json\/wp\/v2\/product\/3782","targetHints":{"allow":["GET"]}}],"collection":[{"href":"https:\/\/nomis.hr\/sr\/wp-json\/wp\/v2\/product"}],"about":[{"href":"https:\/\/nomis.hr\/sr\/wp-json\/wp\/v2\/types\/product"}],"wp:featuredmedia":[{"embeddable":true,"href":"https:\/\/nomis.hr\/sr\/wp-json\/wp\/v2\/media\/1767"}],"wp:attachment":[{"href":"https:\/\/nomis.hr\/sr\/wp-json\/wp\/v2\/media?parent=3782"}],"wp:term":[{"taxonomy":"product_brand","embeddable":true,"href":"https:\/\/nomis.hr\/sr\/wp-json\/wp\/v2\/product_brand?post=3782"},{"taxonomy":"product_cat","embeddable":true,"href":"https:\/\/nomis.hr\/sr\/wp-json\/wp\/v2\/product_cat?post=3782"},{"taxonomy":"product_tag","embeddable":true,"href":"https:\/\/nomis.hr\/sr\/wp-json\/wp\/v2\/product_tag?post=3782"}],"curies":[{"name":"wp","href":"https:\/\/api.w.org\/{rel}","templated":true}]}}