{"id":3822,"date":"2022-03-18T11:00:49","date_gmt":"2022-03-18T10:00:49","guid":{"rendered":"https:\/\/nomis.hr\/product\/tehnicka-plastika\/"},"modified":"2025-04-14T15:44:42","modified_gmt":"2025-04-14T13:44:42","slug":"tehnicka-plastika","status":"publish","type":"product","link":"https:\/\/nomis.hr\/sr\/produkt\/tehnicka-plastika\/","title":{"rendered":"Tehni\u010dka plastika"},"content":{"rendered":"","protected":false},"excerpt":{"rendered":"<p>U poredjenju sa polimernim materijalima \u0161iroke potro\u0161nje (PE, PP, PVC\u2026), tehni\u010dka plastika odabire se u slu\u010daju ve\u0107ih zahteva za \u00a0mehani\u010dkim, elektri\u010dnim i termi\u010dkim svojstvima. Zbog toga su posebno pogodni za primene u automobilskoj, medicinskoj, hemijskoj i elektroindustriji.<\/p>\n<p>Ispod navedene materijale kontinuirano dr\u017eimo na skladi\u0161tu, a ostali materijali su dostupni na zahtev.<\/p>\n<p>*Slike su informativnog karaktera<\/p>\n","protected":false},"featured_media":3190,"template":"","meta":[],"product_cat":[225],"product_tag":[],"yoast_head":"<!-- This site is optimized with the Yoast SEO plugin v21.3 - https:\/\/yoast.com\/wordpress\/plugins\/seo\/ -->\n<title>Tehni\u010dka plastika - Nomis<\/title>\n<meta name=\"robots\" content=\"index, follow, max-snippet:-1, max-image-preview:large, max-video-preview:-1\" \/>\n<link rel=\"canonical\" href=\"https:\/\/nomis.hr\/sr\/produkt\/tehnicka-plastika\/\" \/>\n<meta property=\"og:locale\" content=\"sr_RS\" \/>\n<meta property=\"og:type\" content=\"article\" \/>\n<meta property=\"og:title\" content=\"Tehni\u010dka plastika - Nomis\" \/>\n<meta property=\"og:description\" content=\"U poredjenju sa polimernim materijalima \u0161iroke potro\u0161nje (PE, PP, PVC\u2026), tehni\u010dka plastika odabire se u slu\u010daju ve\u0107ih zahteva za \u00a0mehani\u010dkim, elektri\u010dnim i termi\u010dkim svojstvima. Zbog toga su posebno pogodni za primene u automobilskoj, medicinskoj, hemijskoj i elektroindustriji.  Ispod navedene materijale kontinuirano dr\u017eimo na skladi\u0161tu, a ostali materijali su dostupni na zahtev.  *Slike su informativnog karaktera\" \/>\n<meta property=\"og:url\" content=\"https:\/\/nomis.hr\/sr\/produkt\/tehnicka-plastika\/\" \/>\n<meta property=\"og:site_name\" content=\"Nomis\" \/>\n<meta property=\"article:modified_time\" content=\"2025-04-14T13:44:42+00:00\" \/>\n<meta name=\"twitter:card\" content=\"summary_large_image\" \/>\n<script type=\"application\/ld+json\" class=\"yoast-schema-graph\">{\"@context\":\"https:\/\/schema.org\",\"@graph\":[{\"@type\":\"WebPage\",\"@id\":\"https:\/\/nomis.hr\/sr\/produkt\/tehnicka-plastika\/\",\"url\":\"https:\/\/nomis.hr\/sr\/produkt\/tehnicka-plastika\/\",\"name\":\"Tehni\u010dka plastika - Nomis\",\"isPartOf\":{\"@id\":\"https:\/\/nomis.hr\/#website\"},\"datePublished\":\"2022-03-18T10:00:49+00:00\",\"dateModified\":\"2025-04-14T13:44:42+00:00\",\"breadcrumb\":{\"@id\":\"https:\/\/nomis.hr\/sr\/produkt\/tehnicka-plastika\/#breadcrumb\"},\"inLanguage\":\"sr-RS\",\"potentialAction\":[{\"@type\":\"ReadAction\",\"target\":[\"https:\/\/nomis.hr\/sr\/produkt\/tehnicka-plastika\/\"]}]},{\"@type\":\"BreadcrumbList\",\"@id\":\"https:\/\/nomis.hr\/sr\/produkt\/tehnicka-plastika\/#breadcrumb\",\"itemListElement\":[{\"@type\":\"ListItem\",\"position\":1,\"name\":\"Home\",\"item\":\"https:\/\/nomis.hr\/sr\/\"},{\"@type\":\"ListItem\",\"position\":2,\"name\":\"Katalog proizvoda\",\"item\":\"https:\/\/nomis.hr\/sr\/katalog-proizvoda\/\"},{\"@type\":\"ListItem\",\"position\":3,\"name\":\"Tehni\u010dka plastika\"}]},{\"@type\":\"WebSite\",\"@id\":\"https:\/\/nomis.hr\/#website\",\"url\":\"https:\/\/nomis.hr\/\",\"name\":\"Nomis\",\"description\":\"Sve za preradu polimera i metala na jednom mjestu!\",\"publisher\":{\"@id\":\"https:\/\/nomis.hr\/#organization\"},\"potentialAction\":[{\"@type\":\"SearchAction\",\"target\":{\"@type\":\"EntryPoint\",\"urlTemplate\":\"https:\/\/nomis.hr\/?s={search_term_string}\"},\"query-input\":\"required name=search_term_string\"}],\"inLanguage\":\"sr-RS\"},{\"@type\":\"Organization\",\"@id\":\"https:\/\/nomis.hr\/#organization\",\"name\":\"Nomis\",\"url\":\"https:\/\/nomis.hr\/\",\"logo\":{\"@type\":\"ImageObject\",\"inLanguage\":\"sr-RS\",\"@id\":\"https:\/\/nomis.hr\/#\/schema\/logo\/image\/\",\"url\":\"https:\/\/nomis.hr\/wp-content\/uploads\/2021\/03\/Nomis-logo-admin-login.png\",\"contentUrl\":\"https:\/\/nomis.hr\/wp-content\/uploads\/2021\/03\/Nomis-logo-admin-login.png\",\"width\":640,\"height\":163,\"caption\":\"Nomis\"},\"image\":{\"@id\":\"https:\/\/nomis.hr\/#\/schema\/logo\/image\/\"}}]}<\/script>\n<!-- \/ Yoast SEO plugin. -->","yoast_head_json":{"title":"Tehni\u010dka plastika - Nomis","robots":{"index":"index","follow":"follow","max-snippet":"max-snippet:-1","max-image-preview":"max-image-preview:large","max-video-preview":"max-video-preview:-1"},"canonical":"https:\/\/nomis.hr\/sr\/produkt\/tehnicka-plastika\/","og_locale":"sr_RS","og_type":"article","og_title":"Tehni\u010dka plastika - Nomis","og_description":"U poredjenju sa polimernim materijalima \u0161iroke potro\u0161nje (PE, PP, PVC\u2026), tehni\u010dka plastika odabire se u slu\u010daju ve\u0107ih zahteva za \u00a0mehani\u010dkim, elektri\u010dnim i termi\u010dkim svojstvima. Zbog toga su posebno pogodni za primene u automobilskoj, medicinskoj, hemijskoj i elektroindustriji.  Ispod navedene materijale kontinuirano dr\u017eimo na skladi\u0161tu, a ostali materijali su dostupni na zahtev.  *Slike su informativnog karaktera","og_url":"https:\/\/nomis.hr\/sr\/produkt\/tehnicka-plastika\/","og_site_name":"Nomis","article_modified_time":"2025-04-14T13:44:42+00:00","twitter_card":"summary_large_image","schema":{"@context":"https:\/\/schema.org","@graph":[{"@type":"WebPage","@id":"https:\/\/nomis.hr\/sr\/produkt\/tehnicka-plastika\/","url":"https:\/\/nomis.hr\/sr\/produkt\/tehnicka-plastika\/","name":"Tehni\u010dka plastika - Nomis","isPartOf":{"@id":"https:\/\/nomis.hr\/#website"},"datePublished":"2022-03-18T10:00:49+00:00","dateModified":"2025-04-14T13:44:42+00:00","breadcrumb":{"@id":"https:\/\/nomis.hr\/sr\/produkt\/tehnicka-plastika\/#breadcrumb"},"inLanguage":"sr-RS","potentialAction":[{"@type":"ReadAction","target":["https:\/\/nomis.hr\/sr\/produkt\/tehnicka-plastika\/"]}]},{"@type":"BreadcrumbList","@id":"https:\/\/nomis.hr\/sr\/produkt\/tehnicka-plastika\/#breadcrumb","itemListElement":[{"@type":"ListItem","position":1,"name":"Home","item":"https:\/\/nomis.hr\/sr\/"},{"@type":"ListItem","position":2,"name":"Katalog proizvoda","item":"https:\/\/nomis.hr\/sr\/katalog-proizvoda\/"},{"@type":"ListItem","position":3,"name":"Tehni\u010dka plastika"}]},{"@type":"WebSite","@id":"https:\/\/nomis.hr\/#website","url":"https:\/\/nomis.hr\/","name":"Nomis","description":"Sve za preradu polimera i metala na jednom mjestu!","publisher":{"@id":"https:\/\/nomis.hr\/#organization"},"potentialAction":[{"@type":"SearchAction","target":{"@type":"EntryPoint","urlTemplate":"https:\/\/nomis.hr\/?s={search_term_string}"},"query-input":"required name=search_term_string"}],"inLanguage":"sr-RS"},{"@type":"Organization","@id":"https:\/\/nomis.hr\/#organization","name":"Nomis","url":"https:\/\/nomis.hr\/","logo":{"@type":"ImageObject","inLanguage":"sr-RS","@id":"https:\/\/nomis.hr\/#\/schema\/logo\/image\/","url":"https:\/\/nomis.hr\/wp-content\/uploads\/2021\/03\/Nomis-logo-admin-login.png","contentUrl":"https:\/\/nomis.hr\/wp-content\/uploads\/2021\/03\/Nomis-logo-admin-login.png","width":640,"height":163,"caption":"Nomis"},"image":{"@id":"https:\/\/nomis.hr\/#\/schema\/logo\/image\/"}}]}},"_links":{"self":[{"href":"https:\/\/nomis.hr\/sr\/wp-json\/wp\/v2\/product\/3822"}],"collection":[{"href":"https:\/\/nomis.hr\/sr\/wp-json\/wp\/v2\/product"}],"about":[{"href":"https:\/\/nomis.hr\/sr\/wp-json\/wp\/v2\/types\/product"}],"wp:featuredmedia":[{"embeddable":true,"href":"https:\/\/nomis.hr\/sr\/wp-json\/wp\/v2\/media\/3190"}],"wp:attachment":[{"href":"https:\/\/nomis.hr\/sr\/wp-json\/wp\/v2\/media?parent=3822"}],"wp:term":[{"taxonomy":"product_cat","embeddable":true,"href":"https:\/\/nomis.hr\/sr\/wp-json\/wp\/v2\/product_cat?post=3822"},{"taxonomy":"product_tag","embeddable":true,"href":"https:\/\/nomis.hr\/sr\/wp-json\/wp\/v2\/product_tag?post=3822"}],"curies":[{"name":"wp","href":"https:\/\/api.w.org\/{rel}","templated":true}]}}