{"id":3862,"date":"2022-03-07T18:57:05","date_gmt":"2022-03-07T17:57:05","guid":{"rendered":"https:\/\/nomis.hr\/product\/stiropor\/"},"modified":"2023-08-22T14:52:38","modified_gmt":"2023-08-22T12:52:38","slug":"stiropor","status":"publish","type":"product","link":"https:\/\/nomis.hr\/sr\/produkt\/stiropor\/","title":{"rendered":"EPS (stiropor)"},"content":{"rendered":"","protected":false},"excerpt":{"rendered":"<p>EPS (ekspandirani polistiren) je izolacijski materijal. Naj\u010de\u0161\u0107e se upotrebljava u gra\u0111evinarstvu kao toplinska izolacija, premda je svoju primenu na\u0161ao i u pakiranju raznih proizvoda u prehrambenoj i elektroindustriji.<\/p>\n<p>Ispod navedene materijale kontinuirano dr\u017eimo na skladi\u0161tu, a ostali materijali su dostupni na zahtev.<\/p>\n<p>*Slike su informativnog karaktera<\/p>\n[fusion_table fusion_table_type=\"2\" fusion_table_rows=\"\" fusion_table_columns=\"\" hide_on_mobile=\"small-visibility,medium-visibility,large-visibility\" class=\"\" id=\"\" animation_type=\"\" animation_direction=\"left\" animation_speed=\"0.3\" animation_offset=\"\"]<\/p>\n<div class=\"table-1\">\n<table width=\"100%\">\n<thead>\n<tr>\n<th align=\"left\">Materijal<\/th>\n<th align=\"left\">Opis proizvoda<\/th>\n<th align=\"left\">Aplikacije<\/th>\n<\/tr>\n<\/thead>\n<tbody>\n<tr>\n<td align=\"left\">Styropor P326<\/td>\n<td align=\"left\">Pro\u0161irivi polistiren (EPS) sa 6% sadr\u017eaja pentana. Lagan materijal s dobrom apsorpcijom udara, visokom \u010dvrsto\u0107om na pritisak, otporno\u0161\u0107u na vlagu, toplotnom izolacijom i provodljivosti.<\/td>\n<td align=\"left\">Ambala\u017ea, izolirani spremnici poput kutija za ribu<\/td>\n<\/tr>\n<tr>\n<td align=\"left\">Styropor P656<\/td>\n<td align=\"left\">Pro\u0161irivi polistiren (EPS) sa laganim punjenjem i 6% sadr\u017eaja pentana. Lagan materijal s dobrom apsorpcijom udara, visokom \u010dvrsto\u0107om na pritisak, otporno\u0161\u0107u na vlagu, toplotnom izolacijom i provodljivosti.<\/td>\n<td align=\"left\">Agregati za lagani malter<\/td>\n<\/tr>\n<tr>\n<td align=\"left\">Styropor P226C<\/td>\n<td align=\"left\">Pro\u0161irivi polistiren (EPS) sa 6% sadr\u017eaja pentana. Lagan materijal s dobrom apsorpcijom udara, visokom \u010dvrsto\u0107om na pritisak, otporno\u0161\u0107u na vlagu, toplotnom izolacijom i provodljivosti.<\/td>\n<td align=\"left\">Izolacije i ambala\u017ea.<\/td>\n<\/tr>\n<\/tbody>\n<\/table>\n<\/div>\n<p>[\/fusion_table]\n","protected":false},"featured_media":3355,"template":"","meta":[],"product_brand":[],"product_cat":[225],"product_tag":[],"class_list":{"0":"post-3862","1":"product","2":"type-product","3":"status-publish","4":"has-post-thumbnail","6":"product_cat-materijali-sr","8":"first","9":"instock","10":"shipping-taxable","11":"product-type-simple"},"yoast_head":"<!-- This site is optimized with the Yoast SEO plugin v27.4 - https:\/\/yoast.com\/product\/yoast-seo-wordpress\/ -->\n<title>EPS (stiropor) - Nomis<\/title>\n<meta name=\"robots\" content=\"index, follow, max-snippet:-1, max-image-preview:large, max-video-preview:-1\" \/>\n<link rel=\"canonical\" href=\"https:\/\/nomis.hr\/sr\/produkt\/stiropor\/\" \/>\n<meta property=\"og:locale\" content=\"sr_RS\" \/>\n<meta property=\"og:type\" content=\"article\" \/>\n<meta property=\"og:title\" content=\"EPS (stiropor) - Nomis\" \/>\n<meta property=\"og:description\" content=\"EPS (ekspandirani polistiren) je izolacijski materijal. Naj\u010de\u0161\u0107e se upotrebljava u gra\u0111evinarstvu kao toplinska izolacija, premda je svoju primenu na\u0161ao i u pakiranju raznih proizvoda u prehrambenoj i elektroindustriji.  Ispod navedene materijale kontinuirano dr\u017eimo na skladi\u0161tu, a ostali materijali su dostupni na zahtev.  *Slike su informativnog karaktera\" \/>\n<meta property=\"og:url\" content=\"https:\/\/nomis.hr\/sr\/produkt\/stiropor\/\" \/>\n<meta property=\"og:site_name\" content=\"Nomis\" \/>\n<meta property=\"article:modified_time\" content=\"2023-08-22T12:52:38+00:00\" \/>\n<meta name=\"twitter:card\" content=\"summary_large_image\" \/>\n<script type=\"application\/ld+json\" class=\"yoast-schema-graph\">{\"@context\":\"https:\\\/\\\/schema.org\",\"@graph\":[{\"@type\":\"WebPage\",\"@id\":\"https:\\\/\\\/nomis.hr\\\/sr\\\/produkt\\\/stiropor\\\/\",\"url\":\"https:\\\/\\\/nomis.hr\\\/sr\\\/produkt\\\/stiropor\\\/\",\"name\":\"EPS (stiropor) - Nomis\",\"isPartOf\":{\"@id\":\"https:\\\/\\\/nomis.hr\\\/#website\"},\"primaryImageOfPage\":{\"@id\":\"https:\\\/\\\/nomis.hr\\\/sr\\\/produkt\\\/stiropor\\\/#primaryimage\"},\"image\":{\"@id\":\"https:\\\/\\\/nomis.hr\\\/sr\\\/produkt\\\/stiropor\\\/#primaryimage\"},\"thumbnailUrl\":\"https:\\\/\\\/nomis.hr\\\/wp-content\\\/uploads\\\/2022\\\/03\\\/Stiropor-1.jpg\",\"datePublished\":\"2022-03-07T17:57:05+00:00\",\"dateModified\":\"2023-08-22T12:52:38+00:00\",\"breadcrumb\":{\"@id\":\"https:\\\/\\\/nomis.hr\\\/sr\\\/produkt\\\/stiropor\\\/#breadcrumb\"},\"inLanguage\":\"sr-RS\",\"potentialAction\":[{\"@type\":\"ReadAction\",\"target\":[\"https:\\\/\\\/nomis.hr\\\/sr\\\/produkt\\\/stiropor\\\/\"]}]},{\"@type\":\"ImageObject\",\"inLanguage\":\"sr-RS\",\"@id\":\"https:\\\/\\\/nomis.hr\\\/sr\\\/produkt\\\/stiropor\\\/#primaryimage\",\"url\":\"https:\\\/\\\/nomis.hr\\\/wp-content\\\/uploads\\\/2022\\\/03\\\/Stiropor-1.jpg\",\"contentUrl\":\"https:\\\/\\\/nomis.hr\\\/wp-content\\\/uploads\\\/2022\\\/03\\\/Stiropor-1.jpg\",\"width\":1024,\"height\":1024},{\"@type\":\"BreadcrumbList\",\"@id\":\"https:\\\/\\\/nomis.hr\\\/sr\\\/produkt\\\/stiropor\\\/#breadcrumb\",\"itemListElement\":[{\"@type\":\"ListItem\",\"position\":1,\"name\":\"Home\",\"item\":\"https:\\\/\\\/nomis.hr\\\/sr\\\/\"},{\"@type\":\"ListItem\",\"position\":2,\"name\":\"Katalog proizvoda\",\"item\":\"https:\\\/\\\/nomis.hr\\\/sr\\\/katalog-proizvoda\\\/\"},{\"@type\":\"ListItem\",\"position\":3,\"name\":\"EPS (stiropor)\"}]},{\"@type\":\"WebSite\",\"@id\":\"https:\\\/\\\/nomis.hr\\\/#website\",\"url\":\"https:\\\/\\\/nomis.hr\\\/\",\"name\":\"Nomis\",\"description\":\"Sve za preradu polimera i metala na jednom mjestu!\",\"publisher\":{\"@id\":\"https:\\\/\\\/nomis.hr\\\/#organization\"},\"potentialAction\":[{\"@type\":\"SearchAction\",\"target\":{\"@type\":\"EntryPoint\",\"urlTemplate\":\"https:\\\/\\\/nomis.hr\\\/?s={search_term_string}\"},\"query-input\":{\"@type\":\"PropertyValueSpecification\",\"valueRequired\":true,\"valueName\":\"search_term_string\"}}],\"inLanguage\":\"sr-RS\"},{\"@type\":\"Organization\",\"@id\":\"https:\\\/\\\/nomis.hr\\\/#organization\",\"name\":\"Nomis\",\"url\":\"https:\\\/\\\/nomis.hr\\\/\",\"logo\":{\"@type\":\"ImageObject\",\"inLanguage\":\"sr-RS\",\"@id\":\"https:\\\/\\\/nomis.hr\\\/#\\\/schema\\\/logo\\\/image\\\/\",\"url\":\"https:\\\/\\\/nomis.hr\\\/wp-content\\\/uploads\\\/2021\\\/03\\\/Nomis-logo-admin-login.png\",\"contentUrl\":\"https:\\\/\\\/nomis.hr\\\/wp-content\\\/uploads\\\/2021\\\/03\\\/Nomis-logo-admin-login.png\",\"width\":640,\"height\":163,\"caption\":\"Nomis\"},\"image\":{\"@id\":\"https:\\\/\\\/nomis.hr\\\/#\\\/schema\\\/logo\\\/image\\\/\"}}]}<\/script>\n<!-- \/ Yoast SEO plugin. -->","yoast_head_json":{"title":"EPS (stiropor) - Nomis","robots":{"index":"index","follow":"follow","max-snippet":"max-snippet:-1","max-image-preview":"max-image-preview:large","max-video-preview":"max-video-preview:-1"},"canonical":"https:\/\/nomis.hr\/sr\/produkt\/stiropor\/","og_locale":"sr_RS","og_type":"article","og_title":"EPS (stiropor) - Nomis","og_description":"EPS (ekspandirani polistiren) je izolacijski materijal. Naj\u010de\u0161\u0107e se upotrebljava u gra\u0111evinarstvu kao toplinska izolacija, premda je svoju primenu na\u0161ao i u pakiranju raznih proizvoda u prehrambenoj i elektroindustriji.  Ispod navedene materijale kontinuirano dr\u017eimo na skladi\u0161tu, a ostali materijali su dostupni na zahtev.  *Slike su informativnog karaktera","og_url":"https:\/\/nomis.hr\/sr\/produkt\/stiropor\/","og_site_name":"Nomis","article_modified_time":"2023-08-22T12:52:38+00:00","twitter_card":"summary_large_image","schema":{"@context":"https:\/\/schema.org","@graph":[{"@type":"WebPage","@id":"https:\/\/nomis.hr\/sr\/produkt\/stiropor\/","url":"https:\/\/nomis.hr\/sr\/produkt\/stiropor\/","name":"EPS (stiropor) - Nomis","isPartOf":{"@id":"https:\/\/nomis.hr\/#website"},"primaryImageOfPage":{"@id":"https:\/\/nomis.hr\/sr\/produkt\/stiropor\/#primaryimage"},"image":{"@id":"https:\/\/nomis.hr\/sr\/produkt\/stiropor\/#primaryimage"},"thumbnailUrl":"https:\/\/nomis.hr\/wp-content\/uploads\/2022\/03\/Stiropor-1.jpg","datePublished":"2022-03-07T17:57:05+00:00","dateModified":"2023-08-22T12:52:38+00:00","breadcrumb":{"@id":"https:\/\/nomis.hr\/sr\/produkt\/stiropor\/#breadcrumb"},"inLanguage":"sr-RS","potentialAction":[{"@type":"ReadAction","target":["https:\/\/nomis.hr\/sr\/produkt\/stiropor\/"]}]},{"@type":"ImageObject","inLanguage":"sr-RS","@id":"https:\/\/nomis.hr\/sr\/produkt\/stiropor\/#primaryimage","url":"https:\/\/nomis.hr\/wp-content\/uploads\/2022\/03\/Stiropor-1.jpg","contentUrl":"https:\/\/nomis.hr\/wp-content\/uploads\/2022\/03\/Stiropor-1.jpg","width":1024,"height":1024},{"@type":"BreadcrumbList","@id":"https:\/\/nomis.hr\/sr\/produkt\/stiropor\/#breadcrumb","itemListElement":[{"@type":"ListItem","position":1,"name":"Home","item":"https:\/\/nomis.hr\/sr\/"},{"@type":"ListItem","position":2,"name":"Katalog proizvoda","item":"https:\/\/nomis.hr\/sr\/katalog-proizvoda\/"},{"@type":"ListItem","position":3,"name":"EPS (stiropor)"}]},{"@type":"WebSite","@id":"https:\/\/nomis.hr\/#website","url":"https:\/\/nomis.hr\/","name":"Nomis","description":"Sve za preradu polimera i metala na jednom mjestu!","publisher":{"@id":"https:\/\/nomis.hr\/#organization"},"potentialAction":[{"@type":"SearchAction","target":{"@type":"EntryPoint","urlTemplate":"https:\/\/nomis.hr\/?s={search_term_string}"},"query-input":{"@type":"PropertyValueSpecification","valueRequired":true,"valueName":"search_term_string"}}],"inLanguage":"sr-RS"},{"@type":"Organization","@id":"https:\/\/nomis.hr\/#organization","name":"Nomis","url":"https:\/\/nomis.hr\/","logo":{"@type":"ImageObject","inLanguage":"sr-RS","@id":"https:\/\/nomis.hr\/#\/schema\/logo\/image\/","url":"https:\/\/nomis.hr\/wp-content\/uploads\/2021\/03\/Nomis-logo-admin-login.png","contentUrl":"https:\/\/nomis.hr\/wp-content\/uploads\/2021\/03\/Nomis-logo-admin-login.png","width":640,"height":163,"caption":"Nomis"},"image":{"@id":"https:\/\/nomis.hr\/#\/schema\/logo\/image\/"}}]}},"_links":{"self":[{"href":"https:\/\/nomis.hr\/sr\/wp-json\/wp\/v2\/product\/3862","targetHints":{"allow":["GET"]}}],"collection":[{"href":"https:\/\/nomis.hr\/sr\/wp-json\/wp\/v2\/product"}],"about":[{"href":"https:\/\/nomis.hr\/sr\/wp-json\/wp\/v2\/types\/product"}],"wp:featuredmedia":[{"embeddable":true,"href":"https:\/\/nomis.hr\/sr\/wp-json\/wp\/v2\/media\/3355"}],"wp:attachment":[{"href":"https:\/\/nomis.hr\/sr\/wp-json\/wp\/v2\/media?parent=3862"}],"wp:term":[{"taxonomy":"product_brand","embeddable":true,"href":"https:\/\/nomis.hr\/sr\/wp-json\/wp\/v2\/product_brand?post=3862"},{"taxonomy":"product_cat","embeddable":true,"href":"https:\/\/nomis.hr\/sr\/wp-json\/wp\/v2\/product_cat?post=3862"},{"taxonomy":"product_tag","embeddable":true,"href":"https:\/\/nomis.hr\/sr\/wp-json\/wp\/v2\/product_tag?post=3862"}],"curies":[{"name":"wp","href":"https:\/\/api.w.org\/{rel}","templated":true}]}}