{"id":3869,"date":"2022-03-18T11:58:12","date_gmt":"2022-03-18T10:58:12","guid":{"rendered":"https:\/\/nomis.hr\/product\/metali\/"},"modified":"2023-02-24T16:01:12","modified_gmt":"2023-02-24T15:01:12","slug":"metali","status":"publish","type":"product","link":"https:\/\/nomis.hr\/sr\/produkt\/metali\/","title":{"rendered":"Metali"},"content":{"rendered":"","protected":false},"excerpt":{"rendered":"<p>Catamold\u00ae je granulat visoke kvalitete za MIM (metal injection molding) proizvo\u0111a\u010da BASF SE. \u00a0Niskolegirani i ner\u0111aju\u0107i \u010delici, te specijalne legure iz inovativne palete\u00a0 Catamold\u00ae materijala nailaze na \u0161iroku primenu u automobilskoj i elektroindustriji, kao i u ostalim granama industrije gdje se na konvencionalnim ma\u0161inama za brizganje posti\u017ee povoljna, pouzdana i precizna proizvodnja \u00a0geometrijski zahtevnih delova.<\/p>\n<p>Catamold\u00ae materijalima mogu\u0107e je posti\u0107i gusto\u0107u i do 100%, homogenu strukturu te mehani\u010dka svojstva odabranog \u010delika. Sva ta svojstva kao i kvaliteta povr\u0161ine dovode do toga da naknadna\u00a0 obrada proizvedenih komada u ve\u0107ini slu\u010dajeva nije potrebna.<\/p>\n<p>Kompanija Nomis, kao distributer Catamold\u00ae materijala, osim nabave i isporuke potrebnih koli\u010dina, nudi kompletnu uslugu tehni\u010dkog savetovanja &#8211; od odabira materijala i opreme za MIM\u00a0 proizvodnju do kompletnog procesa uhodavanja proizvodnje po sistemu \u201eklju\u010d u ruke\u201c.<\/p>\n<p>\u00aeRegistrirani za\u0161titni znak tvrtke BASF SE<\/p>\n<p>Ispod navedene materijale kontinuirano dr\u017eimo na skladi\u0161tu, a ostali materijali su dostupni na zahtev.<\/p>\n<p>*Slike su informativnog karaktera<\/p>\n","protected":false},"featured_media":830,"template":"","meta":[],"product_brand":[],"product_cat":[225],"product_tag":[],"class_list":{"0":"post-3869","1":"product","2":"type-product","3":"status-publish","4":"has-post-thumbnail","6":"product_cat-materijali-sr","8":"first","9":"instock","10":"shipping-taxable","11":"product-type-variable","12":"has-default-attributes"},"yoast_head":"<!-- This site is optimized with the Yoast SEO plugin v27.4 - https:\/\/yoast.com\/product\/yoast-seo-wordpress\/ -->\n<title>Metali - Nomis<\/title>\n<meta name=\"robots\" content=\"index, follow, max-snippet:-1, max-image-preview:large, max-video-preview:-1\" \/>\n<link rel=\"canonical\" href=\"https:\/\/nomis.hr\/sr\/produkt\/metali\/\" \/>\n<meta property=\"og:locale\" content=\"sr_RS\" \/>\n<meta property=\"og:type\" content=\"article\" \/>\n<meta property=\"og:title\" content=\"Metali - Nomis\" \/>\n<meta property=\"og:description\" content=\"Catamold\u00ae je granulat visoke kvalitete za MIM (metal injection molding) proizvo\u0111a\u010da BASF SE. \u00a0Niskolegirani i ner\u0111aju\u0107i \u010delici, te specijalne legure iz inovativne palete\u00a0 Catamold\u00ae materijala nailaze na \u0161iroku primenu u automobilskoj i elektroindustriji, kao i u ostalim granama industrije gdje se na konvencionalnim ma\u0161inama za brizganje posti\u017ee povoljna, pouzdana i precizna proizvodnja \u00a0geometrijski zahtevnih delova.  Catamold\u00ae materijalima mogu\u0107e je posti\u0107i gusto\u0107u i do 100%, homogenu strukturu te mehani\u010dka svojstva odabranog \u010delika. Sva ta svojstva kao i kvaliteta povr\u0161ine dovode do toga da naknadna\u00a0 obrada proizvedenih komada u ve\u0107ini slu\u010dajeva nije potrebna.  Kompanija Nomis, kao distributer Catamold\u00ae materijala, osim nabave i isporuke potrebnih koli\u010dina, nudi kompletnu uslugu tehni\u010dkog savetovanja - od odabira materijala i opreme za MIM\u00a0 proizvodnju do kompletnog procesa uhodavanja proizvodnje po sistemu \u201eklju\u010d u ruke\u201c.  \u00aeRegistrirani za\u0161titni znak tvrtke BASF SE  Ispod navedene materijale kontinuirano dr\u017eimo na skladi\u0161tu, a ostali materijali su dostupni na zahtev.  *Slike su informativnog karaktera\" \/>\n<meta property=\"og:url\" content=\"https:\/\/nomis.hr\/sr\/produkt\/metali\/\" \/>\n<meta property=\"og:site_name\" content=\"Nomis\" \/>\n<meta property=\"article:modified_time\" content=\"2023-02-24T15:01:12+00:00\" \/>\n<meta name=\"twitter:card\" content=\"summary_large_image\" \/>\n<script type=\"application\/ld+json\" class=\"yoast-schema-graph\">{\"@context\":\"https:\\\/\\\/schema.org\",\"@graph\":[{\"@type\":\"WebPage\",\"@id\":\"https:\\\/\\\/nomis.hr\\\/sr\\\/produkt\\\/metali\\\/\",\"url\":\"https:\\\/\\\/nomis.hr\\\/sr\\\/produkt\\\/metali\\\/\",\"name\":\"Metali - Nomis\",\"isPartOf\":{\"@id\":\"https:\\\/\\\/nomis.hr\\\/#website\"},\"primaryImageOfPage\":{\"@id\":\"https:\\\/\\\/nomis.hr\\\/sr\\\/produkt\\\/metali\\\/#primaryimage\"},\"image\":{\"@id\":\"https:\\\/\\\/nomis.hr\\\/sr\\\/produkt\\\/metali\\\/#primaryimage\"},\"thumbnailUrl\":\"https:\\\/\\\/nomis.hr\\\/wp-content\\\/uploads\\\/2021\\\/04\\\/Catamold.jpg\",\"datePublished\":\"2022-03-18T10:58:12+00:00\",\"dateModified\":\"2023-02-24T15:01:12+00:00\",\"breadcrumb\":{\"@id\":\"https:\\\/\\\/nomis.hr\\\/sr\\\/produkt\\\/metali\\\/#breadcrumb\"},\"inLanguage\":\"sr-RS\",\"potentialAction\":[{\"@type\":\"ReadAction\",\"target\":[\"https:\\\/\\\/nomis.hr\\\/sr\\\/produkt\\\/metali\\\/\"]}]},{\"@type\":\"ImageObject\",\"inLanguage\":\"sr-RS\",\"@id\":\"https:\\\/\\\/nomis.hr\\\/sr\\\/produkt\\\/metali\\\/#primaryimage\",\"url\":\"https:\\\/\\\/nomis.hr\\\/wp-content\\\/uploads\\\/2021\\\/04\\\/Catamold.jpg\",\"contentUrl\":\"https:\\\/\\\/nomis.hr\\\/wp-content\\\/uploads\\\/2021\\\/04\\\/Catamold.jpg\",\"width\":1024,\"height\":1024},{\"@type\":\"BreadcrumbList\",\"@id\":\"https:\\\/\\\/nomis.hr\\\/sr\\\/produkt\\\/metali\\\/#breadcrumb\",\"itemListElement\":[{\"@type\":\"ListItem\",\"position\":1,\"name\":\"Home\",\"item\":\"https:\\\/\\\/nomis.hr\\\/sr\\\/\"},{\"@type\":\"ListItem\",\"position\":2,\"name\":\"Katalog proizvoda\",\"item\":\"https:\\\/\\\/nomis.hr\\\/sr\\\/katalog-proizvoda\\\/\"},{\"@type\":\"ListItem\",\"position\":3,\"name\":\"Metali\"}]},{\"@type\":\"WebSite\",\"@id\":\"https:\\\/\\\/nomis.hr\\\/#website\",\"url\":\"https:\\\/\\\/nomis.hr\\\/\",\"name\":\"Nomis\",\"description\":\"Sve za preradu polimera i metala na jednom mjestu!\",\"publisher\":{\"@id\":\"https:\\\/\\\/nomis.hr\\\/#organization\"},\"potentialAction\":[{\"@type\":\"SearchAction\",\"target\":{\"@type\":\"EntryPoint\",\"urlTemplate\":\"https:\\\/\\\/nomis.hr\\\/?s={search_term_string}\"},\"query-input\":{\"@type\":\"PropertyValueSpecification\",\"valueRequired\":true,\"valueName\":\"search_term_string\"}}],\"inLanguage\":\"sr-RS\"},{\"@type\":\"Organization\",\"@id\":\"https:\\\/\\\/nomis.hr\\\/#organization\",\"name\":\"Nomis\",\"url\":\"https:\\\/\\\/nomis.hr\\\/\",\"logo\":{\"@type\":\"ImageObject\",\"inLanguage\":\"sr-RS\",\"@id\":\"https:\\\/\\\/nomis.hr\\\/#\\\/schema\\\/logo\\\/image\\\/\",\"url\":\"https:\\\/\\\/nomis.hr\\\/wp-content\\\/uploads\\\/2021\\\/03\\\/Nomis-logo-admin-login.png\",\"contentUrl\":\"https:\\\/\\\/nomis.hr\\\/wp-content\\\/uploads\\\/2021\\\/03\\\/Nomis-logo-admin-login.png\",\"width\":640,\"height\":163,\"caption\":\"Nomis\"},\"image\":{\"@id\":\"https:\\\/\\\/nomis.hr\\\/#\\\/schema\\\/logo\\\/image\\\/\"}}]}<\/script>\n<!-- \/ Yoast SEO plugin. -->","yoast_head_json":{"title":"Metali - Nomis","robots":{"index":"index","follow":"follow","max-snippet":"max-snippet:-1","max-image-preview":"max-image-preview:large","max-video-preview":"max-video-preview:-1"},"canonical":"https:\/\/nomis.hr\/sr\/produkt\/metali\/","og_locale":"sr_RS","og_type":"article","og_title":"Metali - Nomis","og_description":"Catamold\u00ae je granulat visoke kvalitete za MIM (metal injection molding) proizvo\u0111a\u010da BASF SE. \u00a0Niskolegirani i ner\u0111aju\u0107i \u010delici, te specijalne legure iz inovativne palete\u00a0 Catamold\u00ae materijala nailaze na \u0161iroku primenu u automobilskoj i elektroindustriji, kao i u ostalim granama industrije gdje se na konvencionalnim ma\u0161inama za brizganje posti\u017ee povoljna, pouzdana i precizna proizvodnja \u00a0geometrijski zahtevnih delova.  Catamold\u00ae materijalima mogu\u0107e je posti\u0107i gusto\u0107u i do 100%, homogenu strukturu te mehani\u010dka svojstva odabranog \u010delika. Sva ta svojstva kao i kvaliteta povr\u0161ine dovode do toga da naknadna\u00a0 obrada proizvedenih komada u ve\u0107ini slu\u010dajeva nije potrebna.  Kompanija Nomis, kao distributer Catamold\u00ae materijala, osim nabave i isporuke potrebnih koli\u010dina, nudi kompletnu uslugu tehni\u010dkog savetovanja - od odabira materijala i opreme za MIM\u00a0 proizvodnju do kompletnog procesa uhodavanja proizvodnje po sistemu \u201eklju\u010d u ruke\u201c.  \u00aeRegistrirani za\u0161titni znak tvrtke BASF SE  Ispod navedene materijale kontinuirano dr\u017eimo na skladi\u0161tu, a ostali materijali su dostupni na zahtev.  *Slike su informativnog karaktera","og_url":"https:\/\/nomis.hr\/sr\/produkt\/metali\/","og_site_name":"Nomis","article_modified_time":"2023-02-24T15:01:12+00:00","twitter_card":"summary_large_image","schema":{"@context":"https:\/\/schema.org","@graph":[{"@type":"WebPage","@id":"https:\/\/nomis.hr\/sr\/produkt\/metali\/","url":"https:\/\/nomis.hr\/sr\/produkt\/metali\/","name":"Metali - Nomis","isPartOf":{"@id":"https:\/\/nomis.hr\/#website"},"primaryImageOfPage":{"@id":"https:\/\/nomis.hr\/sr\/produkt\/metali\/#primaryimage"},"image":{"@id":"https:\/\/nomis.hr\/sr\/produkt\/metali\/#primaryimage"},"thumbnailUrl":"https:\/\/nomis.hr\/wp-content\/uploads\/2021\/04\/Catamold.jpg","datePublished":"2022-03-18T10:58:12+00:00","dateModified":"2023-02-24T15:01:12+00:00","breadcrumb":{"@id":"https:\/\/nomis.hr\/sr\/produkt\/metali\/#breadcrumb"},"inLanguage":"sr-RS","potentialAction":[{"@type":"ReadAction","target":["https:\/\/nomis.hr\/sr\/produkt\/metali\/"]}]},{"@type":"ImageObject","inLanguage":"sr-RS","@id":"https:\/\/nomis.hr\/sr\/produkt\/metali\/#primaryimage","url":"https:\/\/nomis.hr\/wp-content\/uploads\/2021\/04\/Catamold.jpg","contentUrl":"https:\/\/nomis.hr\/wp-content\/uploads\/2021\/04\/Catamold.jpg","width":1024,"height":1024},{"@type":"BreadcrumbList","@id":"https:\/\/nomis.hr\/sr\/produkt\/metali\/#breadcrumb","itemListElement":[{"@type":"ListItem","position":1,"name":"Home","item":"https:\/\/nomis.hr\/sr\/"},{"@type":"ListItem","position":2,"name":"Katalog proizvoda","item":"https:\/\/nomis.hr\/sr\/katalog-proizvoda\/"},{"@type":"ListItem","position":3,"name":"Metali"}]},{"@type":"WebSite","@id":"https:\/\/nomis.hr\/#website","url":"https:\/\/nomis.hr\/","name":"Nomis","description":"Sve za preradu polimera i metala na jednom mjestu!","publisher":{"@id":"https:\/\/nomis.hr\/#organization"},"potentialAction":[{"@type":"SearchAction","target":{"@type":"EntryPoint","urlTemplate":"https:\/\/nomis.hr\/?s={search_term_string}"},"query-input":{"@type":"PropertyValueSpecification","valueRequired":true,"valueName":"search_term_string"}}],"inLanguage":"sr-RS"},{"@type":"Organization","@id":"https:\/\/nomis.hr\/#organization","name":"Nomis","url":"https:\/\/nomis.hr\/","logo":{"@type":"ImageObject","inLanguage":"sr-RS","@id":"https:\/\/nomis.hr\/#\/schema\/logo\/image\/","url":"https:\/\/nomis.hr\/wp-content\/uploads\/2021\/03\/Nomis-logo-admin-login.png","contentUrl":"https:\/\/nomis.hr\/wp-content\/uploads\/2021\/03\/Nomis-logo-admin-login.png","width":640,"height":163,"caption":"Nomis"},"image":{"@id":"https:\/\/nomis.hr\/#\/schema\/logo\/image\/"}}]}},"_links":{"self":[{"href":"https:\/\/nomis.hr\/sr\/wp-json\/wp\/v2\/product\/3869","targetHints":{"allow":["GET"]}}],"collection":[{"href":"https:\/\/nomis.hr\/sr\/wp-json\/wp\/v2\/product"}],"about":[{"href":"https:\/\/nomis.hr\/sr\/wp-json\/wp\/v2\/types\/product"}],"wp:featuredmedia":[{"embeddable":true,"href":"https:\/\/nomis.hr\/sr\/wp-json\/wp\/v2\/media\/830"}],"wp:attachment":[{"href":"https:\/\/nomis.hr\/sr\/wp-json\/wp\/v2\/media?parent=3869"}],"wp:term":[{"taxonomy":"product_brand","embeddable":true,"href":"https:\/\/nomis.hr\/sr\/wp-json\/wp\/v2\/product_brand?post=3869"},{"taxonomy":"product_cat","embeddable":true,"href":"https:\/\/nomis.hr\/sr\/wp-json\/wp\/v2\/product_cat?post=3869"},{"taxonomy":"product_tag","embeddable":true,"href":"https:\/\/nomis.hr\/sr\/wp-json\/wp\/v2\/product_tag?post=3869"}],"curies":[{"name":"wp","href":"https:\/\/api.w.org\/{rel}","templated":true}]}}