{"id":3887,"date":"2021-04-11T17:11:45","date_gmt":"2021-04-11T15:11:45","guid":{"rendered":"https:\/\/nomis.hr\/product\/6-osni-robot-sustav\/"},"modified":"2022-10-25T14:14:34","modified_gmt":"2022-10-25T12:14:34","slug":"6-osni-robot-sustav","status":"publish","type":"product","link":"https:\/\/nomis.hr\/sr\/produkt\/6-osni-robot-sustav\/","title":{"rendered":"6-osni robot sistem"},"content":{"rendered":"","protected":false},"excerpt":{"rendered":"<p>U suradnji s vode\u0107im svetskim proizvo\u0111a\u010dem 6-osnih robota KUKA, ARBURG je u mogu\u0107nosti isporu\u010diti i najkomplikovanije sisteme automatizovane manipulacije. 6-osni robot sistem se odlikuje sa visokim stepenom fleksibilnosti, kompaktnim dizajnom i malom tlocrtnom povr\u0161inom, \u0161to mu omogu\u0107ava svladavanje vrlo slo\u017eenih zadataka. Svi procesi se programiraju preko odvojene upravlja\u010dke jedinice, sa sli\u010dnim simbolima kao i SELOGICA upravlja\u010dki sistem.<\/p>\n<ul>\n<li>masa rukovanja: 6 do 60 kg<\/li>\n<li>integrisani rad: snimanje standardnih podataka za brizgalicu i robot sistem<\/li>\n<li>br\u017ei ciklusi i sinkronizirani pokreti zahvaljuju\u0107i pro\u0161irenoj vezi u realnom vremenu izme\u0111u SELOGICA upravlja\u010dkog sistema i robot sistema<\/li>\n<li>pobolj\u0161ana funkcionalnost standardnih operacija, npr. pomak do po\u010detnog polo\u017eaja ili stvaranje prilago\u0111enih nizova<\/li>\n<\/ul>\n<p>&nbsp;<\/p>\n[fusion_button link=\"https:\/\/nomis.hr\/wp-content\/uploads\/2022\/05\/arburg_robotic_systems_522728_en_gb.pdf\" title=\"\" target=\"_blank\" link_attributes=\"\" alignment_medium=\"\" alignment_small=\"\" alignment=\"\" modal=\"\" hide_on_mobile=\"small-visibility,medium-visibility,large-visibility\" sticky_display=\"normal,sticky\" class=\"\" id=\"\" color=\"default\" button_gradient_top_color=\"\" hue=\"\" saturation=\"\" lightness=\"\" alpha=\"\" button_gradient_bottom_color=\"\" button_gradient_top_color_hover=\"\" button_gradient_bottom_color_hover=\"\" gradient_start_position=\"\" gradient_end_position=\"\" gradient_type=\"\" radial_direction=\"\" linear_angle=\"180\" accent_color=\"\" accent_hover_color=\"\" type=\"\" bevel_color=\"\" bevel_color_hover=\"\" border_top=\"\" border_right=\"\" border_bottom=\"\" border_left=\"\" border_radius_top_left=\"\" border_radius_top_right=\"\" border_radius_bottom_right=\"\" border_radius_bottom_left=\"\" border_color=\"\" border_hover_color=\"\" size=\"\" padding_top=\"\" padding_right=\"\" padding_bottom=\"\" padding_left=\"\" fusion_font_family_button_font=\"\" fusion_font_variant_button_font=\"\" font_size=\"\" line_height=\"\" letter_spacing=\"\" text_transform=\"\" stretch=\"default\" margin_top=\"\" margin_right=\"\" margin_bottom=\"\" margin_left=\"\" icon=\"fa-file-pdf fas\" icon_position=\"left\" icon_divider=\"no\" animation_type=\"\" animation_direction=\"left\" animation_speed=\"0.3\" animation_offset=\"\"]Tehni\u010dki dokument[\/fusion_button]\n","protected":false},"featured_media":3889,"template":"","meta":[],"product_cat":[226,227,229],"product_tag":[],"yoast_head":"<!-- This site is optimized with the Yoast SEO plugin v21.3 - https:\/\/yoast.com\/wordpress\/plugins\/seo\/ -->\n<title>6-osni robot sistem - Nomis<\/title>\n<meta name=\"robots\" content=\"index, follow, max-snippet:-1, max-image-preview:large, max-video-preview:-1\" \/>\n<link rel=\"canonical\" href=\"https:\/\/nomis.hr\/sr\/produkt\/6-osni-robot-sustav\/\" \/>\n<meta property=\"og:locale\" content=\"sr_RS\" \/>\n<meta property=\"og:type\" content=\"article\" \/>\n<meta property=\"og:title\" content=\"6-osni robot sistem - Nomis\" \/>\n<meta property=\"og:description\" content=\"U suradnji s vode\u0107im svetskim proizvo\u0111a\u010dem 6-osnih robota KUKA, ARBURG je u mogu\u0107nosti isporu\u010diti i najkomplikovanije sisteme automatizovane manipulacije. 6-osni robot sistem se odlikuje sa visokim stepenom fleksibilnosti, kompaktnim dizajnom i malom tlocrtnom povr\u0161inom, \u0161to mu omogu\u0107ava svladavanje vrlo slo\u017eenih zadataka. Svi procesi se programiraju preko odvojene upravlja\u010dke jedinice, sa sli\u010dnim simbolima kao i SELOGICA upravlja\u010dki sistem.   masa rukovanja: 6 do 60 kg  integrisani rad: snimanje standardnih podataka za brizgalicu i robot sistem  br\u017ei ciklusi i sinkronizirani pokreti zahvaljuju\u0107i pro\u0161irenoj vezi u realnom vremenu izme\u0111u SELOGICA upravlja\u010dkog sistema i robot sistema  pobolj\u0161ana funkcionalnost standardnih operacija, npr. pomak do po\u010detnog polo\u017eaja ili stvaranje prilago\u0111enih nizova  &nbsp;\" \/>\n<meta property=\"og:url\" content=\"https:\/\/nomis.hr\/sr\/produkt\/6-osni-robot-sustav\/\" \/>\n<meta property=\"og:site_name\" content=\"Nomis\" \/>\n<meta property=\"article:modified_time\" content=\"2022-10-25T12:14:34+00:00\" \/>\n<meta property=\"og:image\" content=\"https:\/\/nomis.hr\/wp-content\/uploads\/2021\/04\/6-osni-robot-sustav2.jpg\" \/>\n\t<meta property=\"og:image:width\" content=\"1024\" \/>\n\t<meta property=\"og:image:height\" content=\"1024\" \/>\n\t<meta property=\"og:image:type\" content=\"image\/jpeg\" \/>\n<meta name=\"twitter:card\" content=\"summary_large_image\" \/>\n<script type=\"application\/ld+json\" class=\"yoast-schema-graph\">{\"@context\":\"https:\/\/schema.org\",\"@graph\":[{\"@type\":\"WebPage\",\"@id\":\"https:\/\/nomis.hr\/sr\/produkt\/6-osni-robot-sustav\/\",\"url\":\"https:\/\/nomis.hr\/sr\/produkt\/6-osni-robot-sustav\/\",\"name\":\"6-osni robot sistem - Nomis\",\"isPartOf\":{\"@id\":\"https:\/\/nomis.hr\/#website\"},\"datePublished\":\"2021-04-11T15:11:45+00:00\",\"dateModified\":\"2022-10-25T12:14:34+00:00\",\"breadcrumb\":{\"@id\":\"https:\/\/nomis.hr\/sr\/produkt\/6-osni-robot-sustav\/#breadcrumb\"},\"inLanguage\":\"sr-RS\",\"potentialAction\":[{\"@type\":\"ReadAction\",\"target\":[\"https:\/\/nomis.hr\/sr\/produkt\/6-osni-robot-sustav\/\"]}]},{\"@type\":\"BreadcrumbList\",\"@id\":\"https:\/\/nomis.hr\/sr\/produkt\/6-osni-robot-sustav\/#breadcrumb\",\"itemListElement\":[{\"@type\":\"ListItem\",\"position\":1,\"name\":\"Home\",\"item\":\"https:\/\/nomis.hr\/sr\/\"},{\"@type\":\"ListItem\",\"position\":2,\"name\":\"Katalog proizvoda\",\"item\":\"https:\/\/nomis.hr\/sr\/katalog-proizvoda\/\"},{\"@type\":\"ListItem\",\"position\":3,\"name\":\"6-osni robot sistem\"}]},{\"@type\":\"WebSite\",\"@id\":\"https:\/\/nomis.hr\/#website\",\"url\":\"https:\/\/nomis.hr\/\",\"name\":\"Nomis\",\"description\":\"Sve za preradu polimera i metala na jednom mjestu!\",\"publisher\":{\"@id\":\"https:\/\/nomis.hr\/#organization\"},\"potentialAction\":[{\"@type\":\"SearchAction\",\"target\":{\"@type\":\"EntryPoint\",\"urlTemplate\":\"https:\/\/nomis.hr\/?s={search_term_string}\"},\"query-input\":\"required name=search_term_string\"}],\"inLanguage\":\"sr-RS\"},{\"@type\":\"Organization\",\"@id\":\"https:\/\/nomis.hr\/#organization\",\"name\":\"Nomis\",\"url\":\"https:\/\/nomis.hr\/\",\"logo\":{\"@type\":\"ImageObject\",\"inLanguage\":\"sr-RS\",\"@id\":\"https:\/\/nomis.hr\/#\/schema\/logo\/image\/\",\"url\":\"https:\/\/nomis.hr\/wp-content\/uploads\/2021\/03\/Nomis-logo-admin-login.png\",\"contentUrl\":\"https:\/\/nomis.hr\/wp-content\/uploads\/2021\/03\/Nomis-logo-admin-login.png\",\"width\":640,\"height\":163,\"caption\":\"Nomis\"},\"image\":{\"@id\":\"https:\/\/nomis.hr\/#\/schema\/logo\/image\/\"}}]}<\/script>\n<!-- \/ Yoast SEO plugin. -->","yoast_head_json":{"title":"6-osni robot sistem - Nomis","robots":{"index":"index","follow":"follow","max-snippet":"max-snippet:-1","max-image-preview":"max-image-preview:large","max-video-preview":"max-video-preview:-1"},"canonical":"https:\/\/nomis.hr\/sr\/produkt\/6-osni-robot-sustav\/","og_locale":"sr_RS","og_type":"article","og_title":"6-osni robot sistem - Nomis","og_description":"U suradnji s vode\u0107im svetskim proizvo\u0111a\u010dem 6-osnih robota KUKA, ARBURG je u mogu\u0107nosti isporu\u010diti i najkomplikovanije sisteme automatizovane manipulacije. 6-osni robot sistem se odlikuje sa visokim stepenom fleksibilnosti, kompaktnim dizajnom i malom tlocrtnom povr\u0161inom, \u0161to mu omogu\u0107ava svladavanje vrlo slo\u017eenih zadataka. Svi procesi se programiraju preko odvojene upravlja\u010dke jedinice, sa sli\u010dnim simbolima kao i SELOGICA upravlja\u010dki sistem.   masa rukovanja: 6 do 60 kg  integrisani rad: snimanje standardnih podataka za brizgalicu i robot sistem  br\u017ei ciklusi i sinkronizirani pokreti zahvaljuju\u0107i pro\u0161irenoj vezi u realnom vremenu izme\u0111u SELOGICA upravlja\u010dkog sistema i robot sistema  pobolj\u0161ana funkcionalnost standardnih operacija, npr. pomak do po\u010detnog polo\u017eaja ili stvaranje prilago\u0111enih nizova  &nbsp;","og_url":"https:\/\/nomis.hr\/sr\/produkt\/6-osni-robot-sustav\/","og_site_name":"Nomis","article_modified_time":"2022-10-25T12:14:34+00:00","og_image":[{"width":1024,"height":1024,"url":"https:\/\/nomis.hr\/wp-content\/uploads\/2021\/04\/6-osni-robot-sustav2.jpg","type":"image\/jpeg"}],"twitter_card":"summary_large_image","schema":{"@context":"https:\/\/schema.org","@graph":[{"@type":"WebPage","@id":"https:\/\/nomis.hr\/sr\/produkt\/6-osni-robot-sustav\/","url":"https:\/\/nomis.hr\/sr\/produkt\/6-osni-robot-sustav\/","name":"6-osni robot sistem - Nomis","isPartOf":{"@id":"https:\/\/nomis.hr\/#website"},"datePublished":"2021-04-11T15:11:45+00:00","dateModified":"2022-10-25T12:14:34+00:00","breadcrumb":{"@id":"https:\/\/nomis.hr\/sr\/produkt\/6-osni-robot-sustav\/#breadcrumb"},"inLanguage":"sr-RS","potentialAction":[{"@type":"ReadAction","target":["https:\/\/nomis.hr\/sr\/produkt\/6-osni-robot-sustav\/"]}]},{"@type":"BreadcrumbList","@id":"https:\/\/nomis.hr\/sr\/produkt\/6-osni-robot-sustav\/#breadcrumb","itemListElement":[{"@type":"ListItem","position":1,"name":"Home","item":"https:\/\/nomis.hr\/sr\/"},{"@type":"ListItem","position":2,"name":"Katalog proizvoda","item":"https:\/\/nomis.hr\/sr\/katalog-proizvoda\/"},{"@type":"ListItem","position":3,"name":"6-osni robot sistem"}]},{"@type":"WebSite","@id":"https:\/\/nomis.hr\/#website","url":"https:\/\/nomis.hr\/","name":"Nomis","description":"Sve za preradu polimera i metala na jednom mjestu!","publisher":{"@id":"https:\/\/nomis.hr\/#organization"},"potentialAction":[{"@type":"SearchAction","target":{"@type":"EntryPoint","urlTemplate":"https:\/\/nomis.hr\/?s={search_term_string}"},"query-input":"required name=search_term_string"}],"inLanguage":"sr-RS"},{"@type":"Organization","@id":"https:\/\/nomis.hr\/#organization","name":"Nomis","url":"https:\/\/nomis.hr\/","logo":{"@type":"ImageObject","inLanguage":"sr-RS","@id":"https:\/\/nomis.hr\/#\/schema\/logo\/image\/","url":"https:\/\/nomis.hr\/wp-content\/uploads\/2021\/03\/Nomis-logo-admin-login.png","contentUrl":"https:\/\/nomis.hr\/wp-content\/uploads\/2021\/03\/Nomis-logo-admin-login.png","width":640,"height":163,"caption":"Nomis"},"image":{"@id":"https:\/\/nomis.hr\/#\/schema\/logo\/image\/"}}]}},"_links":{"self":[{"href":"https:\/\/nomis.hr\/sr\/wp-json\/wp\/v2\/product\/3887"}],"collection":[{"href":"https:\/\/nomis.hr\/sr\/wp-json\/wp\/v2\/product"}],"about":[{"href":"https:\/\/nomis.hr\/sr\/wp-json\/wp\/v2\/types\/product"}],"wp:featuredmedia":[{"embeddable":true,"href":"https:\/\/nomis.hr\/sr\/wp-json\/wp\/v2\/media\/3889"}],"wp:attachment":[{"href":"https:\/\/nomis.hr\/sr\/wp-json\/wp\/v2\/media?parent=3887"}],"wp:term":[{"taxonomy":"product_cat","embeddable":true,"href":"https:\/\/nomis.hr\/sr\/wp-json\/wp\/v2\/product_cat?post=3887"},{"taxonomy":"product_tag","embeddable":true,"href":"https:\/\/nomis.hr\/sr\/wp-json\/wp\/v2\/product_tag?post=3887"}],"curies":[{"name":"wp","href":"https:\/\/api.w.org\/{rel}","templated":true}]}}