{"id":3890,"date":"2021-04-11T17:08:30","date_gmt":"2021-04-11T15:08:30","guid":{"rendered":"https:\/\/nomis.hr\/product\/multilift\/"},"modified":"2021-04-11T17:08:30","modified_gmt":"2021-04-11T15:08:30","slug":"multilift","status":"publish","type":"product","link":"https:\/\/nomis.hr\/sr\/produkt\/multilift\/","title":{"rendered":"MULTILIFT"},"content":{"rendered":"","protected":false},"excerpt":{"rendered":"<p>Za zahtevne zadatke ARBURG je razvio paletu robot sistema MULTILIFT koji se odlikuju visokim stepenom prilagodljivosti. Osim odvajanja odlivaka i izvla\u010denja komada, zavisno o verziji MULTILIFT-a, mogu\u0107e je vr\u0161iti i vrlo kompleksne radnje poput izvla\u010denja umetaka i odlaganja komada. Ove verzije i razli\u010dite radnje ne isklju\u010duju jedna drugu, ve\u0107 se nadopunjuju.<\/p>\n<p>MULTILIFT H hvataljke ulaze u kalup horizontalno sa zadnje strane ma\u0161ine, ostavljaju\u0107i prazan prostor iznad jedinice stezanja, \u0161to ga \u010dini prikladnim za pogone s niskim stropovima. Druga velika prednost je u smanjenju broja osi gibanja \u0161to rezultuje kra\u0107im i br\u017eim hodovima i mogu\u0107no\u0161\u0107u skra\u0107ivanja ciklusa.<\/p>\n<p>MULTILIFT V je postavljen iznad ma\u0161ine i izvla\u010di odlivke iz kalupa vertikalno. Tri osi pokretane elektri\u010dnim servo motorima su u mogu\u0107nosti izvesti sve vrste kompleksnih zadataka brzo i precizno. Primenjuje se kod visoko kompleksnih umetanja, izvla\u010denja i odlaganja.<\/p>\n<ul>\n<li>masa rukovanja MULTILIFT H: do 5 kg<\/li>\n<li>masa rukovanja MULTILIFT V: 6 do 25 kg<\/li>\n<li>fleksibilno rukovanje odlicvima: individualna konfiguracija ose i slobodno programiranje uzoraka preuzimanja i odlaganja<\/li>\n<li>smanjena vremena ciklusa zahvaljuju\u0107i slobodno programiraju\u0107im simultanim pokretima<\/li>\n<li>kratka vremena postavljanja zahvaljuju\u0107i teach-in funkciji<\/li>\n<\/ul>\n<p>&nbsp;<\/p>\n[fusion_button link=\"https:\/\/nomis.hr\/wp-content\/uploads\/2022\/05\/arburg_robotic_systems_522728_en_gb-1.pdf\" title=\"\" target=\"_blank\" link_attributes=\"\" alignment_medium=\"\" alignment_small=\"\" alignment=\"\" modal=\"\" hide_on_mobile=\"small-visibility,medium-visibility,large-visibility\" sticky_display=\"normal,sticky\" class=\"\" id=\"\" color=\"default\" button_gradient_top_color=\"\" hue=\"\" saturation=\"\" lightness=\"\" alpha=\"\" button_gradient_bottom_color=\"\" button_gradient_top_color_hover=\"\" button_gradient_bottom_color_hover=\"\" gradient_start_position=\"\" gradient_end_position=\"\" gradient_type=\"\" radial_direction=\"\" linear_angle=\"180\" accent_color=\"\" accent_hover_color=\"\" type=\"\" bevel_color=\"\" bevel_color_hover=\"\" border_top=\"\" border_right=\"\" border_bottom=\"\" border_left=\"\" border_radius_top_left=\"\" border_radius_top_right=\"\" border_radius_bottom_right=\"\" border_radius_bottom_left=\"\" border_color=\"\" border_hover_color=\"\" size=\"\" padding_top=\"\" padding_right=\"\" padding_bottom=\"\" padding_left=\"\" fusion_font_family_button_font=\"\" fusion_font_variant_button_font=\"\" font_size=\"\" line_height=\"\" letter_spacing=\"\" text_transform=\"\" stretch=\"default\" margin_top=\"\" margin_right=\"\" margin_bottom=\"\" margin_left=\"\" icon=\"fa-file-pdf fas\" icon_position=\"left\" icon_divider=\"no\" animation_type=\"\" animation_direction=\"left\" animation_speed=\"0.3\" animation_offset=\"\"]Tehni\u010dki dokument[\/fusion_button]\n","protected":false},"featured_media":3892,"template":"","meta":[],"product_cat":[226,227,229],"product_tag":[],"yoast_head":"<!-- This site is optimized with the Yoast SEO plugin v21.3 - https:\/\/yoast.com\/wordpress\/plugins\/seo\/ -->\n<title>MULTILIFT - Nomis<\/title>\n<meta name=\"robots\" content=\"index, follow, max-snippet:-1, max-image-preview:large, max-video-preview:-1\" \/>\n<link rel=\"canonical\" href=\"https:\/\/nomis.hr\/sr\/produkt\/multilift\/\" \/>\n<meta property=\"og:locale\" content=\"sr_RS\" \/>\n<meta property=\"og:type\" content=\"article\" \/>\n<meta property=\"og:title\" content=\"MULTILIFT - Nomis\" \/>\n<meta property=\"og:description\" content=\"Za zahtevne zadatke ARBURG je razvio paletu robot sistema MULTILIFT koji se odlikuju visokim stepenom prilagodljivosti. Osim odvajanja odlivaka i izvla\u010denja komada, zavisno o verziji MULTILIFT-a, mogu\u0107e je vr\u0161iti i vrlo kompleksne radnje poput izvla\u010denja umetaka i odlaganja komada. Ove verzije i razli\u010dite radnje ne isklju\u010duju jedna drugu, ve\u0107 se nadopunjuju.  MULTILIFT H hvataljke ulaze u kalup horizontalno sa zadnje strane ma\u0161ine, ostavljaju\u0107i prazan prostor iznad jedinice stezanja, \u0161to ga \u010dini prikladnim za pogone s niskim stropovima. Druga velika prednost je u smanjenju broja osi gibanja \u0161to rezultuje kra\u0107im i br\u017eim hodovima i mogu\u0107no\u0161\u0107u skra\u0107ivanja ciklusa.  MULTILIFT V je postavljen iznad ma\u0161ine i izvla\u010di odlivke iz kalupa vertikalno. Tri osi pokretane elektri\u010dnim servo motorima su u mogu\u0107nosti izvesti sve vrste kompleksnih zadataka brzo i precizno. Primenjuje se kod visoko kompleksnih umetanja, izvla\u010denja i odlaganja.   masa rukovanja MULTILIFT H: do 5 kg  masa rukovanja MULTILIFT V: 6 do 25 kg  fleksibilno rukovanje odlicvima: individualna konfiguracija ose i slobodno programiranje uzoraka preuzimanja i odlaganja  smanjena vremena ciklusa zahvaljuju\u0107i slobodno programiraju\u0107im simultanim pokretima  kratka vremena postavljanja zahvaljuju\u0107i teach-in funkciji  &nbsp;\" \/>\n<meta property=\"og:url\" content=\"https:\/\/nomis.hr\/sr\/produkt\/multilift\/\" \/>\n<meta property=\"og:site_name\" content=\"Nomis\" \/>\n<meta property=\"og:image\" content=\"https:\/\/nomis.hr\/wp-content\/uploads\/2021\/04\/MULTILIFT2.jpg\" \/>\n\t<meta property=\"og:image:width\" content=\"1024\" \/>\n\t<meta property=\"og:image:height\" content=\"1024\" \/>\n\t<meta property=\"og:image:type\" content=\"image\/jpeg\" \/>\n<meta name=\"twitter:card\" content=\"summary_large_image\" \/>\n<script type=\"application\/ld+json\" class=\"yoast-schema-graph\">{\"@context\":\"https:\/\/schema.org\",\"@graph\":[{\"@type\":\"WebPage\",\"@id\":\"https:\/\/nomis.hr\/sr\/produkt\/multilift\/\",\"url\":\"https:\/\/nomis.hr\/sr\/produkt\/multilift\/\",\"name\":\"MULTILIFT - Nomis\",\"isPartOf\":{\"@id\":\"https:\/\/nomis.hr\/#website\"},\"datePublished\":\"2021-04-11T15:08:30+00:00\",\"dateModified\":\"2021-04-11T15:08:30+00:00\",\"breadcrumb\":{\"@id\":\"https:\/\/nomis.hr\/sr\/produkt\/multilift\/#breadcrumb\"},\"inLanguage\":\"sr-RS\",\"potentialAction\":[{\"@type\":\"ReadAction\",\"target\":[\"https:\/\/nomis.hr\/sr\/produkt\/multilift\/\"]}]},{\"@type\":\"BreadcrumbList\",\"@id\":\"https:\/\/nomis.hr\/sr\/produkt\/multilift\/#breadcrumb\",\"itemListElement\":[{\"@type\":\"ListItem\",\"position\":1,\"name\":\"Home\",\"item\":\"https:\/\/nomis.hr\/sr\/\"},{\"@type\":\"ListItem\",\"position\":2,\"name\":\"Katalog proizvoda\",\"item\":\"https:\/\/nomis.hr\/sr\/katalog-proizvoda\/\"},{\"@type\":\"ListItem\",\"position\":3,\"name\":\"MULTILIFT\"}]},{\"@type\":\"WebSite\",\"@id\":\"https:\/\/nomis.hr\/#website\",\"url\":\"https:\/\/nomis.hr\/\",\"name\":\"Nomis\",\"description\":\"Sve za preradu polimera i metala na jednom mjestu!\",\"publisher\":{\"@id\":\"https:\/\/nomis.hr\/#organization\"},\"potentialAction\":[{\"@type\":\"SearchAction\",\"target\":{\"@type\":\"EntryPoint\",\"urlTemplate\":\"https:\/\/nomis.hr\/?s={search_term_string}\"},\"query-input\":\"required name=search_term_string\"}],\"inLanguage\":\"sr-RS\"},{\"@type\":\"Organization\",\"@id\":\"https:\/\/nomis.hr\/#organization\",\"name\":\"Nomis\",\"url\":\"https:\/\/nomis.hr\/\",\"logo\":{\"@type\":\"ImageObject\",\"inLanguage\":\"sr-RS\",\"@id\":\"https:\/\/nomis.hr\/#\/schema\/logo\/image\/\",\"url\":\"https:\/\/nomis.hr\/wp-content\/uploads\/2021\/03\/Nomis-logo-admin-login.png\",\"contentUrl\":\"https:\/\/nomis.hr\/wp-content\/uploads\/2021\/03\/Nomis-logo-admin-login.png\",\"width\":640,\"height\":163,\"caption\":\"Nomis\"},\"image\":{\"@id\":\"https:\/\/nomis.hr\/#\/schema\/logo\/image\/\"}}]}<\/script>\n<!-- \/ Yoast SEO plugin. -->","yoast_head_json":{"title":"MULTILIFT - Nomis","robots":{"index":"index","follow":"follow","max-snippet":"max-snippet:-1","max-image-preview":"max-image-preview:large","max-video-preview":"max-video-preview:-1"},"canonical":"https:\/\/nomis.hr\/sr\/produkt\/multilift\/","og_locale":"sr_RS","og_type":"article","og_title":"MULTILIFT - Nomis","og_description":"Za zahtevne zadatke ARBURG je razvio paletu robot sistema MULTILIFT koji se odlikuju visokim stepenom prilagodljivosti. Osim odvajanja odlivaka i izvla\u010denja komada, zavisno o verziji MULTILIFT-a, mogu\u0107e je vr\u0161iti i vrlo kompleksne radnje poput izvla\u010denja umetaka i odlaganja komada. Ove verzije i razli\u010dite radnje ne isklju\u010duju jedna drugu, ve\u0107 se nadopunjuju.  MULTILIFT H hvataljke ulaze u kalup horizontalno sa zadnje strane ma\u0161ine, ostavljaju\u0107i prazan prostor iznad jedinice stezanja, \u0161to ga \u010dini prikladnim za pogone s niskim stropovima. Druga velika prednost je u smanjenju broja osi gibanja \u0161to rezultuje kra\u0107im i br\u017eim hodovima i mogu\u0107no\u0161\u0107u skra\u0107ivanja ciklusa.  MULTILIFT V je postavljen iznad ma\u0161ine i izvla\u010di odlivke iz kalupa vertikalno. Tri osi pokretane elektri\u010dnim servo motorima su u mogu\u0107nosti izvesti sve vrste kompleksnih zadataka brzo i precizno. Primenjuje se kod visoko kompleksnih umetanja, izvla\u010denja i odlaganja.   masa rukovanja MULTILIFT H: do 5 kg  masa rukovanja MULTILIFT V: 6 do 25 kg  fleksibilno rukovanje odlicvima: individualna konfiguracija ose i slobodno programiranje uzoraka preuzimanja i odlaganja  smanjena vremena ciklusa zahvaljuju\u0107i slobodno programiraju\u0107im simultanim pokretima  kratka vremena postavljanja zahvaljuju\u0107i teach-in funkciji  &nbsp;","og_url":"https:\/\/nomis.hr\/sr\/produkt\/multilift\/","og_site_name":"Nomis","og_image":[{"width":1024,"height":1024,"url":"https:\/\/nomis.hr\/wp-content\/uploads\/2021\/04\/MULTILIFT2.jpg","type":"image\/jpeg"}],"twitter_card":"summary_large_image","schema":{"@context":"https:\/\/schema.org","@graph":[{"@type":"WebPage","@id":"https:\/\/nomis.hr\/sr\/produkt\/multilift\/","url":"https:\/\/nomis.hr\/sr\/produkt\/multilift\/","name":"MULTILIFT - Nomis","isPartOf":{"@id":"https:\/\/nomis.hr\/#website"},"datePublished":"2021-04-11T15:08:30+00:00","dateModified":"2021-04-11T15:08:30+00:00","breadcrumb":{"@id":"https:\/\/nomis.hr\/sr\/produkt\/multilift\/#breadcrumb"},"inLanguage":"sr-RS","potentialAction":[{"@type":"ReadAction","target":["https:\/\/nomis.hr\/sr\/produkt\/multilift\/"]}]},{"@type":"BreadcrumbList","@id":"https:\/\/nomis.hr\/sr\/produkt\/multilift\/#breadcrumb","itemListElement":[{"@type":"ListItem","position":1,"name":"Home","item":"https:\/\/nomis.hr\/sr\/"},{"@type":"ListItem","position":2,"name":"Katalog proizvoda","item":"https:\/\/nomis.hr\/sr\/katalog-proizvoda\/"},{"@type":"ListItem","position":3,"name":"MULTILIFT"}]},{"@type":"WebSite","@id":"https:\/\/nomis.hr\/#website","url":"https:\/\/nomis.hr\/","name":"Nomis","description":"Sve za preradu polimera i metala na jednom mjestu!","publisher":{"@id":"https:\/\/nomis.hr\/#organization"},"potentialAction":[{"@type":"SearchAction","target":{"@type":"EntryPoint","urlTemplate":"https:\/\/nomis.hr\/?s={search_term_string}"},"query-input":"required name=search_term_string"}],"inLanguage":"sr-RS"},{"@type":"Organization","@id":"https:\/\/nomis.hr\/#organization","name":"Nomis","url":"https:\/\/nomis.hr\/","logo":{"@type":"ImageObject","inLanguage":"sr-RS","@id":"https:\/\/nomis.hr\/#\/schema\/logo\/image\/","url":"https:\/\/nomis.hr\/wp-content\/uploads\/2021\/03\/Nomis-logo-admin-login.png","contentUrl":"https:\/\/nomis.hr\/wp-content\/uploads\/2021\/03\/Nomis-logo-admin-login.png","width":640,"height":163,"caption":"Nomis"},"image":{"@id":"https:\/\/nomis.hr\/#\/schema\/logo\/image\/"}}]}},"_links":{"self":[{"href":"https:\/\/nomis.hr\/sr\/wp-json\/wp\/v2\/product\/3890"}],"collection":[{"href":"https:\/\/nomis.hr\/sr\/wp-json\/wp\/v2\/product"}],"about":[{"href":"https:\/\/nomis.hr\/sr\/wp-json\/wp\/v2\/types\/product"}],"wp:featuredmedia":[{"embeddable":true,"href":"https:\/\/nomis.hr\/sr\/wp-json\/wp\/v2\/media\/3892"}],"wp:attachment":[{"href":"https:\/\/nomis.hr\/sr\/wp-json\/wp\/v2\/media?parent=3890"}],"wp:term":[{"taxonomy":"product_cat","embeddable":true,"href":"https:\/\/nomis.hr\/sr\/wp-json\/wp\/v2\/product_cat?post=3890"},{"taxonomy":"product_tag","embeddable":true,"href":"https:\/\/nomis.hr\/sr\/wp-json\/wp\/v2\/product_tag?post=3890"}],"curies":[{"name":"wp","href":"https:\/\/api.w.org\/{rel}","templated":true}]}}