{"id":3894,"date":"2021-04-11T17:07:04","date_gmt":"2021-04-11T15:07:04","guid":{"rendered":"https:\/\/nomis.hr\/product\/hvataljke\/"},"modified":"2021-04-11T17:07:04","modified_gmt":"2021-04-11T15:07:04","slug":"hvataljke","status":"publish","type":"product","link":"https:\/\/nomis.hr\/sr\/produkt\/hvataljke\/","title":{"rendered":"Hvataljke"},"content":{"rendered":"","protected":false},"excerpt":{"rendered":"<p>Vertikalne hvataljke omogu\u0107avaju povoljan ulazak u svet automatizovanog uklanjanja i donosi fleksibilnost Va\u0161oj proizvodnji kroz brojne mogu\u0107nosti. Njihov kompaktni dizajn omogu\u0107uje neometanu instalaciju kalupa, a vreme intervencije za uklanjanje ulivka ostaje kratko. Servo-elektri\u010dni INTEGRALPICKER ulazi u alat brzo u vertikalnom ili horizontalnom pokretu, te u kratkom pokretu uklanja ulivak iz alata. Zahvaljuju\u0107i trima servo-elektri\u010dnim osaa, hvataljka radi brzo i precizno. Prednost ovakvog sistema su simultani, slobodno programiraju\u0107i pokreti ma\u0161ine, visoka dinamika, visoka ponovljivost i energetska efikasnost.<\/p>\n<ul>\n<li>masa rukovanja: do 1 kg<\/li>\n<li>zna\u010dajno smanjeno vreme pristupa u odnosu na pneumatske sisteme<\/li>\n<li>dinami\u010dka ulazna osa sa ubrzanjem do 20 m\/s2<\/li>\n<li>simultani, hodom-zavisni pokreti sa visokom ponovljivo\u0161\u0107u<\/li>\n<li>jednostavna instalacija alata s gornje strane<\/li>\n<li>kratka vremena postavljanja zahvaljuju\u0107i teach-in funkciji<\/li>\n<\/ul>\n<p>&nbsp;<\/p>\n[fusion_button link=\"https:\/\/nomis.hr\/wp-content\/uploads\/2022\/05\/arburg_integralpicker_v_td_680470_en_gb.pdf\" title=\"\" target=\"_blank\" link_attributes=\"\" alignment_medium=\"\" alignment_small=\"\" alignment=\"\" modal=\"\" hide_on_mobile=\"small-visibility,medium-visibility,large-visibility\" sticky_display=\"normal,sticky\" class=\"\" id=\"\" color=\"default\" button_gradient_top_color=\"\" hue=\"\" saturation=\"\" lightness=\"\" alpha=\"\" button_gradient_bottom_color=\"\" button_gradient_top_color_hover=\"\" button_gradient_bottom_color_hover=\"\" gradient_start_position=\"\" gradient_end_position=\"\" gradient_type=\"\" radial_direction=\"\" linear_angle=\"180\" accent_color=\"\" accent_hover_color=\"\" type=\"\" bevel_color=\"\" bevel_color_hover=\"\" border_top=\"\" border_right=\"\" border_bottom=\"\" border_left=\"\" border_radius_top_left=\"\" border_radius_top_right=\"\" border_radius_bottom_right=\"\" border_radius_bottom_left=\"\" border_color=\"\" border_hover_color=\"\" size=\"\" padding_top=\"\" padding_right=\"\" padding_bottom=\"\" padding_left=\"\" fusion_font_family_button_font=\"\" fusion_font_variant_button_font=\"\" font_size=\"\" line_height=\"\" letter_spacing=\"\" text_transform=\"\" stretch=\"default\" margin_top=\"\" margin_right=\"\" margin_bottom=\"\" margin_left=\"\" icon=\"fa-file-pdf fas\" icon_position=\"left\" icon_divider=\"no\" animation_type=\"\" animation_direction=\"left\" animation_speed=\"0.3\" animation_offset=\"\"]Tehni\u010dki dokument[\/fusion_button]\n","protected":false},"featured_media":3895,"template":"","meta":[],"product_brand":[],"product_cat":[227,226,229],"product_tag":[],"class_list":{"0":"post-3894","1":"product","2":"type-product","3":"status-publish","4":"has-post-thumbnail","6":"product_cat-arburg-sr","7":"product_cat-masine","8":"product_cat-robotski-sustavi-sr","10":"first","11":"instock","12":"shipping-taxable","13":"product-type-simple"},"yoast_head":"<!-- This site is optimized with the Yoast SEO plugin v27.4 - https:\/\/yoast.com\/product\/yoast-seo-wordpress\/ -->\n<title>Hvataljke - Nomis<\/title>\n<meta name=\"robots\" content=\"index, follow, max-snippet:-1, max-image-preview:large, max-video-preview:-1\" \/>\n<link rel=\"canonical\" href=\"https:\/\/nomis.hr\/sr\/produkt\/hvataljke\/\" \/>\n<meta property=\"og:locale\" content=\"sr_RS\" \/>\n<meta property=\"og:type\" content=\"article\" \/>\n<meta property=\"og:title\" content=\"Hvataljke - Nomis\" \/>\n<meta property=\"og:description\" content=\"Vertikalne hvataljke omogu\u0107avaju povoljan ulazak u svet automatizovanog uklanjanja i donosi fleksibilnost Va\u0161oj proizvodnji kroz brojne mogu\u0107nosti. Njihov kompaktni dizajn omogu\u0107uje neometanu instalaciju kalupa, a vreme intervencije za uklanjanje ulivka ostaje kratko. Servo-elektri\u010dni INTEGRALPICKER ulazi u alat brzo u vertikalnom ili horizontalnom pokretu, te u kratkom pokretu uklanja ulivak iz alata. Zahvaljuju\u0107i trima servo-elektri\u010dnim osaa, hvataljka radi brzo i precizno. Prednost ovakvog sistema su simultani, slobodno programiraju\u0107i pokreti ma\u0161ine, visoka dinamika, visoka ponovljivost i energetska efikasnost.   masa rukovanja: do 1 kg  zna\u010dajno smanjeno vreme pristupa u odnosu na pneumatske sisteme  dinami\u010dka ulazna osa sa ubrzanjem do 20 m\/s2  simultani, hodom-zavisni pokreti sa visokom ponovljivo\u0161\u0107u  jednostavna instalacija alata s gornje strane  kratka vremena postavljanja zahvaljuju\u0107i teach-in funkciji  &nbsp;\" \/>\n<meta property=\"og:url\" content=\"https:\/\/nomis.hr\/sr\/produkt\/hvataljke\/\" \/>\n<meta property=\"og:site_name\" content=\"Nomis\" \/>\n<meta property=\"og:image\" content=\"https:\/\/nomis.hr\/wp-content\/uploads\/2021\/04\/Hvataljke.jpg\" \/>\n\t<meta property=\"og:image:width\" content=\"1024\" \/>\n\t<meta property=\"og:image:height\" content=\"1024\" \/>\n\t<meta property=\"og:image:type\" content=\"image\/jpeg\" \/>\n<meta name=\"twitter:card\" content=\"summary_large_image\" \/>\n<script type=\"application\/ld+json\" class=\"yoast-schema-graph\">{\"@context\":\"https:\\\/\\\/schema.org\",\"@graph\":[{\"@type\":\"WebPage\",\"@id\":\"https:\\\/\\\/nomis.hr\\\/sr\\\/produkt\\\/hvataljke\\\/\",\"url\":\"https:\\\/\\\/nomis.hr\\\/sr\\\/produkt\\\/hvataljke\\\/\",\"name\":\"Hvataljke - Nomis\",\"isPartOf\":{\"@id\":\"https:\\\/\\\/nomis.hr\\\/#website\"},\"primaryImageOfPage\":{\"@id\":\"https:\\\/\\\/nomis.hr\\\/sr\\\/produkt\\\/hvataljke\\\/#primaryimage\"},\"image\":{\"@id\":\"https:\\\/\\\/nomis.hr\\\/sr\\\/produkt\\\/hvataljke\\\/#primaryimage\"},\"thumbnailUrl\":\"https:\\\/\\\/nomis.hr\\\/wp-content\\\/uploads\\\/2021\\\/04\\\/Hvataljke.jpg\",\"datePublished\":\"2021-04-11T15:07:04+00:00\",\"breadcrumb\":{\"@id\":\"https:\\\/\\\/nomis.hr\\\/sr\\\/produkt\\\/hvataljke\\\/#breadcrumb\"},\"inLanguage\":\"sr-RS\",\"potentialAction\":[{\"@type\":\"ReadAction\",\"target\":[\"https:\\\/\\\/nomis.hr\\\/sr\\\/produkt\\\/hvataljke\\\/\"]}]},{\"@type\":\"ImageObject\",\"inLanguage\":\"sr-RS\",\"@id\":\"https:\\\/\\\/nomis.hr\\\/sr\\\/produkt\\\/hvataljke\\\/#primaryimage\",\"url\":\"https:\\\/\\\/nomis.hr\\\/wp-content\\\/uploads\\\/2021\\\/04\\\/Hvataljke.jpg\",\"contentUrl\":\"https:\\\/\\\/nomis.hr\\\/wp-content\\\/uploads\\\/2021\\\/04\\\/Hvataljke.jpg\",\"width\":1024,\"height\":1024},{\"@type\":\"BreadcrumbList\",\"@id\":\"https:\\\/\\\/nomis.hr\\\/sr\\\/produkt\\\/hvataljke\\\/#breadcrumb\",\"itemListElement\":[{\"@type\":\"ListItem\",\"position\":1,\"name\":\"Home\",\"item\":\"https:\\\/\\\/nomis.hr\\\/sr\\\/\"},{\"@type\":\"ListItem\",\"position\":2,\"name\":\"Katalog proizvoda\",\"item\":\"https:\\\/\\\/nomis.hr\\\/sr\\\/katalog-proizvoda\\\/\"},{\"@type\":\"ListItem\",\"position\":3,\"name\":\"Hvataljke\"}]},{\"@type\":\"WebSite\",\"@id\":\"https:\\\/\\\/nomis.hr\\\/#website\",\"url\":\"https:\\\/\\\/nomis.hr\\\/\",\"name\":\"Nomis\",\"description\":\"Sve za preradu polimera i metala na jednom mjestu!\",\"publisher\":{\"@id\":\"https:\\\/\\\/nomis.hr\\\/#organization\"},\"potentialAction\":[{\"@type\":\"SearchAction\",\"target\":{\"@type\":\"EntryPoint\",\"urlTemplate\":\"https:\\\/\\\/nomis.hr\\\/?s={search_term_string}\"},\"query-input\":{\"@type\":\"PropertyValueSpecification\",\"valueRequired\":true,\"valueName\":\"search_term_string\"}}],\"inLanguage\":\"sr-RS\"},{\"@type\":\"Organization\",\"@id\":\"https:\\\/\\\/nomis.hr\\\/#organization\",\"name\":\"Nomis\",\"url\":\"https:\\\/\\\/nomis.hr\\\/\",\"logo\":{\"@type\":\"ImageObject\",\"inLanguage\":\"sr-RS\",\"@id\":\"https:\\\/\\\/nomis.hr\\\/#\\\/schema\\\/logo\\\/image\\\/\",\"url\":\"https:\\\/\\\/nomis.hr\\\/wp-content\\\/uploads\\\/2021\\\/03\\\/Nomis-logo-admin-login.png\",\"contentUrl\":\"https:\\\/\\\/nomis.hr\\\/wp-content\\\/uploads\\\/2021\\\/03\\\/Nomis-logo-admin-login.png\",\"width\":640,\"height\":163,\"caption\":\"Nomis\"},\"image\":{\"@id\":\"https:\\\/\\\/nomis.hr\\\/#\\\/schema\\\/logo\\\/image\\\/\"}}]}<\/script>\n<!-- \/ Yoast SEO plugin. -->","yoast_head_json":{"title":"Hvataljke - Nomis","robots":{"index":"index","follow":"follow","max-snippet":"max-snippet:-1","max-image-preview":"max-image-preview:large","max-video-preview":"max-video-preview:-1"},"canonical":"https:\/\/nomis.hr\/sr\/produkt\/hvataljke\/","og_locale":"sr_RS","og_type":"article","og_title":"Hvataljke - Nomis","og_description":"Vertikalne hvataljke omogu\u0107avaju povoljan ulazak u svet automatizovanog uklanjanja i donosi fleksibilnost Va\u0161oj proizvodnji kroz brojne mogu\u0107nosti. Njihov kompaktni dizajn omogu\u0107uje neometanu instalaciju kalupa, a vreme intervencije za uklanjanje ulivka ostaje kratko. Servo-elektri\u010dni INTEGRALPICKER ulazi u alat brzo u vertikalnom ili horizontalnom pokretu, te u kratkom pokretu uklanja ulivak iz alata. Zahvaljuju\u0107i trima servo-elektri\u010dnim osaa, hvataljka radi brzo i precizno. Prednost ovakvog sistema su simultani, slobodno programiraju\u0107i pokreti ma\u0161ine, visoka dinamika, visoka ponovljivost i energetska efikasnost.   masa rukovanja: do 1 kg  zna\u010dajno smanjeno vreme pristupa u odnosu na pneumatske sisteme  dinami\u010dka ulazna osa sa ubrzanjem do 20 m\/s2  simultani, hodom-zavisni pokreti sa visokom ponovljivo\u0161\u0107u  jednostavna instalacija alata s gornje strane  kratka vremena postavljanja zahvaljuju\u0107i teach-in funkciji  &nbsp;","og_url":"https:\/\/nomis.hr\/sr\/produkt\/hvataljke\/","og_site_name":"Nomis","og_image":[{"width":1024,"height":1024,"url":"https:\/\/nomis.hr\/wp-content\/uploads\/2021\/04\/Hvataljke.jpg","type":"image\/jpeg"}],"twitter_card":"summary_large_image","schema":{"@context":"https:\/\/schema.org","@graph":[{"@type":"WebPage","@id":"https:\/\/nomis.hr\/sr\/produkt\/hvataljke\/","url":"https:\/\/nomis.hr\/sr\/produkt\/hvataljke\/","name":"Hvataljke - Nomis","isPartOf":{"@id":"https:\/\/nomis.hr\/#website"},"primaryImageOfPage":{"@id":"https:\/\/nomis.hr\/sr\/produkt\/hvataljke\/#primaryimage"},"image":{"@id":"https:\/\/nomis.hr\/sr\/produkt\/hvataljke\/#primaryimage"},"thumbnailUrl":"https:\/\/nomis.hr\/wp-content\/uploads\/2021\/04\/Hvataljke.jpg","datePublished":"2021-04-11T15:07:04+00:00","breadcrumb":{"@id":"https:\/\/nomis.hr\/sr\/produkt\/hvataljke\/#breadcrumb"},"inLanguage":"sr-RS","potentialAction":[{"@type":"ReadAction","target":["https:\/\/nomis.hr\/sr\/produkt\/hvataljke\/"]}]},{"@type":"ImageObject","inLanguage":"sr-RS","@id":"https:\/\/nomis.hr\/sr\/produkt\/hvataljke\/#primaryimage","url":"https:\/\/nomis.hr\/wp-content\/uploads\/2021\/04\/Hvataljke.jpg","contentUrl":"https:\/\/nomis.hr\/wp-content\/uploads\/2021\/04\/Hvataljke.jpg","width":1024,"height":1024},{"@type":"BreadcrumbList","@id":"https:\/\/nomis.hr\/sr\/produkt\/hvataljke\/#breadcrumb","itemListElement":[{"@type":"ListItem","position":1,"name":"Home","item":"https:\/\/nomis.hr\/sr\/"},{"@type":"ListItem","position":2,"name":"Katalog proizvoda","item":"https:\/\/nomis.hr\/sr\/katalog-proizvoda\/"},{"@type":"ListItem","position":3,"name":"Hvataljke"}]},{"@type":"WebSite","@id":"https:\/\/nomis.hr\/#website","url":"https:\/\/nomis.hr\/","name":"Nomis","description":"Sve za preradu polimera i metala na jednom mjestu!","publisher":{"@id":"https:\/\/nomis.hr\/#organization"},"potentialAction":[{"@type":"SearchAction","target":{"@type":"EntryPoint","urlTemplate":"https:\/\/nomis.hr\/?s={search_term_string}"},"query-input":{"@type":"PropertyValueSpecification","valueRequired":true,"valueName":"search_term_string"}}],"inLanguage":"sr-RS"},{"@type":"Organization","@id":"https:\/\/nomis.hr\/#organization","name":"Nomis","url":"https:\/\/nomis.hr\/","logo":{"@type":"ImageObject","inLanguage":"sr-RS","@id":"https:\/\/nomis.hr\/#\/schema\/logo\/image\/","url":"https:\/\/nomis.hr\/wp-content\/uploads\/2021\/03\/Nomis-logo-admin-login.png","contentUrl":"https:\/\/nomis.hr\/wp-content\/uploads\/2021\/03\/Nomis-logo-admin-login.png","width":640,"height":163,"caption":"Nomis"},"image":{"@id":"https:\/\/nomis.hr\/#\/schema\/logo\/image\/"}}]}},"_links":{"self":[{"href":"https:\/\/nomis.hr\/sr\/wp-json\/wp\/v2\/product\/3894","targetHints":{"allow":["GET"]}}],"collection":[{"href":"https:\/\/nomis.hr\/sr\/wp-json\/wp\/v2\/product"}],"about":[{"href":"https:\/\/nomis.hr\/sr\/wp-json\/wp\/v2\/types\/product"}],"wp:featuredmedia":[{"embeddable":true,"href":"https:\/\/nomis.hr\/sr\/wp-json\/wp\/v2\/media\/3895"}],"wp:attachment":[{"href":"https:\/\/nomis.hr\/sr\/wp-json\/wp\/v2\/media?parent=3894"}],"wp:term":[{"taxonomy":"product_brand","embeddable":true,"href":"https:\/\/nomis.hr\/sr\/wp-json\/wp\/v2\/product_brand?post=3894"},{"taxonomy":"product_cat","embeddable":true,"href":"https:\/\/nomis.hr\/sr\/wp-json\/wp\/v2\/product_cat?post=3894"},{"taxonomy":"product_tag","embeddable":true,"href":"https:\/\/nomis.hr\/sr\/wp-json\/wp\/v2\/product_tag?post=3894"}],"curies":[{"name":"wp","href":"https:\/\/api.w.org\/{rel}","templated":true}]}}