{"id":3902,"date":"2021-04-11T16:57:17","date_gmt":"2021-04-11T14:57:17","guid":{"rendered":"https:\/\/nomis.hr\/product\/cista-soba\/"},"modified":"2021-04-11T16:57:17","modified_gmt":"2021-04-11T14:57:17","slug":"cista-soba","status":"publish","type":"product","link":"https:\/\/nomis.hr\/sr\/produkt\/cista-soba\/","title":{"rendered":"\u010cista soba"},"content":{"rendered":"","protected":false},"excerpt":{"rendered":"<p>Proizvodnja pod kontroliranim higijenskim uslovima bez \u010destica odlu\u010duju\u0107a je kada govorimo o kvaliteti proizvoda u mnogim podru\u010djima. Kombinacija precizno konfigurisane tehnologije injekcijskog brizganja i prilago\u0111enih koncepata \u010diste sobe, omogu\u0107uju postizanje najvi\u0161ih standarda kvaliteta. Fleksibilne opcije za pro\u0161irenje koje nude modularni ALLROUNDER ma\u0161ine omogu\u0107uju izuzimanje izvora kontaminacije i uspostavljanje dovoljno \u010distog proizvodnog okru\u017eenja.<\/p>\n<ul>\n<li>Elektri\u010dna ALLDRIVE serija: najbolji mogu\u0107i uslovi \u010di\u0161\u0107enja prema GMP A i ISO 5 standardima, zahvaljuju\u0107i jedinici za zatvaranje od ne\u0111aju\u0107eg \u010delika<\/li>\n<li>Razni koncepti \u010diste sobe, od brizgalica koje se u potpunosti proizvode unutar \u010diste sobe do modularnih, decentraliziranih \u010distih prostorija u kojima su pokretne trake oklopljene i ulivci se transportiraju u \u201e\u010distu zonu\u201d<\/li>\n<\/ul>\n<p>&nbsp;<\/p>\n[fusion_button link=\"https:\/\/nomis.hr\/wp-content\/uploads\/2022\/05\/arburg_clean_room_technology_528993_en_gb.pdf\" title=\"\" target=\"_blank\" link_attributes=\"\" alignment_medium=\"\" alignment_small=\"\" alignment=\"\" modal=\"\" hide_on_mobile=\"small-visibility,medium-visibility,large-visibility\" sticky_display=\"normal,sticky\" class=\"\" id=\"\" color=\"default\" button_gradient_top_color=\"\" hue=\"\" saturation=\"\" lightness=\"\" alpha=\"\" button_gradient_bottom_color=\"\" button_gradient_top_color_hover=\"\" button_gradient_bottom_color_hover=\"\" gradient_start_position=\"\" gradient_end_position=\"\" gradient_type=\"\" radial_direction=\"\" linear_angle=\"180\" accent_color=\"\" accent_hover_color=\"\" type=\"\" bevel_color=\"\" bevel_color_hover=\"\" border_top=\"\" border_right=\"\" border_bottom=\"\" border_left=\"\" border_radius_top_left=\"\" border_radius_top_right=\"\" border_radius_bottom_right=\"\" border_radius_bottom_left=\"\" border_color=\"\" border_hover_color=\"\" size=\"\" padding_top=\"\" padding_right=\"\" padding_bottom=\"\" padding_left=\"\" fusion_font_family_button_font=\"\" fusion_font_variant_button_font=\"\" font_size=\"\" line_height=\"\" letter_spacing=\"\" text_transform=\"\" stretch=\"default\" margin_top=\"\" margin_right=\"\" margin_bottom=\"\" margin_left=\"\" icon=\"fa-file-pdf fas\" icon_position=\"left\" icon_divider=\"no\" animation_type=\"\" animation_direction=\"left\" animation_speed=\"0.3\" animation_offset=\"\"]Tehni\u010dki dokument[\/fusion_button]\n","protected":false},"featured_media":3903,"template":"","meta":[],"product_brand":[],"product_cat":[227,226,234],"product_tag":[],"class_list":{"0":"post-3902","1":"product","2":"type-product","3":"status-publish","4":"has-post-thumbnail","6":"product_cat-arburg-sr","7":"product_cat-masine","8":"product_cat-specijalne-masine","10":"first","11":"instock","12":"shipping-taxable","13":"product-type-simple"},"yoast_head":"<!-- This site is optimized with the Yoast SEO plugin v27.4 - https:\/\/yoast.com\/product\/yoast-seo-wordpress\/ -->\n<title>\u010cista soba - Nomis<\/title>\n<meta name=\"robots\" content=\"index, follow, max-snippet:-1, max-image-preview:large, max-video-preview:-1\" \/>\n<link rel=\"canonical\" href=\"https:\/\/nomis.hr\/sr\/produkt\/cista-soba\/\" \/>\n<meta property=\"og:locale\" content=\"sr_RS\" \/>\n<meta property=\"og:type\" content=\"article\" \/>\n<meta property=\"og:title\" content=\"\u010cista soba - Nomis\" \/>\n<meta property=\"og:description\" content=\"Proizvodnja pod kontroliranim higijenskim uslovima bez \u010destica odlu\u010duju\u0107a je kada govorimo o kvaliteti proizvoda u mnogim podru\u010djima. Kombinacija precizno konfigurisane tehnologije injekcijskog brizganja i prilago\u0111enih koncepata \u010diste sobe, omogu\u0107uju postizanje najvi\u0161ih standarda kvaliteta. Fleksibilne opcije za pro\u0161irenje koje nude modularni ALLROUNDER ma\u0161ine omogu\u0107uju izuzimanje izvora kontaminacije i uspostavljanje dovoljno \u010distog proizvodnog okru\u017eenja.   Elektri\u010dna ALLDRIVE serija: najbolji mogu\u0107i uslovi \u010di\u0161\u0107enja prema GMP A i ISO 5 standardima, zahvaljuju\u0107i jedinici za zatvaranje od ne\u0111aju\u0107eg \u010delika  Razni koncepti \u010diste sobe, od brizgalica koje se u potpunosti proizvode unutar \u010diste sobe do modularnih, decentraliziranih \u010distih prostorija u kojima su pokretne trake oklopljene i ulivci se transportiraju u \u201e\u010distu zonu\u201d  &nbsp;\" \/>\n<meta property=\"og:url\" content=\"https:\/\/nomis.hr\/sr\/produkt\/cista-soba\/\" \/>\n<meta property=\"og:site_name\" content=\"Nomis\" \/>\n<meta property=\"og:image\" content=\"https:\/\/nomis.hr\/wp-content\/uploads\/2021\/04\/C\u030cista-soba-2.jpg\" \/>\n\t<meta property=\"og:image:width\" content=\"1024\" \/>\n\t<meta property=\"og:image:height\" content=\"1024\" \/>\n\t<meta property=\"og:image:type\" content=\"image\/jpeg\" \/>\n<meta name=\"twitter:card\" content=\"summary_large_image\" \/>\n<script type=\"application\/ld+json\" class=\"yoast-schema-graph\">{\"@context\":\"https:\\\/\\\/schema.org\",\"@graph\":[{\"@type\":\"WebPage\",\"@id\":\"https:\\\/\\\/nomis.hr\\\/sr\\\/produkt\\\/cista-soba\\\/\",\"url\":\"https:\\\/\\\/nomis.hr\\\/sr\\\/produkt\\\/cista-soba\\\/\",\"name\":\"\u010cista soba - Nomis\",\"isPartOf\":{\"@id\":\"https:\\\/\\\/nomis.hr\\\/#website\"},\"primaryImageOfPage\":{\"@id\":\"https:\\\/\\\/nomis.hr\\\/sr\\\/produkt\\\/cista-soba\\\/#primaryimage\"},\"image\":{\"@id\":\"https:\\\/\\\/nomis.hr\\\/sr\\\/produkt\\\/cista-soba\\\/#primaryimage\"},\"thumbnailUrl\":\"https:\\\/\\\/nomis.hr\\\/wp-content\\\/uploads\\\/2021\\\/04\\\/C\u030cista-soba-2.jpg\",\"datePublished\":\"2021-04-11T14:57:17+00:00\",\"breadcrumb\":{\"@id\":\"https:\\\/\\\/nomis.hr\\\/sr\\\/produkt\\\/cista-soba\\\/#breadcrumb\"},\"inLanguage\":\"sr-RS\",\"potentialAction\":[{\"@type\":\"ReadAction\",\"target\":[\"https:\\\/\\\/nomis.hr\\\/sr\\\/produkt\\\/cista-soba\\\/\"]}]},{\"@type\":\"ImageObject\",\"inLanguage\":\"sr-RS\",\"@id\":\"https:\\\/\\\/nomis.hr\\\/sr\\\/produkt\\\/cista-soba\\\/#primaryimage\",\"url\":\"https:\\\/\\\/nomis.hr\\\/wp-content\\\/uploads\\\/2021\\\/04\\\/C\u030cista-soba-2.jpg\",\"contentUrl\":\"https:\\\/\\\/nomis.hr\\\/wp-content\\\/uploads\\\/2021\\\/04\\\/C\u030cista-soba-2.jpg\",\"width\":1024,\"height\":1024},{\"@type\":\"BreadcrumbList\",\"@id\":\"https:\\\/\\\/nomis.hr\\\/sr\\\/produkt\\\/cista-soba\\\/#breadcrumb\",\"itemListElement\":[{\"@type\":\"ListItem\",\"position\":1,\"name\":\"Home\",\"item\":\"https:\\\/\\\/nomis.hr\\\/sr\\\/\"},{\"@type\":\"ListItem\",\"position\":2,\"name\":\"Katalog proizvoda\",\"item\":\"https:\\\/\\\/nomis.hr\\\/sr\\\/katalog-proizvoda\\\/\"},{\"@type\":\"ListItem\",\"position\":3,\"name\":\"\u010cista soba\"}]},{\"@type\":\"WebSite\",\"@id\":\"https:\\\/\\\/nomis.hr\\\/#website\",\"url\":\"https:\\\/\\\/nomis.hr\\\/\",\"name\":\"Nomis\",\"description\":\"Sve za preradu polimera i metala na jednom mjestu!\",\"publisher\":{\"@id\":\"https:\\\/\\\/nomis.hr\\\/#organization\"},\"potentialAction\":[{\"@type\":\"SearchAction\",\"target\":{\"@type\":\"EntryPoint\",\"urlTemplate\":\"https:\\\/\\\/nomis.hr\\\/?s={search_term_string}\"},\"query-input\":{\"@type\":\"PropertyValueSpecification\",\"valueRequired\":true,\"valueName\":\"search_term_string\"}}],\"inLanguage\":\"sr-RS\"},{\"@type\":\"Organization\",\"@id\":\"https:\\\/\\\/nomis.hr\\\/#organization\",\"name\":\"Nomis\",\"url\":\"https:\\\/\\\/nomis.hr\\\/\",\"logo\":{\"@type\":\"ImageObject\",\"inLanguage\":\"sr-RS\",\"@id\":\"https:\\\/\\\/nomis.hr\\\/#\\\/schema\\\/logo\\\/image\\\/\",\"url\":\"https:\\\/\\\/nomis.hr\\\/wp-content\\\/uploads\\\/2021\\\/03\\\/Nomis-logo-admin-login.png\",\"contentUrl\":\"https:\\\/\\\/nomis.hr\\\/wp-content\\\/uploads\\\/2021\\\/03\\\/Nomis-logo-admin-login.png\",\"width\":640,\"height\":163,\"caption\":\"Nomis\"},\"image\":{\"@id\":\"https:\\\/\\\/nomis.hr\\\/#\\\/schema\\\/logo\\\/image\\\/\"}}]}<\/script>\n<!-- \/ Yoast SEO plugin. -->","yoast_head_json":{"title":"\u010cista soba - Nomis","robots":{"index":"index","follow":"follow","max-snippet":"max-snippet:-1","max-image-preview":"max-image-preview:large","max-video-preview":"max-video-preview:-1"},"canonical":"https:\/\/nomis.hr\/sr\/produkt\/cista-soba\/","og_locale":"sr_RS","og_type":"article","og_title":"\u010cista soba - Nomis","og_description":"Proizvodnja pod kontroliranim higijenskim uslovima bez \u010destica odlu\u010duju\u0107a je kada govorimo o kvaliteti proizvoda u mnogim podru\u010djima. Kombinacija precizno konfigurisane tehnologije injekcijskog brizganja i prilago\u0111enih koncepata \u010diste sobe, omogu\u0107uju postizanje najvi\u0161ih standarda kvaliteta. Fleksibilne opcije za pro\u0161irenje koje nude modularni ALLROUNDER ma\u0161ine omogu\u0107uju izuzimanje izvora kontaminacije i uspostavljanje dovoljno \u010distog proizvodnog okru\u017eenja.   Elektri\u010dna ALLDRIVE serija: najbolji mogu\u0107i uslovi \u010di\u0161\u0107enja prema GMP A i ISO 5 standardima, zahvaljuju\u0107i jedinici za zatvaranje od ne\u0111aju\u0107eg \u010delika  Razni koncepti \u010diste sobe, od brizgalica koje se u potpunosti proizvode unutar \u010diste sobe do modularnih, decentraliziranih \u010distih prostorija u kojima su pokretne trake oklopljene i ulivci se transportiraju u \u201e\u010distu zonu\u201d  &nbsp;","og_url":"https:\/\/nomis.hr\/sr\/produkt\/cista-soba\/","og_site_name":"Nomis","og_image":[{"width":1024,"height":1024,"url":"https:\/\/nomis.hr\/wp-content\/uploads\/2021\/04\/C\u030cista-soba-2.jpg","type":"image\/jpeg"}],"twitter_card":"summary_large_image","schema":{"@context":"https:\/\/schema.org","@graph":[{"@type":"WebPage","@id":"https:\/\/nomis.hr\/sr\/produkt\/cista-soba\/","url":"https:\/\/nomis.hr\/sr\/produkt\/cista-soba\/","name":"\u010cista soba - Nomis","isPartOf":{"@id":"https:\/\/nomis.hr\/#website"},"primaryImageOfPage":{"@id":"https:\/\/nomis.hr\/sr\/produkt\/cista-soba\/#primaryimage"},"image":{"@id":"https:\/\/nomis.hr\/sr\/produkt\/cista-soba\/#primaryimage"},"thumbnailUrl":"https:\/\/nomis.hr\/wp-content\/uploads\/2021\/04\/C\u030cista-soba-2.jpg","datePublished":"2021-04-11T14:57:17+00:00","breadcrumb":{"@id":"https:\/\/nomis.hr\/sr\/produkt\/cista-soba\/#breadcrumb"},"inLanguage":"sr-RS","potentialAction":[{"@type":"ReadAction","target":["https:\/\/nomis.hr\/sr\/produkt\/cista-soba\/"]}]},{"@type":"ImageObject","inLanguage":"sr-RS","@id":"https:\/\/nomis.hr\/sr\/produkt\/cista-soba\/#primaryimage","url":"https:\/\/nomis.hr\/wp-content\/uploads\/2021\/04\/C\u030cista-soba-2.jpg","contentUrl":"https:\/\/nomis.hr\/wp-content\/uploads\/2021\/04\/C\u030cista-soba-2.jpg","width":1024,"height":1024},{"@type":"BreadcrumbList","@id":"https:\/\/nomis.hr\/sr\/produkt\/cista-soba\/#breadcrumb","itemListElement":[{"@type":"ListItem","position":1,"name":"Home","item":"https:\/\/nomis.hr\/sr\/"},{"@type":"ListItem","position":2,"name":"Katalog proizvoda","item":"https:\/\/nomis.hr\/sr\/katalog-proizvoda\/"},{"@type":"ListItem","position":3,"name":"\u010cista soba"}]},{"@type":"WebSite","@id":"https:\/\/nomis.hr\/#website","url":"https:\/\/nomis.hr\/","name":"Nomis","description":"Sve za preradu polimera i metala na jednom mjestu!","publisher":{"@id":"https:\/\/nomis.hr\/#organization"},"potentialAction":[{"@type":"SearchAction","target":{"@type":"EntryPoint","urlTemplate":"https:\/\/nomis.hr\/?s={search_term_string}"},"query-input":{"@type":"PropertyValueSpecification","valueRequired":true,"valueName":"search_term_string"}}],"inLanguage":"sr-RS"},{"@type":"Organization","@id":"https:\/\/nomis.hr\/#organization","name":"Nomis","url":"https:\/\/nomis.hr\/","logo":{"@type":"ImageObject","inLanguage":"sr-RS","@id":"https:\/\/nomis.hr\/#\/schema\/logo\/image\/","url":"https:\/\/nomis.hr\/wp-content\/uploads\/2021\/03\/Nomis-logo-admin-login.png","contentUrl":"https:\/\/nomis.hr\/wp-content\/uploads\/2021\/03\/Nomis-logo-admin-login.png","width":640,"height":163,"caption":"Nomis"},"image":{"@id":"https:\/\/nomis.hr\/#\/schema\/logo\/image\/"}}]}},"_links":{"self":[{"href":"https:\/\/nomis.hr\/sr\/wp-json\/wp\/v2\/product\/3902","targetHints":{"allow":["GET"]}}],"collection":[{"href":"https:\/\/nomis.hr\/sr\/wp-json\/wp\/v2\/product"}],"about":[{"href":"https:\/\/nomis.hr\/sr\/wp-json\/wp\/v2\/types\/product"}],"wp:featuredmedia":[{"embeddable":true,"href":"https:\/\/nomis.hr\/sr\/wp-json\/wp\/v2\/media\/3903"}],"wp:attachment":[{"href":"https:\/\/nomis.hr\/sr\/wp-json\/wp\/v2\/media?parent=3902"}],"wp:term":[{"taxonomy":"product_brand","embeddable":true,"href":"https:\/\/nomis.hr\/sr\/wp-json\/wp\/v2\/product_brand?post=3902"},{"taxonomy":"product_cat","embeddable":true,"href":"https:\/\/nomis.hr\/sr\/wp-json\/wp\/v2\/product_cat?post=3902"},{"taxonomy":"product_tag","embeddable":true,"href":"https:\/\/nomis.hr\/sr\/wp-json\/wp\/v2\/product_tag?post=3902"}],"curies":[{"name":"wp","href":"https:\/\/api.w.org\/{rel}","templated":true}]}}