{"id":3906,"date":"2021-04-11T16:55:01","date_gmt":"2021-04-11T14:55:01","guid":{"rendered":"https:\/\/nomis.hr\/product\/lsr\/"},"modified":"2021-04-11T16:55:01","modified_gmt":"2021-04-11T14:55:01","slug":"lsr","status":"publish","type":"product","link":"https:\/\/nomis.hr\/sr\/produkt\/lsr\/","title":{"rendered":"LSR"},"content":{"rendered":"","protected":false},"excerpt":{"rendered":"<p>Dvokomponentni te\u010dni silikoni se vulkaniziraju samo kad se spoje dva materijala u omeru 1:1 i kad se dovede toplina. Brizgani delovi izra\u0111eni od silikona izuzetno su elasti\u010dni, nemaju miris niti ukus, te su otporni na hemikalije, UV zrake, starenje i temperaturu. ARBURG-ovi ALLROUNDER individualno konfigurirani elektri\u010dni, hibridni, vertikalni ili hidrauli\u010dne ma\u0161ine za LSR preradu opremljeni su sa svim potrebnim komponentama kao \u0161to su dozatori za doziranje i me\u0161anje, gejani kalupi, vakuum sistemi i periferije.<\/p>\n<p>&nbsp;<\/p>\n[fusion_button link=\"https:\/\/nomis.hr\/wp-content\/uploads\/2022\/05\/arburg_silicone_526416_en_gb.pdf\" title=\"\" target=\"_blank\" link_attributes=\"\" alignment_medium=\"\" alignment_small=\"\" alignment=\"\" modal=\"\" hide_on_mobile=\"small-visibility,medium-visibility,large-visibility\" sticky_display=\"normal,sticky\" class=\"\" id=\"\" color=\"default\" button_gradient_top_color=\"\" hue=\"\" saturation=\"\" lightness=\"\" alpha=\"\" button_gradient_bottom_color=\"\" button_gradient_top_color_hover=\"\" button_gradient_bottom_color_hover=\"\" gradient_start_position=\"\" gradient_end_position=\"\" gradient_type=\"\" radial_direction=\"\" linear_angle=\"180\" accent_color=\"\" accent_hover_color=\"\" type=\"\" bevel_color=\"\" bevel_color_hover=\"\" border_top=\"\" border_right=\"\" border_bottom=\"\" border_left=\"\" border_radius_top_left=\"\" border_radius_top_right=\"\" border_radius_bottom_right=\"\" border_radius_bottom_left=\"\" border_color=\"\" border_hover_color=\"\" size=\"\" padding_top=\"\" padding_right=\"\" padding_bottom=\"\" padding_left=\"\" fusion_font_family_button_font=\"\" fusion_font_variant_button_font=\"\" font_size=\"\" line_height=\"\" letter_spacing=\"\" text_transform=\"\" stretch=\"default\" margin_top=\"\" margin_right=\"\" margin_bottom=\"\" margin_left=\"\" icon=\"fa-file-pdf fas\" icon_position=\"left\" icon_divider=\"no\" animation_type=\"\" animation_direction=\"left\" animation_speed=\"0.3\" animation_offset=\"\"]Tehni\u010dki dokument[\/fusion_button]\n","protected":false},"featured_media":3907,"template":"","meta":[],"product_cat":[227,226,234],"product_tag":[],"yoast_head":"<!-- This site is optimized with the Yoast SEO plugin v21.3 - https:\/\/yoast.com\/wordpress\/plugins\/seo\/ -->\n<title>LSR - Nomis<\/title>\n<meta name=\"robots\" content=\"index, follow, max-snippet:-1, max-image-preview:large, max-video-preview:-1\" \/>\n<link rel=\"canonical\" href=\"https:\/\/nomis.hr\/sr\/produkt\/lsr\/\" \/>\n<meta property=\"og:locale\" content=\"sr_RS\" \/>\n<meta property=\"og:type\" content=\"article\" \/>\n<meta property=\"og:title\" content=\"LSR - Nomis\" \/>\n<meta property=\"og:description\" content=\"Dvokomponentni te\u010dni silikoni se vulkaniziraju samo kad se spoje dva materijala u omeru 1:1 i kad se dovede toplina. Brizgani delovi izra\u0111eni od silikona izuzetno su elasti\u010dni, nemaju miris niti ukus, te su otporni na hemikalije, UV zrake, starenje i temperaturu. ARBURG-ovi ALLROUNDER individualno konfigurirani elektri\u010dni, hibridni, vertikalni ili hidrauli\u010dne ma\u0161ine za LSR preradu opremljeni su sa svim potrebnim komponentama kao \u0161to su dozatori za doziranje i me\u0161anje, gejani kalupi, vakuum sistemi i periferije.  &nbsp;\" \/>\n<meta property=\"og:url\" content=\"https:\/\/nomis.hr\/sr\/produkt\/lsr\/\" \/>\n<meta property=\"og:site_name\" content=\"Nomis\" \/>\n<meta property=\"og:image\" content=\"https:\/\/nomis.hr\/wp-content\/uploads\/2021\/04\/LSR-270A.jpg\" \/>\n\t<meta property=\"og:image:width\" content=\"1024\" \/>\n\t<meta property=\"og:image:height\" content=\"1024\" \/>\n\t<meta property=\"og:image:type\" content=\"image\/jpeg\" \/>\n<meta name=\"twitter:card\" content=\"summary_large_image\" \/>\n<script type=\"application\/ld+json\" class=\"yoast-schema-graph\">{\"@context\":\"https:\/\/schema.org\",\"@graph\":[{\"@type\":\"WebPage\",\"@id\":\"https:\/\/nomis.hr\/sr\/produkt\/lsr\/\",\"url\":\"https:\/\/nomis.hr\/sr\/produkt\/lsr\/\",\"name\":\"LSR - Nomis\",\"isPartOf\":{\"@id\":\"https:\/\/nomis.hr\/#website\"},\"datePublished\":\"2021-04-11T14:55:01+00:00\",\"dateModified\":\"2021-04-11T14:55:01+00:00\",\"breadcrumb\":{\"@id\":\"https:\/\/nomis.hr\/sr\/produkt\/lsr\/#breadcrumb\"},\"inLanguage\":\"sr-RS\",\"potentialAction\":[{\"@type\":\"ReadAction\",\"target\":[\"https:\/\/nomis.hr\/sr\/produkt\/lsr\/\"]}]},{\"@type\":\"BreadcrumbList\",\"@id\":\"https:\/\/nomis.hr\/sr\/produkt\/lsr\/#breadcrumb\",\"itemListElement\":[{\"@type\":\"ListItem\",\"position\":1,\"name\":\"Home\",\"item\":\"https:\/\/nomis.hr\/sr\/\"},{\"@type\":\"ListItem\",\"position\":2,\"name\":\"Katalog proizvoda\",\"item\":\"https:\/\/nomis.hr\/sr\/katalog-proizvoda\/\"},{\"@type\":\"ListItem\",\"position\":3,\"name\":\"LSR\"}]},{\"@type\":\"WebSite\",\"@id\":\"https:\/\/nomis.hr\/#website\",\"url\":\"https:\/\/nomis.hr\/\",\"name\":\"Nomis\",\"description\":\"Sve za preradu polimera i metala na jednom mjestu!\",\"publisher\":{\"@id\":\"https:\/\/nomis.hr\/#organization\"},\"potentialAction\":[{\"@type\":\"SearchAction\",\"target\":{\"@type\":\"EntryPoint\",\"urlTemplate\":\"https:\/\/nomis.hr\/?s={search_term_string}\"},\"query-input\":\"required name=search_term_string\"}],\"inLanguage\":\"sr-RS\"},{\"@type\":\"Organization\",\"@id\":\"https:\/\/nomis.hr\/#organization\",\"name\":\"Nomis\",\"url\":\"https:\/\/nomis.hr\/\",\"logo\":{\"@type\":\"ImageObject\",\"inLanguage\":\"sr-RS\",\"@id\":\"https:\/\/nomis.hr\/#\/schema\/logo\/image\/\",\"url\":\"https:\/\/nomis.hr\/wp-content\/uploads\/2021\/03\/Nomis-logo-admin-login.png\",\"contentUrl\":\"https:\/\/nomis.hr\/wp-content\/uploads\/2021\/03\/Nomis-logo-admin-login.png\",\"width\":640,\"height\":163,\"caption\":\"Nomis\"},\"image\":{\"@id\":\"https:\/\/nomis.hr\/#\/schema\/logo\/image\/\"}}]}<\/script>\n<!-- \/ Yoast SEO plugin. -->","yoast_head_json":{"title":"LSR - Nomis","robots":{"index":"index","follow":"follow","max-snippet":"max-snippet:-1","max-image-preview":"max-image-preview:large","max-video-preview":"max-video-preview:-1"},"canonical":"https:\/\/nomis.hr\/sr\/produkt\/lsr\/","og_locale":"sr_RS","og_type":"article","og_title":"LSR - Nomis","og_description":"Dvokomponentni te\u010dni silikoni se vulkaniziraju samo kad se spoje dva materijala u omeru 1:1 i kad se dovede toplina. Brizgani delovi izra\u0111eni od silikona izuzetno su elasti\u010dni, nemaju miris niti ukus, te su otporni na hemikalije, UV zrake, starenje i temperaturu. ARBURG-ovi ALLROUNDER individualno konfigurirani elektri\u010dni, hibridni, vertikalni ili hidrauli\u010dne ma\u0161ine za LSR preradu opremljeni su sa svim potrebnim komponentama kao \u0161to su dozatori za doziranje i me\u0161anje, gejani kalupi, vakuum sistemi i periferije.  &nbsp;","og_url":"https:\/\/nomis.hr\/sr\/produkt\/lsr\/","og_site_name":"Nomis","og_image":[{"width":1024,"height":1024,"url":"https:\/\/nomis.hr\/wp-content\/uploads\/2021\/04\/LSR-270A.jpg","type":"image\/jpeg"}],"twitter_card":"summary_large_image","schema":{"@context":"https:\/\/schema.org","@graph":[{"@type":"WebPage","@id":"https:\/\/nomis.hr\/sr\/produkt\/lsr\/","url":"https:\/\/nomis.hr\/sr\/produkt\/lsr\/","name":"LSR - Nomis","isPartOf":{"@id":"https:\/\/nomis.hr\/#website"},"datePublished":"2021-04-11T14:55:01+00:00","dateModified":"2021-04-11T14:55:01+00:00","breadcrumb":{"@id":"https:\/\/nomis.hr\/sr\/produkt\/lsr\/#breadcrumb"},"inLanguage":"sr-RS","potentialAction":[{"@type":"ReadAction","target":["https:\/\/nomis.hr\/sr\/produkt\/lsr\/"]}]},{"@type":"BreadcrumbList","@id":"https:\/\/nomis.hr\/sr\/produkt\/lsr\/#breadcrumb","itemListElement":[{"@type":"ListItem","position":1,"name":"Home","item":"https:\/\/nomis.hr\/sr\/"},{"@type":"ListItem","position":2,"name":"Katalog proizvoda","item":"https:\/\/nomis.hr\/sr\/katalog-proizvoda\/"},{"@type":"ListItem","position":3,"name":"LSR"}]},{"@type":"WebSite","@id":"https:\/\/nomis.hr\/#website","url":"https:\/\/nomis.hr\/","name":"Nomis","description":"Sve za preradu polimera i metala na jednom mjestu!","publisher":{"@id":"https:\/\/nomis.hr\/#organization"},"potentialAction":[{"@type":"SearchAction","target":{"@type":"EntryPoint","urlTemplate":"https:\/\/nomis.hr\/?s={search_term_string}"},"query-input":"required name=search_term_string"}],"inLanguage":"sr-RS"},{"@type":"Organization","@id":"https:\/\/nomis.hr\/#organization","name":"Nomis","url":"https:\/\/nomis.hr\/","logo":{"@type":"ImageObject","inLanguage":"sr-RS","@id":"https:\/\/nomis.hr\/#\/schema\/logo\/image\/","url":"https:\/\/nomis.hr\/wp-content\/uploads\/2021\/03\/Nomis-logo-admin-login.png","contentUrl":"https:\/\/nomis.hr\/wp-content\/uploads\/2021\/03\/Nomis-logo-admin-login.png","width":640,"height":163,"caption":"Nomis"},"image":{"@id":"https:\/\/nomis.hr\/#\/schema\/logo\/image\/"}}]}},"_links":{"self":[{"href":"https:\/\/nomis.hr\/sr\/wp-json\/wp\/v2\/product\/3906"}],"collection":[{"href":"https:\/\/nomis.hr\/sr\/wp-json\/wp\/v2\/product"}],"about":[{"href":"https:\/\/nomis.hr\/sr\/wp-json\/wp\/v2\/types\/product"}],"wp:featuredmedia":[{"embeddable":true,"href":"https:\/\/nomis.hr\/sr\/wp-json\/wp\/v2\/media\/3907"}],"wp:attachment":[{"href":"https:\/\/nomis.hr\/sr\/wp-json\/wp\/v2\/media?parent=3906"}],"wp:term":[{"taxonomy":"product_cat","embeddable":true,"href":"https:\/\/nomis.hr\/sr\/wp-json\/wp\/v2\/product_cat?post=3906"},{"taxonomy":"product_tag","embeddable":true,"href":"https:\/\/nomis.hr\/sr\/wp-json\/wp\/v2\/product_tag?post=3906"}],"curies":[{"name":"wp","href":"https:\/\/api.w.org\/{rel}","templated":true}]}}