{"id":3916,"date":"2021-04-11T16:53:09","date_gmt":"2021-04-11T14:53:09","guid":{"rendered":"https:\/\/nomis.hr\/product\/pim\/"},"modified":"2021-04-11T16:53:09","modified_gmt":"2021-04-11T14:53:09","slug":"pim","status":"publish","type":"product","link":"https:\/\/nomis.hr\/sr\/produkt\/pim\/","title":{"rendered":"PIM"},"content":{"rendered":"","protected":false},"excerpt":{"rendered":"<p>Injekcijskim brizganjem praha (PIM) mogu\u0107e je kalupiti izdr\u017eljive i precizne delove od metalnog (MIM) i kerami\u010dkog (CIM) praha. Sve ALLROUNDER ma\u0161ine za injekcijsko brizganje prikladni su za preradu praha. Cilindri za brizganje su prilago\u0111eni na abrazijsko tro\u0161enje \u0161to zahteva prerada ovih materijala. ARBURG re\u0161enja precizno su prilago\u0111ena primenama s integriranim perifernim ure\u0111ajima i re\u0161enjima za automatizaciju.<\/p>\n<ul>\n<li>Veliki izbor materijala u prahu: osim oksidne keramike i \u010delika, mogu se koristiti tvrdi i plemeniti metali kao i cermeti<\/li>\n<li>Visoko kvalitetna i reproduciraju\u0107a serijska proizvodnja uz ALLROUNDER tehnologiju injekcijskog brizganja<\/li>\n<li>Veliki izbor opreme za u\u010dinkovitu obradu praha, npr. visoko otporni MIM ili CIM modul cilindar i pro\u0161irene PIM mlaznice<\/li>\n<\/ul>\n<p>&nbsp;<\/p>\n[fusion_button link=\"https:\/\/nomis.hr\/wp-content\/uploads\/2022\/05\/arburg_pim_522785_en_gb.pdf\" title=\"\" target=\"_blank\" link_attributes=\"\" alignment_medium=\"\" alignment_small=\"\" alignment=\"\" modal=\"\" hide_on_mobile=\"small-visibility,medium-visibility,large-visibility\" sticky_display=\"normal,sticky\" class=\"\" id=\"\" color=\"default\" button_gradient_top_color=\"\" hue=\"\" saturation=\"\" lightness=\"\" alpha=\"\" button_gradient_bottom_color=\"\" button_gradient_top_color_hover=\"\" button_gradient_bottom_color_hover=\"\" gradient_start_position=\"\" gradient_end_position=\"\" gradient_type=\"\" radial_direction=\"\" linear_angle=\"180\" accent_color=\"\" accent_hover_color=\"\" type=\"\" bevel_color=\"\" bevel_color_hover=\"\" border_top=\"\" border_right=\"\" border_bottom=\"\" border_left=\"\" border_radius_top_left=\"\" border_radius_top_right=\"\" border_radius_bottom_right=\"\" border_radius_bottom_left=\"\" border_color=\"\" border_hover_color=\"\" size=\"\" padding_top=\"\" padding_right=\"\" padding_bottom=\"\" padding_left=\"\" fusion_font_family_button_font=\"\" fusion_font_variant_button_font=\"\" font_size=\"\" line_height=\"\" letter_spacing=\"\" text_transform=\"\" stretch=\"default\" margin_top=\"\" margin_right=\"\" margin_bottom=\"\" margin_left=\"\" icon=\"fa-file-pdf fas\" icon_position=\"left\" icon_divider=\"no\" animation_type=\"\" animation_direction=\"left\" animation_speed=\"0.3\" animation_offset=\"\"]\u0422\u0435\u0445\u043d\u0438\u0447\u043a\u0438 \u0434\u043e\u043a\u0443\u043c\u0435\u043d\u0442[\/fusion_button]\n","protected":false},"featured_media":3917,"template":"","meta":[],"product_cat":[227,226,234],"product_tag":[],"yoast_head":"<!-- This site is optimized with the Yoast SEO plugin v21.3 - https:\/\/yoast.com\/wordpress\/plugins\/seo\/ -->\n<title>PIM - Nomis<\/title>\n<meta name=\"robots\" content=\"index, follow, max-snippet:-1, max-image-preview:large, max-video-preview:-1\" \/>\n<link rel=\"canonical\" href=\"https:\/\/nomis.hr\/sr\/produkt\/pim\/\" \/>\n<meta property=\"og:locale\" content=\"sr_RS\" \/>\n<meta property=\"og:type\" content=\"article\" \/>\n<meta property=\"og:title\" content=\"PIM - Nomis\" \/>\n<meta property=\"og:description\" content=\"Injekcijskim brizganjem praha (PIM) mogu\u0107e je kalupiti izdr\u017eljive i precizne delove od metalnog (MIM) i kerami\u010dkog (CIM) praha. Sve ALLROUNDER ma\u0161ine za injekcijsko brizganje prikladni su za preradu praha. Cilindri za brizganje su prilago\u0111eni na abrazijsko tro\u0161enje \u0161to zahteva prerada ovih materijala. ARBURG re\u0161enja precizno su prilago\u0111ena primenama s integriranim perifernim ure\u0111ajima i re\u0161enjima za automatizaciju.   Veliki izbor materijala u prahu: osim oksidne keramike i \u010delika, mogu se koristiti tvrdi i plemeniti metali kao i cermeti  Visoko kvalitetna i reproduciraju\u0107a serijska proizvodnja uz ALLROUNDER tehnologiju injekcijskog brizganja  Veliki izbor opreme za u\u010dinkovitu obradu praha, npr. visoko otporni MIM ili CIM modul cilindar i pro\u0161irene PIM mlaznice  &nbsp;\" \/>\n<meta property=\"og:url\" content=\"https:\/\/nomis.hr\/sr\/produkt\/pim\/\" \/>\n<meta property=\"og:site_name\" content=\"Nomis\" \/>\n<meta property=\"og:image\" content=\"https:\/\/nomis.hr\/wp-content\/uploads\/2021\/04\/PIM.jpg\" \/>\n\t<meta property=\"og:image:width\" content=\"1024\" \/>\n\t<meta property=\"og:image:height\" content=\"1024\" \/>\n\t<meta property=\"og:image:type\" content=\"image\/jpeg\" \/>\n<meta name=\"twitter:card\" content=\"summary_large_image\" \/>\n<script type=\"application\/ld+json\" class=\"yoast-schema-graph\">{\"@context\":\"https:\/\/schema.org\",\"@graph\":[{\"@type\":\"WebPage\",\"@id\":\"https:\/\/nomis.hr\/sr\/produkt\/pim\/\",\"url\":\"https:\/\/nomis.hr\/sr\/produkt\/pim\/\",\"name\":\"PIM - Nomis\",\"isPartOf\":{\"@id\":\"https:\/\/nomis.hr\/#website\"},\"datePublished\":\"2021-04-11T14:53:09+00:00\",\"dateModified\":\"2021-04-11T14:53:09+00:00\",\"breadcrumb\":{\"@id\":\"https:\/\/nomis.hr\/sr\/produkt\/pim\/#breadcrumb\"},\"inLanguage\":\"sr-RS\",\"potentialAction\":[{\"@type\":\"ReadAction\",\"target\":[\"https:\/\/nomis.hr\/sr\/produkt\/pim\/\"]}]},{\"@type\":\"BreadcrumbList\",\"@id\":\"https:\/\/nomis.hr\/sr\/produkt\/pim\/#breadcrumb\",\"itemListElement\":[{\"@type\":\"ListItem\",\"position\":1,\"name\":\"Home\",\"item\":\"https:\/\/nomis.hr\/sr\/\"},{\"@type\":\"ListItem\",\"position\":2,\"name\":\"Katalog proizvoda\",\"item\":\"https:\/\/nomis.hr\/sr\/katalog-proizvoda\/\"},{\"@type\":\"ListItem\",\"position\":3,\"name\":\"PIM\"}]},{\"@type\":\"WebSite\",\"@id\":\"https:\/\/nomis.hr\/#website\",\"url\":\"https:\/\/nomis.hr\/\",\"name\":\"Nomis\",\"description\":\"Sve za preradu polimera i metala na jednom mjestu!\",\"publisher\":{\"@id\":\"https:\/\/nomis.hr\/#organization\"},\"potentialAction\":[{\"@type\":\"SearchAction\",\"target\":{\"@type\":\"EntryPoint\",\"urlTemplate\":\"https:\/\/nomis.hr\/?s={search_term_string}\"},\"query-input\":\"required name=search_term_string\"}],\"inLanguage\":\"sr-RS\"},{\"@type\":\"Organization\",\"@id\":\"https:\/\/nomis.hr\/#organization\",\"name\":\"Nomis\",\"url\":\"https:\/\/nomis.hr\/\",\"logo\":{\"@type\":\"ImageObject\",\"inLanguage\":\"sr-RS\",\"@id\":\"https:\/\/nomis.hr\/#\/schema\/logo\/image\/\",\"url\":\"https:\/\/nomis.hr\/wp-content\/uploads\/2021\/03\/Nomis-logo-admin-login.png\",\"contentUrl\":\"https:\/\/nomis.hr\/wp-content\/uploads\/2021\/03\/Nomis-logo-admin-login.png\",\"width\":640,\"height\":163,\"caption\":\"Nomis\"},\"image\":{\"@id\":\"https:\/\/nomis.hr\/#\/schema\/logo\/image\/\"}}]}<\/script>\n<!-- \/ Yoast SEO plugin. -->","yoast_head_json":{"title":"PIM - Nomis","robots":{"index":"index","follow":"follow","max-snippet":"max-snippet:-1","max-image-preview":"max-image-preview:large","max-video-preview":"max-video-preview:-1"},"canonical":"https:\/\/nomis.hr\/sr\/produkt\/pim\/","og_locale":"sr_RS","og_type":"article","og_title":"PIM - Nomis","og_description":"Injekcijskim brizganjem praha (PIM) mogu\u0107e je kalupiti izdr\u017eljive i precizne delove od metalnog (MIM) i kerami\u010dkog (CIM) praha. Sve ALLROUNDER ma\u0161ine za injekcijsko brizganje prikladni su za preradu praha. Cilindri za brizganje su prilago\u0111eni na abrazijsko tro\u0161enje \u0161to zahteva prerada ovih materijala. ARBURG re\u0161enja precizno su prilago\u0111ena primenama s integriranim perifernim ure\u0111ajima i re\u0161enjima za automatizaciju.   Veliki izbor materijala u prahu: osim oksidne keramike i \u010delika, mogu se koristiti tvrdi i plemeniti metali kao i cermeti  Visoko kvalitetna i reproduciraju\u0107a serijska proizvodnja uz ALLROUNDER tehnologiju injekcijskog brizganja  Veliki izbor opreme za u\u010dinkovitu obradu praha, npr. visoko otporni MIM ili CIM modul cilindar i pro\u0161irene PIM mlaznice  &nbsp;","og_url":"https:\/\/nomis.hr\/sr\/produkt\/pim\/","og_site_name":"Nomis","og_image":[{"width":1024,"height":1024,"url":"https:\/\/nomis.hr\/wp-content\/uploads\/2021\/04\/PIM.jpg","type":"image\/jpeg"}],"twitter_card":"summary_large_image","schema":{"@context":"https:\/\/schema.org","@graph":[{"@type":"WebPage","@id":"https:\/\/nomis.hr\/sr\/produkt\/pim\/","url":"https:\/\/nomis.hr\/sr\/produkt\/pim\/","name":"PIM - Nomis","isPartOf":{"@id":"https:\/\/nomis.hr\/#website"},"datePublished":"2021-04-11T14:53:09+00:00","dateModified":"2021-04-11T14:53:09+00:00","breadcrumb":{"@id":"https:\/\/nomis.hr\/sr\/produkt\/pim\/#breadcrumb"},"inLanguage":"sr-RS","potentialAction":[{"@type":"ReadAction","target":["https:\/\/nomis.hr\/sr\/produkt\/pim\/"]}]},{"@type":"BreadcrumbList","@id":"https:\/\/nomis.hr\/sr\/produkt\/pim\/#breadcrumb","itemListElement":[{"@type":"ListItem","position":1,"name":"Home","item":"https:\/\/nomis.hr\/sr\/"},{"@type":"ListItem","position":2,"name":"Katalog proizvoda","item":"https:\/\/nomis.hr\/sr\/katalog-proizvoda\/"},{"@type":"ListItem","position":3,"name":"PIM"}]},{"@type":"WebSite","@id":"https:\/\/nomis.hr\/#website","url":"https:\/\/nomis.hr\/","name":"Nomis","description":"Sve za preradu polimera i metala na jednom mjestu!","publisher":{"@id":"https:\/\/nomis.hr\/#organization"},"potentialAction":[{"@type":"SearchAction","target":{"@type":"EntryPoint","urlTemplate":"https:\/\/nomis.hr\/?s={search_term_string}"},"query-input":"required name=search_term_string"}],"inLanguage":"sr-RS"},{"@type":"Organization","@id":"https:\/\/nomis.hr\/#organization","name":"Nomis","url":"https:\/\/nomis.hr\/","logo":{"@type":"ImageObject","inLanguage":"sr-RS","@id":"https:\/\/nomis.hr\/#\/schema\/logo\/image\/","url":"https:\/\/nomis.hr\/wp-content\/uploads\/2021\/03\/Nomis-logo-admin-login.png","contentUrl":"https:\/\/nomis.hr\/wp-content\/uploads\/2021\/03\/Nomis-logo-admin-login.png","width":640,"height":163,"caption":"Nomis"},"image":{"@id":"https:\/\/nomis.hr\/#\/schema\/logo\/image\/"}}]}},"_links":{"self":[{"href":"https:\/\/nomis.hr\/sr\/wp-json\/wp\/v2\/product\/3916"}],"collection":[{"href":"https:\/\/nomis.hr\/sr\/wp-json\/wp\/v2\/product"}],"about":[{"href":"https:\/\/nomis.hr\/sr\/wp-json\/wp\/v2\/types\/product"}],"wp:featuredmedia":[{"embeddable":true,"href":"https:\/\/nomis.hr\/sr\/wp-json\/wp\/v2\/media\/3917"}],"wp:attachment":[{"href":"https:\/\/nomis.hr\/sr\/wp-json\/wp\/v2\/media?parent=3916"}],"wp:term":[{"taxonomy":"product_cat","embeddable":true,"href":"https:\/\/nomis.hr\/sr\/wp-json\/wp\/v2\/product_cat?post=3916"},{"taxonomy":"product_tag","embeddable":true,"href":"https:\/\/nomis.hr\/sr\/wp-json\/wp\/v2\/product_tag?post=3916"}],"curies":[{"name":"wp","href":"https:\/\/api.w.org\/{rel}","templated":true}]}}