{"id":3919,"date":"2021-04-11T16:52:03","date_gmt":"2021-04-11T14:52:03","guid":{"rendered":"https:\/\/nomis.hr\/product\/visekomponentne-brizgalice\/"},"modified":"2021-04-11T16:52:03","modified_gmt":"2021-04-11T14:52:03","slug":"visekomponentne-brizgalice","status":"publish","type":"product","link":"https:\/\/nomis.hr\/sr\/produkt\/visekomponentne-brizgalice\/","title":{"rendered":"Vi\u0161ekomponentne brizgalice"},"content":{"rendered":"","protected":false},"excerpt":{"rendered":"<p>ARBURG snabdeva \u0161irokom paletom tehnologija koje omogu\u0107avaju brizganje vi\u0161ekomponentnih ulivaka. Vi\u0161ekomponentno injekcijsko brizganje kombinuje razli\u010dite materijale ili boje za izradu visokokvalitetnih plasti\u010dnih delova, \u010dime se automatski i isplativo mo\u017ee pobolj\u0161ati dizajn i funkcija proizvoda. Modularni sistem ALLROUNDER omogu\u0107uje konfiguriranje u\u010dinkovite tehnologije injekcijskog brizganja, kako to zahteva svaka specifi\u010dna primena. Spektar se kre\u0107e od potpuno hidrauli\u010dnih ALLROUNDER S ma\u0161ina s tehnologijom hidrauli\u010dkog akumulatora do potpuno servo-elektri\u010dne serije ALLDRIVE ma\u0161ine. Bez obzira jesu li vertikalno ili horizontalno konfigurirani\u00a0 ili opremljeni s okretnim stolom, sve se ma\u0161ine mogu fleksibilno kombinovati s velikim brojem jedinica za ubrizgavanje i optimalno konfigurisati prema odgovaraju\u0107oj aplikaciji ili potro\u0161nji energije.<\/p>\n<p>&nbsp;<\/p>\n<ul>\n<li>sila zatvaranja: 400 \u00f7 5000 kN<\/li>\n<li>brojni tehni\u010dki detalji specifi\u010dni za odre\u0111eni proces<\/li>\n<li>sve jedinice za ubrizgavanje, kalupi i robotske funkcije ujedinjeni su u sredi\u0161njem upravlja\u010dkom sistemu SELOGICA<\/li>\n<\/ul>\n<p>&nbsp;<\/p>\n[fusion_button link=\"https:\/\/nomis.hr\/wp-content\/uploads\/2022\/05\/arburg_multi-component_522771_en_gb.pdf\" title=\"\" target=\"_blank\" link_attributes=\"\" alignment_medium=\"\" alignment_small=\"\" alignment=\"\" modal=\"\" hide_on_mobile=\"small-visibility,medium-visibility,large-visibility\" sticky_display=\"normal,sticky\" class=\"\" id=\"\" color=\"default\" button_gradient_top_color=\"\" hue=\"\" saturation=\"\" lightness=\"\" alpha=\"\" button_gradient_bottom_color=\"\" button_gradient_top_color_hover=\"\" button_gradient_bottom_color_hover=\"\" gradient_start_position=\"\" gradient_end_position=\"\" gradient_type=\"\" radial_direction=\"\" linear_angle=\"180\" accent_color=\"\" accent_hover_color=\"\" type=\"\" bevel_color=\"\" bevel_color_hover=\"\" border_top=\"\" border_right=\"\" border_bottom=\"\" border_left=\"\" border_radius_top_left=\"\" border_radius_top_right=\"\" border_radius_bottom_right=\"\" border_radius_bottom_left=\"\" border_color=\"\" border_hover_color=\"\" size=\"\" padding_top=\"\" padding_right=\"\" padding_bottom=\"\" padding_left=\"\" fusion_font_family_button_font=\"\" fusion_font_variant_button_font=\"\" font_size=\"\" line_height=\"\" letter_spacing=\"\" text_transform=\"\" stretch=\"default\" margin_top=\"\" margin_right=\"\" margin_bottom=\"\" margin_left=\"\" icon=\"fa-file-pdf fas\" icon_position=\"left\" icon_divider=\"no\" animation_type=\"\" animation_direction=\"left\" animation_speed=\"0.3\" animation_offset=\"\"]Tehni\u010dki dokument[\/fusion_button]\n","protected":false},"featured_media":3920,"template":"","meta":[],"product_brand":[],"product_cat":[227,226,234],"product_tag":[],"class_list":{"0":"post-3919","1":"product","2":"type-product","3":"status-publish","4":"has-post-thumbnail","6":"product_cat-arburg-sr","7":"product_cat-masine","8":"product_cat-specijalne-masine","10":"first","11":"instock","12":"shipping-taxable","13":"product-type-simple"},"yoast_head":"<!-- This site is optimized with the Yoast SEO plugin v27.4 - https:\/\/yoast.com\/product\/yoast-seo-wordpress\/ -->\n<title>Vi\u0161ekomponentne brizgalice - Nomis<\/title>\n<meta name=\"robots\" content=\"index, follow, max-snippet:-1, max-image-preview:large, max-video-preview:-1\" \/>\n<link rel=\"canonical\" href=\"https:\/\/nomis.hr\/sr\/produkt\/visekomponentne-brizgalice\/\" \/>\n<meta property=\"og:locale\" content=\"sr_RS\" \/>\n<meta property=\"og:type\" content=\"article\" \/>\n<meta property=\"og:title\" content=\"Vi\u0161ekomponentne brizgalice - Nomis\" \/>\n<meta property=\"og:description\" content=\"ARBURG snabdeva \u0161irokom paletom tehnologija koje omogu\u0107avaju brizganje vi\u0161ekomponentnih ulivaka. Vi\u0161ekomponentno injekcijsko brizganje kombinuje razli\u010dite materijale ili boje za izradu visokokvalitetnih plasti\u010dnih delova, \u010dime se automatski i isplativo mo\u017ee pobolj\u0161ati dizajn i funkcija proizvoda. Modularni sistem ALLROUNDER omogu\u0107uje konfiguriranje u\u010dinkovite tehnologije injekcijskog brizganja, kako to zahteva svaka specifi\u010dna primena. Spektar se kre\u0107e od potpuno hidrauli\u010dnih ALLROUNDER S ma\u0161ina s tehnologijom hidrauli\u010dkog akumulatora do potpuno servo-elektri\u010dne serije ALLDRIVE ma\u0161ine. Bez obzira jesu li vertikalno ili horizontalno konfigurirani\u00a0 ili opremljeni s okretnim stolom, sve se ma\u0161ine mogu fleksibilno kombinovati s velikim brojem jedinica za ubrizgavanje i optimalno konfigurisati prema odgovaraju\u0107oj aplikaciji ili potro\u0161nji energije.  &nbsp;   sila zatvaranja: 400 \u00f7 5000 kN  brojni tehni\u010dki detalji specifi\u010dni za odre\u0111eni proces  sve jedinice za ubrizgavanje, kalupi i robotske funkcije ujedinjeni su u sredi\u0161njem upravlja\u010dkom sistemu SELOGICA  &nbsp;\" \/>\n<meta property=\"og:url\" content=\"https:\/\/nomis.hr\/sr\/produkt\/visekomponentne-brizgalice\/\" \/>\n<meta property=\"og:site_name\" content=\"Nomis\" \/>\n<meta property=\"og:image\" content=\"https:\/\/nomis.hr\/wp-content\/uploads\/2021\/04\/Vis\u030cekomponentne-brizgalice.jpg\" \/>\n\t<meta property=\"og:image:width\" content=\"1024\" \/>\n\t<meta property=\"og:image:height\" content=\"1024\" \/>\n\t<meta property=\"og:image:type\" content=\"image\/jpeg\" \/>\n<meta name=\"twitter:card\" content=\"summary_large_image\" \/>\n<script type=\"application\/ld+json\" class=\"yoast-schema-graph\">{\"@context\":\"https:\\\/\\\/schema.org\",\"@graph\":[{\"@type\":\"WebPage\",\"@id\":\"https:\\\/\\\/nomis.hr\\\/sr\\\/produkt\\\/visekomponentne-brizgalice\\\/\",\"url\":\"https:\\\/\\\/nomis.hr\\\/sr\\\/produkt\\\/visekomponentne-brizgalice\\\/\",\"name\":\"Vi\u0161ekomponentne brizgalice - Nomis\",\"isPartOf\":{\"@id\":\"https:\\\/\\\/nomis.hr\\\/#website\"},\"primaryImageOfPage\":{\"@id\":\"https:\\\/\\\/nomis.hr\\\/sr\\\/produkt\\\/visekomponentne-brizgalice\\\/#primaryimage\"},\"image\":{\"@id\":\"https:\\\/\\\/nomis.hr\\\/sr\\\/produkt\\\/visekomponentne-brizgalice\\\/#primaryimage\"},\"thumbnailUrl\":\"https:\\\/\\\/nomis.hr\\\/wp-content\\\/uploads\\\/2021\\\/04\\\/Vis\u030cekomponentne-brizgalice.jpg\",\"datePublished\":\"2021-04-11T14:52:03+00:00\",\"breadcrumb\":{\"@id\":\"https:\\\/\\\/nomis.hr\\\/sr\\\/produkt\\\/visekomponentne-brizgalice\\\/#breadcrumb\"},\"inLanguage\":\"sr-RS\",\"potentialAction\":[{\"@type\":\"ReadAction\",\"target\":[\"https:\\\/\\\/nomis.hr\\\/sr\\\/produkt\\\/visekomponentne-brizgalice\\\/\"]}]},{\"@type\":\"ImageObject\",\"inLanguage\":\"sr-RS\",\"@id\":\"https:\\\/\\\/nomis.hr\\\/sr\\\/produkt\\\/visekomponentne-brizgalice\\\/#primaryimage\",\"url\":\"https:\\\/\\\/nomis.hr\\\/wp-content\\\/uploads\\\/2021\\\/04\\\/Vis\u030cekomponentne-brizgalice.jpg\",\"contentUrl\":\"https:\\\/\\\/nomis.hr\\\/wp-content\\\/uploads\\\/2021\\\/04\\\/Vis\u030cekomponentne-brizgalice.jpg\",\"width\":1024,\"height\":1024},{\"@type\":\"BreadcrumbList\",\"@id\":\"https:\\\/\\\/nomis.hr\\\/sr\\\/produkt\\\/visekomponentne-brizgalice\\\/#breadcrumb\",\"itemListElement\":[{\"@type\":\"ListItem\",\"position\":1,\"name\":\"Home\",\"item\":\"https:\\\/\\\/nomis.hr\\\/sr\\\/\"},{\"@type\":\"ListItem\",\"position\":2,\"name\":\"Katalog proizvoda\",\"item\":\"https:\\\/\\\/nomis.hr\\\/sr\\\/katalog-proizvoda\\\/\"},{\"@type\":\"ListItem\",\"position\":3,\"name\":\"Vi\u0161ekomponentne brizgalice\"}]},{\"@type\":\"WebSite\",\"@id\":\"https:\\\/\\\/nomis.hr\\\/#website\",\"url\":\"https:\\\/\\\/nomis.hr\\\/\",\"name\":\"Nomis\",\"description\":\"Sve za preradu polimera i metala na jednom mjestu!\",\"publisher\":{\"@id\":\"https:\\\/\\\/nomis.hr\\\/#organization\"},\"potentialAction\":[{\"@type\":\"SearchAction\",\"target\":{\"@type\":\"EntryPoint\",\"urlTemplate\":\"https:\\\/\\\/nomis.hr\\\/?s={search_term_string}\"},\"query-input\":{\"@type\":\"PropertyValueSpecification\",\"valueRequired\":true,\"valueName\":\"search_term_string\"}}],\"inLanguage\":\"sr-RS\"},{\"@type\":\"Organization\",\"@id\":\"https:\\\/\\\/nomis.hr\\\/#organization\",\"name\":\"Nomis\",\"url\":\"https:\\\/\\\/nomis.hr\\\/\",\"logo\":{\"@type\":\"ImageObject\",\"inLanguage\":\"sr-RS\",\"@id\":\"https:\\\/\\\/nomis.hr\\\/#\\\/schema\\\/logo\\\/image\\\/\",\"url\":\"https:\\\/\\\/nomis.hr\\\/wp-content\\\/uploads\\\/2021\\\/03\\\/Nomis-logo-admin-login.png\",\"contentUrl\":\"https:\\\/\\\/nomis.hr\\\/wp-content\\\/uploads\\\/2021\\\/03\\\/Nomis-logo-admin-login.png\",\"width\":640,\"height\":163,\"caption\":\"Nomis\"},\"image\":{\"@id\":\"https:\\\/\\\/nomis.hr\\\/#\\\/schema\\\/logo\\\/image\\\/\"}}]}<\/script>\n<!-- \/ Yoast SEO plugin. -->","yoast_head_json":{"title":"Vi\u0161ekomponentne brizgalice - Nomis","robots":{"index":"index","follow":"follow","max-snippet":"max-snippet:-1","max-image-preview":"max-image-preview:large","max-video-preview":"max-video-preview:-1"},"canonical":"https:\/\/nomis.hr\/sr\/produkt\/visekomponentne-brizgalice\/","og_locale":"sr_RS","og_type":"article","og_title":"Vi\u0161ekomponentne brizgalice - Nomis","og_description":"ARBURG snabdeva \u0161irokom paletom tehnologija koje omogu\u0107avaju brizganje vi\u0161ekomponentnih ulivaka. Vi\u0161ekomponentno injekcijsko brizganje kombinuje razli\u010dite materijale ili boje za izradu visokokvalitetnih plasti\u010dnih delova, \u010dime se automatski i isplativo mo\u017ee pobolj\u0161ati dizajn i funkcija proizvoda. Modularni sistem ALLROUNDER omogu\u0107uje konfiguriranje u\u010dinkovite tehnologije injekcijskog brizganja, kako to zahteva svaka specifi\u010dna primena. Spektar se kre\u0107e od potpuno hidrauli\u010dnih ALLROUNDER S ma\u0161ina s tehnologijom hidrauli\u010dkog akumulatora do potpuno servo-elektri\u010dne serije ALLDRIVE ma\u0161ine. Bez obzira jesu li vertikalno ili horizontalno konfigurirani\u00a0 ili opremljeni s okretnim stolom, sve se ma\u0161ine mogu fleksibilno kombinovati s velikim brojem jedinica za ubrizgavanje i optimalno konfigurisati prema odgovaraju\u0107oj aplikaciji ili potro\u0161nji energije.  &nbsp;   sila zatvaranja: 400 \u00f7 5000 kN  brojni tehni\u010dki detalji specifi\u010dni za odre\u0111eni proces  sve jedinice za ubrizgavanje, kalupi i robotske funkcije ujedinjeni su u sredi\u0161njem upravlja\u010dkom sistemu SELOGICA  &nbsp;","og_url":"https:\/\/nomis.hr\/sr\/produkt\/visekomponentne-brizgalice\/","og_site_name":"Nomis","og_image":[{"width":1024,"height":1024,"url":"https:\/\/nomis.hr\/wp-content\/uploads\/2021\/04\/Vis\u030cekomponentne-brizgalice.jpg","type":"image\/jpeg"}],"twitter_card":"summary_large_image","schema":{"@context":"https:\/\/schema.org","@graph":[{"@type":"WebPage","@id":"https:\/\/nomis.hr\/sr\/produkt\/visekomponentne-brizgalice\/","url":"https:\/\/nomis.hr\/sr\/produkt\/visekomponentne-brizgalice\/","name":"Vi\u0161ekomponentne brizgalice - Nomis","isPartOf":{"@id":"https:\/\/nomis.hr\/#website"},"primaryImageOfPage":{"@id":"https:\/\/nomis.hr\/sr\/produkt\/visekomponentne-brizgalice\/#primaryimage"},"image":{"@id":"https:\/\/nomis.hr\/sr\/produkt\/visekomponentne-brizgalice\/#primaryimage"},"thumbnailUrl":"https:\/\/nomis.hr\/wp-content\/uploads\/2021\/04\/Vis\u030cekomponentne-brizgalice.jpg","datePublished":"2021-04-11T14:52:03+00:00","breadcrumb":{"@id":"https:\/\/nomis.hr\/sr\/produkt\/visekomponentne-brizgalice\/#breadcrumb"},"inLanguage":"sr-RS","potentialAction":[{"@type":"ReadAction","target":["https:\/\/nomis.hr\/sr\/produkt\/visekomponentne-brizgalice\/"]}]},{"@type":"ImageObject","inLanguage":"sr-RS","@id":"https:\/\/nomis.hr\/sr\/produkt\/visekomponentne-brizgalice\/#primaryimage","url":"https:\/\/nomis.hr\/wp-content\/uploads\/2021\/04\/Vis\u030cekomponentne-brizgalice.jpg","contentUrl":"https:\/\/nomis.hr\/wp-content\/uploads\/2021\/04\/Vis\u030cekomponentne-brizgalice.jpg","width":1024,"height":1024},{"@type":"BreadcrumbList","@id":"https:\/\/nomis.hr\/sr\/produkt\/visekomponentne-brizgalice\/#breadcrumb","itemListElement":[{"@type":"ListItem","position":1,"name":"Home","item":"https:\/\/nomis.hr\/sr\/"},{"@type":"ListItem","position":2,"name":"Katalog proizvoda","item":"https:\/\/nomis.hr\/sr\/katalog-proizvoda\/"},{"@type":"ListItem","position":3,"name":"Vi\u0161ekomponentne brizgalice"}]},{"@type":"WebSite","@id":"https:\/\/nomis.hr\/#website","url":"https:\/\/nomis.hr\/","name":"Nomis","description":"Sve za preradu polimera i metala na jednom mjestu!","publisher":{"@id":"https:\/\/nomis.hr\/#organization"},"potentialAction":[{"@type":"SearchAction","target":{"@type":"EntryPoint","urlTemplate":"https:\/\/nomis.hr\/?s={search_term_string}"},"query-input":{"@type":"PropertyValueSpecification","valueRequired":true,"valueName":"search_term_string"}}],"inLanguage":"sr-RS"},{"@type":"Organization","@id":"https:\/\/nomis.hr\/#organization","name":"Nomis","url":"https:\/\/nomis.hr\/","logo":{"@type":"ImageObject","inLanguage":"sr-RS","@id":"https:\/\/nomis.hr\/#\/schema\/logo\/image\/","url":"https:\/\/nomis.hr\/wp-content\/uploads\/2021\/03\/Nomis-logo-admin-login.png","contentUrl":"https:\/\/nomis.hr\/wp-content\/uploads\/2021\/03\/Nomis-logo-admin-login.png","width":640,"height":163,"caption":"Nomis"},"image":{"@id":"https:\/\/nomis.hr\/#\/schema\/logo\/image\/"}}]}},"_links":{"self":[{"href":"https:\/\/nomis.hr\/sr\/wp-json\/wp\/v2\/product\/3919","targetHints":{"allow":["GET"]}}],"collection":[{"href":"https:\/\/nomis.hr\/sr\/wp-json\/wp\/v2\/product"}],"about":[{"href":"https:\/\/nomis.hr\/sr\/wp-json\/wp\/v2\/types\/product"}],"wp:featuredmedia":[{"embeddable":true,"href":"https:\/\/nomis.hr\/sr\/wp-json\/wp\/v2\/media\/3920"}],"wp:attachment":[{"href":"https:\/\/nomis.hr\/sr\/wp-json\/wp\/v2\/media?parent=3919"}],"wp:term":[{"taxonomy":"product_brand","embeddable":true,"href":"https:\/\/nomis.hr\/sr\/wp-json\/wp\/v2\/product_brand?post=3919"},{"taxonomy":"product_cat","embeddable":true,"href":"https:\/\/nomis.hr\/sr\/wp-json\/wp\/v2\/product_cat?post=3919"},{"taxonomy":"product_tag","embeddable":true,"href":"https:\/\/nomis.hr\/sr\/wp-json\/wp\/v2\/product_tag?post=3919"}],"curies":[{"name":"wp","href":"https:\/\/api.w.org\/{rel}","templated":true}]}}