{"id":3927,"date":"2021-04-11T16:45:10","date_gmt":"2021-04-11T14:45:10","guid":{"rendered":"https:\/\/nomis.hr\/product\/hibridne-brizgalice\/"},"modified":"2021-04-11T16:45:10","modified_gmt":"2021-04-11T14:45:10","slug":"hibridne-brizgalice","status":"publish","type":"product","link":"https:\/\/nomis.hr\/sr\/produkt\/hibridne-brizgalice\/","title":{"rendered":"Hibridne brizgalice"},"content":{"rendered":"","protected":false},"excerpt":{"rendered":"<p>Hibridne ALLROUNDER brizgalice su dizajnirane za vrhunske performanse u preradi polimera. Kombinuju brzinu i preciznost elektri\u010dnih brizgalica sa hidrauli\u010dkom snagom i dinamikom za beskompromisne proizvodne performanse. Ova kombinacija omogu\u0107uje ekonomi\u010dnu i energetski u\u010dinkovitu proizvodnju. Simultani pokreti ma\u0161ine rezultiraju ve\u0107om ekonomi\u010dno\u0161\u0107u proizvodnje s obzirom da su vremena ciklusa drasti\u010dno smanjena zahvaljuju\u0107i servo-elektri\u010dnoj jedinici za zatvaranje.<\/p>\n<ul>\n<li>sila zatvaranja: 350 \u00f7 6500 kN<\/li>\n<li>mogu\u0107a obrada svih materijala koji se mogu brizgati, uklju\u010duju\u0107i keramiku i metal<\/li>\n<li>do 40% u\u0161tede energije u odnosu na hidrauli\u010dke brizgalice<\/li>\n<li>specijalne verzije za pakovanje (P) za tankozidno brizganje<\/li>\n<li>tehnologija hidrauli\u010dkog rezervoara za dinami\u010dki protok brizganja<\/li>\n<li>programiranje putem SELOGICA upravljanja<\/li>\n<\/ul>\n<p>&nbsp;<\/p>\n[fusion_button link=\"https:\/\/nomis.hr\/wp-content\/uploads\/2022\/05\/arburg_hybrid_allrounders_680343_en_us.pdf\" title=\"\" target=\"_blank\" link_attributes=\"\" alignment_medium=\"\" alignment_small=\"\" alignment=\"\" modal=\"\" hide_on_mobile=\"small-visibility,medium-visibility,large-visibility\" sticky_display=\"normal,sticky\" class=\"\" id=\"\" color=\"default\" button_gradient_top_color=\"\" hue=\"\" saturation=\"\" lightness=\"\" alpha=\"\" button_gradient_bottom_color=\"\" button_gradient_top_color_hover=\"\" button_gradient_bottom_color_hover=\"\" gradient_start_position=\"\" gradient_end_position=\"\" gradient_type=\"\" radial_direction=\"\" linear_angle=\"180\" accent_color=\"\" accent_hover_color=\"\" type=\"\" bevel_color=\"\" bevel_color_hover=\"\" border_top=\"\" border_right=\"\" border_bottom=\"\" border_left=\"\" border_radius_top_left=\"\" border_radius_top_right=\"\" border_radius_bottom_right=\"\" border_radius_bottom_left=\"\" border_color=\"\" border_hover_color=\"\" size=\"\" padding_top=\"\" padding_right=\"\" padding_bottom=\"\" padding_left=\"\" fusion_font_family_button_font=\"\" fusion_font_variant_button_font=\"\" font_size=\"\" line_height=\"\" letter_spacing=\"\" text_transform=\"\" stretch=\"default\" margin_top=\"\" margin_right=\"\" margin_bottom=\"\" margin_left=\"\" icon=\"fa-file-pdf fas\" icon_position=\"left\" icon_divider=\"no\" animation_type=\"\" animation_direction=\"left\" animation_speed=\"0.3\" animation_offset=\"\"]Tehni\u010dki dokument[\/fusion_button]\n","protected":false},"featured_media":3928,"template":"","meta":[],"product_cat":[226,227,235],"product_tag":[],"yoast_head":"<!-- This site is optimized with the Yoast SEO plugin v21.3 - https:\/\/yoast.com\/wordpress\/plugins\/seo\/ -->\n<title>Hibridne brizgalice - Nomis<\/title>\n<meta name=\"robots\" content=\"index, follow, max-snippet:-1, max-image-preview:large, max-video-preview:-1\" \/>\n<link rel=\"canonical\" href=\"https:\/\/nomis.hr\/sr\/produkt\/hibridne-brizgalice\/\" \/>\n<meta property=\"og:locale\" content=\"sr_RS\" \/>\n<meta property=\"og:type\" content=\"article\" \/>\n<meta property=\"og:title\" content=\"Hibridne brizgalice - Nomis\" \/>\n<meta property=\"og:description\" content=\"Hibridne ALLROUNDER brizgalice su dizajnirane za vrhunske performanse u preradi polimera. Kombinuju brzinu i preciznost elektri\u010dnih brizgalica sa hidrauli\u010dkom snagom i dinamikom za beskompromisne proizvodne performanse. Ova kombinacija omogu\u0107uje ekonomi\u010dnu i energetski u\u010dinkovitu proizvodnju. Simultani pokreti ma\u0161ine rezultiraju ve\u0107om ekonomi\u010dno\u0161\u0107u proizvodnje s obzirom da su vremena ciklusa drasti\u010dno smanjena zahvaljuju\u0107i servo-elektri\u010dnoj jedinici za zatvaranje.   sila zatvaranja: 350 \u00f7 6500 kN  mogu\u0107a obrada svih materijala koji se mogu brizgati, uklju\u010duju\u0107i keramiku i metal  do 40% u\u0161tede energije u odnosu na hidrauli\u010dke brizgalice  specijalne verzije za pakovanje (P) za tankozidno brizganje  tehnologija hidrauli\u010dkog rezervoara za dinami\u010dki protok brizganja  programiranje putem SELOGICA upravljanja  &nbsp;\" \/>\n<meta property=\"og:url\" content=\"https:\/\/nomis.hr\/sr\/produkt\/hibridne-brizgalice\/\" \/>\n<meta property=\"og:site_name\" content=\"Nomis\" \/>\n<meta property=\"og:image\" content=\"https:\/\/nomis.hr\/wp-content\/uploads\/2021\/04\/Hibridne-brizgalice.jpg\" \/>\n\t<meta property=\"og:image:width\" content=\"1024\" \/>\n\t<meta property=\"og:image:height\" content=\"1024\" \/>\n\t<meta property=\"og:image:type\" content=\"image\/jpeg\" \/>\n<meta name=\"twitter:card\" content=\"summary_large_image\" \/>\n<script type=\"application\/ld+json\" class=\"yoast-schema-graph\">{\"@context\":\"https:\/\/schema.org\",\"@graph\":[{\"@type\":\"WebPage\",\"@id\":\"https:\/\/nomis.hr\/sr\/produkt\/hibridne-brizgalice\/\",\"url\":\"https:\/\/nomis.hr\/sr\/produkt\/hibridne-brizgalice\/\",\"name\":\"Hibridne brizgalice - Nomis\",\"isPartOf\":{\"@id\":\"https:\/\/nomis.hr\/#website\"},\"datePublished\":\"2021-04-11T14:45:10+00:00\",\"dateModified\":\"2021-04-11T14:45:10+00:00\",\"breadcrumb\":{\"@id\":\"https:\/\/nomis.hr\/sr\/produkt\/hibridne-brizgalice\/#breadcrumb\"},\"inLanguage\":\"sr-RS\",\"potentialAction\":[{\"@type\":\"ReadAction\",\"target\":[\"https:\/\/nomis.hr\/sr\/produkt\/hibridne-brizgalice\/\"]}]},{\"@type\":\"BreadcrumbList\",\"@id\":\"https:\/\/nomis.hr\/sr\/produkt\/hibridne-brizgalice\/#breadcrumb\",\"itemListElement\":[{\"@type\":\"ListItem\",\"position\":1,\"name\":\"Home\",\"item\":\"https:\/\/nomis.hr\/sr\/\"},{\"@type\":\"ListItem\",\"position\":2,\"name\":\"Katalog proizvoda\",\"item\":\"https:\/\/nomis.hr\/sr\/katalog-proizvoda\/\"},{\"@type\":\"ListItem\",\"position\":3,\"name\":\"Hibridne brizgalice\"}]},{\"@type\":\"WebSite\",\"@id\":\"https:\/\/nomis.hr\/#website\",\"url\":\"https:\/\/nomis.hr\/\",\"name\":\"Nomis\",\"description\":\"Sve za preradu polimera i metala na jednom mjestu!\",\"publisher\":{\"@id\":\"https:\/\/nomis.hr\/#organization\"},\"potentialAction\":[{\"@type\":\"SearchAction\",\"target\":{\"@type\":\"EntryPoint\",\"urlTemplate\":\"https:\/\/nomis.hr\/?s={search_term_string}\"},\"query-input\":\"required name=search_term_string\"}],\"inLanguage\":\"sr-RS\"},{\"@type\":\"Organization\",\"@id\":\"https:\/\/nomis.hr\/#organization\",\"name\":\"Nomis\",\"url\":\"https:\/\/nomis.hr\/\",\"logo\":{\"@type\":\"ImageObject\",\"inLanguage\":\"sr-RS\",\"@id\":\"https:\/\/nomis.hr\/#\/schema\/logo\/image\/\",\"url\":\"https:\/\/nomis.hr\/wp-content\/uploads\/2021\/03\/Nomis-logo-admin-login.png\",\"contentUrl\":\"https:\/\/nomis.hr\/wp-content\/uploads\/2021\/03\/Nomis-logo-admin-login.png\",\"width\":640,\"height\":163,\"caption\":\"Nomis\"},\"image\":{\"@id\":\"https:\/\/nomis.hr\/#\/schema\/logo\/image\/\"}}]}<\/script>\n<!-- \/ Yoast SEO plugin. -->","yoast_head_json":{"title":"Hibridne brizgalice - Nomis","robots":{"index":"index","follow":"follow","max-snippet":"max-snippet:-1","max-image-preview":"max-image-preview:large","max-video-preview":"max-video-preview:-1"},"canonical":"https:\/\/nomis.hr\/sr\/produkt\/hibridne-brizgalice\/","og_locale":"sr_RS","og_type":"article","og_title":"Hibridne brizgalice - Nomis","og_description":"Hibridne ALLROUNDER brizgalice su dizajnirane za vrhunske performanse u preradi polimera. Kombinuju brzinu i preciznost elektri\u010dnih brizgalica sa hidrauli\u010dkom snagom i dinamikom za beskompromisne proizvodne performanse. Ova kombinacija omogu\u0107uje ekonomi\u010dnu i energetski u\u010dinkovitu proizvodnju. Simultani pokreti ma\u0161ine rezultiraju ve\u0107om ekonomi\u010dno\u0161\u0107u proizvodnje s obzirom da su vremena ciklusa drasti\u010dno smanjena zahvaljuju\u0107i servo-elektri\u010dnoj jedinici za zatvaranje.   sila zatvaranja: 350 \u00f7 6500 kN  mogu\u0107a obrada svih materijala koji se mogu brizgati, uklju\u010duju\u0107i keramiku i metal  do 40% u\u0161tede energije u odnosu na hidrauli\u010dke brizgalice  specijalne verzije za pakovanje (P) za tankozidno brizganje  tehnologija hidrauli\u010dkog rezervoara za dinami\u010dki protok brizganja  programiranje putem SELOGICA upravljanja  &nbsp;","og_url":"https:\/\/nomis.hr\/sr\/produkt\/hibridne-brizgalice\/","og_site_name":"Nomis","og_image":[{"width":1024,"height":1024,"url":"https:\/\/nomis.hr\/wp-content\/uploads\/2021\/04\/Hibridne-brizgalice.jpg","type":"image\/jpeg"}],"twitter_card":"summary_large_image","schema":{"@context":"https:\/\/schema.org","@graph":[{"@type":"WebPage","@id":"https:\/\/nomis.hr\/sr\/produkt\/hibridne-brizgalice\/","url":"https:\/\/nomis.hr\/sr\/produkt\/hibridne-brizgalice\/","name":"Hibridne brizgalice - Nomis","isPartOf":{"@id":"https:\/\/nomis.hr\/#website"},"datePublished":"2021-04-11T14:45:10+00:00","dateModified":"2021-04-11T14:45:10+00:00","breadcrumb":{"@id":"https:\/\/nomis.hr\/sr\/produkt\/hibridne-brizgalice\/#breadcrumb"},"inLanguage":"sr-RS","potentialAction":[{"@type":"ReadAction","target":["https:\/\/nomis.hr\/sr\/produkt\/hibridne-brizgalice\/"]}]},{"@type":"BreadcrumbList","@id":"https:\/\/nomis.hr\/sr\/produkt\/hibridne-brizgalice\/#breadcrumb","itemListElement":[{"@type":"ListItem","position":1,"name":"Home","item":"https:\/\/nomis.hr\/sr\/"},{"@type":"ListItem","position":2,"name":"Katalog proizvoda","item":"https:\/\/nomis.hr\/sr\/katalog-proizvoda\/"},{"@type":"ListItem","position":3,"name":"Hibridne brizgalice"}]},{"@type":"WebSite","@id":"https:\/\/nomis.hr\/#website","url":"https:\/\/nomis.hr\/","name":"Nomis","description":"Sve za preradu polimera i metala na jednom mjestu!","publisher":{"@id":"https:\/\/nomis.hr\/#organization"},"potentialAction":[{"@type":"SearchAction","target":{"@type":"EntryPoint","urlTemplate":"https:\/\/nomis.hr\/?s={search_term_string}"},"query-input":"required name=search_term_string"}],"inLanguage":"sr-RS"},{"@type":"Organization","@id":"https:\/\/nomis.hr\/#organization","name":"Nomis","url":"https:\/\/nomis.hr\/","logo":{"@type":"ImageObject","inLanguage":"sr-RS","@id":"https:\/\/nomis.hr\/#\/schema\/logo\/image\/","url":"https:\/\/nomis.hr\/wp-content\/uploads\/2021\/03\/Nomis-logo-admin-login.png","contentUrl":"https:\/\/nomis.hr\/wp-content\/uploads\/2021\/03\/Nomis-logo-admin-login.png","width":640,"height":163,"caption":"Nomis"},"image":{"@id":"https:\/\/nomis.hr\/#\/schema\/logo\/image\/"}}]}},"_links":{"self":[{"href":"https:\/\/nomis.hr\/sr\/wp-json\/wp\/v2\/product\/3927"}],"collection":[{"href":"https:\/\/nomis.hr\/sr\/wp-json\/wp\/v2\/product"}],"about":[{"href":"https:\/\/nomis.hr\/sr\/wp-json\/wp\/v2\/types\/product"}],"wp:featuredmedia":[{"embeddable":true,"href":"https:\/\/nomis.hr\/sr\/wp-json\/wp\/v2\/media\/3928"}],"wp:attachment":[{"href":"https:\/\/nomis.hr\/sr\/wp-json\/wp\/v2\/media?parent=3927"}],"wp:term":[{"taxonomy":"product_cat","embeddable":true,"href":"https:\/\/nomis.hr\/sr\/wp-json\/wp\/v2\/product_cat?post=3927"},{"taxonomy":"product_tag","embeddable":true,"href":"https:\/\/nomis.hr\/sr\/wp-json\/wp\/v2\/product_tag?post=3927"}],"curies":[{"name":"wp","href":"https:\/\/api.w.org\/{rel}","templated":true}]}}