{"id":3930,"date":"2021-04-11T16:42:46","date_gmt":"2021-04-11T14:42:46","guid":{"rendered":"https:\/\/nomis.hr\/product\/hidraulicke-brizgalice\/"},"modified":"2021-04-11T16:42:46","modified_gmt":"2021-04-11T14:42:46","slug":"hidraulicke-brizgalice","status":"publish","type":"product","link":"https:\/\/nomis.hr\/sr\/produkt\/hidraulicke-brizgalice\/","title":{"rendered":"Hidrauli\u010dke brizgalice"},"content":{"rendered":"","protected":false},"excerpt":{"rendered":"<p>Hidrauli\u010dke brizgalice ALLROUNDER imaju \u0161iroki raspon primene te se mogu pojedina\u010dno prilagoditi za rad u kombinaciji sa svim poznatim tehnikama injekcijskog brizganja. Asortiman se prote\u017ee od GOLDEN EDITION serije po\u010detnih modela ma\u0161ina sa izuzetnim omerom cena\/kvalitet, do ALLROUNDER S modela sa \u0161irokim rasponom dodatne opreme za potpuno prilago\u0111avanje pojedinom procesu. Hidrauli\u010dna ALLROUNDER ma\u0161ina, osim \u0161to je dostupna u mnogo veli\u010dina, ima opse\u017ean izbor periferija koje se mogu jednostavno integrisati \u00a0zahvaljuju\u0107i univerzalnom upravlja\u010dkom sistemu SELOGICA. Ukoliko kod proizvodnje trebate pouzdanost i visoki nivo ponavljanja, ovo je prava ma\u0161ina za Vas.<\/p>\n<ul>\n<li>sila zatvaranja: 125 \u00f7 5000 kN<\/li>\n<li>mogu\u0107a obrada svih materijala koji se mogu brizgati, uklju\u010duju\u0107i keramiku i metal<\/li>\n<li>ponovljivost procesa usporediva sa elektri\u010dnim brizgalicama<\/li>\n<li>30% manji utro\u0161ak energije zahvaljuju\u0107i AES (Arburg sistem u\u0161tede energije) i ASH (Arburg servo-hidrauli\u010dni sustav)<\/li>\n<li>ve\u0107a efikasnost zahvaljuju\u0107i paketu produktivnosti, sa AES sistemom, varijabilnom brzinom pumpe i vodom hla\u0111enim pogonskim motorom<\/li>\n<li>programiranje putem SELOGICA upravljanja<\/li>\n<\/ul>\n<p>&nbsp;<\/p>\n[fusion_button link=\"https:\/\/nomis.hr\/wp-content\/uploads\/2022\/05\/arburg_hydraulic_allrounders_680472_en_gb.pdf\" title=\"\" target=\"_blank\" link_attributes=\"\" alignment_medium=\"\" alignment_small=\"\" alignment=\"\" modal=\"\" hide_on_mobile=\"small-visibility,medium-visibility,large-visibility\" sticky_display=\"normal,sticky\" class=\"\" id=\"\" color=\"default\" button_gradient_top_color=\"\" hue=\"\" saturation=\"\" lightness=\"\" alpha=\"\" button_gradient_bottom_color=\"\" button_gradient_top_color_hover=\"\" button_gradient_bottom_color_hover=\"\" gradient_start_position=\"\" gradient_end_position=\"\" gradient_type=\"\" radial_direction=\"\" linear_angle=\"180\" accent_color=\"\" accent_hover_color=\"\" type=\"\" bevel_color=\"\" bevel_color_hover=\"\" border_top=\"\" border_right=\"\" border_bottom=\"\" border_left=\"\" border_radius_top_left=\"\" border_radius_top_right=\"\" border_radius_bottom_right=\"\" border_radius_bottom_left=\"\" border_color=\"\" border_hover_color=\"\" size=\"\" padding_top=\"\" padding_right=\"\" padding_bottom=\"\" padding_left=\"\" fusion_font_family_button_font=\"\" fusion_font_variant_button_font=\"\" font_size=\"\" line_height=\"\" letter_spacing=\"\" text_transform=\"\" stretch=\"default\" margin_top=\"\" margin_right=\"\" margin_bottom=\"\" margin_left=\"\" icon=\"fa-file-pdf fas\" icon_position=\"left\" icon_divider=\"no\" animation_type=\"\" animation_direction=\"left\" animation_speed=\"0.3\" animation_offset=\"\"]Tehni\u010dki dokument[\/fusion_button]\n","protected":false},"featured_media":3931,"template":"","meta":[],"product_brand":[],"product_cat":[227,226,235],"product_tag":[],"class_list":{"0":"post-3930","1":"product","2":"type-product","3":"status-publish","4":"has-post-thumbnail","6":"product_cat-arburg-sr","7":"product_cat-masine","8":"product_cat-standardne-masine","10":"first","11":"instock","12":"shipping-taxable","13":"product-type-simple"},"yoast_head":"<!-- This site is optimized with the Yoast SEO plugin v27.4 - https:\/\/yoast.com\/product\/yoast-seo-wordpress\/ -->\n<title>Hidrauli\u010dke brizgalice - Nomis<\/title>\n<meta name=\"robots\" content=\"index, follow, max-snippet:-1, max-image-preview:large, max-video-preview:-1\" \/>\n<link rel=\"canonical\" href=\"https:\/\/nomis.hr\/sr\/produkt\/hidraulicke-brizgalice\/\" \/>\n<meta property=\"og:locale\" content=\"sr_RS\" \/>\n<meta property=\"og:type\" content=\"article\" \/>\n<meta property=\"og:title\" content=\"Hidrauli\u010dke brizgalice - Nomis\" \/>\n<meta property=\"og:description\" content=\"Hidrauli\u010dke brizgalice ALLROUNDER imaju \u0161iroki raspon primene te se mogu pojedina\u010dno prilagoditi za rad u kombinaciji sa svim poznatim tehnikama injekcijskog brizganja. Asortiman se prote\u017ee od GOLDEN EDITION serije po\u010detnih modela ma\u0161ina sa izuzetnim omerom cena\/kvalitet, do ALLROUNDER S modela sa \u0161irokim rasponom dodatne opreme za potpuno prilago\u0111avanje pojedinom procesu. Hidrauli\u010dna ALLROUNDER ma\u0161ina, osim \u0161to je dostupna u mnogo veli\u010dina, ima opse\u017ean izbor periferija koje se mogu jednostavno integrisati \u00a0zahvaljuju\u0107i univerzalnom upravlja\u010dkom sistemu SELOGICA. Ukoliko kod proizvodnje trebate pouzdanost i visoki nivo ponavljanja, ovo je prava ma\u0161ina za Vas.   sila zatvaranja: 125 \u00f7 5000 kN  mogu\u0107a obrada svih materijala koji se mogu brizgati, uklju\u010duju\u0107i keramiku i metal  ponovljivost procesa usporediva sa elektri\u010dnim brizgalicama  30% manji utro\u0161ak energije zahvaljuju\u0107i AES (Arburg sistem u\u0161tede energije) i ASH (Arburg servo-hidrauli\u010dni sustav)  ve\u0107a efikasnost zahvaljuju\u0107i paketu produktivnosti, sa AES sistemom, varijabilnom brzinom pumpe i vodom hla\u0111enim pogonskim motorom  programiranje putem SELOGICA upravljanja  &nbsp;\" \/>\n<meta property=\"og:url\" content=\"https:\/\/nomis.hr\/sr\/produkt\/hidraulicke-brizgalice\/\" \/>\n<meta property=\"og:site_name\" content=\"Nomis\" \/>\n<meta property=\"og:image\" content=\"https:\/\/nomis.hr\/wp-content\/uploads\/2021\/04\/Hidraulic\u030cke-brizgalice.jpg\" \/>\n\t<meta property=\"og:image:width\" content=\"1024\" \/>\n\t<meta property=\"og:image:height\" content=\"1024\" \/>\n\t<meta property=\"og:image:type\" content=\"image\/jpeg\" \/>\n<meta name=\"twitter:card\" content=\"summary_large_image\" \/>\n<script type=\"application\/ld+json\" class=\"yoast-schema-graph\">{\"@context\":\"https:\\\/\\\/schema.org\",\"@graph\":[{\"@type\":\"WebPage\",\"@id\":\"https:\\\/\\\/nomis.hr\\\/sr\\\/produkt\\\/hidraulicke-brizgalice\\\/\",\"url\":\"https:\\\/\\\/nomis.hr\\\/sr\\\/produkt\\\/hidraulicke-brizgalice\\\/\",\"name\":\"Hidrauli\u010dke brizgalice - Nomis\",\"isPartOf\":{\"@id\":\"https:\\\/\\\/nomis.hr\\\/#website\"},\"primaryImageOfPage\":{\"@id\":\"https:\\\/\\\/nomis.hr\\\/sr\\\/produkt\\\/hidraulicke-brizgalice\\\/#primaryimage\"},\"image\":{\"@id\":\"https:\\\/\\\/nomis.hr\\\/sr\\\/produkt\\\/hidraulicke-brizgalice\\\/#primaryimage\"},\"thumbnailUrl\":\"https:\\\/\\\/nomis.hr\\\/wp-content\\\/uploads\\\/2021\\\/04\\\/Hidraulic\u030cke-brizgalice.jpg\",\"datePublished\":\"2021-04-11T14:42:46+00:00\",\"breadcrumb\":{\"@id\":\"https:\\\/\\\/nomis.hr\\\/sr\\\/produkt\\\/hidraulicke-brizgalice\\\/#breadcrumb\"},\"inLanguage\":\"sr-RS\",\"potentialAction\":[{\"@type\":\"ReadAction\",\"target\":[\"https:\\\/\\\/nomis.hr\\\/sr\\\/produkt\\\/hidraulicke-brizgalice\\\/\"]}]},{\"@type\":\"ImageObject\",\"inLanguage\":\"sr-RS\",\"@id\":\"https:\\\/\\\/nomis.hr\\\/sr\\\/produkt\\\/hidraulicke-brizgalice\\\/#primaryimage\",\"url\":\"https:\\\/\\\/nomis.hr\\\/wp-content\\\/uploads\\\/2021\\\/04\\\/Hidraulic\u030cke-brizgalice.jpg\",\"contentUrl\":\"https:\\\/\\\/nomis.hr\\\/wp-content\\\/uploads\\\/2021\\\/04\\\/Hidraulic\u030cke-brizgalice.jpg\",\"width\":1024,\"height\":1024},{\"@type\":\"BreadcrumbList\",\"@id\":\"https:\\\/\\\/nomis.hr\\\/sr\\\/produkt\\\/hidraulicke-brizgalice\\\/#breadcrumb\",\"itemListElement\":[{\"@type\":\"ListItem\",\"position\":1,\"name\":\"Home\",\"item\":\"https:\\\/\\\/nomis.hr\\\/sr\\\/\"},{\"@type\":\"ListItem\",\"position\":2,\"name\":\"Katalog proizvoda\",\"item\":\"https:\\\/\\\/nomis.hr\\\/sr\\\/katalog-proizvoda\\\/\"},{\"@type\":\"ListItem\",\"position\":3,\"name\":\"Hidrauli\u010dke brizgalice\"}]},{\"@type\":\"WebSite\",\"@id\":\"https:\\\/\\\/nomis.hr\\\/#website\",\"url\":\"https:\\\/\\\/nomis.hr\\\/\",\"name\":\"Nomis\",\"description\":\"Sve za preradu polimera i metala na jednom mjestu!\",\"publisher\":{\"@id\":\"https:\\\/\\\/nomis.hr\\\/#organization\"},\"potentialAction\":[{\"@type\":\"SearchAction\",\"target\":{\"@type\":\"EntryPoint\",\"urlTemplate\":\"https:\\\/\\\/nomis.hr\\\/?s={search_term_string}\"},\"query-input\":{\"@type\":\"PropertyValueSpecification\",\"valueRequired\":true,\"valueName\":\"search_term_string\"}}],\"inLanguage\":\"sr-RS\"},{\"@type\":\"Organization\",\"@id\":\"https:\\\/\\\/nomis.hr\\\/#organization\",\"name\":\"Nomis\",\"url\":\"https:\\\/\\\/nomis.hr\\\/\",\"logo\":{\"@type\":\"ImageObject\",\"inLanguage\":\"sr-RS\",\"@id\":\"https:\\\/\\\/nomis.hr\\\/#\\\/schema\\\/logo\\\/image\\\/\",\"url\":\"https:\\\/\\\/nomis.hr\\\/wp-content\\\/uploads\\\/2021\\\/03\\\/Nomis-logo-admin-login.png\",\"contentUrl\":\"https:\\\/\\\/nomis.hr\\\/wp-content\\\/uploads\\\/2021\\\/03\\\/Nomis-logo-admin-login.png\",\"width\":640,\"height\":163,\"caption\":\"Nomis\"},\"image\":{\"@id\":\"https:\\\/\\\/nomis.hr\\\/#\\\/schema\\\/logo\\\/image\\\/\"}}]}<\/script>\n<!-- \/ Yoast SEO plugin. -->","yoast_head_json":{"title":"Hidrauli\u010dke brizgalice - Nomis","robots":{"index":"index","follow":"follow","max-snippet":"max-snippet:-1","max-image-preview":"max-image-preview:large","max-video-preview":"max-video-preview:-1"},"canonical":"https:\/\/nomis.hr\/sr\/produkt\/hidraulicke-brizgalice\/","og_locale":"sr_RS","og_type":"article","og_title":"Hidrauli\u010dke brizgalice - Nomis","og_description":"Hidrauli\u010dke brizgalice ALLROUNDER imaju \u0161iroki raspon primene te se mogu pojedina\u010dno prilagoditi za rad u kombinaciji sa svim poznatim tehnikama injekcijskog brizganja. Asortiman se prote\u017ee od GOLDEN EDITION serije po\u010detnih modela ma\u0161ina sa izuzetnim omerom cena\/kvalitet, do ALLROUNDER S modela sa \u0161irokim rasponom dodatne opreme za potpuno prilago\u0111avanje pojedinom procesu. Hidrauli\u010dna ALLROUNDER ma\u0161ina, osim \u0161to je dostupna u mnogo veli\u010dina, ima opse\u017ean izbor periferija koje se mogu jednostavno integrisati \u00a0zahvaljuju\u0107i univerzalnom upravlja\u010dkom sistemu SELOGICA. Ukoliko kod proizvodnje trebate pouzdanost i visoki nivo ponavljanja, ovo je prava ma\u0161ina za Vas.   sila zatvaranja: 125 \u00f7 5000 kN  mogu\u0107a obrada svih materijala koji se mogu brizgati, uklju\u010duju\u0107i keramiku i metal  ponovljivost procesa usporediva sa elektri\u010dnim brizgalicama  30% manji utro\u0161ak energije zahvaljuju\u0107i AES (Arburg sistem u\u0161tede energije) i ASH (Arburg servo-hidrauli\u010dni sustav)  ve\u0107a efikasnost zahvaljuju\u0107i paketu produktivnosti, sa AES sistemom, varijabilnom brzinom pumpe i vodom hla\u0111enim pogonskim motorom  programiranje putem SELOGICA upravljanja  &nbsp;","og_url":"https:\/\/nomis.hr\/sr\/produkt\/hidraulicke-brizgalice\/","og_site_name":"Nomis","og_image":[{"width":1024,"height":1024,"url":"https:\/\/nomis.hr\/wp-content\/uploads\/2021\/04\/Hidraulic\u030cke-brizgalice.jpg","type":"image\/jpeg"}],"twitter_card":"summary_large_image","schema":{"@context":"https:\/\/schema.org","@graph":[{"@type":"WebPage","@id":"https:\/\/nomis.hr\/sr\/produkt\/hidraulicke-brizgalice\/","url":"https:\/\/nomis.hr\/sr\/produkt\/hidraulicke-brizgalice\/","name":"Hidrauli\u010dke brizgalice - Nomis","isPartOf":{"@id":"https:\/\/nomis.hr\/#website"},"primaryImageOfPage":{"@id":"https:\/\/nomis.hr\/sr\/produkt\/hidraulicke-brizgalice\/#primaryimage"},"image":{"@id":"https:\/\/nomis.hr\/sr\/produkt\/hidraulicke-brizgalice\/#primaryimage"},"thumbnailUrl":"https:\/\/nomis.hr\/wp-content\/uploads\/2021\/04\/Hidraulic\u030cke-brizgalice.jpg","datePublished":"2021-04-11T14:42:46+00:00","breadcrumb":{"@id":"https:\/\/nomis.hr\/sr\/produkt\/hidraulicke-brizgalice\/#breadcrumb"},"inLanguage":"sr-RS","potentialAction":[{"@type":"ReadAction","target":["https:\/\/nomis.hr\/sr\/produkt\/hidraulicke-brizgalice\/"]}]},{"@type":"ImageObject","inLanguage":"sr-RS","@id":"https:\/\/nomis.hr\/sr\/produkt\/hidraulicke-brizgalice\/#primaryimage","url":"https:\/\/nomis.hr\/wp-content\/uploads\/2021\/04\/Hidraulic\u030cke-brizgalice.jpg","contentUrl":"https:\/\/nomis.hr\/wp-content\/uploads\/2021\/04\/Hidraulic\u030cke-brizgalice.jpg","width":1024,"height":1024},{"@type":"BreadcrumbList","@id":"https:\/\/nomis.hr\/sr\/produkt\/hidraulicke-brizgalice\/#breadcrumb","itemListElement":[{"@type":"ListItem","position":1,"name":"Home","item":"https:\/\/nomis.hr\/sr\/"},{"@type":"ListItem","position":2,"name":"Katalog proizvoda","item":"https:\/\/nomis.hr\/sr\/katalog-proizvoda\/"},{"@type":"ListItem","position":3,"name":"Hidrauli\u010dke brizgalice"}]},{"@type":"WebSite","@id":"https:\/\/nomis.hr\/#website","url":"https:\/\/nomis.hr\/","name":"Nomis","description":"Sve za preradu polimera i metala na jednom mjestu!","publisher":{"@id":"https:\/\/nomis.hr\/#organization"},"potentialAction":[{"@type":"SearchAction","target":{"@type":"EntryPoint","urlTemplate":"https:\/\/nomis.hr\/?s={search_term_string}"},"query-input":{"@type":"PropertyValueSpecification","valueRequired":true,"valueName":"search_term_string"}}],"inLanguage":"sr-RS"},{"@type":"Organization","@id":"https:\/\/nomis.hr\/#organization","name":"Nomis","url":"https:\/\/nomis.hr\/","logo":{"@type":"ImageObject","inLanguage":"sr-RS","@id":"https:\/\/nomis.hr\/#\/schema\/logo\/image\/","url":"https:\/\/nomis.hr\/wp-content\/uploads\/2021\/03\/Nomis-logo-admin-login.png","contentUrl":"https:\/\/nomis.hr\/wp-content\/uploads\/2021\/03\/Nomis-logo-admin-login.png","width":640,"height":163,"caption":"Nomis"},"image":{"@id":"https:\/\/nomis.hr\/#\/schema\/logo\/image\/"}}]}},"_links":{"self":[{"href":"https:\/\/nomis.hr\/sr\/wp-json\/wp\/v2\/product\/3930","targetHints":{"allow":["GET"]}}],"collection":[{"href":"https:\/\/nomis.hr\/sr\/wp-json\/wp\/v2\/product"}],"about":[{"href":"https:\/\/nomis.hr\/sr\/wp-json\/wp\/v2\/types\/product"}],"wp:featuredmedia":[{"embeddable":true,"href":"https:\/\/nomis.hr\/sr\/wp-json\/wp\/v2\/media\/3931"}],"wp:attachment":[{"href":"https:\/\/nomis.hr\/sr\/wp-json\/wp\/v2\/media?parent=3930"}],"wp:term":[{"taxonomy":"product_brand","embeddable":true,"href":"https:\/\/nomis.hr\/sr\/wp-json\/wp\/v2\/product_brand?post=3930"},{"taxonomy":"product_cat","embeddable":true,"href":"https:\/\/nomis.hr\/sr\/wp-json\/wp\/v2\/product_cat?post=3930"},{"taxonomy":"product_tag","embeddable":true,"href":"https:\/\/nomis.hr\/sr\/wp-json\/wp\/v2\/product_tag?post=3930"}],"curies":[{"name":"wp","href":"https:\/\/api.w.org\/{rel}","templated":true}]}}