{"id":3936,"date":"2022-05-05T15:51:13","date_gmt":"2022-05-05T13:51:13","guid":{"rendered":"https:\/\/nomis.hr\/product\/peci-po-narudzbi\/"},"modified":"2022-10-25T15:25:16","modified_gmt":"2022-10-25T13:25:16","slug":"peci-po-narudzbi","status":"publish","type":"product","link":"https:\/\/nomis.hr\/sr\/produkt\/peci-po-narudzbi\/","title":{"rendered":"Pe\u0107i po narud\u017ebi"},"content":{"rendered":"","protected":false},"excerpt":{"rendered":"<p>Firma Elnik Systems ima bogato iskustvo u proizvodnji specijalizovanih pe\u0107i. Jedna od najve\u0107ih specijaliziranih serijskih pe\u0107i, sa slike desno, kori\u0161tena je za prekaljivanje i osloba\u0111anje od naprezanja konstrukcijskih delova od titana. Pe\u0107 se mo\u017ee koristiti pod visokim vakuumom ili niskim parcijalnim pritiskom proto\u010dnog argona, nude\u0107i fleksibilnost za \u0161irok spektar procesa prekaljivanja za posebne legure. Zakrivljeni gornji i donji greja\u0107i elementi osiguravaju vrhunsku temperaturnu ujedna\u010denost. Unutra\u0161njost komore je od ner\u0111aju\u0107eg \u010delika s spoljnim omota\u010dem od mekog \u010delika i uklju\u010duje potrebno vodeno hla\u0111enje. Vru\u0107a zona uklju\u010duje nekoliko slojeva toplinskih \u0161titova od ner\u0111aju\u0107eg \u010delika s greja\u0107im elementima od molibdena, koriste\u0107i \u0161estozonsko regulisanje temperature s gornje i donje strane za svaki odeljak i vrata.<\/p>\n","protected":false},"featured_media":3937,"template":"","meta":[],"product_cat":[226,239,242],"product_tag":[],"yoast_head":"<!-- This site is optimized with the Yoast SEO plugin v21.3 - https:\/\/yoast.com\/wordpress\/plugins\/seo\/ -->\n<title>Pe\u0107i po narud\u017ebi - Nomis<\/title>\n<meta name=\"robots\" content=\"index, follow, max-snippet:-1, max-image-preview:large, max-video-preview:-1\" \/>\n<link rel=\"canonical\" href=\"https:\/\/nomis.hr\/sr\/produkt\/peci-po-narudzbi\/\" \/>\n<meta property=\"og:locale\" content=\"sr_RS\" \/>\n<meta property=\"og:type\" content=\"article\" \/>\n<meta property=\"og:title\" content=\"Pe\u0107i po narud\u017ebi - Nomis\" \/>\n<meta property=\"og:description\" content=\"Firma Elnik Systems ima bogato iskustvo u proizvodnji specijalizovanih pe\u0107i. Jedna od najve\u0107ih specijaliziranih serijskih pe\u0107i, sa slike desno, kori\u0161tena je za prekaljivanje i osloba\u0111anje od naprezanja konstrukcijskih delova od titana. Pe\u0107 se mo\u017ee koristiti pod visokim vakuumom ili niskim parcijalnim pritiskom proto\u010dnog argona, nude\u0107i fleksibilnost za \u0161irok spektar procesa prekaljivanja za posebne legure. Zakrivljeni gornji i donji greja\u0107i elementi osiguravaju vrhunsku temperaturnu ujedna\u010denost. Unutra\u0161njost komore je od ner\u0111aju\u0107eg \u010delika s spoljnim omota\u010dem od mekog \u010delika i uklju\u010duje potrebno vodeno hla\u0111enje. Vru\u0107a zona uklju\u010duje nekoliko slojeva toplinskih \u0161titova od ner\u0111aju\u0107eg \u010delika s greja\u0107im elementima od molibdena, koriste\u0107i \u0161estozonsko regulisanje temperature s gornje i donje strane za svaki odeljak i vrata.\" \/>\n<meta property=\"og:url\" content=\"https:\/\/nomis.hr\/sr\/produkt\/peci-po-narudzbi\/\" \/>\n<meta property=\"og:site_name\" content=\"Nomis\" \/>\n<meta property=\"article:modified_time\" content=\"2022-10-25T13:25:16+00:00\" \/>\n<meta property=\"og:image\" content=\"https:\/\/nomis.hr\/wp-content\/uploads\/2022\/05\/special-furn.jpg\" \/>\n\t<meta property=\"og:image:width\" content=\"1024\" \/>\n\t<meta property=\"og:image:height\" content=\"1024\" \/>\n\t<meta property=\"og:image:type\" content=\"image\/jpeg\" \/>\n<meta name=\"twitter:card\" content=\"summary_large_image\" \/>\n<script type=\"application\/ld+json\" class=\"yoast-schema-graph\">{\"@context\":\"https:\/\/schema.org\",\"@graph\":[{\"@type\":\"WebPage\",\"@id\":\"https:\/\/nomis.hr\/sr\/produkt\/peci-po-narudzbi\/\",\"url\":\"https:\/\/nomis.hr\/sr\/produkt\/peci-po-narudzbi\/\",\"name\":\"Pe\u0107i po narud\u017ebi - Nomis\",\"isPartOf\":{\"@id\":\"https:\/\/nomis.hr\/#website\"},\"datePublished\":\"2022-05-05T13:51:13+00:00\",\"dateModified\":\"2022-10-25T13:25:16+00:00\",\"breadcrumb\":{\"@id\":\"https:\/\/nomis.hr\/sr\/produkt\/peci-po-narudzbi\/#breadcrumb\"},\"inLanguage\":\"sr-RS\",\"potentialAction\":[{\"@type\":\"ReadAction\",\"target\":[\"https:\/\/nomis.hr\/sr\/produkt\/peci-po-narudzbi\/\"]}]},{\"@type\":\"BreadcrumbList\",\"@id\":\"https:\/\/nomis.hr\/sr\/produkt\/peci-po-narudzbi\/#breadcrumb\",\"itemListElement\":[{\"@type\":\"ListItem\",\"position\":1,\"name\":\"Home\",\"item\":\"https:\/\/nomis.hr\/sr\/\"},{\"@type\":\"ListItem\",\"position\":2,\"name\":\"Katalog proizvoda\",\"item\":\"https:\/\/nomis.hr\/sr\/katalog-proizvoda\/\"},{\"@type\":\"ListItem\",\"position\":3,\"name\":\"Pe\u0107i po narud\u017ebi\"}]},{\"@type\":\"WebSite\",\"@id\":\"https:\/\/nomis.hr\/#website\",\"url\":\"https:\/\/nomis.hr\/\",\"name\":\"Nomis\",\"description\":\"Sve za preradu polimera i metala na jednom mjestu!\",\"publisher\":{\"@id\":\"https:\/\/nomis.hr\/#organization\"},\"potentialAction\":[{\"@type\":\"SearchAction\",\"target\":{\"@type\":\"EntryPoint\",\"urlTemplate\":\"https:\/\/nomis.hr\/?s={search_term_string}\"},\"query-input\":\"required name=search_term_string\"}],\"inLanguage\":\"sr-RS\"},{\"@type\":\"Organization\",\"@id\":\"https:\/\/nomis.hr\/#organization\",\"name\":\"Nomis\",\"url\":\"https:\/\/nomis.hr\/\",\"logo\":{\"@type\":\"ImageObject\",\"inLanguage\":\"sr-RS\",\"@id\":\"https:\/\/nomis.hr\/#\/schema\/logo\/image\/\",\"url\":\"https:\/\/nomis.hr\/wp-content\/uploads\/2021\/03\/Nomis-logo-admin-login.png\",\"contentUrl\":\"https:\/\/nomis.hr\/wp-content\/uploads\/2021\/03\/Nomis-logo-admin-login.png\",\"width\":640,\"height\":163,\"caption\":\"Nomis\"},\"image\":{\"@id\":\"https:\/\/nomis.hr\/#\/schema\/logo\/image\/\"}}]}<\/script>\n<!-- \/ Yoast SEO plugin. -->","yoast_head_json":{"title":"Pe\u0107i po narud\u017ebi - Nomis","robots":{"index":"index","follow":"follow","max-snippet":"max-snippet:-1","max-image-preview":"max-image-preview:large","max-video-preview":"max-video-preview:-1"},"canonical":"https:\/\/nomis.hr\/sr\/produkt\/peci-po-narudzbi\/","og_locale":"sr_RS","og_type":"article","og_title":"Pe\u0107i po narud\u017ebi - Nomis","og_description":"Firma Elnik Systems ima bogato iskustvo u proizvodnji specijalizovanih pe\u0107i. Jedna od najve\u0107ih specijaliziranih serijskih pe\u0107i, sa slike desno, kori\u0161tena je za prekaljivanje i osloba\u0111anje od naprezanja konstrukcijskih delova od titana. Pe\u0107 se mo\u017ee koristiti pod visokim vakuumom ili niskim parcijalnim pritiskom proto\u010dnog argona, nude\u0107i fleksibilnost za \u0161irok spektar procesa prekaljivanja za posebne legure. Zakrivljeni gornji i donji greja\u0107i elementi osiguravaju vrhunsku temperaturnu ujedna\u010denost. Unutra\u0161njost komore je od ner\u0111aju\u0107eg \u010delika s spoljnim omota\u010dem od mekog \u010delika i uklju\u010duje potrebno vodeno hla\u0111enje. Vru\u0107a zona uklju\u010duje nekoliko slojeva toplinskih \u0161titova od ner\u0111aju\u0107eg \u010delika s greja\u0107im elementima od molibdena, koriste\u0107i \u0161estozonsko regulisanje temperature s gornje i donje strane za svaki odeljak i vrata.","og_url":"https:\/\/nomis.hr\/sr\/produkt\/peci-po-narudzbi\/","og_site_name":"Nomis","article_modified_time":"2022-10-25T13:25:16+00:00","og_image":[{"width":1024,"height":1024,"url":"https:\/\/nomis.hr\/wp-content\/uploads\/2022\/05\/special-furn.jpg","type":"image\/jpeg"}],"twitter_card":"summary_large_image","schema":{"@context":"https:\/\/schema.org","@graph":[{"@type":"WebPage","@id":"https:\/\/nomis.hr\/sr\/produkt\/peci-po-narudzbi\/","url":"https:\/\/nomis.hr\/sr\/produkt\/peci-po-narudzbi\/","name":"Pe\u0107i po narud\u017ebi - Nomis","isPartOf":{"@id":"https:\/\/nomis.hr\/#website"},"datePublished":"2022-05-05T13:51:13+00:00","dateModified":"2022-10-25T13:25:16+00:00","breadcrumb":{"@id":"https:\/\/nomis.hr\/sr\/produkt\/peci-po-narudzbi\/#breadcrumb"},"inLanguage":"sr-RS","potentialAction":[{"@type":"ReadAction","target":["https:\/\/nomis.hr\/sr\/produkt\/peci-po-narudzbi\/"]}]},{"@type":"BreadcrumbList","@id":"https:\/\/nomis.hr\/sr\/produkt\/peci-po-narudzbi\/#breadcrumb","itemListElement":[{"@type":"ListItem","position":1,"name":"Home","item":"https:\/\/nomis.hr\/sr\/"},{"@type":"ListItem","position":2,"name":"Katalog proizvoda","item":"https:\/\/nomis.hr\/sr\/katalog-proizvoda\/"},{"@type":"ListItem","position":3,"name":"Pe\u0107i po narud\u017ebi"}]},{"@type":"WebSite","@id":"https:\/\/nomis.hr\/#website","url":"https:\/\/nomis.hr\/","name":"Nomis","description":"Sve za preradu polimera i metala na jednom mjestu!","publisher":{"@id":"https:\/\/nomis.hr\/#organization"},"potentialAction":[{"@type":"SearchAction","target":{"@type":"EntryPoint","urlTemplate":"https:\/\/nomis.hr\/?s={search_term_string}"},"query-input":"required name=search_term_string"}],"inLanguage":"sr-RS"},{"@type":"Organization","@id":"https:\/\/nomis.hr\/#organization","name":"Nomis","url":"https:\/\/nomis.hr\/","logo":{"@type":"ImageObject","inLanguage":"sr-RS","@id":"https:\/\/nomis.hr\/#\/schema\/logo\/image\/","url":"https:\/\/nomis.hr\/wp-content\/uploads\/2021\/03\/Nomis-logo-admin-login.png","contentUrl":"https:\/\/nomis.hr\/wp-content\/uploads\/2021\/03\/Nomis-logo-admin-login.png","width":640,"height":163,"caption":"Nomis"},"image":{"@id":"https:\/\/nomis.hr\/#\/schema\/logo\/image\/"}}]}},"_links":{"self":[{"href":"https:\/\/nomis.hr\/sr\/wp-json\/wp\/v2\/product\/3936"}],"collection":[{"href":"https:\/\/nomis.hr\/sr\/wp-json\/wp\/v2\/product"}],"about":[{"href":"https:\/\/nomis.hr\/sr\/wp-json\/wp\/v2\/types\/product"}],"wp:featuredmedia":[{"embeddable":true,"href":"https:\/\/nomis.hr\/sr\/wp-json\/wp\/v2\/media\/3937"}],"wp:attachment":[{"href":"https:\/\/nomis.hr\/sr\/wp-json\/wp\/v2\/media?parent=3936"}],"wp:term":[{"taxonomy":"product_cat","embeddable":true,"href":"https:\/\/nomis.hr\/sr\/wp-json\/wp\/v2\/product_cat?post=3936"},{"taxonomy":"product_tag","embeddable":true,"href":"https:\/\/nomis.hr\/sr\/wp-json\/wp\/v2\/product_tag?post=3936"}],"curies":[{"name":"wp","href":"https:\/\/api.w.org\/{rel}","templated":true}]}}