{"id":3939,"date":"2022-05-05T15:49:31","date_gmt":"2022-05-05T13:49:31","guid":{"rendered":"https:\/\/nomis.hr\/product\/mim-3000\/"},"modified":"2022-10-25T15:47:35","modified_gmt":"2022-10-25T13:47:35","slug":"mim-3000","status":"publish","type":"product","link":"https:\/\/nomis.hr\/sr\/produkt\/mim-3000\/","title":{"rendered":"MIM 3000"},"content":{"rendered":"","protected":false},"excerpt":{"rendered":"<p>Uz pomo\u0107 pe\u0107i MIM 3000 mogu\u0107e je izvr\u0161iti ciklus odvajanja i sinteriranja u jednom koraku bilo kojih metala povezanih sa bilo kojim vezivom. Ovaj postupak je mogu\u0107 u nepropusnom ku\u0107i\u0161tu sa sustavom za upravljanje plina. Laminarni protok plina osigurava konstantnu kvalitetu otpresaka.<\/p>\n<p>Sustav upravljanja plinom se sastoji od kontrolera protoka za radnu zonu i ventila djelomi\u010dnog tlaka na posebno konstruiranoj vakuumskoj pumpi. Jednoli\u010dni protok plina kroz police daje vrlo dobru kontrolu temperature, koja omogu\u0107ava jednoliku temperaturu kroz radnu zonu pe\u0107i.<\/p>\n<p>ACCU-Temp, tehnika linearizacije omogu\u0107ava svakoj od 6 temperaturnih zona unutar pe\u0107i da rade unutar tolerancije +\/- 1\u00b0C. Na ovaj na\u010din se omogu\u0107ava vi\u0161a gusto\u0107a MIM otpresaka programiranje temperature sinteriranja bli\u017ee stvarnoj temperaturi tali\u0161ta, bez opasnosti od pregrijavanja i distorzije otpresaka.<\/p>\n<ul>\n<li>odvajanje i sinteriranje u jednom koraku<\/li>\n<li>upravljanje sustavom putem ra\u010dunala<\/li>\n<li>6 temperaturnih zona za kontrolu unutar pe\u0107i<\/li>\n<\/ul>\n[fusion_table fusion_table_type=\"2\" fusion_table_rows=\"\" fusion_table_columns=\"\" hide_on_mobile=\"small-visibility,medium-visibility,large-visibility\" class=\"\" id=\"\" animation_type=\"\" animation_direction=\"left\" animation_speed=\"0.3\" animation_offset=\"\"]<\/p>\n<div class=\"table-1\">\n<table width=\"100%\">\n<thead>\n<tr>\n<th align=\"left\">Pe\u0107<\/th>\n<th align=\"left\">Upotrebljiva veli\u010dina rezervoara<\/th>\n<th align=\"left\">Upotrebljivi volumen (L)<\/th>\n<th align=\"left\">Broj polica<\/th>\n<th align=\"left\">Opteretiva povr\u0161ina<\/th>\n<th align=\"left\">Brzina pumpe<\/th>\n<\/tr>\n<\/thead>\n<tbody>\n<tr>\n<td align=\"left\">MIM 3001 T-50<\/td>\n<td align=\"left\">280\u00d7305\u00d7305 mm<br \/>\n11\u00d711\u00d712 inch<\/td>\n<td align=\"left\">25<\/td>\n<td align=\"left\">7 strana b<\/td>\n<td align=\"left\">0.6 m\u00b2<br \/>\n924 sq in<\/td>\n<td align=\"left\">85 m\u00b3\/h<br \/>\n50 CFM<\/td>\n<\/tr>\n<tr>\n<td align=\"left\">MIM 3002 T-50<\/td>\n<td align=\"left\">280\u00d7305\u00d7610 mm<br \/>\n11\u00d711\u00d724 inch<\/td>\n<td align=\"left\">51<\/td>\n<td align=\"left\">14 strana b<\/td>\n<td align=\"left\">1.19 m\u00b2<br \/>\n1,848sq in<\/td>\n<td align=\"left\">85 m\u00b3\/h<br \/>\n50 CFM<\/td>\n<\/tr>\n<tr>\n<td align=\"left\">MIM 3009 T-115<\/td>\n<td align=\"left\">420\u00d7460\u00d71220 mm<br \/>\n16.5\u00d718\u00d748 inch<\/td>\n<td align=\"left\">234<\/td>\n<td align=\"left\">88 strana a<\/td>\n<td align=\"left\">5.45 m\u00b2<br \/>\n8,448 sq in<\/td>\n<td align=\"left\">195 m\u00b3\/h<br \/>\n115 CFM<\/td>\n<\/tr>\n<tr>\n<td align=\"left\">MIM 3012 T-115<\/td>\n<td align=\"left\">420\u00d7460\u00d71524 mm<br \/>\n16.5\u00d718\u00d760 inch<\/td>\n<td align=\"left\">292<\/td>\n<td align=\"left\">110 strana a<\/td>\n<td align=\"left\">6.81 m\u00b2<br \/>\n10,560 sq in<\/td>\n<td align=\"left\">195 m\u00b3\/h<br \/>\n115 CFM<\/td>\n<\/tr>\n<tr>\n<td align=\"left\">MIM 3045 T-50<\/td>\n<td align=\"left\">420\u00d7460\u00d7610 mm<br \/>\n16.5\u00d718\u00d724 inch<\/td>\n<td align=\"left\">116<\/td>\n<td align=\"left\">44 strana a<\/td>\n<td align=\"left\">2.73 m\u00b2<br \/>\n4,224 sq in<\/td>\n<td align=\"left\">85 m\u00b3\/h<br \/>\n50 CFM<\/td>\n<\/tr>\n<tr>\n<td align=\"left\">MIM 3675 T-115<\/td>\n<td align=\"left\">420\u00d7460\u00d7915 mm<br \/>\n16.5\u00d718\u00d736 inch<\/td>\n<td align=\"left\">176<\/td>\n<td align=\"left\">66 strana a<\/td>\n<td align=\"left\">4.09 m\u00b2<br \/>\n6,336 sq in<\/td>\n<td align=\"left\">195 m\u00b3\/h<br \/>\n115 CFM<\/td>\n<\/tr>\n<\/tbody>\n<\/table>\n<\/div>\n<p>[\/fusion_table]\n","protected":false},"featured_media":3940,"template":"","meta":[],"product_cat":[239,226,242],"product_tag":[],"yoast_head":"<!-- This site is optimized with the Yoast SEO plugin v21.3 - https:\/\/yoast.com\/wordpress\/plugins\/seo\/ -->\n<title>MIM 3000 - Nomis<\/title>\n<meta name=\"robots\" content=\"index, follow, max-snippet:-1, max-image-preview:large, max-video-preview:-1\" \/>\n<link rel=\"canonical\" href=\"https:\/\/nomis.hr\/sr\/produkt\/mim-3000\/\" \/>\n<meta property=\"og:locale\" content=\"sr_RS\" \/>\n<meta property=\"og:type\" content=\"article\" \/>\n<meta property=\"og:title\" content=\"MIM 3000 - Nomis\" \/>\n<meta property=\"og:description\" content=\"Uz pomo\u0107 pe\u0107i MIM 3000 mogu\u0107e je izvr\u0161iti ciklus odvajanja i sinteriranja u jednom koraku bilo kojih metala povezanih sa bilo kojim vezivom. Ovaj postupak je mogu\u0107 u nepropusnom ku\u0107i\u0161tu sa sustavom za upravljanje plina. Laminarni protok plina osigurava konstantnu kvalitetu otpresaka.  Sustav upravljanja plinom se sastoji od kontrolera protoka za radnu zonu i ventila djelomi\u010dnog tlaka na posebno konstruiranoj vakuumskoj pumpi. Jednoli\u010dni protok plina kroz police daje vrlo dobru kontrolu temperature, koja omogu\u0107ava jednoliku temperaturu kroz radnu zonu pe\u0107i.  ACCU-Temp, tehnika linearizacije omogu\u0107ava svakoj od 6 temperaturnih zona unutar pe\u0107i da rade unutar tolerancije +\/- 1\u00b0C. Na ovaj na\u010din se omogu\u0107ava vi\u0161a gusto\u0107a MIM otpresaka programiranje temperature sinteriranja bli\u017ee stvarnoj temperaturi tali\u0161ta, bez opasnosti od pregrijavanja i distorzije otpresaka.   odvajanje i sinteriranje u jednom koraku  upravljanje sustavom putem ra\u010dunala  6 temperaturnih zona za kontrolu unutar pe\u0107i\" \/>\n<meta property=\"og:url\" content=\"https:\/\/nomis.hr\/sr\/produkt\/mim-3000\/\" \/>\n<meta property=\"og:site_name\" content=\"Nomis\" \/>\n<meta property=\"article:modified_time\" content=\"2022-10-25T13:47:35+00:00\" \/>\n<meta property=\"og:image\" content=\"https:\/\/nomis.hr\/wp-content\/uploads\/2022\/05\/MIM-3000.jpg\" \/>\n\t<meta property=\"og:image:width\" content=\"1024\" \/>\n\t<meta property=\"og:image:height\" content=\"1024\" \/>\n\t<meta property=\"og:image:type\" content=\"image\/jpeg\" \/>\n<meta name=\"twitter:card\" content=\"summary_large_image\" \/>\n<script type=\"application\/ld+json\" class=\"yoast-schema-graph\">{\"@context\":\"https:\/\/schema.org\",\"@graph\":[{\"@type\":\"WebPage\",\"@id\":\"https:\/\/nomis.hr\/sr\/produkt\/mim-3000\/\",\"url\":\"https:\/\/nomis.hr\/sr\/produkt\/mim-3000\/\",\"name\":\"MIM 3000 - Nomis\",\"isPartOf\":{\"@id\":\"https:\/\/nomis.hr\/#website\"},\"datePublished\":\"2022-05-05T13:49:31+00:00\",\"dateModified\":\"2022-10-25T13:47:35+00:00\",\"breadcrumb\":{\"@id\":\"https:\/\/nomis.hr\/sr\/produkt\/mim-3000\/#breadcrumb\"},\"inLanguage\":\"sr-RS\",\"potentialAction\":[{\"@type\":\"ReadAction\",\"target\":[\"https:\/\/nomis.hr\/sr\/produkt\/mim-3000\/\"]}]},{\"@type\":\"BreadcrumbList\",\"@id\":\"https:\/\/nomis.hr\/sr\/produkt\/mim-3000\/#breadcrumb\",\"itemListElement\":[{\"@type\":\"ListItem\",\"position\":1,\"name\":\"Home\",\"item\":\"https:\/\/nomis.hr\/sr\/\"},{\"@type\":\"ListItem\",\"position\":2,\"name\":\"Katalog proizvoda\",\"item\":\"https:\/\/nomis.hr\/sr\/katalog-proizvoda\/\"},{\"@type\":\"ListItem\",\"position\":3,\"name\":\"MIM 3000\"}]},{\"@type\":\"WebSite\",\"@id\":\"https:\/\/nomis.hr\/#website\",\"url\":\"https:\/\/nomis.hr\/\",\"name\":\"Nomis\",\"description\":\"Sve za preradu polimera i metala na jednom mjestu!\",\"publisher\":{\"@id\":\"https:\/\/nomis.hr\/#organization\"},\"potentialAction\":[{\"@type\":\"SearchAction\",\"target\":{\"@type\":\"EntryPoint\",\"urlTemplate\":\"https:\/\/nomis.hr\/?s={search_term_string}\"},\"query-input\":\"required name=search_term_string\"}],\"inLanguage\":\"sr-RS\"},{\"@type\":\"Organization\",\"@id\":\"https:\/\/nomis.hr\/#organization\",\"name\":\"Nomis\",\"url\":\"https:\/\/nomis.hr\/\",\"logo\":{\"@type\":\"ImageObject\",\"inLanguage\":\"sr-RS\",\"@id\":\"https:\/\/nomis.hr\/#\/schema\/logo\/image\/\",\"url\":\"https:\/\/nomis.hr\/wp-content\/uploads\/2021\/03\/Nomis-logo-admin-login.png\",\"contentUrl\":\"https:\/\/nomis.hr\/wp-content\/uploads\/2021\/03\/Nomis-logo-admin-login.png\",\"width\":640,\"height\":163,\"caption\":\"Nomis\"},\"image\":{\"@id\":\"https:\/\/nomis.hr\/#\/schema\/logo\/image\/\"}}]}<\/script>\n<!-- \/ Yoast SEO plugin. -->","yoast_head_json":{"title":"MIM 3000 - Nomis","robots":{"index":"index","follow":"follow","max-snippet":"max-snippet:-1","max-image-preview":"max-image-preview:large","max-video-preview":"max-video-preview:-1"},"canonical":"https:\/\/nomis.hr\/sr\/produkt\/mim-3000\/","og_locale":"sr_RS","og_type":"article","og_title":"MIM 3000 - Nomis","og_description":"Uz pomo\u0107 pe\u0107i MIM 3000 mogu\u0107e je izvr\u0161iti ciklus odvajanja i sinteriranja u jednom koraku bilo kojih metala povezanih sa bilo kojim vezivom. Ovaj postupak je mogu\u0107 u nepropusnom ku\u0107i\u0161tu sa sustavom za upravljanje plina. Laminarni protok plina osigurava konstantnu kvalitetu otpresaka.  Sustav upravljanja plinom se sastoji od kontrolera protoka za radnu zonu i ventila djelomi\u010dnog tlaka na posebno konstruiranoj vakuumskoj pumpi. Jednoli\u010dni protok plina kroz police daje vrlo dobru kontrolu temperature, koja omogu\u0107ava jednoliku temperaturu kroz radnu zonu pe\u0107i.  ACCU-Temp, tehnika linearizacije omogu\u0107ava svakoj od 6 temperaturnih zona unutar pe\u0107i da rade unutar tolerancije +\/- 1\u00b0C. Na ovaj na\u010din se omogu\u0107ava vi\u0161a gusto\u0107a MIM otpresaka programiranje temperature sinteriranja bli\u017ee stvarnoj temperaturi tali\u0161ta, bez opasnosti od pregrijavanja i distorzije otpresaka.   odvajanje i sinteriranje u jednom koraku  upravljanje sustavom putem ra\u010dunala  6 temperaturnih zona za kontrolu unutar pe\u0107i","og_url":"https:\/\/nomis.hr\/sr\/produkt\/mim-3000\/","og_site_name":"Nomis","article_modified_time":"2022-10-25T13:47:35+00:00","og_image":[{"width":1024,"height":1024,"url":"https:\/\/nomis.hr\/wp-content\/uploads\/2022\/05\/MIM-3000.jpg","type":"image\/jpeg"}],"twitter_card":"summary_large_image","schema":{"@context":"https:\/\/schema.org","@graph":[{"@type":"WebPage","@id":"https:\/\/nomis.hr\/sr\/produkt\/mim-3000\/","url":"https:\/\/nomis.hr\/sr\/produkt\/mim-3000\/","name":"MIM 3000 - Nomis","isPartOf":{"@id":"https:\/\/nomis.hr\/#website"},"datePublished":"2022-05-05T13:49:31+00:00","dateModified":"2022-10-25T13:47:35+00:00","breadcrumb":{"@id":"https:\/\/nomis.hr\/sr\/produkt\/mim-3000\/#breadcrumb"},"inLanguage":"sr-RS","potentialAction":[{"@type":"ReadAction","target":["https:\/\/nomis.hr\/sr\/produkt\/mim-3000\/"]}]},{"@type":"BreadcrumbList","@id":"https:\/\/nomis.hr\/sr\/produkt\/mim-3000\/#breadcrumb","itemListElement":[{"@type":"ListItem","position":1,"name":"Home","item":"https:\/\/nomis.hr\/sr\/"},{"@type":"ListItem","position":2,"name":"Katalog proizvoda","item":"https:\/\/nomis.hr\/sr\/katalog-proizvoda\/"},{"@type":"ListItem","position":3,"name":"MIM 3000"}]},{"@type":"WebSite","@id":"https:\/\/nomis.hr\/#website","url":"https:\/\/nomis.hr\/","name":"Nomis","description":"Sve za preradu polimera i metala na jednom mjestu!","publisher":{"@id":"https:\/\/nomis.hr\/#organization"},"potentialAction":[{"@type":"SearchAction","target":{"@type":"EntryPoint","urlTemplate":"https:\/\/nomis.hr\/?s={search_term_string}"},"query-input":"required name=search_term_string"}],"inLanguage":"sr-RS"},{"@type":"Organization","@id":"https:\/\/nomis.hr\/#organization","name":"Nomis","url":"https:\/\/nomis.hr\/","logo":{"@type":"ImageObject","inLanguage":"sr-RS","@id":"https:\/\/nomis.hr\/#\/schema\/logo\/image\/","url":"https:\/\/nomis.hr\/wp-content\/uploads\/2021\/03\/Nomis-logo-admin-login.png","contentUrl":"https:\/\/nomis.hr\/wp-content\/uploads\/2021\/03\/Nomis-logo-admin-login.png","width":640,"height":163,"caption":"Nomis"},"image":{"@id":"https:\/\/nomis.hr\/#\/schema\/logo\/image\/"}}]}},"_links":{"self":[{"href":"https:\/\/nomis.hr\/sr\/wp-json\/wp\/v2\/product\/3939"}],"collection":[{"href":"https:\/\/nomis.hr\/sr\/wp-json\/wp\/v2\/product"}],"about":[{"href":"https:\/\/nomis.hr\/sr\/wp-json\/wp\/v2\/types\/product"}],"wp:featuredmedia":[{"embeddable":true,"href":"https:\/\/nomis.hr\/sr\/wp-json\/wp\/v2\/media\/3940"}],"wp:attachment":[{"href":"https:\/\/nomis.hr\/sr\/wp-json\/wp\/v2\/media?parent=3939"}],"wp:term":[{"taxonomy":"product_cat","embeddable":true,"href":"https:\/\/nomis.hr\/sr\/wp-json\/wp\/v2\/product_cat?post=3939"},{"taxonomy":"product_tag","embeddable":true,"href":"https:\/\/nomis.hr\/sr\/wp-json\/wp\/v2\/product_tag?post=3939"}],"curies":[{"name":"wp","href":"https:\/\/api.w.org\/{rel}","templated":true}]}}