{"id":3942,"date":"2022-05-05T15:40:01","date_gmt":"2022-05-05T13:40:01","guid":{"rendered":"https:\/\/nomis.hr\/product\/mim-3001l\/"},"modified":"2022-05-05T15:40:01","modified_gmt":"2022-05-05T13:40:01","slug":"mim-3001l","status":"publish","type":"product","link":"https:\/\/nomis.hr\/sr\/produkt\/mim-3001l\/","title":{"rendered":"MIM 3001L"},"content":{"rendered":"","protected":false},"excerpt":{"rendered":"<p>Uz pomo\u0107 pe\u0107i laboratorijske veli\u010dine MIM 3001L mogu\u0107e je izvr\u0161iti ciklus odvajanja i sintetisanja u jednom koraku bilo kojih metala povezanih sa bilo kojim vezivom. Ovaj postupak je mogu\u0107 u nepropusnom ku\u0107i\u0161tu sa sistemom za upravljanje plinom. Laminarni protok plina osigurava konstantni kvalitet odlivaka.<\/p>\n<p>Sistem za upravljanje plinom se sastoji od kontrolera protoka za radnu zonu i ventila delomi\u010dnog pritiska na posebno konstruiranoj vakuumskoj pumpi. Jednoli\u010dni protok plina kroz police daje vrlo dobru kontrolu temperature, koja omogu\u0107ava jednoliku temperaturu kroz radnu zonu pe\u0107i.<\/p>\n<p>ACCU-Temp, tehnika linearizacije omogu\u0107ava svakoj od 6 temperaturnih zona unutar pe\u0107i da rade unutar tolerancije +\/- 1\u00b0C. Na ovaj na\u010din se omogu\u0107ava vi\u0161a gusto\u0107a MIM odlivaka programiranje temperature sintetisanja bli\u017ee stvarnoj temperaturi topljenja, bez opasnosti od pregrejavanja i distorzije odlivaka.<\/p>\n<p>Automatski na\u010din rada omogu\u0107uje potpuno ra\u010dunalnu kontrolu protoka, temperature i delomi\u010dnog pritiska. Na\u010din provere nepropusnosti vakuuma je ugra\u0111en. Svi radni podaci, uklju\u010duju\u0107i temperaturu, protoke plina, pritisak i ukupnu potro\u0161nju energije, bele\u017ee se za svaki rad.<\/p>\n<p>Ekran za odr\u017eavanje koji podsje\u0107a korisnika na servis pumpi, menja termoelemente i jo\u0161 mnogo toga radi lak\u0161eg \u010di\u0161\u0107enja pe\u0107i za sintetisanje.<\/p>\n<ul>\n<li>odvajanje i sintetisanje u jednom koraku<\/li>\n<li>upravljanje sistemom putem ra\u010dunara<\/li>\n<li>6 temperaturnih zona za kontrolu unutar pe\u0107i<\/li>\n<\/ul>\n","protected":false},"featured_media":3943,"template":"","meta":[],"product_brand":[],"product_cat":[239,226,242],"product_tag":[],"class_list":{"0":"post-3942","1":"product","2":"type-product","3":"status-publish","4":"has-post-thumbnail","6":"product_cat-elnik-systems-sr","7":"product_cat-masine","8":"product_cat-peci-za-sinteriranje-sr","10":"first","11":"instock","12":"shipping-taxable","13":"product-type-simple"},"yoast_head":"<!-- This site is optimized with the Yoast SEO plugin v27.4 - https:\/\/yoast.com\/product\/yoast-seo-wordpress\/ -->\n<title>MIM 3001L - Nomis<\/title>\n<meta name=\"robots\" content=\"index, follow, max-snippet:-1, max-image-preview:large, max-video-preview:-1\" \/>\n<link rel=\"canonical\" href=\"https:\/\/nomis.hr\/sr\/produkt\/mim-3001l\/\" \/>\n<meta property=\"og:locale\" content=\"sr_RS\" \/>\n<meta property=\"og:type\" content=\"article\" \/>\n<meta property=\"og:title\" content=\"MIM 3001L - Nomis\" \/>\n<meta property=\"og:description\" content=\"Uz pomo\u0107 pe\u0107i laboratorijske veli\u010dine MIM 3001L mogu\u0107e je izvr\u0161iti ciklus odvajanja i sintetisanja u jednom koraku bilo kojih metala povezanih sa bilo kojim vezivom. Ovaj postupak je mogu\u0107 u nepropusnom ku\u0107i\u0161tu sa sistemom za upravljanje plinom. Laminarni protok plina osigurava konstantni kvalitet odlivaka.  Sistem za upravljanje plinom se sastoji od kontrolera protoka za radnu zonu i ventila delomi\u010dnog pritiska na posebno konstruiranoj vakuumskoj pumpi. Jednoli\u010dni protok plina kroz police daje vrlo dobru kontrolu temperature, koja omogu\u0107ava jednoliku temperaturu kroz radnu zonu pe\u0107i.  ACCU-Temp, tehnika linearizacije omogu\u0107ava svakoj od 6 temperaturnih zona unutar pe\u0107i da rade unutar tolerancije +\/- 1\u00b0C. Na ovaj na\u010din se omogu\u0107ava vi\u0161a gusto\u0107a MIM odlivaka programiranje temperature sintetisanja bli\u017ee stvarnoj temperaturi topljenja, bez opasnosti od pregrejavanja i distorzije odlivaka.  Automatski na\u010din rada omogu\u0107uje potpuno ra\u010dunalnu kontrolu protoka, temperature i delomi\u010dnog pritiska. Na\u010din provere nepropusnosti vakuuma je ugra\u0111en. Svi radni podaci, uklju\u010duju\u0107i temperaturu, protoke plina, pritisak i ukupnu potro\u0161nju energije, bele\u017ee se za svaki rad.  Ekran za odr\u017eavanje koji podsje\u0107a korisnika na servis pumpi, menja termoelemente i jo\u0161 mnogo toga radi lak\u0161eg \u010di\u0161\u0107enja pe\u0107i za sintetisanje.   odvajanje i sintetisanje u jednom koraku  upravljanje sistemom putem ra\u010dunara  6 temperaturnih zona za kontrolu unutar pe\u0107i\" \/>\n<meta property=\"og:url\" content=\"https:\/\/nomis.hr\/sr\/produkt\/mim-3001l\/\" \/>\n<meta property=\"og:site_name\" content=\"Nomis\" \/>\n<meta property=\"og:image\" content=\"https:\/\/nomis.hr\/wp-content\/uploads\/2022\/05\/MIM-3001L.jpg\" \/>\n\t<meta property=\"og:image:width\" content=\"1024\" \/>\n\t<meta property=\"og:image:height\" content=\"1024\" \/>\n\t<meta property=\"og:image:type\" content=\"image\/jpeg\" \/>\n<meta name=\"twitter:card\" content=\"summary_large_image\" \/>\n<script type=\"application\/ld+json\" class=\"yoast-schema-graph\">{\"@context\":\"https:\\\/\\\/schema.org\",\"@graph\":[{\"@type\":\"WebPage\",\"@id\":\"https:\\\/\\\/nomis.hr\\\/sr\\\/produkt\\\/mim-3001l\\\/\",\"url\":\"https:\\\/\\\/nomis.hr\\\/sr\\\/produkt\\\/mim-3001l\\\/\",\"name\":\"MIM 3001L - Nomis\",\"isPartOf\":{\"@id\":\"https:\\\/\\\/nomis.hr\\\/#website\"},\"primaryImageOfPage\":{\"@id\":\"https:\\\/\\\/nomis.hr\\\/sr\\\/produkt\\\/mim-3001l\\\/#primaryimage\"},\"image\":{\"@id\":\"https:\\\/\\\/nomis.hr\\\/sr\\\/produkt\\\/mim-3001l\\\/#primaryimage\"},\"thumbnailUrl\":\"https:\\\/\\\/nomis.hr\\\/wp-content\\\/uploads\\\/2022\\\/05\\\/MIM-3001L.jpg\",\"datePublished\":\"2022-05-05T13:40:01+00:00\",\"breadcrumb\":{\"@id\":\"https:\\\/\\\/nomis.hr\\\/sr\\\/produkt\\\/mim-3001l\\\/#breadcrumb\"},\"inLanguage\":\"sr-RS\",\"potentialAction\":[{\"@type\":\"ReadAction\",\"target\":[\"https:\\\/\\\/nomis.hr\\\/sr\\\/produkt\\\/mim-3001l\\\/\"]}]},{\"@type\":\"ImageObject\",\"inLanguage\":\"sr-RS\",\"@id\":\"https:\\\/\\\/nomis.hr\\\/sr\\\/produkt\\\/mim-3001l\\\/#primaryimage\",\"url\":\"https:\\\/\\\/nomis.hr\\\/wp-content\\\/uploads\\\/2022\\\/05\\\/MIM-3001L.jpg\",\"contentUrl\":\"https:\\\/\\\/nomis.hr\\\/wp-content\\\/uploads\\\/2022\\\/05\\\/MIM-3001L.jpg\",\"width\":1024,\"height\":1024},{\"@type\":\"BreadcrumbList\",\"@id\":\"https:\\\/\\\/nomis.hr\\\/sr\\\/produkt\\\/mim-3001l\\\/#breadcrumb\",\"itemListElement\":[{\"@type\":\"ListItem\",\"position\":1,\"name\":\"Home\",\"item\":\"https:\\\/\\\/nomis.hr\\\/sr\\\/\"},{\"@type\":\"ListItem\",\"position\":2,\"name\":\"Katalog proizvoda\",\"item\":\"https:\\\/\\\/nomis.hr\\\/sr\\\/katalog-proizvoda\\\/\"},{\"@type\":\"ListItem\",\"position\":3,\"name\":\"MIM 3001L\"}]},{\"@type\":\"WebSite\",\"@id\":\"https:\\\/\\\/nomis.hr\\\/#website\",\"url\":\"https:\\\/\\\/nomis.hr\\\/\",\"name\":\"Nomis\",\"description\":\"Sve za preradu polimera i metala na jednom mjestu!\",\"publisher\":{\"@id\":\"https:\\\/\\\/nomis.hr\\\/#organization\"},\"potentialAction\":[{\"@type\":\"SearchAction\",\"target\":{\"@type\":\"EntryPoint\",\"urlTemplate\":\"https:\\\/\\\/nomis.hr\\\/?s={search_term_string}\"},\"query-input\":{\"@type\":\"PropertyValueSpecification\",\"valueRequired\":true,\"valueName\":\"search_term_string\"}}],\"inLanguage\":\"sr-RS\"},{\"@type\":\"Organization\",\"@id\":\"https:\\\/\\\/nomis.hr\\\/#organization\",\"name\":\"Nomis\",\"url\":\"https:\\\/\\\/nomis.hr\\\/\",\"logo\":{\"@type\":\"ImageObject\",\"inLanguage\":\"sr-RS\",\"@id\":\"https:\\\/\\\/nomis.hr\\\/#\\\/schema\\\/logo\\\/image\\\/\",\"url\":\"https:\\\/\\\/nomis.hr\\\/wp-content\\\/uploads\\\/2021\\\/03\\\/Nomis-logo-admin-login.png\",\"contentUrl\":\"https:\\\/\\\/nomis.hr\\\/wp-content\\\/uploads\\\/2021\\\/03\\\/Nomis-logo-admin-login.png\",\"width\":640,\"height\":163,\"caption\":\"Nomis\"},\"image\":{\"@id\":\"https:\\\/\\\/nomis.hr\\\/#\\\/schema\\\/logo\\\/image\\\/\"}}]}<\/script>\n<!-- \/ Yoast SEO plugin. -->","yoast_head_json":{"title":"MIM 3001L - Nomis","robots":{"index":"index","follow":"follow","max-snippet":"max-snippet:-1","max-image-preview":"max-image-preview:large","max-video-preview":"max-video-preview:-1"},"canonical":"https:\/\/nomis.hr\/sr\/produkt\/mim-3001l\/","og_locale":"sr_RS","og_type":"article","og_title":"MIM 3001L - Nomis","og_description":"Uz pomo\u0107 pe\u0107i laboratorijske veli\u010dine MIM 3001L mogu\u0107e je izvr\u0161iti ciklus odvajanja i sintetisanja u jednom koraku bilo kojih metala povezanih sa bilo kojim vezivom. Ovaj postupak je mogu\u0107 u nepropusnom ku\u0107i\u0161tu sa sistemom za upravljanje plinom. Laminarni protok plina osigurava konstantni kvalitet odlivaka.  Sistem za upravljanje plinom se sastoji od kontrolera protoka za radnu zonu i ventila delomi\u010dnog pritiska na posebno konstruiranoj vakuumskoj pumpi. Jednoli\u010dni protok plina kroz police daje vrlo dobru kontrolu temperature, koja omogu\u0107ava jednoliku temperaturu kroz radnu zonu pe\u0107i.  ACCU-Temp, tehnika linearizacije omogu\u0107ava svakoj od 6 temperaturnih zona unutar pe\u0107i da rade unutar tolerancije +\/- 1\u00b0C. Na ovaj na\u010din se omogu\u0107ava vi\u0161a gusto\u0107a MIM odlivaka programiranje temperature sintetisanja bli\u017ee stvarnoj temperaturi topljenja, bez opasnosti od pregrejavanja i distorzije odlivaka.  Automatski na\u010din rada omogu\u0107uje potpuno ra\u010dunalnu kontrolu protoka, temperature i delomi\u010dnog pritiska. Na\u010din provere nepropusnosti vakuuma je ugra\u0111en. Svi radni podaci, uklju\u010duju\u0107i temperaturu, protoke plina, pritisak i ukupnu potro\u0161nju energije, bele\u017ee se za svaki rad.  Ekran za odr\u017eavanje koji podsje\u0107a korisnika na servis pumpi, menja termoelemente i jo\u0161 mnogo toga radi lak\u0161eg \u010di\u0161\u0107enja pe\u0107i za sintetisanje.   odvajanje i sintetisanje u jednom koraku  upravljanje sistemom putem ra\u010dunara  6 temperaturnih zona za kontrolu unutar pe\u0107i","og_url":"https:\/\/nomis.hr\/sr\/produkt\/mim-3001l\/","og_site_name":"Nomis","og_image":[{"width":1024,"height":1024,"url":"https:\/\/nomis.hr\/wp-content\/uploads\/2022\/05\/MIM-3001L.jpg","type":"image\/jpeg"}],"twitter_card":"summary_large_image","schema":{"@context":"https:\/\/schema.org","@graph":[{"@type":"WebPage","@id":"https:\/\/nomis.hr\/sr\/produkt\/mim-3001l\/","url":"https:\/\/nomis.hr\/sr\/produkt\/mim-3001l\/","name":"MIM 3001L - Nomis","isPartOf":{"@id":"https:\/\/nomis.hr\/#website"},"primaryImageOfPage":{"@id":"https:\/\/nomis.hr\/sr\/produkt\/mim-3001l\/#primaryimage"},"image":{"@id":"https:\/\/nomis.hr\/sr\/produkt\/mim-3001l\/#primaryimage"},"thumbnailUrl":"https:\/\/nomis.hr\/wp-content\/uploads\/2022\/05\/MIM-3001L.jpg","datePublished":"2022-05-05T13:40:01+00:00","breadcrumb":{"@id":"https:\/\/nomis.hr\/sr\/produkt\/mim-3001l\/#breadcrumb"},"inLanguage":"sr-RS","potentialAction":[{"@type":"ReadAction","target":["https:\/\/nomis.hr\/sr\/produkt\/mim-3001l\/"]}]},{"@type":"ImageObject","inLanguage":"sr-RS","@id":"https:\/\/nomis.hr\/sr\/produkt\/mim-3001l\/#primaryimage","url":"https:\/\/nomis.hr\/wp-content\/uploads\/2022\/05\/MIM-3001L.jpg","contentUrl":"https:\/\/nomis.hr\/wp-content\/uploads\/2022\/05\/MIM-3001L.jpg","width":1024,"height":1024},{"@type":"BreadcrumbList","@id":"https:\/\/nomis.hr\/sr\/produkt\/mim-3001l\/#breadcrumb","itemListElement":[{"@type":"ListItem","position":1,"name":"Home","item":"https:\/\/nomis.hr\/sr\/"},{"@type":"ListItem","position":2,"name":"Katalog proizvoda","item":"https:\/\/nomis.hr\/sr\/katalog-proizvoda\/"},{"@type":"ListItem","position":3,"name":"MIM 3001L"}]},{"@type":"WebSite","@id":"https:\/\/nomis.hr\/#website","url":"https:\/\/nomis.hr\/","name":"Nomis","description":"Sve za preradu polimera i metala na jednom mjestu!","publisher":{"@id":"https:\/\/nomis.hr\/#organization"},"potentialAction":[{"@type":"SearchAction","target":{"@type":"EntryPoint","urlTemplate":"https:\/\/nomis.hr\/?s={search_term_string}"},"query-input":{"@type":"PropertyValueSpecification","valueRequired":true,"valueName":"search_term_string"}}],"inLanguage":"sr-RS"},{"@type":"Organization","@id":"https:\/\/nomis.hr\/#organization","name":"Nomis","url":"https:\/\/nomis.hr\/","logo":{"@type":"ImageObject","inLanguage":"sr-RS","@id":"https:\/\/nomis.hr\/#\/schema\/logo\/image\/","url":"https:\/\/nomis.hr\/wp-content\/uploads\/2021\/03\/Nomis-logo-admin-login.png","contentUrl":"https:\/\/nomis.hr\/wp-content\/uploads\/2021\/03\/Nomis-logo-admin-login.png","width":640,"height":163,"caption":"Nomis"},"image":{"@id":"https:\/\/nomis.hr\/#\/schema\/logo\/image\/"}}]}},"_links":{"self":[{"href":"https:\/\/nomis.hr\/sr\/wp-json\/wp\/v2\/product\/3942","targetHints":{"allow":["GET"]}}],"collection":[{"href":"https:\/\/nomis.hr\/sr\/wp-json\/wp\/v2\/product"}],"about":[{"href":"https:\/\/nomis.hr\/sr\/wp-json\/wp\/v2\/types\/product"}],"wp:featuredmedia":[{"embeddable":true,"href":"https:\/\/nomis.hr\/sr\/wp-json\/wp\/v2\/media\/3943"}],"wp:attachment":[{"href":"https:\/\/nomis.hr\/sr\/wp-json\/wp\/v2\/media?parent=3942"}],"wp:term":[{"taxonomy":"product_brand","embeddable":true,"href":"https:\/\/nomis.hr\/sr\/wp-json\/wp\/v2\/product_brand?post=3942"},{"taxonomy":"product_cat","embeddable":true,"href":"https:\/\/nomis.hr\/sr\/wp-json\/wp\/v2\/product_cat?post=3942"},{"taxonomy":"product_tag","embeddable":true,"href":"https:\/\/nomis.hr\/sr\/wp-json\/wp\/v2\/product_tag?post=3942"}],"curies":[{"name":"wp","href":"https:\/\/api.w.org\/{rel}","templated":true}]}}