{"id":3948,"date":"2022-05-05T15:52:26","date_gmt":"2022-05-05T13:52:26","guid":{"rendered":"https:\/\/nomis.hr\/product\/plinski-generator\/"},"modified":"2022-05-05T15:52:26","modified_gmt":"2022-05-05T13:52:26","slug":"plinski-generator","status":"publish","type":"product","link":"https:\/\/nomis.hr\/sr\/produkt\/plinski-generator\/","title":{"rendered":"Plinski generatori"},"content":{"rendered":"","protected":false},"excerpt":{"rendered":"<p>Pouzdane, \u010diste koli\u010dine vodika i du\u0161ika va\u017ean su aspekt prerade. Generatori H2 i N2 osiguravaju ispravnu atmosferu ovih plinova i vrlo su kompatibilni.<\/p>\n<p>Za razliku od normalnih zaliha vodonika i azota, za posedovanje generatora H2 ili N2 nije potrebna dozvola. Obi\u010dno je ROI firme s ovim generatorima 100% unutar prvih nekoliko godina kori\u0161tenja.<\/p>\n<p>Mogu\u0107e je napraviti generatore H2 i N2 po narud\u017ebi za odabranu pe\u0107 i tako osigurati ispravnu veli\u010dinu generatora za Va\u0161e potrebe obrade.<\/p>\n","protected":false},"featured_media":3949,"template":"","meta":[],"product_cat":[226,239,243],"product_tag":[],"yoast_head":"<!-- This site is optimized with the Yoast SEO plugin v21.3 - https:\/\/yoast.com\/wordpress\/plugins\/seo\/ -->\n<title>Plinski generatori - Nomis<\/title>\n<meta name=\"robots\" content=\"index, follow, max-snippet:-1, max-image-preview:large, max-video-preview:-1\" \/>\n<link rel=\"canonical\" href=\"https:\/\/nomis.hr\/sr\/produkt\/plinski-generator\/\" \/>\n<meta property=\"og:locale\" content=\"sr_RS\" \/>\n<meta property=\"og:type\" content=\"article\" \/>\n<meta property=\"og:title\" content=\"Plinski generatori - Nomis\" \/>\n<meta property=\"og:description\" content=\"Pouzdane, \u010diste koli\u010dine vodika i du\u0161ika va\u017ean su aspekt prerade. Generatori H2 i N2 osiguravaju ispravnu atmosferu ovih plinova i vrlo su kompatibilni.  Za razliku od normalnih zaliha vodonika i azota, za posedovanje generatora H2 ili N2 nije potrebna dozvola. Obi\u010dno je ROI firme s ovim generatorima 100% unutar prvih nekoliko godina kori\u0161tenja.  Mogu\u0107e je napraviti generatore H2 i N2 po narud\u017ebi za odabranu pe\u0107 i tako osigurati ispravnu veli\u010dinu generatora za Va\u0161e potrebe obrade.\" \/>\n<meta property=\"og:url\" content=\"https:\/\/nomis.hr\/sr\/produkt\/plinski-generator\/\" \/>\n<meta property=\"og:site_name\" content=\"Nomis\" \/>\n<meta property=\"og:image\" content=\"https:\/\/nomis.hr\/wp-content\/uploads\/2022\/05\/h-series_s1-gas-gen.jpg\" \/>\n\t<meta property=\"og:image:width\" content=\"1024\" \/>\n\t<meta property=\"og:image:height\" content=\"1024\" \/>\n\t<meta property=\"og:image:type\" content=\"image\/jpeg\" \/>\n<meta name=\"twitter:card\" content=\"summary_large_image\" \/>\n<script type=\"application\/ld+json\" class=\"yoast-schema-graph\">{\"@context\":\"https:\/\/schema.org\",\"@graph\":[{\"@type\":\"WebPage\",\"@id\":\"https:\/\/nomis.hr\/sr\/produkt\/plinski-generator\/\",\"url\":\"https:\/\/nomis.hr\/sr\/produkt\/plinski-generator\/\",\"name\":\"Plinski generatori - Nomis\",\"isPartOf\":{\"@id\":\"https:\/\/nomis.hr\/#website\"},\"datePublished\":\"2022-05-05T13:52:26+00:00\",\"dateModified\":\"2022-05-05T13:52:26+00:00\",\"breadcrumb\":{\"@id\":\"https:\/\/nomis.hr\/sr\/produkt\/plinski-generator\/#breadcrumb\"},\"inLanguage\":\"sr-RS\",\"potentialAction\":[{\"@type\":\"ReadAction\",\"target\":[\"https:\/\/nomis.hr\/sr\/produkt\/plinski-generator\/\"]}]},{\"@type\":\"BreadcrumbList\",\"@id\":\"https:\/\/nomis.hr\/sr\/produkt\/plinski-generator\/#breadcrumb\",\"itemListElement\":[{\"@type\":\"ListItem\",\"position\":1,\"name\":\"Home\",\"item\":\"https:\/\/nomis.hr\/sr\/\"},{\"@type\":\"ListItem\",\"position\":2,\"name\":\"Katalog proizvoda\",\"item\":\"https:\/\/nomis.hr\/sr\/katalog-proizvoda\/\"},{\"@type\":\"ListItem\",\"position\":3,\"name\":\"Plinski generatori\"}]},{\"@type\":\"WebSite\",\"@id\":\"https:\/\/nomis.hr\/#website\",\"url\":\"https:\/\/nomis.hr\/\",\"name\":\"Nomis\",\"description\":\"Sve za preradu polimera i metala na jednom mjestu!\",\"publisher\":{\"@id\":\"https:\/\/nomis.hr\/#organization\"},\"potentialAction\":[{\"@type\":\"SearchAction\",\"target\":{\"@type\":\"EntryPoint\",\"urlTemplate\":\"https:\/\/nomis.hr\/?s={search_term_string}\"},\"query-input\":\"required name=search_term_string\"}],\"inLanguage\":\"sr-RS\"},{\"@type\":\"Organization\",\"@id\":\"https:\/\/nomis.hr\/#organization\",\"name\":\"Nomis\",\"url\":\"https:\/\/nomis.hr\/\",\"logo\":{\"@type\":\"ImageObject\",\"inLanguage\":\"sr-RS\",\"@id\":\"https:\/\/nomis.hr\/#\/schema\/logo\/image\/\",\"url\":\"https:\/\/nomis.hr\/wp-content\/uploads\/2021\/03\/Nomis-logo-admin-login.png\",\"contentUrl\":\"https:\/\/nomis.hr\/wp-content\/uploads\/2021\/03\/Nomis-logo-admin-login.png\",\"width\":640,\"height\":163,\"caption\":\"Nomis\"},\"image\":{\"@id\":\"https:\/\/nomis.hr\/#\/schema\/logo\/image\/\"}}]}<\/script>\n<!-- \/ Yoast SEO plugin. -->","yoast_head_json":{"title":"Plinski generatori - Nomis","robots":{"index":"index","follow":"follow","max-snippet":"max-snippet:-1","max-image-preview":"max-image-preview:large","max-video-preview":"max-video-preview:-1"},"canonical":"https:\/\/nomis.hr\/sr\/produkt\/plinski-generator\/","og_locale":"sr_RS","og_type":"article","og_title":"Plinski generatori - Nomis","og_description":"Pouzdane, \u010diste koli\u010dine vodika i du\u0161ika va\u017ean su aspekt prerade. Generatori H2 i N2 osiguravaju ispravnu atmosferu ovih plinova i vrlo su kompatibilni.  Za razliku od normalnih zaliha vodonika i azota, za posedovanje generatora H2 ili N2 nije potrebna dozvola. Obi\u010dno je ROI firme s ovim generatorima 100% unutar prvih nekoliko godina kori\u0161tenja.  Mogu\u0107e je napraviti generatore H2 i N2 po narud\u017ebi za odabranu pe\u0107 i tako osigurati ispravnu veli\u010dinu generatora za Va\u0161e potrebe obrade.","og_url":"https:\/\/nomis.hr\/sr\/produkt\/plinski-generator\/","og_site_name":"Nomis","og_image":[{"width":1024,"height":1024,"url":"https:\/\/nomis.hr\/wp-content\/uploads\/2022\/05\/h-series_s1-gas-gen.jpg","type":"image\/jpeg"}],"twitter_card":"summary_large_image","schema":{"@context":"https:\/\/schema.org","@graph":[{"@type":"WebPage","@id":"https:\/\/nomis.hr\/sr\/produkt\/plinski-generator\/","url":"https:\/\/nomis.hr\/sr\/produkt\/plinski-generator\/","name":"Plinski generatori - Nomis","isPartOf":{"@id":"https:\/\/nomis.hr\/#website"},"datePublished":"2022-05-05T13:52:26+00:00","dateModified":"2022-05-05T13:52:26+00:00","breadcrumb":{"@id":"https:\/\/nomis.hr\/sr\/produkt\/plinski-generator\/#breadcrumb"},"inLanguage":"sr-RS","potentialAction":[{"@type":"ReadAction","target":["https:\/\/nomis.hr\/sr\/produkt\/plinski-generator\/"]}]},{"@type":"BreadcrumbList","@id":"https:\/\/nomis.hr\/sr\/produkt\/plinski-generator\/#breadcrumb","itemListElement":[{"@type":"ListItem","position":1,"name":"Home","item":"https:\/\/nomis.hr\/sr\/"},{"@type":"ListItem","position":2,"name":"Katalog proizvoda","item":"https:\/\/nomis.hr\/sr\/katalog-proizvoda\/"},{"@type":"ListItem","position":3,"name":"Plinski generatori"}]},{"@type":"WebSite","@id":"https:\/\/nomis.hr\/#website","url":"https:\/\/nomis.hr\/","name":"Nomis","description":"Sve za preradu polimera i metala na jednom mjestu!","publisher":{"@id":"https:\/\/nomis.hr\/#organization"},"potentialAction":[{"@type":"SearchAction","target":{"@type":"EntryPoint","urlTemplate":"https:\/\/nomis.hr\/?s={search_term_string}"},"query-input":"required name=search_term_string"}],"inLanguage":"sr-RS"},{"@type":"Organization","@id":"https:\/\/nomis.hr\/#organization","name":"Nomis","url":"https:\/\/nomis.hr\/","logo":{"@type":"ImageObject","inLanguage":"sr-RS","@id":"https:\/\/nomis.hr\/#\/schema\/logo\/image\/","url":"https:\/\/nomis.hr\/wp-content\/uploads\/2021\/03\/Nomis-logo-admin-login.png","contentUrl":"https:\/\/nomis.hr\/wp-content\/uploads\/2021\/03\/Nomis-logo-admin-login.png","width":640,"height":163,"caption":"Nomis"},"image":{"@id":"https:\/\/nomis.hr\/#\/schema\/logo\/image\/"}}]}},"_links":{"self":[{"href":"https:\/\/nomis.hr\/sr\/wp-json\/wp\/v2\/product\/3948"}],"collection":[{"href":"https:\/\/nomis.hr\/sr\/wp-json\/wp\/v2\/product"}],"about":[{"href":"https:\/\/nomis.hr\/sr\/wp-json\/wp\/v2\/types\/product"}],"wp:featuredmedia":[{"embeddable":true,"href":"https:\/\/nomis.hr\/sr\/wp-json\/wp\/v2\/media\/3949"}],"wp:attachment":[{"href":"https:\/\/nomis.hr\/sr\/wp-json\/wp\/v2\/media?parent=3948"}],"wp:term":[{"taxonomy":"product_cat","embeddable":true,"href":"https:\/\/nomis.hr\/sr\/wp-json\/wp\/v2\/product_cat?post=3948"},{"taxonomy":"product_tag","embeddable":true,"href":"https:\/\/nomis.hr\/sr\/wp-json\/wp\/v2\/product_tag?post=3948"}],"curies":[{"name":"wp","href":"https:\/\/api.w.org\/{rel}","templated":true}]}}