{"id":3951,"date":"2022-05-05T16:08:06","date_gmt":"2022-05-05T14:08:06","guid":{"rendered":"https:\/\/nomis.hr\/product\/sd-3045\/"},"modified":"2022-05-05T16:08:06","modified_gmt":"2022-05-05T14:08:06","slug":"sd-3045","status":"publish","type":"product","link":"https:\/\/nomis.hr\/sr\/produkt\/sd-3045\/","title":{"rendered":"SD 3045"},"content":{"rendered":"","protected":false},"excerpt":{"rendered":"<p>Ure\u0111aj SD 3045 dizajniran je isklju\u010divo za sirovine na bazi voska. SD 3045 je potpuno automatiziran sistem prednjeg punjenja zatvorene petlje koji se mo\u017ee koristiti sa bilo kojim nezapaljivim rastvara\u010dem. Delovi su potpuno uronjeni u rastvara\u010d koje cirkuli\u0161e unutar komore tokom odvajanja.<\/p>\n<p>Nakon toga, rastvara\u010d se uklanja i vakuum se uvla\u010di u zagrejanu komoru. Rastvara\u010d zarobljeno unutar pora delova isparava, a rezultiraju\u0107e pare se kriogeno hlade, a zatim propu\u0161taju kroz ugljeni\u010dni filter. Kori\u0161ten rastvara\u010d se destiluje i ponovno koristi, dok se rastvara\u010d zarobljen u ugljeni\u010dnom filteru tako\u0111er zagrejava i vra\u0107a u bazen s rastvara\u010dem. Iznosi emisija zadovoljavaju sve nacionalne standarde i zahteve CE.<\/p>\n<p>SD 3045 posebno je dizajniran za 44 police iz pe\u0107i MIM 3045 ili ve\u0107ih pe\u0107i proizvo\u0111a\u010da Elnik Systems. Time se uklanja potreba za preslaganjem delova nakon odvajanja radi sintetisanja.<\/p>\n<p>&nbsp;<\/p>\n[fusion_table fusion_table_type=\"2\" fusion_table_rows=\"\" fusion_table_columns=\"\" hide_on_mobile=\"small-visibility,medium-visibility,large-visibility\" class=\"\" id=\"\" animation_type=\"\" animation_direction=\"left\" animation_speed=\"0.3\" animation_offset=\"\"]<\/p>\n<div class=\"table-1\">\n<table width=\"100%\">\n<thead>\n<tr>\n<th align=\"left\">Model<\/th>\n<th align=\"left\">EBA-100E<\/th>\n<th align=\"left\">EBA-200E<\/th>\n<th align=\"left\">EBA-300E<\/th>\n<\/tr>\n<\/thead>\n<tbody>\n<tr>\n<td align=\"left\">Kompatibilno s Elnik pe\u0107i za sinteriranje<\/td>\n<td align=\"left\">MIM 3015 T-50<\/td>\n<td align=\"left\">MIM 3025 T-50<\/td>\n<td align=\"left\">MIM 3045 T-50<\/td>\n<\/tr>\n<tr>\n<td align=\"left\">Broj polica<\/td>\n<td align=\"left\">16 size 1*<\/td>\n<td align=\"left\">32 size 1*<\/td>\n<td align=\"left\">44 size 2*<\/td>\n<\/tr>\n<tr>\n<td align=\"left\">Ukupna povr\u0161ina za delove cca.<\/td>\n<td align=\"left\">0.74 m\u00b2<\/td>\n<td align=\"left\">1.49 m\u00b2<\/td>\n<td align=\"left\">2.73 m\u00b2<\/td>\n<\/tr>\n<tr>\n<td align=\"left\">Volumen [W\u00d7D\u00d7H] cca.<\/td>\n<td align=\"left\">292\u00d7343\u00d7305 mm<\/td>\n<td align=\"left\">292\u00d7343\u00d7610 mm<\/td>\n<td align=\"left\">420\u00d7460\u00d7610 mm<\/td>\n<\/tr>\n<tr>\n<td align=\"left\">Volumen cca.<\/td>\n<td align=\"left\">32 l<\/td>\n<td align=\"left\">65 l<\/td>\n<td align=\"left\">117 l<\/td>\n<\/tr>\n<tr>\n<td align=\"left\">Radna temperatur max.<\/td>\n<td align=\"left\">80\u00b0 C<\/td>\n<td align=\"left\">80\u00b0 C<\/td>\n<td align=\"left\">80\u00b0 C<\/td>\n<\/tr>\n<tr>\n<td align=\"left\">Oznaka, ATEX 2014\/34\/EU<\/td>\n<td align=\"left\">Ex II 2 G c b IIA T3\u00b9<\/td>\n<td align=\"left\">Ex II 2 G c b IIA T3\u00b9<\/td>\n<td align=\"left\">Ex II 2 G c b IIA T3\u00b9<\/td>\n<\/tr>\n<tr>\n<td align=\"left\">\u0160irina cca.<\/td>\n<td align=\"left\">845 mm<\/td>\n<td align=\"left\">1100 mm<\/td>\n<td align=\"left\">1250 mm<\/td>\n<\/tr>\n<tr>\n<td align=\"left\">Visina cca.<\/td>\n<td align=\"left\">1430 mm<\/td>\n<td align=\"left\">1810 mm<\/td>\n<td align=\"left\">1940 mm<\/td>\n<\/tr>\n<tr>\n<td align=\"left\">Dubina cca.<\/td>\n<td align=\"left\">2000 mm<\/td>\n<td align=\"left\">1770 mm<\/td>\n<td align=\"left\">2080 mm<\/td>\n<\/tr>\n<\/tbody>\n<\/table>\n<\/div>\n<p>[\/fusion_table]\n","protected":false},"featured_media":3952,"template":"","meta":[],"product_brand":[],"product_cat":[239,226,245],"product_tag":[],"class_list":{"0":"post-3951","1":"product","2":"type-product","3":"status-publish","4":"has-post-thumbnail","6":"product_cat-elnik-systems-sr","7":"product_cat-masine","8":"product_cat-uredaji-za-odvajanje-sr","10":"first","11":"instock","12":"shipping-taxable","13":"product-type-simple"},"yoast_head":"<!-- This site is optimized with the Yoast SEO plugin v27.4 - https:\/\/yoast.com\/product\/yoast-seo-wordpress\/ -->\n<title>SD 3045 - Nomis<\/title>\n<meta name=\"robots\" content=\"index, follow, max-snippet:-1, max-image-preview:large, max-video-preview:-1\" \/>\n<link rel=\"canonical\" href=\"https:\/\/nomis.hr\/sr\/produkt\/sd-3045\/\" \/>\n<meta property=\"og:locale\" content=\"sr_RS\" \/>\n<meta property=\"og:type\" content=\"article\" \/>\n<meta property=\"og:title\" content=\"SD 3045 - Nomis\" \/>\n<meta property=\"og:description\" content=\"Ure\u0111aj SD 3045 dizajniran je isklju\u010divo za sirovine na bazi voska. SD 3045 je potpuno automatiziran sistem prednjeg punjenja zatvorene petlje koji se mo\u017ee koristiti sa bilo kojim nezapaljivim rastvara\u010dem. Delovi su potpuno uronjeni u rastvara\u010d koje cirkuli\u0161e unutar komore tokom odvajanja.  Nakon toga, rastvara\u010d se uklanja i vakuum se uvla\u010di u zagrejanu komoru. Rastvara\u010d zarobljeno unutar pora delova isparava, a rezultiraju\u0107e pare se kriogeno hlade, a zatim propu\u0161taju kroz ugljeni\u010dni filter. Kori\u0161ten rastvara\u010d se destiluje i ponovno koristi, dok se rastvara\u010d zarobljen u ugljeni\u010dnom filteru tako\u0111er zagrejava i vra\u0107a u bazen s rastvara\u010dem. Iznosi emisija zadovoljavaju sve nacionalne standarde i zahteve CE.  SD 3045 posebno je dizajniran za 44 police iz pe\u0107i MIM 3045 ili ve\u0107ih pe\u0107i proizvo\u0111a\u010da Elnik Systems. Time se uklanja potreba za preslaganjem delova nakon odvajanja radi sintetisanja.  &nbsp;\" \/>\n<meta property=\"og:url\" content=\"https:\/\/nomis.hr\/sr\/produkt\/sd-3045\/\" \/>\n<meta property=\"og:site_name\" content=\"Nomis\" \/>\n<meta property=\"og:image\" content=\"https:\/\/nomis.hr\/wp-content\/uploads\/2022\/05\/SD-3045.jpg\" \/>\n\t<meta property=\"og:image:width\" content=\"1024\" \/>\n\t<meta property=\"og:image:height\" content=\"1024\" \/>\n\t<meta property=\"og:image:type\" content=\"image\/jpeg\" \/>\n<meta name=\"twitter:card\" content=\"summary_large_image\" \/>\n<script type=\"application\/ld+json\" class=\"yoast-schema-graph\">{\"@context\":\"https:\\\/\\\/schema.org\",\"@graph\":[{\"@type\":\"WebPage\",\"@id\":\"https:\\\/\\\/nomis.hr\\\/sr\\\/produkt\\\/sd-3045\\\/\",\"url\":\"https:\\\/\\\/nomis.hr\\\/sr\\\/produkt\\\/sd-3045\\\/\",\"name\":\"SD 3045 - Nomis\",\"isPartOf\":{\"@id\":\"https:\\\/\\\/nomis.hr\\\/#website\"},\"primaryImageOfPage\":{\"@id\":\"https:\\\/\\\/nomis.hr\\\/sr\\\/produkt\\\/sd-3045\\\/#primaryimage\"},\"image\":{\"@id\":\"https:\\\/\\\/nomis.hr\\\/sr\\\/produkt\\\/sd-3045\\\/#primaryimage\"},\"thumbnailUrl\":\"https:\\\/\\\/nomis.hr\\\/wp-content\\\/uploads\\\/2022\\\/05\\\/SD-3045.jpg\",\"datePublished\":\"2022-05-05T14:08:06+00:00\",\"breadcrumb\":{\"@id\":\"https:\\\/\\\/nomis.hr\\\/sr\\\/produkt\\\/sd-3045\\\/#breadcrumb\"},\"inLanguage\":\"sr-RS\",\"potentialAction\":[{\"@type\":\"ReadAction\",\"target\":[\"https:\\\/\\\/nomis.hr\\\/sr\\\/produkt\\\/sd-3045\\\/\"]}]},{\"@type\":\"ImageObject\",\"inLanguage\":\"sr-RS\",\"@id\":\"https:\\\/\\\/nomis.hr\\\/sr\\\/produkt\\\/sd-3045\\\/#primaryimage\",\"url\":\"https:\\\/\\\/nomis.hr\\\/wp-content\\\/uploads\\\/2022\\\/05\\\/SD-3045.jpg\",\"contentUrl\":\"https:\\\/\\\/nomis.hr\\\/wp-content\\\/uploads\\\/2022\\\/05\\\/SD-3045.jpg\",\"width\":1024,\"height\":1024},{\"@type\":\"BreadcrumbList\",\"@id\":\"https:\\\/\\\/nomis.hr\\\/sr\\\/produkt\\\/sd-3045\\\/#breadcrumb\",\"itemListElement\":[{\"@type\":\"ListItem\",\"position\":1,\"name\":\"Home\",\"item\":\"https:\\\/\\\/nomis.hr\\\/sr\\\/\"},{\"@type\":\"ListItem\",\"position\":2,\"name\":\"Katalog proizvoda\",\"item\":\"https:\\\/\\\/nomis.hr\\\/sr\\\/katalog-proizvoda\\\/\"},{\"@type\":\"ListItem\",\"position\":3,\"name\":\"SD 3045\"}]},{\"@type\":\"WebSite\",\"@id\":\"https:\\\/\\\/nomis.hr\\\/#website\",\"url\":\"https:\\\/\\\/nomis.hr\\\/\",\"name\":\"Nomis\",\"description\":\"Sve za preradu polimera i metala na jednom mjestu!\",\"publisher\":{\"@id\":\"https:\\\/\\\/nomis.hr\\\/#organization\"},\"potentialAction\":[{\"@type\":\"SearchAction\",\"target\":{\"@type\":\"EntryPoint\",\"urlTemplate\":\"https:\\\/\\\/nomis.hr\\\/?s={search_term_string}\"},\"query-input\":{\"@type\":\"PropertyValueSpecification\",\"valueRequired\":true,\"valueName\":\"search_term_string\"}}],\"inLanguage\":\"sr-RS\"},{\"@type\":\"Organization\",\"@id\":\"https:\\\/\\\/nomis.hr\\\/#organization\",\"name\":\"Nomis\",\"url\":\"https:\\\/\\\/nomis.hr\\\/\",\"logo\":{\"@type\":\"ImageObject\",\"inLanguage\":\"sr-RS\",\"@id\":\"https:\\\/\\\/nomis.hr\\\/#\\\/schema\\\/logo\\\/image\\\/\",\"url\":\"https:\\\/\\\/nomis.hr\\\/wp-content\\\/uploads\\\/2021\\\/03\\\/Nomis-logo-admin-login.png\",\"contentUrl\":\"https:\\\/\\\/nomis.hr\\\/wp-content\\\/uploads\\\/2021\\\/03\\\/Nomis-logo-admin-login.png\",\"width\":640,\"height\":163,\"caption\":\"Nomis\"},\"image\":{\"@id\":\"https:\\\/\\\/nomis.hr\\\/#\\\/schema\\\/logo\\\/image\\\/\"}}]}<\/script>\n<!-- \/ Yoast SEO plugin. -->","yoast_head_json":{"title":"SD 3045 - Nomis","robots":{"index":"index","follow":"follow","max-snippet":"max-snippet:-1","max-image-preview":"max-image-preview:large","max-video-preview":"max-video-preview:-1"},"canonical":"https:\/\/nomis.hr\/sr\/produkt\/sd-3045\/","og_locale":"sr_RS","og_type":"article","og_title":"SD 3045 - Nomis","og_description":"Ure\u0111aj SD 3045 dizajniran je isklju\u010divo za sirovine na bazi voska. SD 3045 je potpuno automatiziran sistem prednjeg punjenja zatvorene petlje koji se mo\u017ee koristiti sa bilo kojim nezapaljivim rastvara\u010dem. Delovi su potpuno uronjeni u rastvara\u010d koje cirkuli\u0161e unutar komore tokom odvajanja.  Nakon toga, rastvara\u010d se uklanja i vakuum se uvla\u010di u zagrejanu komoru. Rastvara\u010d zarobljeno unutar pora delova isparava, a rezultiraju\u0107e pare se kriogeno hlade, a zatim propu\u0161taju kroz ugljeni\u010dni filter. Kori\u0161ten rastvara\u010d se destiluje i ponovno koristi, dok se rastvara\u010d zarobljen u ugljeni\u010dnom filteru tako\u0111er zagrejava i vra\u0107a u bazen s rastvara\u010dem. Iznosi emisija zadovoljavaju sve nacionalne standarde i zahteve CE.  SD 3045 posebno je dizajniran za 44 police iz pe\u0107i MIM 3045 ili ve\u0107ih pe\u0107i proizvo\u0111a\u010da Elnik Systems. Time se uklanja potreba za preslaganjem delova nakon odvajanja radi sintetisanja.  &nbsp;","og_url":"https:\/\/nomis.hr\/sr\/produkt\/sd-3045\/","og_site_name":"Nomis","og_image":[{"width":1024,"height":1024,"url":"https:\/\/nomis.hr\/wp-content\/uploads\/2022\/05\/SD-3045.jpg","type":"image\/jpeg"}],"twitter_card":"summary_large_image","schema":{"@context":"https:\/\/schema.org","@graph":[{"@type":"WebPage","@id":"https:\/\/nomis.hr\/sr\/produkt\/sd-3045\/","url":"https:\/\/nomis.hr\/sr\/produkt\/sd-3045\/","name":"SD 3045 - Nomis","isPartOf":{"@id":"https:\/\/nomis.hr\/#website"},"primaryImageOfPage":{"@id":"https:\/\/nomis.hr\/sr\/produkt\/sd-3045\/#primaryimage"},"image":{"@id":"https:\/\/nomis.hr\/sr\/produkt\/sd-3045\/#primaryimage"},"thumbnailUrl":"https:\/\/nomis.hr\/wp-content\/uploads\/2022\/05\/SD-3045.jpg","datePublished":"2022-05-05T14:08:06+00:00","breadcrumb":{"@id":"https:\/\/nomis.hr\/sr\/produkt\/sd-3045\/#breadcrumb"},"inLanguage":"sr-RS","potentialAction":[{"@type":"ReadAction","target":["https:\/\/nomis.hr\/sr\/produkt\/sd-3045\/"]}]},{"@type":"ImageObject","inLanguage":"sr-RS","@id":"https:\/\/nomis.hr\/sr\/produkt\/sd-3045\/#primaryimage","url":"https:\/\/nomis.hr\/wp-content\/uploads\/2022\/05\/SD-3045.jpg","contentUrl":"https:\/\/nomis.hr\/wp-content\/uploads\/2022\/05\/SD-3045.jpg","width":1024,"height":1024},{"@type":"BreadcrumbList","@id":"https:\/\/nomis.hr\/sr\/produkt\/sd-3045\/#breadcrumb","itemListElement":[{"@type":"ListItem","position":1,"name":"Home","item":"https:\/\/nomis.hr\/sr\/"},{"@type":"ListItem","position":2,"name":"Katalog proizvoda","item":"https:\/\/nomis.hr\/sr\/katalog-proizvoda\/"},{"@type":"ListItem","position":3,"name":"SD 3045"}]},{"@type":"WebSite","@id":"https:\/\/nomis.hr\/#website","url":"https:\/\/nomis.hr\/","name":"Nomis","description":"Sve za preradu polimera i metala na jednom mjestu!","publisher":{"@id":"https:\/\/nomis.hr\/#organization"},"potentialAction":[{"@type":"SearchAction","target":{"@type":"EntryPoint","urlTemplate":"https:\/\/nomis.hr\/?s={search_term_string}"},"query-input":{"@type":"PropertyValueSpecification","valueRequired":true,"valueName":"search_term_string"}}],"inLanguage":"sr-RS"},{"@type":"Organization","@id":"https:\/\/nomis.hr\/#organization","name":"Nomis","url":"https:\/\/nomis.hr\/","logo":{"@type":"ImageObject","inLanguage":"sr-RS","@id":"https:\/\/nomis.hr\/#\/schema\/logo\/image\/","url":"https:\/\/nomis.hr\/wp-content\/uploads\/2021\/03\/Nomis-logo-admin-login.png","contentUrl":"https:\/\/nomis.hr\/wp-content\/uploads\/2021\/03\/Nomis-logo-admin-login.png","width":640,"height":163,"caption":"Nomis"},"image":{"@id":"https:\/\/nomis.hr\/#\/schema\/logo\/image\/"}}]}},"_links":{"self":[{"href":"https:\/\/nomis.hr\/sr\/wp-json\/wp\/v2\/product\/3951","targetHints":{"allow":["GET"]}}],"collection":[{"href":"https:\/\/nomis.hr\/sr\/wp-json\/wp\/v2\/product"}],"about":[{"href":"https:\/\/nomis.hr\/sr\/wp-json\/wp\/v2\/types\/product"}],"wp:featuredmedia":[{"embeddable":true,"href":"https:\/\/nomis.hr\/sr\/wp-json\/wp\/v2\/media\/3952"}],"wp:attachment":[{"href":"https:\/\/nomis.hr\/sr\/wp-json\/wp\/v2\/media?parent=3951"}],"wp:term":[{"taxonomy":"product_brand","embeddable":true,"href":"https:\/\/nomis.hr\/sr\/wp-json\/wp\/v2\/product_brand?post=3951"},{"taxonomy":"product_cat","embeddable":true,"href":"https:\/\/nomis.hr\/sr\/wp-json\/wp\/v2\/product_cat?post=3951"},{"taxonomy":"product_tag","embeddable":true,"href":"https:\/\/nomis.hr\/sr\/wp-json\/wp\/v2\/product_tag?post=3951"}],"curies":[{"name":"wp","href":"https:\/\/api.w.org\/{rel}","templated":true}]}}