{"id":3954,"date":"2022-05-05T16:00:25","date_gmt":"2022-05-05T14:00:25","guid":{"rendered":"https:\/\/nomis.hr\/product\/cd-3002-cd-3045\/"},"modified":"2022-05-05T16:00:25","modified_gmt":"2022-05-05T14:00:25","slug":"cd-3002-cd-3045","status":"publish","type":"product","link":"https:\/\/nomis.hr\/sr\/produkt\/cd-3002-cd-3045\/","title":{"rendered":"CD 3002 &#8211; CD 3045"},"content":{"rendered":"","protected":false},"excerpt":{"rendered":"<p>Sistemi CD 3002 i CD3045 je dizajnirani su specijalno za kataliti\u010dko odvajanje BASF-ovog materijala Catamold<sup>\u00ae<\/sup>. Otvor je dimenzioniran na na\u010din da police u potpunosti odgovaraju pe\u0107i za sintetisanje MIM 3045. To omogu\u0107uje da se police sa proizvodima nakon odvajanja direktno prebace u pe\u0107i za sintetisanje, bez potrebe za preslaganjem na druge police. Pe\u0107ima se u potpunosti upravlja sistemom putem ra\u010dunara<\/p>\n<p>Glavni ekran mo\u017ee se koristiti i za uklju\u010divanje pumpe za kiselinu, motora ventilatora, azotnih ventila i gorionika kada program nije pokrenut. To omogu\u0107uje laku proveru unesenih vrednosti za ove stavke.<\/p>\n<p>Kori\u0161tenje ra\u010dunara za pogon pe\u0107nice za odvajanje rezultuje mnogim prednostima. Trendovi svakog programa automatski se pohranjuju \u0161to donosi mnoge prednosti koje su li\u010dno korisne u avionskoj, automobilskoj i medicinskoj industriji gde su evidencija i transparentnost od velike va\u017enosti.<\/p>\n<p>&nbsp;<\/p>\n[fusion_table fusion_table_type=\"1\" fusion_table_rows=\"\" fusion_table_columns=\"\" hide_on_mobile=\"small-visibility,medium-visibility,large-visibility\" class=\"\" id=\"\" animation_type=\"\" animation_direction=\"left\" animation_speed=\"0.3\" animation_offset=\"\"]<\/p>\n<div class=\"table-1\">\n<table width=\"100%\">\n<tbody>\n<tr>\n<td align=\"left\"><strong>Veli\u010dina okvira<\/strong><\/td>\n<td align=\"left\">27\u00d758\u00d7102 inch<br \/>\n686\u00d71,473\u00d72,591mm<\/td>\n<\/tr>\n<tr>\n<td align=\"left\"><strong>Ku\u0107i\u0161te ra\u010dunara<\/strong><\/td>\n<td align=\"left\">24\u00d724\u00d770 inch<br \/>\n610\u00d7610\u00d71,778 mm<\/td>\n<\/tr>\n<tr>\n<td align=\"left\"><strong>Unutarnja veli\u010dina komore<\/strong><\/td>\n<td align=\"left\">20\u00d727\u00d727 inch<br \/>\n508\u00d7686\u00d7686 mm<\/td>\n<\/tr>\n<tr>\n<td align=\"left\"><strong>Veli\u010dina stalka za police<\/strong><\/td>\n<td align=\"left\">16\u00be\u00d725\u00d724 inch<br \/>\n425\u00d7635\u00d7610 mm<\/td>\n<\/tr>\n<tr>\n<td align=\"left\"><strong>Stalak<\/strong><\/td>\n<td align=\"left\">Prikladne su 44 police iz pe\u0107i MIM 2000\/3000<\/td>\n<\/tr>\n<tr>\n<td align=\"left\"><strong>Raspon temperature<\/strong><\/td>\n<td align=\"left\">20-1500 \u00b0C<br \/>\n68-3020 \u00b0F<\/td>\n<\/tr>\n<tr>\n<td align=\"left\"><strong>Ta\u010dnost temperature<\/strong><\/td>\n<td align=\"left\">+\/-20\u00b0C (3.60\u00b0F)<\/td>\n<\/tr>\n<tr>\n<td align=\"left\"><strong>Dimenzije police<\/strong><\/td>\n<td align=\"left\">81\u20448\u00d712 inch<br \/>\n206\u00d7305 mm<\/td>\n<\/tr>\n<tr>\n<td align=\"left\"><strong>Razmak izme\u0111u polica<\/strong><\/td>\n<td align=\"left\">1\u00bd inch<br \/>\n38 mm<\/td>\n<\/tr>\n<tr>\n<td align=\"left\"><strong>Broj polica<\/strong><\/td>\n<td align=\"left\">44, koriste se police iz MIM 3045<\/td>\n<\/tr>\n<tr>\n<td align=\"left\"><strong>Optere\u0107enje polica<\/strong><\/td>\n<td align=\"left\">Max 10 lbs (4.5kg) po polici, ukupno 440 lbs. (198kg)<\/td>\n<\/tr>\n<tr>\n<td align=\"left\"><strong>Opteretiva povr\u0161ina<\/strong><\/td>\n<td align=\"left\">4,224 sq in , 6,336 cu in<br \/>\n2.73 m\u00b2 , 104 ltr<\/td>\n<\/tr>\n<\/tbody>\n<\/table>\n<\/div>\n<p>[\/fusion_table]\n","protected":false},"featured_media":3955,"template":"","meta":[],"product_cat":[239,226,245],"product_tag":[],"yoast_head":"<!-- This site is optimized with the Yoast SEO plugin v21.3 - https:\/\/yoast.com\/wordpress\/plugins\/seo\/ -->\n<title>CD 3002 - CD 3045 - Nomis<\/title>\n<meta name=\"robots\" content=\"index, follow, max-snippet:-1, max-image-preview:large, max-video-preview:-1\" \/>\n<link rel=\"canonical\" href=\"https:\/\/nomis.hr\/sr\/produkt\/cd-3002-cd-3045\/\" \/>\n<meta property=\"og:locale\" content=\"sr_RS\" \/>\n<meta property=\"og:type\" content=\"article\" \/>\n<meta property=\"og:title\" content=\"CD 3002 - CD 3045 - Nomis\" \/>\n<meta property=\"og:description\" content=\"Sistemi CD 3002 i CD3045 je dizajnirani su specijalno za kataliti\u010dko odvajanje BASF-ovog materijala Catamold\u00ae. Otvor je dimenzioniran na na\u010din da police u potpunosti odgovaraju pe\u0107i za sintetisanje MIM 3045. To omogu\u0107uje da se police sa proizvodima nakon odvajanja direktno prebace u pe\u0107i za sintetisanje, bez potrebe za preslaganjem na druge police. Pe\u0107ima se u potpunosti upravlja sistemom putem ra\u010dunara  Glavni ekran mo\u017ee se koristiti i za uklju\u010divanje pumpe za kiselinu, motora ventilatora, azotnih ventila i gorionika kada program nije pokrenut. To omogu\u0107uje laku proveru unesenih vrednosti za ove stavke.  Kori\u0161tenje ra\u010dunara za pogon pe\u0107nice za odvajanje rezultuje mnogim prednostima. Trendovi svakog programa automatski se pohranjuju \u0161to donosi mnoge prednosti koje su li\u010dno korisne u avionskoj, automobilskoj i medicinskoj industriji gde su evidencija i transparentnost od velike va\u017enosti.  &nbsp;\" \/>\n<meta property=\"og:url\" content=\"https:\/\/nomis.hr\/sr\/produkt\/cd-3002-cd-3045\/\" \/>\n<meta property=\"og:site_name\" content=\"Nomis\" \/>\n<meta property=\"og:image\" content=\"https:\/\/nomis.hr\/wp-content\/uploads\/2022\/05\/CD-3002-CD-3045.jpg\" \/>\n\t<meta property=\"og:image:width\" content=\"1024\" \/>\n\t<meta property=\"og:image:height\" content=\"1024\" \/>\n\t<meta property=\"og:image:type\" content=\"image\/jpeg\" \/>\n<meta name=\"twitter:card\" content=\"summary_large_image\" \/>\n<script type=\"application\/ld+json\" class=\"yoast-schema-graph\">{\"@context\":\"https:\/\/schema.org\",\"@graph\":[{\"@type\":\"WebPage\",\"@id\":\"https:\/\/nomis.hr\/sr\/produkt\/cd-3002-cd-3045\/\",\"url\":\"https:\/\/nomis.hr\/sr\/produkt\/cd-3002-cd-3045\/\",\"name\":\"CD 3002 - CD 3045 - Nomis\",\"isPartOf\":{\"@id\":\"https:\/\/nomis.hr\/#website\"},\"datePublished\":\"2022-05-05T14:00:25+00:00\",\"dateModified\":\"2022-05-05T14:00:25+00:00\",\"breadcrumb\":{\"@id\":\"https:\/\/nomis.hr\/sr\/produkt\/cd-3002-cd-3045\/#breadcrumb\"},\"inLanguage\":\"sr-RS\",\"potentialAction\":[{\"@type\":\"ReadAction\",\"target\":[\"https:\/\/nomis.hr\/sr\/produkt\/cd-3002-cd-3045\/\"]}]},{\"@type\":\"BreadcrumbList\",\"@id\":\"https:\/\/nomis.hr\/sr\/produkt\/cd-3002-cd-3045\/#breadcrumb\",\"itemListElement\":[{\"@type\":\"ListItem\",\"position\":1,\"name\":\"Home\",\"item\":\"https:\/\/nomis.hr\/sr\/\"},{\"@type\":\"ListItem\",\"position\":2,\"name\":\"Katalog proizvoda\",\"item\":\"https:\/\/nomis.hr\/sr\/katalog-proizvoda\/\"},{\"@type\":\"ListItem\",\"position\":3,\"name\":\"CD 3002 &#8211; CD 3045\"}]},{\"@type\":\"WebSite\",\"@id\":\"https:\/\/nomis.hr\/#website\",\"url\":\"https:\/\/nomis.hr\/\",\"name\":\"Nomis\",\"description\":\"Sve za preradu polimera i metala na jednom mjestu!\",\"publisher\":{\"@id\":\"https:\/\/nomis.hr\/#organization\"},\"potentialAction\":[{\"@type\":\"SearchAction\",\"target\":{\"@type\":\"EntryPoint\",\"urlTemplate\":\"https:\/\/nomis.hr\/?s={search_term_string}\"},\"query-input\":\"required name=search_term_string\"}],\"inLanguage\":\"sr-RS\"},{\"@type\":\"Organization\",\"@id\":\"https:\/\/nomis.hr\/#organization\",\"name\":\"Nomis\",\"url\":\"https:\/\/nomis.hr\/\",\"logo\":{\"@type\":\"ImageObject\",\"inLanguage\":\"sr-RS\",\"@id\":\"https:\/\/nomis.hr\/#\/schema\/logo\/image\/\",\"url\":\"https:\/\/nomis.hr\/wp-content\/uploads\/2021\/03\/Nomis-logo-admin-login.png\",\"contentUrl\":\"https:\/\/nomis.hr\/wp-content\/uploads\/2021\/03\/Nomis-logo-admin-login.png\",\"width\":640,\"height\":163,\"caption\":\"Nomis\"},\"image\":{\"@id\":\"https:\/\/nomis.hr\/#\/schema\/logo\/image\/\"}}]}<\/script>\n<!-- \/ Yoast SEO plugin. -->","yoast_head_json":{"title":"CD 3002 - CD 3045 - Nomis","robots":{"index":"index","follow":"follow","max-snippet":"max-snippet:-1","max-image-preview":"max-image-preview:large","max-video-preview":"max-video-preview:-1"},"canonical":"https:\/\/nomis.hr\/sr\/produkt\/cd-3002-cd-3045\/","og_locale":"sr_RS","og_type":"article","og_title":"CD 3002 - CD 3045 - Nomis","og_description":"Sistemi CD 3002 i CD3045 je dizajnirani su specijalno za kataliti\u010dko odvajanje BASF-ovog materijala Catamold\u00ae. Otvor je dimenzioniran na na\u010din da police u potpunosti odgovaraju pe\u0107i za sintetisanje MIM 3045. To omogu\u0107uje da se police sa proizvodima nakon odvajanja direktno prebace u pe\u0107i za sintetisanje, bez potrebe za preslaganjem na druge police. Pe\u0107ima se u potpunosti upravlja sistemom putem ra\u010dunara  Glavni ekran mo\u017ee se koristiti i za uklju\u010divanje pumpe za kiselinu, motora ventilatora, azotnih ventila i gorionika kada program nije pokrenut. To omogu\u0107uje laku proveru unesenih vrednosti za ove stavke.  Kori\u0161tenje ra\u010dunara za pogon pe\u0107nice za odvajanje rezultuje mnogim prednostima. Trendovi svakog programa automatski se pohranjuju \u0161to donosi mnoge prednosti koje su li\u010dno korisne u avionskoj, automobilskoj i medicinskoj industriji gde su evidencija i transparentnost od velike va\u017enosti.  &nbsp;","og_url":"https:\/\/nomis.hr\/sr\/produkt\/cd-3002-cd-3045\/","og_site_name":"Nomis","og_image":[{"width":1024,"height":1024,"url":"https:\/\/nomis.hr\/wp-content\/uploads\/2022\/05\/CD-3002-CD-3045.jpg","type":"image\/jpeg"}],"twitter_card":"summary_large_image","schema":{"@context":"https:\/\/schema.org","@graph":[{"@type":"WebPage","@id":"https:\/\/nomis.hr\/sr\/produkt\/cd-3002-cd-3045\/","url":"https:\/\/nomis.hr\/sr\/produkt\/cd-3002-cd-3045\/","name":"CD 3002 - CD 3045 - Nomis","isPartOf":{"@id":"https:\/\/nomis.hr\/#website"},"datePublished":"2022-05-05T14:00:25+00:00","dateModified":"2022-05-05T14:00:25+00:00","breadcrumb":{"@id":"https:\/\/nomis.hr\/sr\/produkt\/cd-3002-cd-3045\/#breadcrumb"},"inLanguage":"sr-RS","potentialAction":[{"@type":"ReadAction","target":["https:\/\/nomis.hr\/sr\/produkt\/cd-3002-cd-3045\/"]}]},{"@type":"BreadcrumbList","@id":"https:\/\/nomis.hr\/sr\/produkt\/cd-3002-cd-3045\/#breadcrumb","itemListElement":[{"@type":"ListItem","position":1,"name":"Home","item":"https:\/\/nomis.hr\/sr\/"},{"@type":"ListItem","position":2,"name":"Katalog proizvoda","item":"https:\/\/nomis.hr\/sr\/katalog-proizvoda\/"},{"@type":"ListItem","position":3,"name":"CD 3002 &#8211; CD 3045"}]},{"@type":"WebSite","@id":"https:\/\/nomis.hr\/#website","url":"https:\/\/nomis.hr\/","name":"Nomis","description":"Sve za preradu polimera i metala na jednom mjestu!","publisher":{"@id":"https:\/\/nomis.hr\/#organization"},"potentialAction":[{"@type":"SearchAction","target":{"@type":"EntryPoint","urlTemplate":"https:\/\/nomis.hr\/?s={search_term_string}"},"query-input":"required name=search_term_string"}],"inLanguage":"sr-RS"},{"@type":"Organization","@id":"https:\/\/nomis.hr\/#organization","name":"Nomis","url":"https:\/\/nomis.hr\/","logo":{"@type":"ImageObject","inLanguage":"sr-RS","@id":"https:\/\/nomis.hr\/#\/schema\/logo\/image\/","url":"https:\/\/nomis.hr\/wp-content\/uploads\/2021\/03\/Nomis-logo-admin-login.png","contentUrl":"https:\/\/nomis.hr\/wp-content\/uploads\/2021\/03\/Nomis-logo-admin-login.png","width":640,"height":163,"caption":"Nomis"},"image":{"@id":"https:\/\/nomis.hr\/#\/schema\/logo\/image\/"}}]}},"_links":{"self":[{"href":"https:\/\/nomis.hr\/sr\/wp-json\/wp\/v2\/product\/3954"}],"collection":[{"href":"https:\/\/nomis.hr\/sr\/wp-json\/wp\/v2\/product"}],"about":[{"href":"https:\/\/nomis.hr\/sr\/wp-json\/wp\/v2\/types\/product"}],"wp:featuredmedia":[{"embeddable":true,"href":"https:\/\/nomis.hr\/sr\/wp-json\/wp\/v2\/media\/3955"}],"wp:attachment":[{"href":"https:\/\/nomis.hr\/sr\/wp-json\/wp\/v2\/media?parent=3954"}],"wp:term":[{"taxonomy":"product_cat","embeddable":true,"href":"https:\/\/nomis.hr\/sr\/wp-json\/wp\/v2\/product_cat?post=3954"},{"taxonomy":"product_tag","embeddable":true,"href":"https:\/\/nomis.hr\/sr\/wp-json\/wp\/v2\/product_tag?post=3954"}],"curies":[{"name":"wp","href":"https:\/\/api.w.org\/{rel}","templated":true}]}}