{"id":3976,"date":"2022-05-04T20:23:41","date_gmt":"2022-05-04T18:23:41","guid":{"rendered":"https:\/\/nomis.hr\/product\/one-wire-centralni-sistemi-za-dobavu-materijala\/"},"modified":"2022-05-04T20:23:41","modified_gmt":"2022-05-04T18:23:41","slug":"one-wire-centralni-sistemi-za-dobavu-materijala","status":"publish","type":"product","link":"https:\/\/nomis.hr\/sr\/produkt\/one-wire-centralni-sistemi-za-dobavu-materijala\/","title":{"rendered":"ONE WIRE centralni sistemi za dobavu materijala"},"content":{"rendered":"","protected":false},"excerpt":{"rendered":"<p>ONE WIRE 3 je centralizovana logika sistema koja je jednostavna za instalaciju (struktura s jednim kabelom), a mre\u017ena okosnica centralizovanog sistema je trenutno pro\u0161iriva. Jedan ONE WIRE poslu\u017eitelj mo\u017ee upravljati s do 80 prijemnika i 8 vakuumskih jedinica. Inteligentni upravlja\u010dki sistem koji omogu\u0107uje programiranje i upravljanje sistemom dobave pomo\u0107u MASTER 300 prenosnog d\u017eepnog ra\u010dunara. Ure\u0111aj ima ekran osetljiv na dodir u boji \u0161to pojednostavljuje kori\u0161tenje.<\/p>\n<p>ONE WIRE 6 je adaptivni sistem dobave, patentirani samokalibriraju\u0107i sistem s ve\u0161ta\u010dkom inteligencijom koji mo\u017ee definisati i maksimizovati koli\u010dinu granulata za dobavu pomo\u0107u VIBE tehnologije. Bez programiranja \u2013 prilagodljiv je, prepoznaje i postavlja parametre dobave na potpuno automatiziran na\u010din.<\/p>\n<p>Glavne karakteristike:<\/p>\n<ul>\n<li>Dvozonska dobava<\/li>\n<li>Laka nadogradnja sistema<\/li>\n<\/ul>\n","protected":false},"featured_media":3977,"template":"","meta":[],"product_brand":[],"product_cat":[249,248,204],"product_tag":[],"class_list":{"0":"post-3976","1":"product","2":"type-product","3":"status-publish","4":"has-post-thumbnail","6":"product_cat-dobava-materijala-sr","7":"product_cat-moretto-sr","8":"product_cat-oprema-sr","10":"first","11":"instock","12":"shipping-taxable","13":"product-type-simple"},"yoast_head":"<!-- This site is optimized with the Yoast SEO plugin v27.4 - https:\/\/yoast.com\/product\/yoast-seo-wordpress\/ -->\n<title>ONE WIRE centralni sistemi za dobavu materijala - Nomis<\/title>\n<meta name=\"robots\" content=\"index, follow, max-snippet:-1, max-image-preview:large, max-video-preview:-1\" \/>\n<link rel=\"canonical\" href=\"https:\/\/nomis.hr\/sr\/produkt\/one-wire-centralni-sistemi-za-dobavu-materijala\/\" \/>\n<meta property=\"og:locale\" content=\"sr_RS\" \/>\n<meta property=\"og:type\" content=\"article\" \/>\n<meta property=\"og:title\" content=\"ONE WIRE centralni sistemi za dobavu materijala - Nomis\" \/>\n<meta property=\"og:description\" content=\"ONE WIRE 3 je centralizovana logika sistema koja je jednostavna za instalaciju (struktura s jednim kabelom), a mre\u017ena okosnica centralizovanog sistema je trenutno pro\u0161iriva. Jedan ONE WIRE poslu\u017eitelj mo\u017ee upravljati s do 80 prijemnika i 8 vakuumskih jedinica. Inteligentni upravlja\u010dki sistem koji omogu\u0107uje programiranje i upravljanje sistemom dobave pomo\u0107u MASTER 300 prenosnog d\u017eepnog ra\u010dunara. Ure\u0111aj ima ekran osetljiv na dodir u boji \u0161to pojednostavljuje kori\u0161tenje.  ONE WIRE 6 je adaptivni sistem dobave, patentirani samokalibriraju\u0107i sistem s ve\u0161ta\u010dkom inteligencijom koji mo\u017ee definisati i maksimizovati koli\u010dinu granulata za dobavu pomo\u0107u VIBE tehnologije. Bez programiranja \u2013 prilagodljiv je, prepoznaje i postavlja parametre dobave na potpuno automatiziran na\u010din.  Glavne karakteristike:   Dvozonska dobava  Laka nadogradnja sistema\" \/>\n<meta property=\"og:url\" content=\"https:\/\/nomis.hr\/sr\/produkt\/one-wire-centralni-sistemi-za-dobavu-materijala\/\" \/>\n<meta property=\"og:site_name\" content=\"Nomis\" \/>\n<meta property=\"og:image\" content=\"https:\/\/nomis.hr\/wp-content\/uploads\/2022\/05\/ONE-WIRE-centralni-sustavi-za-dobavu-materijala-1.jpg\" \/>\n\t<meta property=\"og:image:width\" content=\"1024\" \/>\n\t<meta property=\"og:image:height\" content=\"1024\" \/>\n\t<meta property=\"og:image:type\" content=\"image\/jpeg\" \/>\n<meta name=\"twitter:card\" content=\"summary_large_image\" \/>\n<script type=\"application\/ld+json\" class=\"yoast-schema-graph\">{\"@context\":\"https:\\\/\\\/schema.org\",\"@graph\":[{\"@type\":\"WebPage\",\"@id\":\"https:\\\/\\\/nomis.hr\\\/sr\\\/produkt\\\/one-wire-centralni-sistemi-za-dobavu-materijala\\\/\",\"url\":\"https:\\\/\\\/nomis.hr\\\/sr\\\/produkt\\\/one-wire-centralni-sistemi-za-dobavu-materijala\\\/\",\"name\":\"ONE WIRE centralni sistemi za dobavu materijala - Nomis\",\"isPartOf\":{\"@id\":\"https:\\\/\\\/nomis.hr\\\/#website\"},\"primaryImageOfPage\":{\"@id\":\"https:\\\/\\\/nomis.hr\\\/sr\\\/produkt\\\/one-wire-centralni-sistemi-za-dobavu-materijala\\\/#primaryimage\"},\"image\":{\"@id\":\"https:\\\/\\\/nomis.hr\\\/sr\\\/produkt\\\/one-wire-centralni-sistemi-za-dobavu-materijala\\\/#primaryimage\"},\"thumbnailUrl\":\"https:\\\/\\\/nomis.hr\\\/wp-content\\\/uploads\\\/2022\\\/05\\\/ONE-WIRE-centralni-sustavi-za-dobavu-materijala-1.jpg\",\"datePublished\":\"2022-05-04T18:23:41+00:00\",\"breadcrumb\":{\"@id\":\"https:\\\/\\\/nomis.hr\\\/sr\\\/produkt\\\/one-wire-centralni-sistemi-za-dobavu-materijala\\\/#breadcrumb\"},\"inLanguage\":\"sr-RS\",\"potentialAction\":[{\"@type\":\"ReadAction\",\"target\":[\"https:\\\/\\\/nomis.hr\\\/sr\\\/produkt\\\/one-wire-centralni-sistemi-za-dobavu-materijala\\\/\"]}]},{\"@type\":\"ImageObject\",\"inLanguage\":\"sr-RS\",\"@id\":\"https:\\\/\\\/nomis.hr\\\/sr\\\/produkt\\\/one-wire-centralni-sistemi-za-dobavu-materijala\\\/#primaryimage\",\"url\":\"https:\\\/\\\/nomis.hr\\\/wp-content\\\/uploads\\\/2022\\\/05\\\/ONE-WIRE-centralni-sustavi-za-dobavu-materijala-1.jpg\",\"contentUrl\":\"https:\\\/\\\/nomis.hr\\\/wp-content\\\/uploads\\\/2022\\\/05\\\/ONE-WIRE-centralni-sustavi-za-dobavu-materijala-1.jpg\",\"width\":1024,\"height\":1024},{\"@type\":\"BreadcrumbList\",\"@id\":\"https:\\\/\\\/nomis.hr\\\/sr\\\/produkt\\\/one-wire-centralni-sistemi-za-dobavu-materijala\\\/#breadcrumb\",\"itemListElement\":[{\"@type\":\"ListItem\",\"position\":1,\"name\":\"Home\",\"item\":\"https:\\\/\\\/nomis.hr\\\/sr\\\/\"},{\"@type\":\"ListItem\",\"position\":2,\"name\":\"Katalog proizvoda\",\"item\":\"https:\\\/\\\/nomis.hr\\\/sr\\\/katalog-proizvoda\\\/\"},{\"@type\":\"ListItem\",\"position\":3,\"name\":\"ONE WIRE centralni sistemi za dobavu materijala\"}]},{\"@type\":\"WebSite\",\"@id\":\"https:\\\/\\\/nomis.hr\\\/#website\",\"url\":\"https:\\\/\\\/nomis.hr\\\/\",\"name\":\"Nomis\",\"description\":\"Sve za preradu polimera i metala na jednom mjestu!\",\"publisher\":{\"@id\":\"https:\\\/\\\/nomis.hr\\\/#organization\"},\"potentialAction\":[{\"@type\":\"SearchAction\",\"target\":{\"@type\":\"EntryPoint\",\"urlTemplate\":\"https:\\\/\\\/nomis.hr\\\/?s={search_term_string}\"},\"query-input\":{\"@type\":\"PropertyValueSpecification\",\"valueRequired\":true,\"valueName\":\"search_term_string\"}}],\"inLanguage\":\"sr-RS\"},{\"@type\":\"Organization\",\"@id\":\"https:\\\/\\\/nomis.hr\\\/#organization\",\"name\":\"Nomis\",\"url\":\"https:\\\/\\\/nomis.hr\\\/\",\"logo\":{\"@type\":\"ImageObject\",\"inLanguage\":\"sr-RS\",\"@id\":\"https:\\\/\\\/nomis.hr\\\/#\\\/schema\\\/logo\\\/image\\\/\",\"url\":\"https:\\\/\\\/nomis.hr\\\/wp-content\\\/uploads\\\/2021\\\/03\\\/Nomis-logo-admin-login.png\",\"contentUrl\":\"https:\\\/\\\/nomis.hr\\\/wp-content\\\/uploads\\\/2021\\\/03\\\/Nomis-logo-admin-login.png\",\"width\":640,\"height\":163,\"caption\":\"Nomis\"},\"image\":{\"@id\":\"https:\\\/\\\/nomis.hr\\\/#\\\/schema\\\/logo\\\/image\\\/\"}}]}<\/script>\n<!-- \/ Yoast SEO plugin. -->","yoast_head_json":{"title":"ONE WIRE centralni sistemi za dobavu materijala - Nomis","robots":{"index":"index","follow":"follow","max-snippet":"max-snippet:-1","max-image-preview":"max-image-preview:large","max-video-preview":"max-video-preview:-1"},"canonical":"https:\/\/nomis.hr\/sr\/produkt\/one-wire-centralni-sistemi-za-dobavu-materijala\/","og_locale":"sr_RS","og_type":"article","og_title":"ONE WIRE centralni sistemi za dobavu materijala - Nomis","og_description":"ONE WIRE 3 je centralizovana logika sistema koja je jednostavna za instalaciju (struktura s jednim kabelom), a mre\u017ena okosnica centralizovanog sistema je trenutno pro\u0161iriva. Jedan ONE WIRE poslu\u017eitelj mo\u017ee upravljati s do 80 prijemnika i 8 vakuumskih jedinica. Inteligentni upravlja\u010dki sistem koji omogu\u0107uje programiranje i upravljanje sistemom dobave pomo\u0107u MASTER 300 prenosnog d\u017eepnog ra\u010dunara. Ure\u0111aj ima ekran osetljiv na dodir u boji \u0161to pojednostavljuje kori\u0161tenje.  ONE WIRE 6 je adaptivni sistem dobave, patentirani samokalibriraju\u0107i sistem s ve\u0161ta\u010dkom inteligencijom koji mo\u017ee definisati i maksimizovati koli\u010dinu granulata za dobavu pomo\u0107u VIBE tehnologije. Bez programiranja \u2013 prilagodljiv je, prepoznaje i postavlja parametre dobave na potpuno automatiziran na\u010din.  Glavne karakteristike:   Dvozonska dobava  Laka nadogradnja sistema","og_url":"https:\/\/nomis.hr\/sr\/produkt\/one-wire-centralni-sistemi-za-dobavu-materijala\/","og_site_name":"Nomis","og_image":[{"width":1024,"height":1024,"url":"https:\/\/nomis.hr\/wp-content\/uploads\/2022\/05\/ONE-WIRE-centralni-sustavi-za-dobavu-materijala-1.jpg","type":"image\/jpeg"}],"twitter_card":"summary_large_image","schema":{"@context":"https:\/\/schema.org","@graph":[{"@type":"WebPage","@id":"https:\/\/nomis.hr\/sr\/produkt\/one-wire-centralni-sistemi-za-dobavu-materijala\/","url":"https:\/\/nomis.hr\/sr\/produkt\/one-wire-centralni-sistemi-za-dobavu-materijala\/","name":"ONE WIRE centralni sistemi za dobavu materijala - Nomis","isPartOf":{"@id":"https:\/\/nomis.hr\/#website"},"primaryImageOfPage":{"@id":"https:\/\/nomis.hr\/sr\/produkt\/one-wire-centralni-sistemi-za-dobavu-materijala\/#primaryimage"},"image":{"@id":"https:\/\/nomis.hr\/sr\/produkt\/one-wire-centralni-sistemi-za-dobavu-materijala\/#primaryimage"},"thumbnailUrl":"https:\/\/nomis.hr\/wp-content\/uploads\/2022\/05\/ONE-WIRE-centralni-sustavi-za-dobavu-materijala-1.jpg","datePublished":"2022-05-04T18:23:41+00:00","breadcrumb":{"@id":"https:\/\/nomis.hr\/sr\/produkt\/one-wire-centralni-sistemi-za-dobavu-materijala\/#breadcrumb"},"inLanguage":"sr-RS","potentialAction":[{"@type":"ReadAction","target":["https:\/\/nomis.hr\/sr\/produkt\/one-wire-centralni-sistemi-za-dobavu-materijala\/"]}]},{"@type":"ImageObject","inLanguage":"sr-RS","@id":"https:\/\/nomis.hr\/sr\/produkt\/one-wire-centralni-sistemi-za-dobavu-materijala\/#primaryimage","url":"https:\/\/nomis.hr\/wp-content\/uploads\/2022\/05\/ONE-WIRE-centralni-sustavi-za-dobavu-materijala-1.jpg","contentUrl":"https:\/\/nomis.hr\/wp-content\/uploads\/2022\/05\/ONE-WIRE-centralni-sustavi-za-dobavu-materijala-1.jpg","width":1024,"height":1024},{"@type":"BreadcrumbList","@id":"https:\/\/nomis.hr\/sr\/produkt\/one-wire-centralni-sistemi-za-dobavu-materijala\/#breadcrumb","itemListElement":[{"@type":"ListItem","position":1,"name":"Home","item":"https:\/\/nomis.hr\/sr\/"},{"@type":"ListItem","position":2,"name":"Katalog proizvoda","item":"https:\/\/nomis.hr\/sr\/katalog-proizvoda\/"},{"@type":"ListItem","position":3,"name":"ONE WIRE centralni sistemi za dobavu materijala"}]},{"@type":"WebSite","@id":"https:\/\/nomis.hr\/#website","url":"https:\/\/nomis.hr\/","name":"Nomis","description":"Sve za preradu polimera i metala na jednom mjestu!","publisher":{"@id":"https:\/\/nomis.hr\/#organization"},"potentialAction":[{"@type":"SearchAction","target":{"@type":"EntryPoint","urlTemplate":"https:\/\/nomis.hr\/?s={search_term_string}"},"query-input":{"@type":"PropertyValueSpecification","valueRequired":true,"valueName":"search_term_string"}}],"inLanguage":"sr-RS"},{"@type":"Organization","@id":"https:\/\/nomis.hr\/#organization","name":"Nomis","url":"https:\/\/nomis.hr\/","logo":{"@type":"ImageObject","inLanguage":"sr-RS","@id":"https:\/\/nomis.hr\/#\/schema\/logo\/image\/","url":"https:\/\/nomis.hr\/wp-content\/uploads\/2021\/03\/Nomis-logo-admin-login.png","contentUrl":"https:\/\/nomis.hr\/wp-content\/uploads\/2021\/03\/Nomis-logo-admin-login.png","width":640,"height":163,"caption":"Nomis"},"image":{"@id":"https:\/\/nomis.hr\/#\/schema\/logo\/image\/"}}]}},"_links":{"self":[{"href":"https:\/\/nomis.hr\/sr\/wp-json\/wp\/v2\/product\/3976","targetHints":{"allow":["GET"]}}],"collection":[{"href":"https:\/\/nomis.hr\/sr\/wp-json\/wp\/v2\/product"}],"about":[{"href":"https:\/\/nomis.hr\/sr\/wp-json\/wp\/v2\/types\/product"}],"wp:featuredmedia":[{"embeddable":true,"href":"https:\/\/nomis.hr\/sr\/wp-json\/wp\/v2\/media\/3977"}],"wp:attachment":[{"href":"https:\/\/nomis.hr\/sr\/wp-json\/wp\/v2\/media?parent=3976"}],"wp:term":[{"taxonomy":"product_brand","embeddable":true,"href":"https:\/\/nomis.hr\/sr\/wp-json\/wp\/v2\/product_brand?post=3976"},{"taxonomy":"product_cat","embeddable":true,"href":"https:\/\/nomis.hr\/sr\/wp-json\/wp\/v2\/product_cat?post=3976"},{"taxonomy":"product_tag","embeddable":true,"href":"https:\/\/nomis.hr\/sr\/wp-json\/wp\/v2\/product_tag?post=3976"}],"curies":[{"name":"wp","href":"https:\/\/api.w.org\/{rel}","templated":true}]}}