{"id":3982,"date":"2021-04-11T12:16:55","date_gmt":"2021-04-11T10:16:55","guid":{"rendered":"https:\/\/nomis.hr\/product\/trofazni-dobavljaci\/"},"modified":"2021-04-11T12:16:55","modified_gmt":"2021-04-11T10:16:55","slug":"trofazni-dobavljaci","status":"publish","type":"product","link":"https:\/\/nomis.hr\/sr\/produkt\/trofazni-dobavljaci\/","title":{"rendered":"Trofazni dobavlja\u010di"},"content":{"rendered":"","protected":false},"excerpt":{"rendered":"<p>KASKO serija visokou\u010dinskih prijemnika mo\u017ee se kombinovati s usisnim jedinicama razli\u010ditih veli\u010dina za dobavu granulata u centraliziranim sistemima. Pouzdani su zbog konstrukcije od ner\u0111aju\u0107eg \u010delika, automatskog \u010di\u0161\u0107enja filtera i visokou\u010dinskog sistema za pra\u017enjenje. Spojeni s EXA i ONE WIRE sistemima posti\u017eu savr\u0161enstvo u transportnim sistemima.<\/p>\n<p>KASKO LARGE serija pogodna je za dobavu ve\u0107e koli\u010dine materijala i obradu listi\u0107a, ljuskica i regranulata. Ve\u0107a klapna ventila za pra\u017enjenje prazni prijemnik u samo tri sekunde pove\u0107avaju\u0107i protok za 30%. Ciklonska geometrija pobolj\u0161ava kapacitet dobave kroz efekt vrtloga. Dostupni su specifi\u010dni modeli za talk i pra\u0161ak.<\/p>\n<p>Glavne karakteristike:<\/p>\n<ul>\n<li>Pove\u0107ani protok +30%<\/li>\n<li>LED svetlo<\/li>\n<li>Sistem potpomognutog otvaranja za potpunu sigurnost<\/li>\n<li>Konstrukcija od ner\u0111aju\u0107eg \u010delika<\/li>\n<\/ul>\n","protected":false},"featured_media":3983,"template":"","meta":[],"product_brand":[],"product_cat":[249,248,204],"product_tag":[],"class_list":{"0":"post-3982","1":"product","2":"type-product","3":"status-publish","4":"has-post-thumbnail","6":"product_cat-dobava-materijala-sr","7":"product_cat-moretto-sr","8":"product_cat-oprema-sr","10":"first","11":"instock","12":"shipping-taxable","13":"product-type-simple"},"yoast_head":"<!-- This site is optimized with the Yoast SEO plugin v27.4 - https:\/\/yoast.com\/product\/yoast-seo-wordpress\/ -->\n<title>Trofazni dobavlja\u010di - Nomis<\/title>\n<meta name=\"robots\" content=\"index, follow, max-snippet:-1, max-image-preview:large, max-video-preview:-1\" \/>\n<link rel=\"canonical\" href=\"https:\/\/nomis.hr\/sr\/produkt\/trofazni-dobavljaci\/\" \/>\n<meta property=\"og:locale\" content=\"sr_RS\" \/>\n<meta property=\"og:type\" content=\"article\" \/>\n<meta property=\"og:title\" content=\"Trofazni dobavlja\u010di - Nomis\" \/>\n<meta property=\"og:description\" content=\"KASKO serija visokou\u010dinskih prijemnika mo\u017ee se kombinovati s usisnim jedinicama razli\u010ditih veli\u010dina za dobavu granulata u centraliziranim sistemima. Pouzdani su zbog konstrukcije od ner\u0111aju\u0107eg \u010delika, automatskog \u010di\u0161\u0107enja filtera i visokou\u010dinskog sistema za pra\u017enjenje. Spojeni s EXA i ONE WIRE sistemima posti\u017eu savr\u0161enstvo u transportnim sistemima.  KASKO LARGE serija pogodna je za dobavu ve\u0107e koli\u010dine materijala i obradu listi\u0107a, ljuskica i regranulata. Ve\u0107a klapna ventila za pra\u017enjenje prazni prijemnik u samo tri sekunde pove\u0107avaju\u0107i protok za 30%. Ciklonska geometrija pobolj\u0161ava kapacitet dobave kroz efekt vrtloga. Dostupni su specifi\u010dni modeli za talk i pra\u0161ak.  Glavne karakteristike:   Pove\u0107ani protok +30%  LED svetlo  Sistem potpomognutog otvaranja za potpunu sigurnost  Konstrukcija od ner\u0111aju\u0107eg \u010delika\" \/>\n<meta property=\"og:url\" content=\"https:\/\/nomis.hr\/sr\/produkt\/trofazni-dobavljaci\/\" \/>\n<meta property=\"og:site_name\" content=\"Nomis\" \/>\n<meta property=\"og:image\" content=\"https:\/\/nomis.hr\/wp-content\/uploads\/2021\/04\/Trofazni-dobavljac\u030ci.jpg\" \/>\n\t<meta property=\"og:image:width\" content=\"1024\" \/>\n\t<meta property=\"og:image:height\" content=\"1024\" \/>\n\t<meta property=\"og:image:type\" content=\"image\/jpeg\" \/>\n<meta name=\"twitter:card\" content=\"summary_large_image\" \/>\n<script type=\"application\/ld+json\" class=\"yoast-schema-graph\">{\"@context\":\"https:\\\/\\\/schema.org\",\"@graph\":[{\"@type\":\"WebPage\",\"@id\":\"https:\\\/\\\/nomis.hr\\\/sr\\\/produkt\\\/trofazni-dobavljaci\\\/\",\"url\":\"https:\\\/\\\/nomis.hr\\\/sr\\\/produkt\\\/trofazni-dobavljaci\\\/\",\"name\":\"Trofazni dobavlja\u010di - Nomis\",\"isPartOf\":{\"@id\":\"https:\\\/\\\/nomis.hr\\\/#website\"},\"primaryImageOfPage\":{\"@id\":\"https:\\\/\\\/nomis.hr\\\/sr\\\/produkt\\\/trofazni-dobavljaci\\\/#primaryimage\"},\"image\":{\"@id\":\"https:\\\/\\\/nomis.hr\\\/sr\\\/produkt\\\/trofazni-dobavljaci\\\/#primaryimage\"},\"thumbnailUrl\":\"https:\\\/\\\/nomis.hr\\\/wp-content\\\/uploads\\\/2021\\\/04\\\/Trofazni-dobavljac\u030ci.jpg\",\"datePublished\":\"2021-04-11T10:16:55+00:00\",\"breadcrumb\":{\"@id\":\"https:\\\/\\\/nomis.hr\\\/sr\\\/produkt\\\/trofazni-dobavljaci\\\/#breadcrumb\"},\"inLanguage\":\"sr-RS\",\"potentialAction\":[{\"@type\":\"ReadAction\",\"target\":[\"https:\\\/\\\/nomis.hr\\\/sr\\\/produkt\\\/trofazni-dobavljaci\\\/\"]}]},{\"@type\":\"ImageObject\",\"inLanguage\":\"sr-RS\",\"@id\":\"https:\\\/\\\/nomis.hr\\\/sr\\\/produkt\\\/trofazni-dobavljaci\\\/#primaryimage\",\"url\":\"https:\\\/\\\/nomis.hr\\\/wp-content\\\/uploads\\\/2021\\\/04\\\/Trofazni-dobavljac\u030ci.jpg\",\"contentUrl\":\"https:\\\/\\\/nomis.hr\\\/wp-content\\\/uploads\\\/2021\\\/04\\\/Trofazni-dobavljac\u030ci.jpg\",\"width\":1024,\"height\":1024},{\"@type\":\"BreadcrumbList\",\"@id\":\"https:\\\/\\\/nomis.hr\\\/sr\\\/produkt\\\/trofazni-dobavljaci\\\/#breadcrumb\",\"itemListElement\":[{\"@type\":\"ListItem\",\"position\":1,\"name\":\"Home\",\"item\":\"https:\\\/\\\/nomis.hr\\\/sr\\\/\"},{\"@type\":\"ListItem\",\"position\":2,\"name\":\"Katalog proizvoda\",\"item\":\"https:\\\/\\\/nomis.hr\\\/sr\\\/katalog-proizvoda\\\/\"},{\"@type\":\"ListItem\",\"position\":3,\"name\":\"Trofazni dobavlja\u010di\"}]},{\"@type\":\"WebSite\",\"@id\":\"https:\\\/\\\/nomis.hr\\\/#website\",\"url\":\"https:\\\/\\\/nomis.hr\\\/\",\"name\":\"Nomis\",\"description\":\"Sve za preradu polimera i metala na jednom mjestu!\",\"publisher\":{\"@id\":\"https:\\\/\\\/nomis.hr\\\/#organization\"},\"potentialAction\":[{\"@type\":\"SearchAction\",\"target\":{\"@type\":\"EntryPoint\",\"urlTemplate\":\"https:\\\/\\\/nomis.hr\\\/?s={search_term_string}\"},\"query-input\":{\"@type\":\"PropertyValueSpecification\",\"valueRequired\":true,\"valueName\":\"search_term_string\"}}],\"inLanguage\":\"sr-RS\"},{\"@type\":\"Organization\",\"@id\":\"https:\\\/\\\/nomis.hr\\\/#organization\",\"name\":\"Nomis\",\"url\":\"https:\\\/\\\/nomis.hr\\\/\",\"logo\":{\"@type\":\"ImageObject\",\"inLanguage\":\"sr-RS\",\"@id\":\"https:\\\/\\\/nomis.hr\\\/#\\\/schema\\\/logo\\\/image\\\/\",\"url\":\"https:\\\/\\\/nomis.hr\\\/wp-content\\\/uploads\\\/2021\\\/03\\\/Nomis-logo-admin-login.png\",\"contentUrl\":\"https:\\\/\\\/nomis.hr\\\/wp-content\\\/uploads\\\/2021\\\/03\\\/Nomis-logo-admin-login.png\",\"width\":640,\"height\":163,\"caption\":\"Nomis\"},\"image\":{\"@id\":\"https:\\\/\\\/nomis.hr\\\/#\\\/schema\\\/logo\\\/image\\\/\"}}]}<\/script>\n<!-- \/ Yoast SEO plugin. -->","yoast_head_json":{"title":"Trofazni dobavlja\u010di - Nomis","robots":{"index":"index","follow":"follow","max-snippet":"max-snippet:-1","max-image-preview":"max-image-preview:large","max-video-preview":"max-video-preview:-1"},"canonical":"https:\/\/nomis.hr\/sr\/produkt\/trofazni-dobavljaci\/","og_locale":"sr_RS","og_type":"article","og_title":"Trofazni dobavlja\u010di - Nomis","og_description":"KASKO serija visokou\u010dinskih prijemnika mo\u017ee se kombinovati s usisnim jedinicama razli\u010ditih veli\u010dina za dobavu granulata u centraliziranim sistemima. Pouzdani su zbog konstrukcije od ner\u0111aju\u0107eg \u010delika, automatskog \u010di\u0161\u0107enja filtera i visokou\u010dinskog sistema za pra\u017enjenje. Spojeni s EXA i ONE WIRE sistemima posti\u017eu savr\u0161enstvo u transportnim sistemima.  KASKO LARGE serija pogodna je za dobavu ve\u0107e koli\u010dine materijala i obradu listi\u0107a, ljuskica i regranulata. Ve\u0107a klapna ventila za pra\u017enjenje prazni prijemnik u samo tri sekunde pove\u0107avaju\u0107i protok za 30%. Ciklonska geometrija pobolj\u0161ava kapacitet dobave kroz efekt vrtloga. Dostupni su specifi\u010dni modeli za talk i pra\u0161ak.  Glavne karakteristike:   Pove\u0107ani protok +30%  LED svetlo  Sistem potpomognutog otvaranja za potpunu sigurnost  Konstrukcija od ner\u0111aju\u0107eg \u010delika","og_url":"https:\/\/nomis.hr\/sr\/produkt\/trofazni-dobavljaci\/","og_site_name":"Nomis","og_image":[{"width":1024,"height":1024,"url":"https:\/\/nomis.hr\/wp-content\/uploads\/2021\/04\/Trofazni-dobavljac\u030ci.jpg","type":"image\/jpeg"}],"twitter_card":"summary_large_image","schema":{"@context":"https:\/\/schema.org","@graph":[{"@type":"WebPage","@id":"https:\/\/nomis.hr\/sr\/produkt\/trofazni-dobavljaci\/","url":"https:\/\/nomis.hr\/sr\/produkt\/trofazni-dobavljaci\/","name":"Trofazni dobavlja\u010di - Nomis","isPartOf":{"@id":"https:\/\/nomis.hr\/#website"},"primaryImageOfPage":{"@id":"https:\/\/nomis.hr\/sr\/produkt\/trofazni-dobavljaci\/#primaryimage"},"image":{"@id":"https:\/\/nomis.hr\/sr\/produkt\/trofazni-dobavljaci\/#primaryimage"},"thumbnailUrl":"https:\/\/nomis.hr\/wp-content\/uploads\/2021\/04\/Trofazni-dobavljac\u030ci.jpg","datePublished":"2021-04-11T10:16:55+00:00","breadcrumb":{"@id":"https:\/\/nomis.hr\/sr\/produkt\/trofazni-dobavljaci\/#breadcrumb"},"inLanguage":"sr-RS","potentialAction":[{"@type":"ReadAction","target":["https:\/\/nomis.hr\/sr\/produkt\/trofazni-dobavljaci\/"]}]},{"@type":"ImageObject","inLanguage":"sr-RS","@id":"https:\/\/nomis.hr\/sr\/produkt\/trofazni-dobavljaci\/#primaryimage","url":"https:\/\/nomis.hr\/wp-content\/uploads\/2021\/04\/Trofazni-dobavljac\u030ci.jpg","contentUrl":"https:\/\/nomis.hr\/wp-content\/uploads\/2021\/04\/Trofazni-dobavljac\u030ci.jpg","width":1024,"height":1024},{"@type":"BreadcrumbList","@id":"https:\/\/nomis.hr\/sr\/produkt\/trofazni-dobavljaci\/#breadcrumb","itemListElement":[{"@type":"ListItem","position":1,"name":"Home","item":"https:\/\/nomis.hr\/sr\/"},{"@type":"ListItem","position":2,"name":"Katalog proizvoda","item":"https:\/\/nomis.hr\/sr\/katalog-proizvoda\/"},{"@type":"ListItem","position":3,"name":"Trofazni dobavlja\u010di"}]},{"@type":"WebSite","@id":"https:\/\/nomis.hr\/#website","url":"https:\/\/nomis.hr\/","name":"Nomis","description":"Sve za preradu polimera i metala na jednom mjestu!","publisher":{"@id":"https:\/\/nomis.hr\/#organization"},"potentialAction":[{"@type":"SearchAction","target":{"@type":"EntryPoint","urlTemplate":"https:\/\/nomis.hr\/?s={search_term_string}"},"query-input":{"@type":"PropertyValueSpecification","valueRequired":true,"valueName":"search_term_string"}}],"inLanguage":"sr-RS"},{"@type":"Organization","@id":"https:\/\/nomis.hr\/#organization","name":"Nomis","url":"https:\/\/nomis.hr\/","logo":{"@type":"ImageObject","inLanguage":"sr-RS","@id":"https:\/\/nomis.hr\/#\/schema\/logo\/image\/","url":"https:\/\/nomis.hr\/wp-content\/uploads\/2021\/03\/Nomis-logo-admin-login.png","contentUrl":"https:\/\/nomis.hr\/wp-content\/uploads\/2021\/03\/Nomis-logo-admin-login.png","width":640,"height":163,"caption":"Nomis"},"image":{"@id":"https:\/\/nomis.hr\/#\/schema\/logo\/image\/"}}]}},"_links":{"self":[{"href":"https:\/\/nomis.hr\/sr\/wp-json\/wp\/v2\/product\/3982","targetHints":{"allow":["GET"]}}],"collection":[{"href":"https:\/\/nomis.hr\/sr\/wp-json\/wp\/v2\/product"}],"about":[{"href":"https:\/\/nomis.hr\/sr\/wp-json\/wp\/v2\/types\/product"}],"wp:featuredmedia":[{"embeddable":true,"href":"https:\/\/nomis.hr\/sr\/wp-json\/wp\/v2\/media\/3983"}],"wp:attachment":[{"href":"https:\/\/nomis.hr\/sr\/wp-json\/wp\/v2\/media?parent=3982"}],"wp:term":[{"taxonomy":"product_brand","embeddable":true,"href":"https:\/\/nomis.hr\/sr\/wp-json\/wp\/v2\/product_brand?post=3982"},{"taxonomy":"product_cat","embeddable":true,"href":"https:\/\/nomis.hr\/sr\/wp-json\/wp\/v2\/product_cat?post=3982"},{"taxonomy":"product_tag","embeddable":true,"href":"https:\/\/nomis.hr\/sr\/wp-json\/wp\/v2\/product_tag?post=3982"}],"curies":[{"name":"wp","href":"https:\/\/api.w.org\/{rel}","templated":true}]}}