{"id":3991,"date":"2022-05-07T14:29:18","date_gmt":"2022-05-07T12:29:18","guid":{"rendered":"https:\/\/nomis.hr\/product\/dvm-h-volumetrijski-dozatori\/"},"modified":"2022-05-07T14:29:18","modified_gmt":"2022-05-07T12:29:18","slug":"dvm-h-volumetrijski-dozatori","status":"publish","type":"product","link":"https:\/\/nomis.hr\/sr\/produkt\/dvm-h-volumetrijski-dozatori\/","title":{"rendered":"DVM H volumetrijski dozatori"},"content":{"rendered":"","protected":false},"excerpt":{"rendered":"<p>DVM H volumetrijski dozator dizajniran za doziranje aditiva ili masterbatch-a u obliku granulata visoke temperature. Mo\u017ee se kombinovati sa X DRY AIR su\u0161arom za obradu masterbatch-a do 180\u00b0C.\u00a0 Za rad nije potrebna rashladna voda, ure\u0111aj je od napravljen od ner\u0111aju\u0107eg \u010delika, a jedinica za doziranje je od atoksi\u010dnih materijala. Ure\u0111aj se mo\u017ee lako pregledati kao i zameniti vijak, zahvaljuju\u0107i brzom otvaranju jedinice za doziranje. Dostupni su razli\u010diti promeri vijka.<\/p>\n<p>Glavne karakteristike:<\/p>\n<ul>\n<li>Jednostavno izravno postavljanje postotka<\/li>\n<li>Podizni pu\u017eni vijak protiv rasipanja granulata usled vibracija<\/li>\n<li>Memorija za 100 recepata<\/li>\n<\/ul>\n","protected":false},"featured_media":3992,"template":"","meta":[],"product_cat":[204,248,252],"product_tag":[],"yoast_head":"<!-- This site is optimized with the Yoast SEO plugin v21.3 - https:\/\/yoast.com\/wordpress\/plugins\/seo\/ -->\n<title>DVM H volumetrijski dozatori - Nomis<\/title>\n<meta name=\"robots\" content=\"index, follow, max-snippet:-1, max-image-preview:large, max-video-preview:-1\" \/>\n<link rel=\"canonical\" href=\"https:\/\/nomis.hr\/sr\/produkt\/dvm-h-volumetrijski-dozatori\/\" \/>\n<meta property=\"og:locale\" content=\"sr_RS\" \/>\n<meta property=\"og:type\" content=\"article\" \/>\n<meta property=\"og:title\" content=\"DVM H volumetrijski dozatori - Nomis\" \/>\n<meta property=\"og:description\" content=\"DVM H volumetrijski dozator dizajniran za doziranje aditiva ili masterbatch-a u obliku granulata visoke temperature. Mo\u017ee se kombinovati sa X DRY AIR su\u0161arom za obradu masterbatch-a do 180\u00b0C.\u00a0 Za rad nije potrebna rashladna voda, ure\u0111aj je od napravljen od ner\u0111aju\u0107eg \u010delika, a jedinica za doziranje je od atoksi\u010dnih materijala. Ure\u0111aj se mo\u017ee lako pregledati kao i zameniti vijak, zahvaljuju\u0107i brzom otvaranju jedinice za doziranje. Dostupni su razli\u010diti promeri vijka.  Glavne karakteristike:   Jednostavno izravno postavljanje postotka  Podizni pu\u017eni vijak protiv rasipanja granulata usled vibracija  Memorija za 100 recepata\" \/>\n<meta property=\"og:url\" content=\"https:\/\/nomis.hr\/sr\/produkt\/dvm-h-volumetrijski-dozatori\/\" \/>\n<meta property=\"og:site_name\" content=\"Nomis\" \/>\n<meta property=\"og:image\" content=\"https:\/\/nomis.hr\/wp-content\/uploads\/2022\/05\/DVM-H-volumetrijski-dozatori.jpg\" \/>\n\t<meta property=\"og:image:width\" content=\"1024\" \/>\n\t<meta property=\"og:image:height\" content=\"1024\" \/>\n\t<meta property=\"og:image:type\" content=\"image\/jpeg\" \/>\n<meta name=\"twitter:card\" content=\"summary_large_image\" \/>\n<script type=\"application\/ld+json\" class=\"yoast-schema-graph\">{\"@context\":\"https:\/\/schema.org\",\"@graph\":[{\"@type\":\"WebPage\",\"@id\":\"https:\/\/nomis.hr\/sr\/produkt\/dvm-h-volumetrijski-dozatori\/\",\"url\":\"https:\/\/nomis.hr\/sr\/produkt\/dvm-h-volumetrijski-dozatori\/\",\"name\":\"DVM H volumetrijski dozatori - Nomis\",\"isPartOf\":{\"@id\":\"https:\/\/nomis.hr\/#website\"},\"datePublished\":\"2022-05-07T12:29:18+00:00\",\"dateModified\":\"2022-05-07T12:29:18+00:00\",\"breadcrumb\":{\"@id\":\"https:\/\/nomis.hr\/sr\/produkt\/dvm-h-volumetrijski-dozatori\/#breadcrumb\"},\"inLanguage\":\"sr-RS\",\"potentialAction\":[{\"@type\":\"ReadAction\",\"target\":[\"https:\/\/nomis.hr\/sr\/produkt\/dvm-h-volumetrijski-dozatori\/\"]}]},{\"@type\":\"BreadcrumbList\",\"@id\":\"https:\/\/nomis.hr\/sr\/produkt\/dvm-h-volumetrijski-dozatori\/#breadcrumb\",\"itemListElement\":[{\"@type\":\"ListItem\",\"position\":1,\"name\":\"Home\",\"item\":\"https:\/\/nomis.hr\/sr\/\"},{\"@type\":\"ListItem\",\"position\":2,\"name\":\"Katalog proizvoda\",\"item\":\"https:\/\/nomis.hr\/sr\/katalog-proizvoda\/\"},{\"@type\":\"ListItem\",\"position\":3,\"name\":\"DVM H volumetrijski dozatori\"}]},{\"@type\":\"WebSite\",\"@id\":\"https:\/\/nomis.hr\/#website\",\"url\":\"https:\/\/nomis.hr\/\",\"name\":\"Nomis\",\"description\":\"Sve za preradu polimera i metala na jednom mjestu!\",\"publisher\":{\"@id\":\"https:\/\/nomis.hr\/#organization\"},\"potentialAction\":[{\"@type\":\"SearchAction\",\"target\":{\"@type\":\"EntryPoint\",\"urlTemplate\":\"https:\/\/nomis.hr\/?s={search_term_string}\"},\"query-input\":\"required name=search_term_string\"}],\"inLanguage\":\"sr-RS\"},{\"@type\":\"Organization\",\"@id\":\"https:\/\/nomis.hr\/#organization\",\"name\":\"Nomis\",\"url\":\"https:\/\/nomis.hr\/\",\"logo\":{\"@type\":\"ImageObject\",\"inLanguage\":\"sr-RS\",\"@id\":\"https:\/\/nomis.hr\/#\/schema\/logo\/image\/\",\"url\":\"https:\/\/nomis.hr\/wp-content\/uploads\/2021\/03\/Nomis-logo-admin-login.png\",\"contentUrl\":\"https:\/\/nomis.hr\/wp-content\/uploads\/2021\/03\/Nomis-logo-admin-login.png\",\"width\":640,\"height\":163,\"caption\":\"Nomis\"},\"image\":{\"@id\":\"https:\/\/nomis.hr\/#\/schema\/logo\/image\/\"}}]}<\/script>\n<!-- \/ Yoast SEO plugin. -->","yoast_head_json":{"title":"DVM H volumetrijski dozatori - Nomis","robots":{"index":"index","follow":"follow","max-snippet":"max-snippet:-1","max-image-preview":"max-image-preview:large","max-video-preview":"max-video-preview:-1"},"canonical":"https:\/\/nomis.hr\/sr\/produkt\/dvm-h-volumetrijski-dozatori\/","og_locale":"sr_RS","og_type":"article","og_title":"DVM H volumetrijski dozatori - Nomis","og_description":"DVM H volumetrijski dozator dizajniran za doziranje aditiva ili masterbatch-a u obliku granulata visoke temperature. Mo\u017ee se kombinovati sa X DRY AIR su\u0161arom za obradu masterbatch-a do 180\u00b0C.\u00a0 Za rad nije potrebna rashladna voda, ure\u0111aj je od napravljen od ner\u0111aju\u0107eg \u010delika, a jedinica za doziranje je od atoksi\u010dnih materijala. Ure\u0111aj se mo\u017ee lako pregledati kao i zameniti vijak, zahvaljuju\u0107i brzom otvaranju jedinice za doziranje. Dostupni su razli\u010diti promeri vijka.  Glavne karakteristike:   Jednostavno izravno postavljanje postotka  Podizni pu\u017eni vijak protiv rasipanja granulata usled vibracija  Memorija za 100 recepata","og_url":"https:\/\/nomis.hr\/sr\/produkt\/dvm-h-volumetrijski-dozatori\/","og_site_name":"Nomis","og_image":[{"width":1024,"height":1024,"url":"https:\/\/nomis.hr\/wp-content\/uploads\/2022\/05\/DVM-H-volumetrijski-dozatori.jpg","type":"image\/jpeg"}],"twitter_card":"summary_large_image","schema":{"@context":"https:\/\/schema.org","@graph":[{"@type":"WebPage","@id":"https:\/\/nomis.hr\/sr\/produkt\/dvm-h-volumetrijski-dozatori\/","url":"https:\/\/nomis.hr\/sr\/produkt\/dvm-h-volumetrijski-dozatori\/","name":"DVM H volumetrijski dozatori - Nomis","isPartOf":{"@id":"https:\/\/nomis.hr\/#website"},"datePublished":"2022-05-07T12:29:18+00:00","dateModified":"2022-05-07T12:29:18+00:00","breadcrumb":{"@id":"https:\/\/nomis.hr\/sr\/produkt\/dvm-h-volumetrijski-dozatori\/#breadcrumb"},"inLanguage":"sr-RS","potentialAction":[{"@type":"ReadAction","target":["https:\/\/nomis.hr\/sr\/produkt\/dvm-h-volumetrijski-dozatori\/"]}]},{"@type":"BreadcrumbList","@id":"https:\/\/nomis.hr\/sr\/produkt\/dvm-h-volumetrijski-dozatori\/#breadcrumb","itemListElement":[{"@type":"ListItem","position":1,"name":"Home","item":"https:\/\/nomis.hr\/sr\/"},{"@type":"ListItem","position":2,"name":"Katalog proizvoda","item":"https:\/\/nomis.hr\/sr\/katalog-proizvoda\/"},{"@type":"ListItem","position":3,"name":"DVM H volumetrijski dozatori"}]},{"@type":"WebSite","@id":"https:\/\/nomis.hr\/#website","url":"https:\/\/nomis.hr\/","name":"Nomis","description":"Sve za preradu polimera i metala na jednom mjestu!","publisher":{"@id":"https:\/\/nomis.hr\/#organization"},"potentialAction":[{"@type":"SearchAction","target":{"@type":"EntryPoint","urlTemplate":"https:\/\/nomis.hr\/?s={search_term_string}"},"query-input":"required name=search_term_string"}],"inLanguage":"sr-RS"},{"@type":"Organization","@id":"https:\/\/nomis.hr\/#organization","name":"Nomis","url":"https:\/\/nomis.hr\/","logo":{"@type":"ImageObject","inLanguage":"sr-RS","@id":"https:\/\/nomis.hr\/#\/schema\/logo\/image\/","url":"https:\/\/nomis.hr\/wp-content\/uploads\/2021\/03\/Nomis-logo-admin-login.png","contentUrl":"https:\/\/nomis.hr\/wp-content\/uploads\/2021\/03\/Nomis-logo-admin-login.png","width":640,"height":163,"caption":"Nomis"},"image":{"@id":"https:\/\/nomis.hr\/#\/schema\/logo\/image\/"}}]}},"_links":{"self":[{"href":"https:\/\/nomis.hr\/sr\/wp-json\/wp\/v2\/product\/3991"}],"collection":[{"href":"https:\/\/nomis.hr\/sr\/wp-json\/wp\/v2\/product"}],"about":[{"href":"https:\/\/nomis.hr\/sr\/wp-json\/wp\/v2\/types\/product"}],"wp:featuredmedia":[{"embeddable":true,"href":"https:\/\/nomis.hr\/sr\/wp-json\/wp\/v2\/media\/3992"}],"wp:attachment":[{"href":"https:\/\/nomis.hr\/sr\/wp-json\/wp\/v2\/media?parent=3991"}],"wp:term":[{"taxonomy":"product_cat","embeddable":true,"href":"https:\/\/nomis.hr\/sr\/wp-json\/wp\/v2\/product_cat?post=3991"},{"taxonomy":"product_tag","embeddable":true,"href":"https:\/\/nomis.hr\/sr\/wp-json\/wp\/v2\/product_tag?post=3991"}],"curies":[{"name":"wp","href":"https:\/\/api.w.org\/{rel}","templated":true}]}}