{"id":4061,"date":"2022-05-04T20:56:02","date_gmt":"2022-05-04T18:56:02","guid":{"rendered":"https:\/\/nomis.hr\/product\/dpm-serija-mikro-dozatora\/"},"modified":"2022-05-04T20:56:02","modified_gmt":"2022-05-04T18:56:02","slug":"dpm-serija-mikro-dozatora","status":"publish","type":"product","link":"https:\/\/nomis.hr\/sr\/produkt\/dpm-serija-mikro-dozatora\/","title":{"rendered":"DPM serija mikro-dozatora"},"content":{"rendered":"","protected":false},"excerpt":{"rendered":"<p>DPM seriju mikro-dozatora \u010dine precizni ure\u0111aji za jednokomponentne ili vi\u0161ekomponentne aplikacije do \u010detiri spremnika. Ovi kompaktni ure\u0111aji posebno su namenjeni za doziranje Masterbatch-a u polimerne materijale. Pulsiraju\u0107e doziranje ne uzrokuje vibracije, a me\u0161a\u010d nije potreban zahvaljuju\u0107i savremenom doziranju. Spremnici se mogu ukloniti i zameniti kako bi se izbeglo \u010di\u0161\u0107enje te ubrzao proizvodni proces.<\/p>\n<p>DPM mikro-dozatori mogu se instalirati i kao normalni dozatori te koristiti za recikliranje regranulata.<\/p>\n<p>Glavne karakteristike:<\/p>\n<ul>\n<li>Jednostavno postavljanje postotaka<\/li>\n<li>Memorija za 100 recepata<\/li>\n<li>Precizni ROTOPULSE sistem mikro-doziranja<\/li>\n<\/ul>\n","protected":false},"featured_media":4062,"template":"","meta":[],"product_cat":[204,248,252],"product_tag":[],"yoast_head":"<!-- This site is optimized with the Yoast SEO plugin v21.3 - https:\/\/yoast.com\/wordpress\/plugins\/seo\/ -->\n<title>DPM serija mikro-dozatora - Nomis<\/title>\n<meta name=\"robots\" content=\"index, follow, max-snippet:-1, max-image-preview:large, max-video-preview:-1\" \/>\n<link rel=\"canonical\" href=\"https:\/\/nomis.hr\/sr\/produkt\/dpm-serija-mikro-dozatora\/\" \/>\n<meta property=\"og:locale\" content=\"sr_RS\" \/>\n<meta property=\"og:type\" content=\"article\" \/>\n<meta property=\"og:title\" content=\"DPM serija mikro-dozatora - Nomis\" \/>\n<meta property=\"og:description\" content=\"DPM seriju mikro-dozatora \u010dine precizni ure\u0111aji za jednokomponentne ili vi\u0161ekomponentne aplikacije do \u010detiri spremnika. Ovi kompaktni ure\u0111aji posebno su namenjeni za doziranje Masterbatch-a u polimerne materijale. Pulsiraju\u0107e doziranje ne uzrokuje vibracije, a me\u0161a\u010d nije potreban zahvaljuju\u0107i savremenom doziranju. Spremnici se mogu ukloniti i zameniti kako bi se izbeglo \u010di\u0161\u0107enje te ubrzao proizvodni proces.  DPM mikro-dozatori mogu se instalirati i kao normalni dozatori te koristiti za recikliranje regranulata.  Glavne karakteristike:   Jednostavno postavljanje postotaka  Memorija za 100 recepata  Precizni ROTOPULSE sistem mikro-doziranja\" \/>\n<meta property=\"og:url\" content=\"https:\/\/nomis.hr\/sr\/produkt\/dpm-serija-mikro-dozatora\/\" \/>\n<meta property=\"og:site_name\" content=\"Nomis\" \/>\n<meta property=\"og:image\" content=\"https:\/\/nomis.hr\/wp-content\/uploads\/2022\/05\/DPM-serija-mikro-dozatora.jpg\" \/>\n\t<meta property=\"og:image:width\" content=\"1024\" \/>\n\t<meta property=\"og:image:height\" content=\"1024\" \/>\n\t<meta property=\"og:image:type\" content=\"image\/jpeg\" \/>\n<meta name=\"twitter:card\" content=\"summary_large_image\" \/>\n<script type=\"application\/ld+json\" class=\"yoast-schema-graph\">{\"@context\":\"https:\/\/schema.org\",\"@graph\":[{\"@type\":\"WebPage\",\"@id\":\"https:\/\/nomis.hr\/sr\/produkt\/dpm-serija-mikro-dozatora\/\",\"url\":\"https:\/\/nomis.hr\/sr\/produkt\/dpm-serija-mikro-dozatora\/\",\"name\":\"DPM serija mikro-dozatora - Nomis\",\"isPartOf\":{\"@id\":\"https:\/\/nomis.hr\/#website\"},\"datePublished\":\"2022-05-04T18:56:02+00:00\",\"dateModified\":\"2022-05-04T18:56:02+00:00\",\"breadcrumb\":{\"@id\":\"https:\/\/nomis.hr\/sr\/produkt\/dpm-serija-mikro-dozatora\/#breadcrumb\"},\"inLanguage\":\"sr-RS\",\"potentialAction\":[{\"@type\":\"ReadAction\",\"target\":[\"https:\/\/nomis.hr\/sr\/produkt\/dpm-serija-mikro-dozatora\/\"]}]},{\"@type\":\"BreadcrumbList\",\"@id\":\"https:\/\/nomis.hr\/sr\/produkt\/dpm-serija-mikro-dozatora\/#breadcrumb\",\"itemListElement\":[{\"@type\":\"ListItem\",\"position\":1,\"name\":\"Home\",\"item\":\"https:\/\/nomis.hr\/sr\/\"},{\"@type\":\"ListItem\",\"position\":2,\"name\":\"Katalog proizvoda\",\"item\":\"https:\/\/nomis.hr\/sr\/katalog-proizvoda\/\"},{\"@type\":\"ListItem\",\"position\":3,\"name\":\"DPM serija mikro-dozatora\"}]},{\"@type\":\"WebSite\",\"@id\":\"https:\/\/nomis.hr\/#website\",\"url\":\"https:\/\/nomis.hr\/\",\"name\":\"Nomis\",\"description\":\"Sve za preradu polimera i metala na jednom mjestu!\",\"publisher\":{\"@id\":\"https:\/\/nomis.hr\/#organization\"},\"potentialAction\":[{\"@type\":\"SearchAction\",\"target\":{\"@type\":\"EntryPoint\",\"urlTemplate\":\"https:\/\/nomis.hr\/?s={search_term_string}\"},\"query-input\":\"required name=search_term_string\"}],\"inLanguage\":\"sr-RS\"},{\"@type\":\"Organization\",\"@id\":\"https:\/\/nomis.hr\/#organization\",\"name\":\"Nomis\",\"url\":\"https:\/\/nomis.hr\/\",\"logo\":{\"@type\":\"ImageObject\",\"inLanguage\":\"sr-RS\",\"@id\":\"https:\/\/nomis.hr\/#\/schema\/logo\/image\/\",\"url\":\"https:\/\/nomis.hr\/wp-content\/uploads\/2021\/03\/Nomis-logo-admin-login.png\",\"contentUrl\":\"https:\/\/nomis.hr\/wp-content\/uploads\/2021\/03\/Nomis-logo-admin-login.png\",\"width\":640,\"height\":163,\"caption\":\"Nomis\"},\"image\":{\"@id\":\"https:\/\/nomis.hr\/#\/schema\/logo\/image\/\"}}]}<\/script>\n<!-- \/ Yoast SEO plugin. -->","yoast_head_json":{"title":"DPM serija mikro-dozatora - Nomis","robots":{"index":"index","follow":"follow","max-snippet":"max-snippet:-1","max-image-preview":"max-image-preview:large","max-video-preview":"max-video-preview:-1"},"canonical":"https:\/\/nomis.hr\/sr\/produkt\/dpm-serija-mikro-dozatora\/","og_locale":"sr_RS","og_type":"article","og_title":"DPM serija mikro-dozatora - Nomis","og_description":"DPM seriju mikro-dozatora \u010dine precizni ure\u0111aji za jednokomponentne ili vi\u0161ekomponentne aplikacije do \u010detiri spremnika. Ovi kompaktni ure\u0111aji posebno su namenjeni za doziranje Masterbatch-a u polimerne materijale. Pulsiraju\u0107e doziranje ne uzrokuje vibracije, a me\u0161a\u010d nije potreban zahvaljuju\u0107i savremenom doziranju. Spremnici se mogu ukloniti i zameniti kako bi se izbeglo \u010di\u0161\u0107enje te ubrzao proizvodni proces.  DPM mikro-dozatori mogu se instalirati i kao normalni dozatori te koristiti za recikliranje regranulata.  Glavne karakteristike:   Jednostavno postavljanje postotaka  Memorija za 100 recepata  Precizni ROTOPULSE sistem mikro-doziranja","og_url":"https:\/\/nomis.hr\/sr\/produkt\/dpm-serija-mikro-dozatora\/","og_site_name":"Nomis","og_image":[{"width":1024,"height":1024,"url":"https:\/\/nomis.hr\/wp-content\/uploads\/2022\/05\/DPM-serija-mikro-dozatora.jpg","type":"image\/jpeg"}],"twitter_card":"summary_large_image","schema":{"@context":"https:\/\/schema.org","@graph":[{"@type":"WebPage","@id":"https:\/\/nomis.hr\/sr\/produkt\/dpm-serija-mikro-dozatora\/","url":"https:\/\/nomis.hr\/sr\/produkt\/dpm-serija-mikro-dozatora\/","name":"DPM serija mikro-dozatora - Nomis","isPartOf":{"@id":"https:\/\/nomis.hr\/#website"},"datePublished":"2022-05-04T18:56:02+00:00","dateModified":"2022-05-04T18:56:02+00:00","breadcrumb":{"@id":"https:\/\/nomis.hr\/sr\/produkt\/dpm-serija-mikro-dozatora\/#breadcrumb"},"inLanguage":"sr-RS","potentialAction":[{"@type":"ReadAction","target":["https:\/\/nomis.hr\/sr\/produkt\/dpm-serija-mikro-dozatora\/"]}]},{"@type":"BreadcrumbList","@id":"https:\/\/nomis.hr\/sr\/produkt\/dpm-serija-mikro-dozatora\/#breadcrumb","itemListElement":[{"@type":"ListItem","position":1,"name":"Home","item":"https:\/\/nomis.hr\/sr\/"},{"@type":"ListItem","position":2,"name":"Katalog proizvoda","item":"https:\/\/nomis.hr\/sr\/katalog-proizvoda\/"},{"@type":"ListItem","position":3,"name":"DPM serija mikro-dozatora"}]},{"@type":"WebSite","@id":"https:\/\/nomis.hr\/#website","url":"https:\/\/nomis.hr\/","name":"Nomis","description":"Sve za preradu polimera i metala na jednom mjestu!","publisher":{"@id":"https:\/\/nomis.hr\/#organization"},"potentialAction":[{"@type":"SearchAction","target":{"@type":"EntryPoint","urlTemplate":"https:\/\/nomis.hr\/?s={search_term_string}"},"query-input":"required name=search_term_string"}],"inLanguage":"sr-RS"},{"@type":"Organization","@id":"https:\/\/nomis.hr\/#organization","name":"Nomis","url":"https:\/\/nomis.hr\/","logo":{"@type":"ImageObject","inLanguage":"sr-RS","@id":"https:\/\/nomis.hr\/#\/schema\/logo\/image\/","url":"https:\/\/nomis.hr\/wp-content\/uploads\/2021\/03\/Nomis-logo-admin-login.png","contentUrl":"https:\/\/nomis.hr\/wp-content\/uploads\/2021\/03\/Nomis-logo-admin-login.png","width":640,"height":163,"caption":"Nomis"},"image":{"@id":"https:\/\/nomis.hr\/#\/schema\/logo\/image\/"}}]}},"_links":{"self":[{"href":"https:\/\/nomis.hr\/sr\/wp-json\/wp\/v2\/product\/4061"}],"collection":[{"href":"https:\/\/nomis.hr\/sr\/wp-json\/wp\/v2\/product"}],"about":[{"href":"https:\/\/nomis.hr\/sr\/wp-json\/wp\/v2\/types\/product"}],"wp:featuredmedia":[{"embeddable":true,"href":"https:\/\/nomis.hr\/sr\/wp-json\/wp\/v2\/media\/4062"}],"wp:attachment":[{"href":"https:\/\/nomis.hr\/sr\/wp-json\/wp\/v2\/media?parent=4061"}],"wp:term":[{"taxonomy":"product_cat","embeddable":true,"href":"https:\/\/nomis.hr\/sr\/wp-json\/wp\/v2\/product_cat?post=4061"},{"taxonomy":"product_tag","embeddable":true,"href":"https:\/\/nomis.hr\/sr\/wp-json\/wp\/v2\/product_tag?post=4061"}],"curies":[{"name":"wp","href":"https:\/\/api.w.org\/{rel}","templated":true}]}}