{"id":4064,"date":"2022-05-04T20:54:01","date_gmt":"2022-05-04T18:54:01","guid":{"rendered":"https:\/\/nomis.hr\/product\/dlw-gravico-loss-in-weight-sistemi-doziranja\/"},"modified":"2022-05-04T20:54:01","modified_gmt":"2022-05-04T18:54:01","slug":"dlw-gravico-loss-in-weight-sistemi-doziranja","status":"publish","type":"product","link":"https:\/\/nomis.hr\/sr\/produkt\/dlw-gravico-loss-in-weight-sistemi-doziranja\/","title":{"rendered":"DLW GRAVICO loss-in-weight sistemi doziranja"},"content":{"rendered":"","protected":false},"excerpt":{"rendered":"<p>DLW GRAVICO loss-in-weight vi\u0161ekomponentni sistem doziranja opremljen s automatskim sistemom za pode\u0161avanje mase u odnosu na brzinu ekstrudiranja u vidu dobivanja kontinuirane debljine zida proizvoda (filma, cevi, profila, mono i ko-ekstruzijskih filmova). Ovaj sistem za doziranje prikladan je za kori\u0161tenje sa do 5 komponenti. NAVIGATOR 9000 zaslu\u017ean je za potpuno automatsko upravljanje parametrima proizvodnje (kontrola rashladnog prstena, mjerilo, izvla\u010denje i brzina ekstrudera). Sistem otpornosti na vibracije, brzi po\u010detak rada i promena proizvodnje.<\/p>\n<p>Glavne karakteristike:<\/p>\n<ul>\n<li>Vi\u0161ekomponentno doziranje visoke preciznosti<\/li>\n<li>Sistem za otpornost na vibracije<\/li>\n<li>Brzo pokretanje i izmena<\/li>\n<\/ul>\n","protected":false},"featured_media":4065,"template":"","meta":[],"product_cat":[204,248,252],"product_tag":[],"yoast_head":"<!-- This site is optimized with the Yoast SEO plugin v21.3 - https:\/\/yoast.com\/wordpress\/plugins\/seo\/ -->\n<title>DLW GRAVICO loss-in-weight sistemi doziranja - Nomis<\/title>\n<meta name=\"robots\" content=\"index, follow, max-snippet:-1, max-image-preview:large, max-video-preview:-1\" \/>\n<link rel=\"canonical\" href=\"https:\/\/nomis.hr\/sr\/produkt\/dlw-gravico-loss-in-weight-sistemi-doziranja\/\" \/>\n<meta property=\"og:locale\" content=\"sr_RS\" \/>\n<meta property=\"og:type\" content=\"article\" \/>\n<meta property=\"og:title\" content=\"DLW GRAVICO loss-in-weight sistemi doziranja - Nomis\" \/>\n<meta property=\"og:description\" content=\"DLW GRAVICO loss-in-weight vi\u0161ekomponentni sistem doziranja opremljen s automatskim sistemom za pode\u0161avanje mase u odnosu na brzinu ekstrudiranja u vidu dobivanja kontinuirane debljine zida proizvoda (filma, cevi, profila, mono i ko-ekstruzijskih filmova). Ovaj sistem za doziranje prikladan je za kori\u0161tenje sa do 5 komponenti. NAVIGATOR 9000 zaslu\u017ean je za potpuno automatsko upravljanje parametrima proizvodnje (kontrola rashladnog prstena, mjerilo, izvla\u010denje i brzina ekstrudera). Sistem otpornosti na vibracije, brzi po\u010detak rada i promena proizvodnje.  Glavne karakteristike:   Vi\u0161ekomponentno doziranje visoke preciznosti  Sistem za otpornost na vibracije  Brzo pokretanje i izmena\" \/>\n<meta property=\"og:url\" content=\"https:\/\/nomis.hr\/sr\/produkt\/dlw-gravico-loss-in-weight-sistemi-doziranja\/\" \/>\n<meta property=\"og:site_name\" content=\"Nomis\" \/>\n<meta property=\"og:image\" content=\"https:\/\/nomis.hr\/wp-content\/uploads\/2022\/05\/DLW-GRAVICO.jpg\" \/>\n\t<meta property=\"og:image:width\" content=\"1024\" \/>\n\t<meta property=\"og:image:height\" content=\"1024\" \/>\n\t<meta property=\"og:image:type\" content=\"image\/jpeg\" \/>\n<meta name=\"twitter:card\" content=\"summary_large_image\" \/>\n<script type=\"application\/ld+json\" class=\"yoast-schema-graph\">{\"@context\":\"https:\/\/schema.org\",\"@graph\":[{\"@type\":\"WebPage\",\"@id\":\"https:\/\/nomis.hr\/sr\/produkt\/dlw-gravico-loss-in-weight-sistemi-doziranja\/\",\"url\":\"https:\/\/nomis.hr\/sr\/produkt\/dlw-gravico-loss-in-weight-sistemi-doziranja\/\",\"name\":\"DLW GRAVICO loss-in-weight sistemi doziranja - Nomis\",\"isPartOf\":{\"@id\":\"https:\/\/nomis.hr\/#website\"},\"datePublished\":\"2022-05-04T18:54:01+00:00\",\"dateModified\":\"2022-05-04T18:54:01+00:00\",\"breadcrumb\":{\"@id\":\"https:\/\/nomis.hr\/sr\/produkt\/dlw-gravico-loss-in-weight-sistemi-doziranja\/#breadcrumb\"},\"inLanguage\":\"sr-RS\",\"potentialAction\":[{\"@type\":\"ReadAction\",\"target\":[\"https:\/\/nomis.hr\/sr\/produkt\/dlw-gravico-loss-in-weight-sistemi-doziranja\/\"]}]},{\"@type\":\"BreadcrumbList\",\"@id\":\"https:\/\/nomis.hr\/sr\/produkt\/dlw-gravico-loss-in-weight-sistemi-doziranja\/#breadcrumb\",\"itemListElement\":[{\"@type\":\"ListItem\",\"position\":1,\"name\":\"Home\",\"item\":\"https:\/\/nomis.hr\/sr\/\"},{\"@type\":\"ListItem\",\"position\":2,\"name\":\"Katalog proizvoda\",\"item\":\"https:\/\/nomis.hr\/sr\/katalog-proizvoda\/\"},{\"@type\":\"ListItem\",\"position\":3,\"name\":\"DLW GRAVICO loss-in-weight sistemi doziranja\"}]},{\"@type\":\"WebSite\",\"@id\":\"https:\/\/nomis.hr\/#website\",\"url\":\"https:\/\/nomis.hr\/\",\"name\":\"Nomis\",\"description\":\"Sve za preradu polimera i metala na jednom mjestu!\",\"publisher\":{\"@id\":\"https:\/\/nomis.hr\/#organization\"},\"potentialAction\":[{\"@type\":\"SearchAction\",\"target\":{\"@type\":\"EntryPoint\",\"urlTemplate\":\"https:\/\/nomis.hr\/?s={search_term_string}\"},\"query-input\":\"required name=search_term_string\"}],\"inLanguage\":\"sr-RS\"},{\"@type\":\"Organization\",\"@id\":\"https:\/\/nomis.hr\/#organization\",\"name\":\"Nomis\",\"url\":\"https:\/\/nomis.hr\/\",\"logo\":{\"@type\":\"ImageObject\",\"inLanguage\":\"sr-RS\",\"@id\":\"https:\/\/nomis.hr\/#\/schema\/logo\/image\/\",\"url\":\"https:\/\/nomis.hr\/wp-content\/uploads\/2021\/03\/Nomis-logo-admin-login.png\",\"contentUrl\":\"https:\/\/nomis.hr\/wp-content\/uploads\/2021\/03\/Nomis-logo-admin-login.png\",\"width\":640,\"height\":163,\"caption\":\"Nomis\"},\"image\":{\"@id\":\"https:\/\/nomis.hr\/#\/schema\/logo\/image\/\"}}]}<\/script>\n<!-- \/ Yoast SEO plugin. -->","yoast_head_json":{"title":"DLW GRAVICO loss-in-weight sistemi doziranja - Nomis","robots":{"index":"index","follow":"follow","max-snippet":"max-snippet:-1","max-image-preview":"max-image-preview:large","max-video-preview":"max-video-preview:-1"},"canonical":"https:\/\/nomis.hr\/sr\/produkt\/dlw-gravico-loss-in-weight-sistemi-doziranja\/","og_locale":"sr_RS","og_type":"article","og_title":"DLW GRAVICO loss-in-weight sistemi doziranja - Nomis","og_description":"DLW GRAVICO loss-in-weight vi\u0161ekomponentni sistem doziranja opremljen s automatskim sistemom za pode\u0161avanje mase u odnosu na brzinu ekstrudiranja u vidu dobivanja kontinuirane debljine zida proizvoda (filma, cevi, profila, mono i ko-ekstruzijskih filmova). Ovaj sistem za doziranje prikladan je za kori\u0161tenje sa do 5 komponenti. NAVIGATOR 9000 zaslu\u017ean je za potpuno automatsko upravljanje parametrima proizvodnje (kontrola rashladnog prstena, mjerilo, izvla\u010denje i brzina ekstrudera). Sistem otpornosti na vibracije, brzi po\u010detak rada i promena proizvodnje.  Glavne karakteristike:   Vi\u0161ekomponentno doziranje visoke preciznosti  Sistem za otpornost na vibracije  Brzo pokretanje i izmena","og_url":"https:\/\/nomis.hr\/sr\/produkt\/dlw-gravico-loss-in-weight-sistemi-doziranja\/","og_site_name":"Nomis","og_image":[{"width":1024,"height":1024,"url":"https:\/\/nomis.hr\/wp-content\/uploads\/2022\/05\/DLW-GRAVICO.jpg","type":"image\/jpeg"}],"twitter_card":"summary_large_image","schema":{"@context":"https:\/\/schema.org","@graph":[{"@type":"WebPage","@id":"https:\/\/nomis.hr\/sr\/produkt\/dlw-gravico-loss-in-weight-sistemi-doziranja\/","url":"https:\/\/nomis.hr\/sr\/produkt\/dlw-gravico-loss-in-weight-sistemi-doziranja\/","name":"DLW GRAVICO loss-in-weight sistemi doziranja - Nomis","isPartOf":{"@id":"https:\/\/nomis.hr\/#website"},"datePublished":"2022-05-04T18:54:01+00:00","dateModified":"2022-05-04T18:54:01+00:00","breadcrumb":{"@id":"https:\/\/nomis.hr\/sr\/produkt\/dlw-gravico-loss-in-weight-sistemi-doziranja\/#breadcrumb"},"inLanguage":"sr-RS","potentialAction":[{"@type":"ReadAction","target":["https:\/\/nomis.hr\/sr\/produkt\/dlw-gravico-loss-in-weight-sistemi-doziranja\/"]}]},{"@type":"BreadcrumbList","@id":"https:\/\/nomis.hr\/sr\/produkt\/dlw-gravico-loss-in-weight-sistemi-doziranja\/#breadcrumb","itemListElement":[{"@type":"ListItem","position":1,"name":"Home","item":"https:\/\/nomis.hr\/sr\/"},{"@type":"ListItem","position":2,"name":"Katalog proizvoda","item":"https:\/\/nomis.hr\/sr\/katalog-proizvoda\/"},{"@type":"ListItem","position":3,"name":"DLW GRAVICO loss-in-weight sistemi doziranja"}]},{"@type":"WebSite","@id":"https:\/\/nomis.hr\/#website","url":"https:\/\/nomis.hr\/","name":"Nomis","description":"Sve za preradu polimera i metala na jednom mjestu!","publisher":{"@id":"https:\/\/nomis.hr\/#organization"},"potentialAction":[{"@type":"SearchAction","target":{"@type":"EntryPoint","urlTemplate":"https:\/\/nomis.hr\/?s={search_term_string}"},"query-input":"required name=search_term_string"}],"inLanguage":"sr-RS"},{"@type":"Organization","@id":"https:\/\/nomis.hr\/#organization","name":"Nomis","url":"https:\/\/nomis.hr\/","logo":{"@type":"ImageObject","inLanguage":"sr-RS","@id":"https:\/\/nomis.hr\/#\/schema\/logo\/image\/","url":"https:\/\/nomis.hr\/wp-content\/uploads\/2021\/03\/Nomis-logo-admin-login.png","contentUrl":"https:\/\/nomis.hr\/wp-content\/uploads\/2021\/03\/Nomis-logo-admin-login.png","width":640,"height":163,"caption":"Nomis"},"image":{"@id":"https:\/\/nomis.hr\/#\/schema\/logo\/image\/"}}]}},"_links":{"self":[{"href":"https:\/\/nomis.hr\/sr\/wp-json\/wp\/v2\/product\/4064"}],"collection":[{"href":"https:\/\/nomis.hr\/sr\/wp-json\/wp\/v2\/product"}],"about":[{"href":"https:\/\/nomis.hr\/sr\/wp-json\/wp\/v2\/types\/product"}],"wp:featuredmedia":[{"embeddable":true,"href":"https:\/\/nomis.hr\/sr\/wp-json\/wp\/v2\/media\/4065"}],"wp:attachment":[{"href":"https:\/\/nomis.hr\/sr\/wp-json\/wp\/v2\/media?parent=4064"}],"wp:term":[{"taxonomy":"product_cat","embeddable":true,"href":"https:\/\/nomis.hr\/sr\/wp-json\/wp\/v2\/product_cat?post=4064"},{"taxonomy":"product_tag","embeddable":true,"href":"https:\/\/nomis.hr\/sr\/wp-json\/wp\/v2\/product_tag?post=4064"}],"curies":[{"name":"wp","href":"https:\/\/api.w.org\/{rel}","templated":true}]}}