{"id":4070,"date":"2022-05-04T20:48:24","date_gmt":"2022-05-04T18:48:24","guid":{"rendered":"https:\/\/nomis.hr\/product\/dgm-maxi-gravix-gravimetrijsko-doziranje-materijala\/"},"modified":"2022-05-04T20:48:24","modified_gmt":"2022-05-04T18:48:24","slug":"dgm-maxi-gravix-gravimetrijsko-doziranje-materijala","status":"publish","type":"product","link":"https:\/\/nomis.hr\/sr\/produkt\/dgm-maxi-gravix-gravimetrijsko-doziranje-materijala\/","title":{"rendered":"DGM MAXI GRAVIX gravimetrijsko doziranje materijala"},"content":{"rendered":"","protected":false},"excerpt":{"rendered":"<p>DGM MAXI GRAVIX (900 \u2013 1000 \u2013 2000) ve\u0107a serija gravimetrijskih dozatora s rasponom proizvodnje do 12.000 kg\/h posebno je dizajnirana za tretiranje regranulata u obliku ljuskica. Spremnik za vaganje, me\u0161alica s dvostrukim u\u010dinkom i kombinacija za do 8 spremnika za izravno doziranje \u010dine sveobuhvatan sistem za tretiranje do 12 komponenti.\u00a0 Ovi modeli su opremljeni su potpornim okvirom i ekranom osetljivim na dodir za lako upravljanje ure\u0111ajem i pohranu recepata.<\/p>\n<p>Patentirani ure\u0111aj s dvostrukom klapnom na spremnicima s reakcijom brzine 40 ms, osigurava visoku preciznost kod ure\u0111aja ovih dimenzija. Me\u0161alica s dvostrukim u\u010dinkom osigurava homogenu me\u0161avinu. Dostupne su razne verzije poput bridge-breaker<em>,<\/em> automatskog \u010di\u0161\u0107enja senzora i dozatora za pra\u0161kaste materijale.<\/p>\n<p>Spremnik za vaganje nema mehani\u010dkih smetnji tokom ciklusa vaganja te je otporan na vibracije. GRAVIX va\u017ee svaku komponentu 100 puta u sekundi. Svaki dozator mo\u017ee koristiti devet razli\u010ditih tipova spremnika zavisno o specifi\u010dnim zahtevima, te se mo\u017ee postaviti na grlo ma\u0161ine, okvir ili mo\u017ee biti opremljen usisnim spremnikom. Dolazi s priklju\u010dcima: Ethernet, \u00a0RS485 za Modbus protokol i USB. Dostupan MOWIS sistem upravljanja.<\/p>\n<p>Glavne karakteristike:<\/p>\n<ul>\n<li>Do 12.000 kg\/h<\/li>\n<li>Do 12 komponenti<\/li>\n<li>Prigodno za ljuskice<\/li>\n<\/ul>\n","protected":false},"featured_media":4071,"template":"","meta":[],"product_cat":[204,248,252],"product_tag":[],"yoast_head":"<!-- This site is optimized with the Yoast SEO plugin v21.3 - https:\/\/yoast.com\/wordpress\/plugins\/seo\/ -->\n<title>DGM MAXI GRAVIX gravimetrijsko doziranje materijala - Nomis<\/title>\n<meta name=\"robots\" content=\"index, follow, max-snippet:-1, max-image-preview:large, max-video-preview:-1\" \/>\n<link rel=\"canonical\" href=\"https:\/\/nomis.hr\/sr\/produkt\/dgm-maxi-gravix-gravimetrijsko-doziranje-materijala\/\" \/>\n<meta property=\"og:locale\" content=\"sr_RS\" \/>\n<meta property=\"og:type\" content=\"article\" \/>\n<meta property=\"og:title\" content=\"DGM MAXI GRAVIX gravimetrijsko doziranje materijala - Nomis\" \/>\n<meta property=\"og:description\" content=\"DGM MAXI GRAVIX (900 \u2013 1000 \u2013 2000) ve\u0107a serija gravimetrijskih dozatora s rasponom proizvodnje do 12.000 kg\/h posebno je dizajnirana za tretiranje regranulata u obliku ljuskica. Spremnik za vaganje, me\u0161alica s dvostrukim u\u010dinkom i kombinacija za do 8 spremnika za izravno doziranje \u010dine sveobuhvatan sistem za tretiranje do 12 komponenti.\u00a0 Ovi modeli su opremljeni su potpornim okvirom i ekranom osetljivim na dodir za lako upravljanje ure\u0111ajem i pohranu recepata.  Patentirani ure\u0111aj s dvostrukom klapnom na spremnicima s reakcijom brzine 40 ms, osigurava visoku preciznost kod ure\u0111aja ovih dimenzija. Me\u0161alica s dvostrukim u\u010dinkom osigurava homogenu me\u0161avinu. Dostupne su razne verzije poput bridge-breaker, automatskog \u010di\u0161\u0107enja senzora i dozatora za pra\u0161kaste materijale.  Spremnik za vaganje nema mehani\u010dkih smetnji tokom ciklusa vaganja te je otporan na vibracije. GRAVIX va\u017ee svaku komponentu 100 puta u sekundi. Svaki dozator mo\u017ee koristiti devet razli\u010ditih tipova spremnika zavisno o specifi\u010dnim zahtevima, te se mo\u017ee postaviti na grlo ma\u0161ine, okvir ili mo\u017ee biti opremljen usisnim spremnikom. Dolazi s priklju\u010dcima: Ethernet, \u00a0RS485 za Modbus protokol i USB. Dostupan MOWIS sistem upravljanja.  Glavne karakteristike:   Do 12.000 kg\/h  Do 12 komponenti  Prigodno za ljuskice\" \/>\n<meta property=\"og:url\" content=\"https:\/\/nomis.hr\/sr\/produkt\/dgm-maxi-gravix-gravimetrijsko-doziranje-materijala\/\" \/>\n<meta property=\"og:site_name\" content=\"Nomis\" \/>\n<meta property=\"og:image\" content=\"https:\/\/nomis.hr\/wp-content\/uploads\/2022\/05\/DGM-MAXI-GRAVIX.jpg\" \/>\n\t<meta property=\"og:image:width\" content=\"1024\" \/>\n\t<meta property=\"og:image:height\" content=\"1024\" \/>\n\t<meta property=\"og:image:type\" content=\"image\/jpeg\" \/>\n<meta name=\"twitter:card\" content=\"summary_large_image\" \/>\n<script type=\"application\/ld+json\" class=\"yoast-schema-graph\">{\"@context\":\"https:\/\/schema.org\",\"@graph\":[{\"@type\":\"WebPage\",\"@id\":\"https:\/\/nomis.hr\/sr\/produkt\/dgm-maxi-gravix-gravimetrijsko-doziranje-materijala\/\",\"url\":\"https:\/\/nomis.hr\/sr\/produkt\/dgm-maxi-gravix-gravimetrijsko-doziranje-materijala\/\",\"name\":\"DGM MAXI GRAVIX gravimetrijsko doziranje materijala - Nomis\",\"isPartOf\":{\"@id\":\"https:\/\/nomis.hr\/#website\"},\"datePublished\":\"2022-05-04T18:48:24+00:00\",\"dateModified\":\"2022-05-04T18:48:24+00:00\",\"breadcrumb\":{\"@id\":\"https:\/\/nomis.hr\/sr\/produkt\/dgm-maxi-gravix-gravimetrijsko-doziranje-materijala\/#breadcrumb\"},\"inLanguage\":\"sr-RS\",\"potentialAction\":[{\"@type\":\"ReadAction\",\"target\":[\"https:\/\/nomis.hr\/sr\/produkt\/dgm-maxi-gravix-gravimetrijsko-doziranje-materijala\/\"]}]},{\"@type\":\"BreadcrumbList\",\"@id\":\"https:\/\/nomis.hr\/sr\/produkt\/dgm-maxi-gravix-gravimetrijsko-doziranje-materijala\/#breadcrumb\",\"itemListElement\":[{\"@type\":\"ListItem\",\"position\":1,\"name\":\"Home\",\"item\":\"https:\/\/nomis.hr\/sr\/\"},{\"@type\":\"ListItem\",\"position\":2,\"name\":\"Katalog proizvoda\",\"item\":\"https:\/\/nomis.hr\/sr\/katalog-proizvoda\/\"},{\"@type\":\"ListItem\",\"position\":3,\"name\":\"DGM MAXI GRAVIX gravimetrijsko doziranje materijala\"}]},{\"@type\":\"WebSite\",\"@id\":\"https:\/\/nomis.hr\/#website\",\"url\":\"https:\/\/nomis.hr\/\",\"name\":\"Nomis\",\"description\":\"Sve za preradu polimera i metala na jednom mjestu!\",\"publisher\":{\"@id\":\"https:\/\/nomis.hr\/#organization\"},\"potentialAction\":[{\"@type\":\"SearchAction\",\"target\":{\"@type\":\"EntryPoint\",\"urlTemplate\":\"https:\/\/nomis.hr\/?s={search_term_string}\"},\"query-input\":\"required name=search_term_string\"}],\"inLanguage\":\"sr-RS\"},{\"@type\":\"Organization\",\"@id\":\"https:\/\/nomis.hr\/#organization\",\"name\":\"Nomis\",\"url\":\"https:\/\/nomis.hr\/\",\"logo\":{\"@type\":\"ImageObject\",\"inLanguage\":\"sr-RS\",\"@id\":\"https:\/\/nomis.hr\/#\/schema\/logo\/image\/\",\"url\":\"https:\/\/nomis.hr\/wp-content\/uploads\/2021\/03\/Nomis-logo-admin-login.png\",\"contentUrl\":\"https:\/\/nomis.hr\/wp-content\/uploads\/2021\/03\/Nomis-logo-admin-login.png\",\"width\":640,\"height\":163,\"caption\":\"Nomis\"},\"image\":{\"@id\":\"https:\/\/nomis.hr\/#\/schema\/logo\/image\/\"}}]}<\/script>\n<!-- \/ Yoast SEO plugin. -->","yoast_head_json":{"title":"DGM MAXI GRAVIX gravimetrijsko doziranje materijala - Nomis","robots":{"index":"index","follow":"follow","max-snippet":"max-snippet:-1","max-image-preview":"max-image-preview:large","max-video-preview":"max-video-preview:-1"},"canonical":"https:\/\/nomis.hr\/sr\/produkt\/dgm-maxi-gravix-gravimetrijsko-doziranje-materijala\/","og_locale":"sr_RS","og_type":"article","og_title":"DGM MAXI GRAVIX gravimetrijsko doziranje materijala - Nomis","og_description":"DGM MAXI GRAVIX (900 \u2013 1000 \u2013 2000) ve\u0107a serija gravimetrijskih dozatora s rasponom proizvodnje do 12.000 kg\/h posebno je dizajnirana za tretiranje regranulata u obliku ljuskica. Spremnik za vaganje, me\u0161alica s dvostrukim u\u010dinkom i kombinacija za do 8 spremnika za izravno doziranje \u010dine sveobuhvatan sistem za tretiranje do 12 komponenti.\u00a0 Ovi modeli su opremljeni su potpornim okvirom i ekranom osetljivim na dodir za lako upravljanje ure\u0111ajem i pohranu recepata.  Patentirani ure\u0111aj s dvostrukom klapnom na spremnicima s reakcijom brzine 40 ms, osigurava visoku preciznost kod ure\u0111aja ovih dimenzija. Me\u0161alica s dvostrukim u\u010dinkom osigurava homogenu me\u0161avinu. Dostupne su razne verzije poput bridge-breaker, automatskog \u010di\u0161\u0107enja senzora i dozatora za pra\u0161kaste materijale.  Spremnik za vaganje nema mehani\u010dkih smetnji tokom ciklusa vaganja te je otporan na vibracije. GRAVIX va\u017ee svaku komponentu 100 puta u sekundi. Svaki dozator mo\u017ee koristiti devet razli\u010ditih tipova spremnika zavisno o specifi\u010dnim zahtevima, te se mo\u017ee postaviti na grlo ma\u0161ine, okvir ili mo\u017ee biti opremljen usisnim spremnikom. Dolazi s priklju\u010dcima: Ethernet, \u00a0RS485 za Modbus protokol i USB. Dostupan MOWIS sistem upravljanja.  Glavne karakteristike:   Do 12.000 kg\/h  Do 12 komponenti  Prigodno za ljuskice","og_url":"https:\/\/nomis.hr\/sr\/produkt\/dgm-maxi-gravix-gravimetrijsko-doziranje-materijala\/","og_site_name":"Nomis","og_image":[{"width":1024,"height":1024,"url":"https:\/\/nomis.hr\/wp-content\/uploads\/2022\/05\/DGM-MAXI-GRAVIX.jpg","type":"image\/jpeg"}],"twitter_card":"summary_large_image","schema":{"@context":"https:\/\/schema.org","@graph":[{"@type":"WebPage","@id":"https:\/\/nomis.hr\/sr\/produkt\/dgm-maxi-gravix-gravimetrijsko-doziranje-materijala\/","url":"https:\/\/nomis.hr\/sr\/produkt\/dgm-maxi-gravix-gravimetrijsko-doziranje-materijala\/","name":"DGM MAXI GRAVIX gravimetrijsko doziranje materijala - Nomis","isPartOf":{"@id":"https:\/\/nomis.hr\/#website"},"datePublished":"2022-05-04T18:48:24+00:00","dateModified":"2022-05-04T18:48:24+00:00","breadcrumb":{"@id":"https:\/\/nomis.hr\/sr\/produkt\/dgm-maxi-gravix-gravimetrijsko-doziranje-materijala\/#breadcrumb"},"inLanguage":"sr-RS","potentialAction":[{"@type":"ReadAction","target":["https:\/\/nomis.hr\/sr\/produkt\/dgm-maxi-gravix-gravimetrijsko-doziranje-materijala\/"]}]},{"@type":"BreadcrumbList","@id":"https:\/\/nomis.hr\/sr\/produkt\/dgm-maxi-gravix-gravimetrijsko-doziranje-materijala\/#breadcrumb","itemListElement":[{"@type":"ListItem","position":1,"name":"Home","item":"https:\/\/nomis.hr\/sr\/"},{"@type":"ListItem","position":2,"name":"Katalog proizvoda","item":"https:\/\/nomis.hr\/sr\/katalog-proizvoda\/"},{"@type":"ListItem","position":3,"name":"DGM MAXI GRAVIX gravimetrijsko doziranje materijala"}]},{"@type":"WebSite","@id":"https:\/\/nomis.hr\/#website","url":"https:\/\/nomis.hr\/","name":"Nomis","description":"Sve za preradu polimera i metala na jednom mjestu!","publisher":{"@id":"https:\/\/nomis.hr\/#organization"},"potentialAction":[{"@type":"SearchAction","target":{"@type":"EntryPoint","urlTemplate":"https:\/\/nomis.hr\/?s={search_term_string}"},"query-input":"required name=search_term_string"}],"inLanguage":"sr-RS"},{"@type":"Organization","@id":"https:\/\/nomis.hr\/#organization","name":"Nomis","url":"https:\/\/nomis.hr\/","logo":{"@type":"ImageObject","inLanguage":"sr-RS","@id":"https:\/\/nomis.hr\/#\/schema\/logo\/image\/","url":"https:\/\/nomis.hr\/wp-content\/uploads\/2021\/03\/Nomis-logo-admin-login.png","contentUrl":"https:\/\/nomis.hr\/wp-content\/uploads\/2021\/03\/Nomis-logo-admin-login.png","width":640,"height":163,"caption":"Nomis"},"image":{"@id":"https:\/\/nomis.hr\/#\/schema\/logo\/image\/"}}]}},"_links":{"self":[{"href":"https:\/\/nomis.hr\/sr\/wp-json\/wp\/v2\/product\/4070"}],"collection":[{"href":"https:\/\/nomis.hr\/sr\/wp-json\/wp\/v2\/product"}],"about":[{"href":"https:\/\/nomis.hr\/sr\/wp-json\/wp\/v2\/types\/product"}],"wp:featuredmedia":[{"embeddable":true,"href":"https:\/\/nomis.hr\/sr\/wp-json\/wp\/v2\/media\/4071"}],"wp:attachment":[{"href":"https:\/\/nomis.hr\/sr\/wp-json\/wp\/v2\/media?parent=4070"}],"wp:term":[{"taxonomy":"product_cat","embeddable":true,"href":"https:\/\/nomis.hr\/sr\/wp-json\/wp\/v2\/product_cat?post=4070"},{"taxonomy":"product_tag","embeddable":true,"href":"https:\/\/nomis.hr\/sr\/wp-json\/wp\/v2\/product_tag?post=4070"}],"curies":[{"name":"wp","href":"https:\/\/api.w.org\/{rel}","templated":true}]}}