{"id":4075,"date":"2022-05-04T21:20:31","date_gmt":"2022-05-04T19:20:31","guid":{"rendered":"https:\/\/nomis.hr\/product\/termohladnjaci-thc\/"},"modified":"2022-05-04T21:20:31","modified_gmt":"2022-05-04T19:20:31","slug":"termohladnjaci-thc","status":"publish","type":"product","link":"https:\/\/nomis.hr\/sr\/produkt\/termohladnjaci-thc\/","title":{"rendered":"Termohladnjaci THC"},"content":{"rendered":"","protected":false},"excerpt":{"rendered":"<p>THC termohladnjaci (+10\/+95 \u00b0C) nude apsolutnu preciznost kod upravljanja temperaturom, a protok pritiska i vode osiguran je solid-state relejima i upravlja\u010dkim sistemima s mikroprocesorima. Ure\u0111ajima se upravlja putem integriranog displeja u boji pomo\u0107u kojeg se verifikuju i postavljaju svi parametri procesa. S integriranom free-cooler funkcijom mogu\u0107a je optimizacija osnovne potro\u0161nje zavisno o uslovima okoline. Termohladnjaci su spojeni na Modbus RS485.<\/p>\n<p>Glavne karakteristike:<\/p>\n<ul>\n<li>Dvozonsko upravljanje temperaturom<\/li>\n<li>Dve funkcije u jednom ure\u0111aju<\/li>\n<li>Integrisana free-cooling funkcija<\/li>\n<\/ul>\n","protected":false},"featured_media":4076,"template":"","meta":[],"product_brand":[],"product_cat":[257,248,204],"product_tag":[],"class_list":{"0":"post-4075","1":"product","2":"type-product","3":"status-publish","4":"has-post-thumbnail","6":"product_cat-kontrola-temperature-kalupa-sr","7":"product_cat-moretto-sr","8":"product_cat-oprema-sr","10":"first","11":"instock","12":"shipping-taxable","13":"product-type-simple"},"yoast_head":"<!-- This site is optimized with the Yoast SEO plugin v27.4 - https:\/\/yoast.com\/product\/yoast-seo-wordpress\/ -->\n<title>Termohladnjaci THC - Nomis<\/title>\n<meta name=\"robots\" content=\"index, follow, max-snippet:-1, max-image-preview:large, max-video-preview:-1\" \/>\n<link rel=\"canonical\" href=\"https:\/\/nomis.hr\/sr\/produkt\/termohladnjaci-thc\/\" \/>\n<meta property=\"og:locale\" content=\"sr_RS\" \/>\n<meta property=\"og:type\" content=\"article\" \/>\n<meta property=\"og:title\" content=\"Termohladnjaci THC - Nomis\" \/>\n<meta property=\"og:description\" content=\"THC termohladnjaci (+10\/+95 \u00b0C) nude apsolutnu preciznost kod upravljanja temperaturom, a protok pritiska i vode osiguran je solid-state relejima i upravlja\u010dkim sistemima s mikroprocesorima. Ure\u0111ajima se upravlja putem integriranog displeja u boji pomo\u0107u kojeg se verifikuju i postavljaju svi parametri procesa. S integriranom free-cooler funkcijom mogu\u0107a je optimizacija osnovne potro\u0161nje zavisno o uslovima okoline. Termohladnjaci su spojeni na Modbus RS485.  Glavne karakteristike:   Dvozonsko upravljanje temperaturom  Dve funkcije u jednom ure\u0111aju  Integrisana free-cooling funkcija\" \/>\n<meta property=\"og:url\" content=\"https:\/\/nomis.hr\/sr\/produkt\/termohladnjaci-thc\/\" \/>\n<meta property=\"og:site_name\" content=\"Nomis\" \/>\n<meta property=\"og:image\" content=\"https:\/\/nomis.hr\/wp-content\/uploads\/2022\/05\/Termohladnjaci-THC.jpg\" \/>\n\t<meta property=\"og:image:width\" content=\"1024\" \/>\n\t<meta property=\"og:image:height\" content=\"1024\" \/>\n\t<meta property=\"og:image:type\" content=\"image\/jpeg\" \/>\n<meta name=\"twitter:card\" content=\"summary_large_image\" \/>\n<script type=\"application\/ld+json\" class=\"yoast-schema-graph\">{\"@context\":\"https:\\\/\\\/schema.org\",\"@graph\":[{\"@type\":\"WebPage\",\"@id\":\"https:\\\/\\\/nomis.hr\\\/sr\\\/produkt\\\/termohladnjaci-thc\\\/\",\"url\":\"https:\\\/\\\/nomis.hr\\\/sr\\\/produkt\\\/termohladnjaci-thc\\\/\",\"name\":\"Termohladnjaci THC - Nomis\",\"isPartOf\":{\"@id\":\"https:\\\/\\\/nomis.hr\\\/#website\"},\"primaryImageOfPage\":{\"@id\":\"https:\\\/\\\/nomis.hr\\\/sr\\\/produkt\\\/termohladnjaci-thc\\\/#primaryimage\"},\"image\":{\"@id\":\"https:\\\/\\\/nomis.hr\\\/sr\\\/produkt\\\/termohladnjaci-thc\\\/#primaryimage\"},\"thumbnailUrl\":\"https:\\\/\\\/nomis.hr\\\/wp-content\\\/uploads\\\/2022\\\/05\\\/Termohladnjaci-THC.jpg\",\"datePublished\":\"2022-05-04T19:20:31+00:00\",\"breadcrumb\":{\"@id\":\"https:\\\/\\\/nomis.hr\\\/sr\\\/produkt\\\/termohladnjaci-thc\\\/#breadcrumb\"},\"inLanguage\":\"sr-RS\",\"potentialAction\":[{\"@type\":\"ReadAction\",\"target\":[\"https:\\\/\\\/nomis.hr\\\/sr\\\/produkt\\\/termohladnjaci-thc\\\/\"]}]},{\"@type\":\"ImageObject\",\"inLanguage\":\"sr-RS\",\"@id\":\"https:\\\/\\\/nomis.hr\\\/sr\\\/produkt\\\/termohladnjaci-thc\\\/#primaryimage\",\"url\":\"https:\\\/\\\/nomis.hr\\\/wp-content\\\/uploads\\\/2022\\\/05\\\/Termohladnjaci-THC.jpg\",\"contentUrl\":\"https:\\\/\\\/nomis.hr\\\/wp-content\\\/uploads\\\/2022\\\/05\\\/Termohladnjaci-THC.jpg\",\"width\":1024,\"height\":1024},{\"@type\":\"BreadcrumbList\",\"@id\":\"https:\\\/\\\/nomis.hr\\\/sr\\\/produkt\\\/termohladnjaci-thc\\\/#breadcrumb\",\"itemListElement\":[{\"@type\":\"ListItem\",\"position\":1,\"name\":\"Home\",\"item\":\"https:\\\/\\\/nomis.hr\\\/sr\\\/\"},{\"@type\":\"ListItem\",\"position\":2,\"name\":\"Katalog proizvoda\",\"item\":\"https:\\\/\\\/nomis.hr\\\/sr\\\/katalog-proizvoda\\\/\"},{\"@type\":\"ListItem\",\"position\":3,\"name\":\"Termohladnjaci THC\"}]},{\"@type\":\"WebSite\",\"@id\":\"https:\\\/\\\/nomis.hr\\\/#website\",\"url\":\"https:\\\/\\\/nomis.hr\\\/\",\"name\":\"Nomis\",\"description\":\"Sve za preradu polimera i metala na jednom mjestu!\",\"publisher\":{\"@id\":\"https:\\\/\\\/nomis.hr\\\/#organization\"},\"potentialAction\":[{\"@type\":\"SearchAction\",\"target\":{\"@type\":\"EntryPoint\",\"urlTemplate\":\"https:\\\/\\\/nomis.hr\\\/?s={search_term_string}\"},\"query-input\":{\"@type\":\"PropertyValueSpecification\",\"valueRequired\":true,\"valueName\":\"search_term_string\"}}],\"inLanguage\":\"sr-RS\"},{\"@type\":\"Organization\",\"@id\":\"https:\\\/\\\/nomis.hr\\\/#organization\",\"name\":\"Nomis\",\"url\":\"https:\\\/\\\/nomis.hr\\\/\",\"logo\":{\"@type\":\"ImageObject\",\"inLanguage\":\"sr-RS\",\"@id\":\"https:\\\/\\\/nomis.hr\\\/#\\\/schema\\\/logo\\\/image\\\/\",\"url\":\"https:\\\/\\\/nomis.hr\\\/wp-content\\\/uploads\\\/2021\\\/03\\\/Nomis-logo-admin-login.png\",\"contentUrl\":\"https:\\\/\\\/nomis.hr\\\/wp-content\\\/uploads\\\/2021\\\/03\\\/Nomis-logo-admin-login.png\",\"width\":640,\"height\":163,\"caption\":\"Nomis\"},\"image\":{\"@id\":\"https:\\\/\\\/nomis.hr\\\/#\\\/schema\\\/logo\\\/image\\\/\"}}]}<\/script>\n<!-- \/ Yoast SEO plugin. -->","yoast_head_json":{"title":"Termohladnjaci THC - Nomis","robots":{"index":"index","follow":"follow","max-snippet":"max-snippet:-1","max-image-preview":"max-image-preview:large","max-video-preview":"max-video-preview:-1"},"canonical":"https:\/\/nomis.hr\/sr\/produkt\/termohladnjaci-thc\/","og_locale":"sr_RS","og_type":"article","og_title":"Termohladnjaci THC - Nomis","og_description":"THC termohladnjaci (+10\/+95 \u00b0C) nude apsolutnu preciznost kod upravljanja temperaturom, a protok pritiska i vode osiguran je solid-state relejima i upravlja\u010dkim sistemima s mikroprocesorima. Ure\u0111ajima se upravlja putem integriranog displeja u boji pomo\u0107u kojeg se verifikuju i postavljaju svi parametri procesa. S integriranom free-cooler funkcijom mogu\u0107a je optimizacija osnovne potro\u0161nje zavisno o uslovima okoline. Termohladnjaci su spojeni na Modbus RS485.  Glavne karakteristike:   Dvozonsko upravljanje temperaturom  Dve funkcije u jednom ure\u0111aju  Integrisana free-cooling funkcija","og_url":"https:\/\/nomis.hr\/sr\/produkt\/termohladnjaci-thc\/","og_site_name":"Nomis","og_image":[{"width":1024,"height":1024,"url":"https:\/\/nomis.hr\/wp-content\/uploads\/2022\/05\/Termohladnjaci-THC.jpg","type":"image\/jpeg"}],"twitter_card":"summary_large_image","schema":{"@context":"https:\/\/schema.org","@graph":[{"@type":"WebPage","@id":"https:\/\/nomis.hr\/sr\/produkt\/termohladnjaci-thc\/","url":"https:\/\/nomis.hr\/sr\/produkt\/termohladnjaci-thc\/","name":"Termohladnjaci THC - Nomis","isPartOf":{"@id":"https:\/\/nomis.hr\/#website"},"primaryImageOfPage":{"@id":"https:\/\/nomis.hr\/sr\/produkt\/termohladnjaci-thc\/#primaryimage"},"image":{"@id":"https:\/\/nomis.hr\/sr\/produkt\/termohladnjaci-thc\/#primaryimage"},"thumbnailUrl":"https:\/\/nomis.hr\/wp-content\/uploads\/2022\/05\/Termohladnjaci-THC.jpg","datePublished":"2022-05-04T19:20:31+00:00","breadcrumb":{"@id":"https:\/\/nomis.hr\/sr\/produkt\/termohladnjaci-thc\/#breadcrumb"},"inLanguage":"sr-RS","potentialAction":[{"@type":"ReadAction","target":["https:\/\/nomis.hr\/sr\/produkt\/termohladnjaci-thc\/"]}]},{"@type":"ImageObject","inLanguage":"sr-RS","@id":"https:\/\/nomis.hr\/sr\/produkt\/termohladnjaci-thc\/#primaryimage","url":"https:\/\/nomis.hr\/wp-content\/uploads\/2022\/05\/Termohladnjaci-THC.jpg","contentUrl":"https:\/\/nomis.hr\/wp-content\/uploads\/2022\/05\/Termohladnjaci-THC.jpg","width":1024,"height":1024},{"@type":"BreadcrumbList","@id":"https:\/\/nomis.hr\/sr\/produkt\/termohladnjaci-thc\/#breadcrumb","itemListElement":[{"@type":"ListItem","position":1,"name":"Home","item":"https:\/\/nomis.hr\/sr\/"},{"@type":"ListItem","position":2,"name":"Katalog proizvoda","item":"https:\/\/nomis.hr\/sr\/katalog-proizvoda\/"},{"@type":"ListItem","position":3,"name":"Termohladnjaci THC"}]},{"@type":"WebSite","@id":"https:\/\/nomis.hr\/#website","url":"https:\/\/nomis.hr\/","name":"Nomis","description":"Sve za preradu polimera i metala na jednom mjestu!","publisher":{"@id":"https:\/\/nomis.hr\/#organization"},"potentialAction":[{"@type":"SearchAction","target":{"@type":"EntryPoint","urlTemplate":"https:\/\/nomis.hr\/?s={search_term_string}"},"query-input":{"@type":"PropertyValueSpecification","valueRequired":true,"valueName":"search_term_string"}}],"inLanguage":"sr-RS"},{"@type":"Organization","@id":"https:\/\/nomis.hr\/#organization","name":"Nomis","url":"https:\/\/nomis.hr\/","logo":{"@type":"ImageObject","inLanguage":"sr-RS","@id":"https:\/\/nomis.hr\/#\/schema\/logo\/image\/","url":"https:\/\/nomis.hr\/wp-content\/uploads\/2021\/03\/Nomis-logo-admin-login.png","contentUrl":"https:\/\/nomis.hr\/wp-content\/uploads\/2021\/03\/Nomis-logo-admin-login.png","width":640,"height":163,"caption":"Nomis"},"image":{"@id":"https:\/\/nomis.hr\/#\/schema\/logo\/image\/"}}]}},"_links":{"self":[{"href":"https:\/\/nomis.hr\/sr\/wp-json\/wp\/v2\/product\/4075","targetHints":{"allow":["GET"]}}],"collection":[{"href":"https:\/\/nomis.hr\/sr\/wp-json\/wp\/v2\/product"}],"about":[{"href":"https:\/\/nomis.hr\/sr\/wp-json\/wp\/v2\/types\/product"}],"wp:featuredmedia":[{"embeddable":true,"href":"https:\/\/nomis.hr\/sr\/wp-json\/wp\/v2\/media\/4076"}],"wp:attachment":[{"href":"https:\/\/nomis.hr\/sr\/wp-json\/wp\/v2\/media?parent=4075"}],"wp:term":[{"taxonomy":"product_brand","embeddable":true,"href":"https:\/\/nomis.hr\/sr\/wp-json\/wp\/v2\/product_brand?post=4075"},{"taxonomy":"product_cat","embeddable":true,"href":"https:\/\/nomis.hr\/sr\/wp-json\/wp\/v2\/product_cat?post=4075"},{"taxonomy":"product_tag","embeddable":true,"href":"https:\/\/nomis.hr\/sr\/wp-json\/wp\/v2\/product_tag?post=4075"}],"curies":[{"name":"wp","href":"https:\/\/api.w.org\/{rel}","templated":true}]}}