{"id":4079,"date":"2022-05-04T21:18:25","date_gmt":"2022-05-04T19:18:25","guid":{"rendered":"https:\/\/nomis.hr\/product\/temperirala-na-vodu-twk-zero-s-90c\/"},"modified":"2022-05-04T21:18:25","modified_gmt":"2022-05-04T19:18:25","slug":"temperirala-na-vodu-twk-zero-s-90c","status":"publish","type":"product","link":"https:\/\/nomis.hr\/sr\/produkt\/temperirala-na-vodu-twk-zero-s-90c\/","title":{"rendered":"Temperirala na vodu TWK ZERO S 90\u00b0C"},"content":{"rendered":"","protected":false},"excerpt":{"rendered":"<p>TWK ZERO SKY je mini temperiralo na vodu za rad sa maksimalnom temperaturom od 90\u00b0C, prikladno za mikro injekcijsko brizganje i ekstruziju. Karakteri\u0161e ga visoka u\u010dinkovitost uz nisku potro\u0161nju energije, te sistem za automatsko nadopunjavanje za zahtevne primene. Temperirala su opremljena jednostavnim korisni\u010dkim interfejsom zahvaljuju\u0107i LED upravlja\u010dkoj plo\u010di i grafu za upravljanje protokom<\/p>\n<p>Dostupan MOWIS sistem upravljanja.<\/p>\n<p>Glavne karakteristike:<\/p>\n<ul>\n<li>Posve\u0107en mikro-injekcijskom brizganju<\/li>\n<li>Velika preciznost<\/li>\n<li>Automatsko nadopunjavanje<\/li>\n<\/ul>\n","protected":false},"featured_media":4080,"template":"","meta":[],"product_cat":[204,248,257],"product_tag":[],"yoast_head":"<!-- This site is optimized with the Yoast SEO plugin v21.3 - https:\/\/yoast.com\/wordpress\/plugins\/seo\/ -->\n<title>Temperirala na vodu TWK ZERO S 90\u00b0C - Nomis<\/title>\n<meta name=\"robots\" content=\"index, follow, max-snippet:-1, max-image-preview:large, max-video-preview:-1\" \/>\n<link rel=\"canonical\" href=\"https:\/\/nomis.hr\/sr\/produkt\/temperirala-na-vodu-twk-zero-s-90c\/\" \/>\n<meta property=\"og:locale\" content=\"sr_RS\" \/>\n<meta property=\"og:type\" content=\"article\" \/>\n<meta property=\"og:title\" content=\"Temperirala na vodu TWK ZERO S 90\u00b0C - Nomis\" \/>\n<meta property=\"og:description\" content=\"TWK ZERO SKY je mini temperiralo na vodu za rad sa maksimalnom temperaturom od 90\u00b0C, prikladno za mikro injekcijsko brizganje i ekstruziju. Karakteri\u0161e ga visoka u\u010dinkovitost uz nisku potro\u0161nju energije, te sistem za automatsko nadopunjavanje za zahtevne primene. Temperirala su opremljena jednostavnim korisni\u010dkim interfejsom zahvaljuju\u0107i LED upravlja\u010dkoj plo\u010di i grafu za upravljanje protokom  Dostupan MOWIS sistem upravljanja.  Glavne karakteristike:   Posve\u0107en mikro-injekcijskom brizganju  Velika preciznost  Automatsko nadopunjavanje\" \/>\n<meta property=\"og:url\" content=\"https:\/\/nomis.hr\/sr\/produkt\/temperirala-na-vodu-twk-zero-s-90c\/\" \/>\n<meta property=\"og:site_name\" content=\"Nomis\" \/>\n<meta property=\"og:image\" content=\"https:\/\/nomis.hr\/wp-content\/uploads\/2022\/05\/Temperirala-na-vodu-TWK-ZERO-S-90\u00b0C.jpg\" \/>\n\t<meta property=\"og:image:width\" content=\"1024\" \/>\n\t<meta property=\"og:image:height\" content=\"1024\" \/>\n\t<meta property=\"og:image:type\" content=\"image\/jpeg\" \/>\n<meta name=\"twitter:card\" content=\"summary_large_image\" \/>\n<script type=\"application\/ld+json\" class=\"yoast-schema-graph\">{\"@context\":\"https:\/\/schema.org\",\"@graph\":[{\"@type\":\"WebPage\",\"@id\":\"https:\/\/nomis.hr\/sr\/produkt\/temperirala-na-vodu-twk-zero-s-90c\/\",\"url\":\"https:\/\/nomis.hr\/sr\/produkt\/temperirala-na-vodu-twk-zero-s-90c\/\",\"name\":\"Temperirala na vodu TWK ZERO S 90\u00b0C - Nomis\",\"isPartOf\":{\"@id\":\"https:\/\/nomis.hr\/#website\"},\"datePublished\":\"2022-05-04T19:18:25+00:00\",\"dateModified\":\"2022-05-04T19:18:25+00:00\",\"breadcrumb\":{\"@id\":\"https:\/\/nomis.hr\/sr\/produkt\/temperirala-na-vodu-twk-zero-s-90c\/#breadcrumb\"},\"inLanguage\":\"sr-RS\",\"potentialAction\":[{\"@type\":\"ReadAction\",\"target\":[\"https:\/\/nomis.hr\/sr\/produkt\/temperirala-na-vodu-twk-zero-s-90c\/\"]}]},{\"@type\":\"BreadcrumbList\",\"@id\":\"https:\/\/nomis.hr\/sr\/produkt\/temperirala-na-vodu-twk-zero-s-90c\/#breadcrumb\",\"itemListElement\":[{\"@type\":\"ListItem\",\"position\":1,\"name\":\"Home\",\"item\":\"https:\/\/nomis.hr\/sr\/\"},{\"@type\":\"ListItem\",\"position\":2,\"name\":\"Katalog proizvoda\",\"item\":\"https:\/\/nomis.hr\/sr\/katalog-proizvoda\/\"},{\"@type\":\"ListItem\",\"position\":3,\"name\":\"Temperirala na vodu TWK ZERO S 90\u00b0C\"}]},{\"@type\":\"WebSite\",\"@id\":\"https:\/\/nomis.hr\/#website\",\"url\":\"https:\/\/nomis.hr\/\",\"name\":\"Nomis\",\"description\":\"Sve za preradu polimera i metala na jednom mjestu!\",\"publisher\":{\"@id\":\"https:\/\/nomis.hr\/#organization\"},\"potentialAction\":[{\"@type\":\"SearchAction\",\"target\":{\"@type\":\"EntryPoint\",\"urlTemplate\":\"https:\/\/nomis.hr\/?s={search_term_string}\"},\"query-input\":\"required name=search_term_string\"}],\"inLanguage\":\"sr-RS\"},{\"@type\":\"Organization\",\"@id\":\"https:\/\/nomis.hr\/#organization\",\"name\":\"Nomis\",\"url\":\"https:\/\/nomis.hr\/\",\"logo\":{\"@type\":\"ImageObject\",\"inLanguage\":\"sr-RS\",\"@id\":\"https:\/\/nomis.hr\/#\/schema\/logo\/image\/\",\"url\":\"https:\/\/nomis.hr\/wp-content\/uploads\/2021\/03\/Nomis-logo-admin-login.png\",\"contentUrl\":\"https:\/\/nomis.hr\/wp-content\/uploads\/2021\/03\/Nomis-logo-admin-login.png\",\"width\":640,\"height\":163,\"caption\":\"Nomis\"},\"image\":{\"@id\":\"https:\/\/nomis.hr\/#\/schema\/logo\/image\/\"}}]}<\/script>\n<!-- \/ Yoast SEO plugin. -->","yoast_head_json":{"title":"Temperirala na vodu TWK ZERO S 90\u00b0C - Nomis","robots":{"index":"index","follow":"follow","max-snippet":"max-snippet:-1","max-image-preview":"max-image-preview:large","max-video-preview":"max-video-preview:-1"},"canonical":"https:\/\/nomis.hr\/sr\/produkt\/temperirala-na-vodu-twk-zero-s-90c\/","og_locale":"sr_RS","og_type":"article","og_title":"Temperirala na vodu TWK ZERO S 90\u00b0C - Nomis","og_description":"TWK ZERO SKY je mini temperiralo na vodu za rad sa maksimalnom temperaturom od 90\u00b0C, prikladno za mikro injekcijsko brizganje i ekstruziju. Karakteri\u0161e ga visoka u\u010dinkovitost uz nisku potro\u0161nju energije, te sistem za automatsko nadopunjavanje za zahtevne primene. Temperirala su opremljena jednostavnim korisni\u010dkim interfejsom zahvaljuju\u0107i LED upravlja\u010dkoj plo\u010di i grafu za upravljanje protokom  Dostupan MOWIS sistem upravljanja.  Glavne karakteristike:   Posve\u0107en mikro-injekcijskom brizganju  Velika preciznost  Automatsko nadopunjavanje","og_url":"https:\/\/nomis.hr\/sr\/produkt\/temperirala-na-vodu-twk-zero-s-90c\/","og_site_name":"Nomis","og_image":[{"width":1024,"height":1024,"url":"https:\/\/nomis.hr\/wp-content\/uploads\/2022\/05\/Temperirala-na-vodu-TWK-ZERO-S-90\u00b0C.jpg","type":"image\/jpeg"}],"twitter_card":"summary_large_image","schema":{"@context":"https:\/\/schema.org","@graph":[{"@type":"WebPage","@id":"https:\/\/nomis.hr\/sr\/produkt\/temperirala-na-vodu-twk-zero-s-90c\/","url":"https:\/\/nomis.hr\/sr\/produkt\/temperirala-na-vodu-twk-zero-s-90c\/","name":"Temperirala na vodu TWK ZERO S 90\u00b0C - Nomis","isPartOf":{"@id":"https:\/\/nomis.hr\/#website"},"datePublished":"2022-05-04T19:18:25+00:00","dateModified":"2022-05-04T19:18:25+00:00","breadcrumb":{"@id":"https:\/\/nomis.hr\/sr\/produkt\/temperirala-na-vodu-twk-zero-s-90c\/#breadcrumb"},"inLanguage":"sr-RS","potentialAction":[{"@type":"ReadAction","target":["https:\/\/nomis.hr\/sr\/produkt\/temperirala-na-vodu-twk-zero-s-90c\/"]}]},{"@type":"BreadcrumbList","@id":"https:\/\/nomis.hr\/sr\/produkt\/temperirala-na-vodu-twk-zero-s-90c\/#breadcrumb","itemListElement":[{"@type":"ListItem","position":1,"name":"Home","item":"https:\/\/nomis.hr\/sr\/"},{"@type":"ListItem","position":2,"name":"Katalog proizvoda","item":"https:\/\/nomis.hr\/sr\/katalog-proizvoda\/"},{"@type":"ListItem","position":3,"name":"Temperirala na vodu TWK ZERO S 90\u00b0C"}]},{"@type":"WebSite","@id":"https:\/\/nomis.hr\/#website","url":"https:\/\/nomis.hr\/","name":"Nomis","description":"Sve za preradu polimera i metala na jednom mjestu!","publisher":{"@id":"https:\/\/nomis.hr\/#organization"},"potentialAction":[{"@type":"SearchAction","target":{"@type":"EntryPoint","urlTemplate":"https:\/\/nomis.hr\/?s={search_term_string}"},"query-input":"required name=search_term_string"}],"inLanguage":"sr-RS"},{"@type":"Organization","@id":"https:\/\/nomis.hr\/#organization","name":"Nomis","url":"https:\/\/nomis.hr\/","logo":{"@type":"ImageObject","inLanguage":"sr-RS","@id":"https:\/\/nomis.hr\/#\/schema\/logo\/image\/","url":"https:\/\/nomis.hr\/wp-content\/uploads\/2021\/03\/Nomis-logo-admin-login.png","contentUrl":"https:\/\/nomis.hr\/wp-content\/uploads\/2021\/03\/Nomis-logo-admin-login.png","width":640,"height":163,"caption":"Nomis"},"image":{"@id":"https:\/\/nomis.hr\/#\/schema\/logo\/image\/"}}]}},"_links":{"self":[{"href":"https:\/\/nomis.hr\/sr\/wp-json\/wp\/v2\/product\/4079"}],"collection":[{"href":"https:\/\/nomis.hr\/sr\/wp-json\/wp\/v2\/product"}],"about":[{"href":"https:\/\/nomis.hr\/sr\/wp-json\/wp\/v2\/types\/product"}],"wp:featuredmedia":[{"embeddable":true,"href":"https:\/\/nomis.hr\/sr\/wp-json\/wp\/v2\/media\/4080"}],"wp:attachment":[{"href":"https:\/\/nomis.hr\/sr\/wp-json\/wp\/v2\/media?parent=4079"}],"wp:term":[{"taxonomy":"product_cat","embeddable":true,"href":"https:\/\/nomis.hr\/sr\/wp-json\/wp\/v2\/product_cat?post=4079"},{"taxonomy":"product_tag","embeddable":true,"href":"https:\/\/nomis.hr\/sr\/wp-json\/wp\/v2\/product_tag?post=4079"}],"curies":[{"name":"wp","href":"https:\/\/api.w.org\/{rel}","templated":true}]}}