{"id":4085,"date":"2022-05-04T21:14:03","date_gmt":"2022-05-04T19:14:03","guid":{"rendered":"https:\/\/nomis.hr\/product\/temperirala-na-ulje-tok-150c-300c\/"},"modified":"2022-05-04T21:14:03","modified_gmt":"2022-05-04T19:14:03","slug":"temperirala-na-ulje-tok-150c-300c","status":"publish","type":"product","link":"https:\/\/nomis.hr\/sr\/produkt\/temperirala-na-ulje-tok-150c-300c\/","title":{"rendered":"Temperirala na ulje TOK 150\u00b0C &#8211; 300\u00b0C"},"content":{"rendered":"","protected":false},"excerpt":{"rendered":"<p>TOK serija temperirala na ulje za rad s temperaturom od\u00a0 150\u00b0C do 300\u00b0C s visokom preciznosti. Modularna konstrukcija od ner\u0111aju\u0107eg \u010delika osigurava u\u010dinkovit protok kroz krug punjenja kalupa. Hermeti\u010dki rezervoar od ner\u0111aju\u0107eg \u010delika smanjuje toplinsku inerciju i garantuje trenutni odziv. Dostupan MOWIS sistem upravljanja.<\/p>\n<p>Glavne karakteristike:<\/p>\n<ul>\n<li>Visoka preciznost kod upravljanja procesom<\/li>\n<li>Konstrukcija od ner\u0111aju\u0107eg \u010delika<\/li>\n<li>Upravljanje pritiskom i protokom<\/li>\n<\/ul>\n","protected":false},"featured_media":4086,"template":"","meta":[],"product_brand":[],"product_cat":[257,248,204],"product_tag":[],"class_list":{"0":"post-4085","1":"product","2":"type-product","3":"status-publish","4":"has-post-thumbnail","6":"product_cat-kontrola-temperature-kalupa-sr","7":"product_cat-moretto-sr","8":"product_cat-oprema-sr","10":"first","11":"instock","12":"shipping-taxable","13":"product-type-simple"},"yoast_head":"<!-- This site is optimized with the Yoast SEO plugin v27.4 - https:\/\/yoast.com\/product\/yoast-seo-wordpress\/ -->\n<title>Temperirala na ulje TOK 150\u00b0C - 300\u00b0C - Nomis<\/title>\n<meta name=\"robots\" content=\"index, follow, max-snippet:-1, max-image-preview:large, max-video-preview:-1\" \/>\n<link rel=\"canonical\" href=\"https:\/\/nomis.hr\/sr\/produkt\/temperirala-na-ulje-tok-150c-300c\/\" \/>\n<meta property=\"og:locale\" content=\"sr_RS\" \/>\n<meta property=\"og:type\" content=\"article\" \/>\n<meta property=\"og:title\" content=\"Temperirala na ulje TOK 150\u00b0C - 300\u00b0C - Nomis\" \/>\n<meta property=\"og:description\" content=\"TOK serija temperirala na ulje za rad s temperaturom od\u00a0 150\u00b0C do 300\u00b0C s visokom preciznosti. Modularna konstrukcija od ner\u0111aju\u0107eg \u010delika osigurava u\u010dinkovit protok kroz krug punjenja kalupa. Hermeti\u010dki rezervoar od ner\u0111aju\u0107eg \u010delika smanjuje toplinsku inerciju i garantuje trenutni odziv. Dostupan MOWIS sistem upravljanja.  Glavne karakteristike:   Visoka preciznost kod upravljanja procesom  Konstrukcija od ner\u0111aju\u0107eg \u010delika  Upravljanje pritiskom i protokom\" \/>\n<meta property=\"og:url\" content=\"https:\/\/nomis.hr\/sr\/produkt\/temperirala-na-ulje-tok-150c-300c\/\" \/>\n<meta property=\"og:site_name\" content=\"Nomis\" \/>\n<meta property=\"og:image\" content=\"https:\/\/nomis.hr\/wp-content\/uploads\/2022\/05\/Temperirala-na-ulje-TOK-150\u00b0C-300\u00b0C.jpg\" \/>\n\t<meta property=\"og:image:width\" content=\"1024\" \/>\n\t<meta property=\"og:image:height\" content=\"1024\" \/>\n\t<meta property=\"og:image:type\" content=\"image\/jpeg\" \/>\n<meta name=\"twitter:card\" content=\"summary_large_image\" \/>\n<script type=\"application\/ld+json\" class=\"yoast-schema-graph\">{\"@context\":\"https:\\\/\\\/schema.org\",\"@graph\":[{\"@type\":\"WebPage\",\"@id\":\"https:\\\/\\\/nomis.hr\\\/sr\\\/produkt\\\/temperirala-na-ulje-tok-150c-300c\\\/\",\"url\":\"https:\\\/\\\/nomis.hr\\\/sr\\\/produkt\\\/temperirala-na-ulje-tok-150c-300c\\\/\",\"name\":\"Temperirala na ulje TOK 150\u00b0C - 300\u00b0C - Nomis\",\"isPartOf\":{\"@id\":\"https:\\\/\\\/nomis.hr\\\/#website\"},\"primaryImageOfPage\":{\"@id\":\"https:\\\/\\\/nomis.hr\\\/sr\\\/produkt\\\/temperirala-na-ulje-tok-150c-300c\\\/#primaryimage\"},\"image\":{\"@id\":\"https:\\\/\\\/nomis.hr\\\/sr\\\/produkt\\\/temperirala-na-ulje-tok-150c-300c\\\/#primaryimage\"},\"thumbnailUrl\":\"https:\\\/\\\/nomis.hr\\\/wp-content\\\/uploads\\\/2022\\\/05\\\/Temperirala-na-ulje-TOK-150\u00b0C-300\u00b0C.jpg\",\"datePublished\":\"2022-05-04T19:14:03+00:00\",\"breadcrumb\":{\"@id\":\"https:\\\/\\\/nomis.hr\\\/sr\\\/produkt\\\/temperirala-na-ulje-tok-150c-300c\\\/#breadcrumb\"},\"inLanguage\":\"sr-RS\",\"potentialAction\":[{\"@type\":\"ReadAction\",\"target\":[\"https:\\\/\\\/nomis.hr\\\/sr\\\/produkt\\\/temperirala-na-ulje-tok-150c-300c\\\/\"]}]},{\"@type\":\"ImageObject\",\"inLanguage\":\"sr-RS\",\"@id\":\"https:\\\/\\\/nomis.hr\\\/sr\\\/produkt\\\/temperirala-na-ulje-tok-150c-300c\\\/#primaryimage\",\"url\":\"https:\\\/\\\/nomis.hr\\\/wp-content\\\/uploads\\\/2022\\\/05\\\/Temperirala-na-ulje-TOK-150\u00b0C-300\u00b0C.jpg\",\"contentUrl\":\"https:\\\/\\\/nomis.hr\\\/wp-content\\\/uploads\\\/2022\\\/05\\\/Temperirala-na-ulje-TOK-150\u00b0C-300\u00b0C.jpg\",\"width\":1024,\"height\":1024},{\"@type\":\"BreadcrumbList\",\"@id\":\"https:\\\/\\\/nomis.hr\\\/sr\\\/produkt\\\/temperirala-na-ulje-tok-150c-300c\\\/#breadcrumb\",\"itemListElement\":[{\"@type\":\"ListItem\",\"position\":1,\"name\":\"Home\",\"item\":\"https:\\\/\\\/nomis.hr\\\/sr\\\/\"},{\"@type\":\"ListItem\",\"position\":2,\"name\":\"Katalog proizvoda\",\"item\":\"https:\\\/\\\/nomis.hr\\\/sr\\\/katalog-proizvoda\\\/\"},{\"@type\":\"ListItem\",\"position\":3,\"name\":\"Temperirala na ulje TOK 150\u00b0C &#8211; 300\u00b0C\"}]},{\"@type\":\"WebSite\",\"@id\":\"https:\\\/\\\/nomis.hr\\\/#website\",\"url\":\"https:\\\/\\\/nomis.hr\\\/\",\"name\":\"Nomis\",\"description\":\"Sve za preradu polimera i metala na jednom mjestu!\",\"publisher\":{\"@id\":\"https:\\\/\\\/nomis.hr\\\/#organization\"},\"potentialAction\":[{\"@type\":\"SearchAction\",\"target\":{\"@type\":\"EntryPoint\",\"urlTemplate\":\"https:\\\/\\\/nomis.hr\\\/?s={search_term_string}\"},\"query-input\":{\"@type\":\"PropertyValueSpecification\",\"valueRequired\":true,\"valueName\":\"search_term_string\"}}],\"inLanguage\":\"sr-RS\"},{\"@type\":\"Organization\",\"@id\":\"https:\\\/\\\/nomis.hr\\\/#organization\",\"name\":\"Nomis\",\"url\":\"https:\\\/\\\/nomis.hr\\\/\",\"logo\":{\"@type\":\"ImageObject\",\"inLanguage\":\"sr-RS\",\"@id\":\"https:\\\/\\\/nomis.hr\\\/#\\\/schema\\\/logo\\\/image\\\/\",\"url\":\"https:\\\/\\\/nomis.hr\\\/wp-content\\\/uploads\\\/2021\\\/03\\\/Nomis-logo-admin-login.png\",\"contentUrl\":\"https:\\\/\\\/nomis.hr\\\/wp-content\\\/uploads\\\/2021\\\/03\\\/Nomis-logo-admin-login.png\",\"width\":640,\"height\":163,\"caption\":\"Nomis\"},\"image\":{\"@id\":\"https:\\\/\\\/nomis.hr\\\/#\\\/schema\\\/logo\\\/image\\\/\"}}]}<\/script>\n<!-- \/ Yoast SEO plugin. -->","yoast_head_json":{"title":"Temperirala na ulje TOK 150\u00b0C - 300\u00b0C - Nomis","robots":{"index":"index","follow":"follow","max-snippet":"max-snippet:-1","max-image-preview":"max-image-preview:large","max-video-preview":"max-video-preview:-1"},"canonical":"https:\/\/nomis.hr\/sr\/produkt\/temperirala-na-ulje-tok-150c-300c\/","og_locale":"sr_RS","og_type":"article","og_title":"Temperirala na ulje TOK 150\u00b0C - 300\u00b0C - Nomis","og_description":"TOK serija temperirala na ulje za rad s temperaturom od\u00a0 150\u00b0C do 300\u00b0C s visokom preciznosti. Modularna konstrukcija od ner\u0111aju\u0107eg \u010delika osigurava u\u010dinkovit protok kroz krug punjenja kalupa. Hermeti\u010dki rezervoar od ner\u0111aju\u0107eg \u010delika smanjuje toplinsku inerciju i garantuje trenutni odziv. Dostupan MOWIS sistem upravljanja.  Glavne karakteristike:   Visoka preciznost kod upravljanja procesom  Konstrukcija od ner\u0111aju\u0107eg \u010delika  Upravljanje pritiskom i protokom","og_url":"https:\/\/nomis.hr\/sr\/produkt\/temperirala-na-ulje-tok-150c-300c\/","og_site_name":"Nomis","og_image":[{"width":1024,"height":1024,"url":"https:\/\/nomis.hr\/wp-content\/uploads\/2022\/05\/Temperirala-na-ulje-TOK-150\u00b0C-300\u00b0C.jpg","type":"image\/jpeg"}],"twitter_card":"summary_large_image","schema":{"@context":"https:\/\/schema.org","@graph":[{"@type":"WebPage","@id":"https:\/\/nomis.hr\/sr\/produkt\/temperirala-na-ulje-tok-150c-300c\/","url":"https:\/\/nomis.hr\/sr\/produkt\/temperirala-na-ulje-tok-150c-300c\/","name":"Temperirala na ulje TOK 150\u00b0C - 300\u00b0C - Nomis","isPartOf":{"@id":"https:\/\/nomis.hr\/#website"},"primaryImageOfPage":{"@id":"https:\/\/nomis.hr\/sr\/produkt\/temperirala-na-ulje-tok-150c-300c\/#primaryimage"},"image":{"@id":"https:\/\/nomis.hr\/sr\/produkt\/temperirala-na-ulje-tok-150c-300c\/#primaryimage"},"thumbnailUrl":"https:\/\/nomis.hr\/wp-content\/uploads\/2022\/05\/Temperirala-na-ulje-TOK-150\u00b0C-300\u00b0C.jpg","datePublished":"2022-05-04T19:14:03+00:00","breadcrumb":{"@id":"https:\/\/nomis.hr\/sr\/produkt\/temperirala-na-ulje-tok-150c-300c\/#breadcrumb"},"inLanguage":"sr-RS","potentialAction":[{"@type":"ReadAction","target":["https:\/\/nomis.hr\/sr\/produkt\/temperirala-na-ulje-tok-150c-300c\/"]}]},{"@type":"ImageObject","inLanguage":"sr-RS","@id":"https:\/\/nomis.hr\/sr\/produkt\/temperirala-na-ulje-tok-150c-300c\/#primaryimage","url":"https:\/\/nomis.hr\/wp-content\/uploads\/2022\/05\/Temperirala-na-ulje-TOK-150\u00b0C-300\u00b0C.jpg","contentUrl":"https:\/\/nomis.hr\/wp-content\/uploads\/2022\/05\/Temperirala-na-ulje-TOK-150\u00b0C-300\u00b0C.jpg","width":1024,"height":1024},{"@type":"BreadcrumbList","@id":"https:\/\/nomis.hr\/sr\/produkt\/temperirala-na-ulje-tok-150c-300c\/#breadcrumb","itemListElement":[{"@type":"ListItem","position":1,"name":"Home","item":"https:\/\/nomis.hr\/sr\/"},{"@type":"ListItem","position":2,"name":"Katalog proizvoda","item":"https:\/\/nomis.hr\/sr\/katalog-proizvoda\/"},{"@type":"ListItem","position":3,"name":"Temperirala na ulje TOK 150\u00b0C &#8211; 300\u00b0C"}]},{"@type":"WebSite","@id":"https:\/\/nomis.hr\/#website","url":"https:\/\/nomis.hr\/","name":"Nomis","description":"Sve za preradu polimera i metala na jednom mjestu!","publisher":{"@id":"https:\/\/nomis.hr\/#organization"},"potentialAction":[{"@type":"SearchAction","target":{"@type":"EntryPoint","urlTemplate":"https:\/\/nomis.hr\/?s={search_term_string}"},"query-input":{"@type":"PropertyValueSpecification","valueRequired":true,"valueName":"search_term_string"}}],"inLanguage":"sr-RS"},{"@type":"Organization","@id":"https:\/\/nomis.hr\/#organization","name":"Nomis","url":"https:\/\/nomis.hr\/","logo":{"@type":"ImageObject","inLanguage":"sr-RS","@id":"https:\/\/nomis.hr\/#\/schema\/logo\/image\/","url":"https:\/\/nomis.hr\/wp-content\/uploads\/2021\/03\/Nomis-logo-admin-login.png","contentUrl":"https:\/\/nomis.hr\/wp-content\/uploads\/2021\/03\/Nomis-logo-admin-login.png","width":640,"height":163,"caption":"Nomis"},"image":{"@id":"https:\/\/nomis.hr\/#\/schema\/logo\/image\/"}}]}},"_links":{"self":[{"href":"https:\/\/nomis.hr\/sr\/wp-json\/wp\/v2\/product\/4085","targetHints":{"allow":["GET"]}}],"collection":[{"href":"https:\/\/nomis.hr\/sr\/wp-json\/wp\/v2\/product"}],"about":[{"href":"https:\/\/nomis.hr\/sr\/wp-json\/wp\/v2\/types\/product"}],"wp:featuredmedia":[{"embeddable":true,"href":"https:\/\/nomis.hr\/sr\/wp-json\/wp\/v2\/media\/4086"}],"wp:attachment":[{"href":"https:\/\/nomis.hr\/sr\/wp-json\/wp\/v2\/media?parent=4085"}],"wp:term":[{"taxonomy":"product_brand","embeddable":true,"href":"https:\/\/nomis.hr\/sr\/wp-json\/wp\/v2\/product_brand?post=4085"},{"taxonomy":"product_cat","embeddable":true,"href":"https:\/\/nomis.hr\/sr\/wp-json\/wp\/v2\/product_cat?post=4085"},{"taxonomy":"product_tag","embeddable":true,"href":"https:\/\/nomis.hr\/sr\/wp-json\/wp\/v2\/product_tag?post=4085"}],"curies":[{"name":"wp","href":"https:\/\/api.w.org\/{rel}","templated":true}]}}