{"id":4091,"date":"2022-05-04T21:30:22","date_gmt":"2022-05-04T19:30:22","guid":{"rendered":"https:\/\/nomis.hr\/product\/grv-variant-mlinovi-sa-promjenjivom-brzinom-vrtnje\/"},"modified":"2022-05-04T21:30:22","modified_gmt":"2022-05-04T19:30:22","slug":"grv-variant-mlinovi-sa-promjenjivom-brzinom-vrtnje","status":"publish","type":"product","link":"https:\/\/nomis.hr\/sr\/produkt\/grv-variant-mlinovi-sa-promjenjivom-brzinom-vrtnje\/","title":{"rendered":"GRV VARIANT mlinovi sa promjenjivom brzinom okretaja"},"content":{"rendered":"","protected":false},"excerpt":{"rendered":"<p>GRV Variant seriju mlinova razlikuje varijabilna brzina okretaja rotora, kako bi se mogli samljeti mekani materijali poput PE i PP i ulivci za vru\u0107om jezgrom. Komora omogu\u0107ava mlevenje \u0161upljih otpresaka, boca \u010dime se dobiva regranulat bez pra\u0161ine. Variant mlinovi imaju podizne o\u0161trice koje re\u017eu po principu makaza, te se mogu opremiti sa hla\u0111enjem rotora. Izolovani magacin izra\u0111en je od ner\u0111aju\u0107eg \u010delika.<\/p>\n<p>Glavne karakteristike:<\/p>\n<ul>\n<li>Varijabilna brzina rotora<\/li>\n<li>Rezanje po principu makaza<\/li>\n<li>Izolovani rezervoar od ner\u0111aju\u0107eg \u010delika<\/li>\n<\/ul>\n","protected":false},"featured_media":4092,"template":"","meta":[],"product_cat":[204,248,259],"product_tag":[],"yoast_head":"<!-- This site is optimized with the Yoast SEO plugin v21.3 - https:\/\/yoast.com\/wordpress\/plugins\/seo\/ -->\n<title>GRV VARIANT mlinovi sa promjenjivom brzinom okretaja - Nomis<\/title>\n<meta name=\"robots\" content=\"index, follow, max-snippet:-1, max-image-preview:large, max-video-preview:-1\" \/>\n<link rel=\"canonical\" href=\"https:\/\/nomis.hr\/sr\/produkt\/grv-variant-mlinovi-sa-promjenjivom-brzinom-vrtnje\/\" \/>\n<meta property=\"og:locale\" content=\"sr_RS\" \/>\n<meta property=\"og:type\" content=\"article\" \/>\n<meta property=\"og:title\" content=\"GRV VARIANT mlinovi sa promjenjivom brzinom okretaja - Nomis\" \/>\n<meta property=\"og:description\" content=\"GRV Variant seriju mlinova razlikuje varijabilna brzina okretaja rotora, kako bi se mogli samljeti mekani materijali poput PE i PP i ulivci za vru\u0107om jezgrom. Komora omogu\u0107ava mlevenje \u0161upljih otpresaka, boca \u010dime se dobiva regranulat bez pra\u0161ine. Variant mlinovi imaju podizne o\u0161trice koje re\u017eu po principu makaza, te se mogu opremiti sa hla\u0111enjem rotora. Izolovani magacin izra\u0111en je od ner\u0111aju\u0107eg \u010delika.  Glavne karakteristike:   Varijabilna brzina rotora  Rezanje po principu makaza  Izolovani rezervoar od ner\u0111aju\u0107eg \u010delika\" \/>\n<meta property=\"og:url\" content=\"https:\/\/nomis.hr\/sr\/produkt\/grv-variant-mlinovi-sa-promjenjivom-brzinom-vrtnje\/\" \/>\n<meta property=\"og:site_name\" content=\"Nomis\" \/>\n<meta property=\"og:image\" content=\"https:\/\/nomis.hr\/wp-content\/uploads\/2022\/05\/GRV-VARIANT-mlinovi.jpg\" \/>\n\t<meta property=\"og:image:width\" content=\"1024\" \/>\n\t<meta property=\"og:image:height\" content=\"1024\" \/>\n\t<meta property=\"og:image:type\" content=\"image\/jpeg\" \/>\n<meta name=\"twitter:card\" content=\"summary_large_image\" \/>\n<script type=\"application\/ld+json\" class=\"yoast-schema-graph\">{\"@context\":\"https:\/\/schema.org\",\"@graph\":[{\"@type\":\"WebPage\",\"@id\":\"https:\/\/nomis.hr\/sr\/produkt\/grv-variant-mlinovi-sa-promjenjivom-brzinom-vrtnje\/\",\"url\":\"https:\/\/nomis.hr\/sr\/produkt\/grv-variant-mlinovi-sa-promjenjivom-brzinom-vrtnje\/\",\"name\":\"GRV VARIANT mlinovi sa promjenjivom brzinom okretaja - Nomis\",\"isPartOf\":{\"@id\":\"https:\/\/nomis.hr\/#website\"},\"datePublished\":\"2022-05-04T19:30:22+00:00\",\"dateModified\":\"2022-05-04T19:30:22+00:00\",\"breadcrumb\":{\"@id\":\"https:\/\/nomis.hr\/sr\/produkt\/grv-variant-mlinovi-sa-promjenjivom-brzinom-vrtnje\/#breadcrumb\"},\"inLanguage\":\"sr-RS\",\"potentialAction\":[{\"@type\":\"ReadAction\",\"target\":[\"https:\/\/nomis.hr\/sr\/produkt\/grv-variant-mlinovi-sa-promjenjivom-brzinom-vrtnje\/\"]}]},{\"@type\":\"BreadcrumbList\",\"@id\":\"https:\/\/nomis.hr\/sr\/produkt\/grv-variant-mlinovi-sa-promjenjivom-brzinom-vrtnje\/#breadcrumb\",\"itemListElement\":[{\"@type\":\"ListItem\",\"position\":1,\"name\":\"Home\",\"item\":\"https:\/\/nomis.hr\/sr\/\"},{\"@type\":\"ListItem\",\"position\":2,\"name\":\"Katalog proizvoda\",\"item\":\"https:\/\/nomis.hr\/sr\/katalog-proizvoda\/\"},{\"@type\":\"ListItem\",\"position\":3,\"name\":\"GRV VARIANT mlinovi sa promjenjivom brzinom okretaja\"}]},{\"@type\":\"WebSite\",\"@id\":\"https:\/\/nomis.hr\/#website\",\"url\":\"https:\/\/nomis.hr\/\",\"name\":\"Nomis\",\"description\":\"Sve za preradu polimera i metala na jednom mjestu!\",\"publisher\":{\"@id\":\"https:\/\/nomis.hr\/#organization\"},\"potentialAction\":[{\"@type\":\"SearchAction\",\"target\":{\"@type\":\"EntryPoint\",\"urlTemplate\":\"https:\/\/nomis.hr\/?s={search_term_string}\"},\"query-input\":\"required name=search_term_string\"}],\"inLanguage\":\"sr-RS\"},{\"@type\":\"Organization\",\"@id\":\"https:\/\/nomis.hr\/#organization\",\"name\":\"Nomis\",\"url\":\"https:\/\/nomis.hr\/\",\"logo\":{\"@type\":\"ImageObject\",\"inLanguage\":\"sr-RS\",\"@id\":\"https:\/\/nomis.hr\/#\/schema\/logo\/image\/\",\"url\":\"https:\/\/nomis.hr\/wp-content\/uploads\/2021\/03\/Nomis-logo-admin-login.png\",\"contentUrl\":\"https:\/\/nomis.hr\/wp-content\/uploads\/2021\/03\/Nomis-logo-admin-login.png\",\"width\":640,\"height\":163,\"caption\":\"Nomis\"},\"image\":{\"@id\":\"https:\/\/nomis.hr\/#\/schema\/logo\/image\/\"}}]}<\/script>\n<!-- \/ Yoast SEO plugin. -->","yoast_head_json":{"title":"GRV VARIANT mlinovi sa promjenjivom brzinom okretaja - Nomis","robots":{"index":"index","follow":"follow","max-snippet":"max-snippet:-1","max-image-preview":"max-image-preview:large","max-video-preview":"max-video-preview:-1"},"canonical":"https:\/\/nomis.hr\/sr\/produkt\/grv-variant-mlinovi-sa-promjenjivom-brzinom-vrtnje\/","og_locale":"sr_RS","og_type":"article","og_title":"GRV VARIANT mlinovi sa promjenjivom brzinom okretaja - Nomis","og_description":"GRV Variant seriju mlinova razlikuje varijabilna brzina okretaja rotora, kako bi se mogli samljeti mekani materijali poput PE i PP i ulivci za vru\u0107om jezgrom. Komora omogu\u0107ava mlevenje \u0161upljih otpresaka, boca \u010dime se dobiva regranulat bez pra\u0161ine. Variant mlinovi imaju podizne o\u0161trice koje re\u017eu po principu makaza, te se mogu opremiti sa hla\u0111enjem rotora. Izolovani magacin izra\u0111en je od ner\u0111aju\u0107eg \u010delika.  Glavne karakteristike:   Varijabilna brzina rotora  Rezanje po principu makaza  Izolovani rezervoar od ner\u0111aju\u0107eg \u010delika","og_url":"https:\/\/nomis.hr\/sr\/produkt\/grv-variant-mlinovi-sa-promjenjivom-brzinom-vrtnje\/","og_site_name":"Nomis","og_image":[{"width":1024,"height":1024,"url":"https:\/\/nomis.hr\/wp-content\/uploads\/2022\/05\/GRV-VARIANT-mlinovi.jpg","type":"image\/jpeg"}],"twitter_card":"summary_large_image","schema":{"@context":"https:\/\/schema.org","@graph":[{"@type":"WebPage","@id":"https:\/\/nomis.hr\/sr\/produkt\/grv-variant-mlinovi-sa-promjenjivom-brzinom-vrtnje\/","url":"https:\/\/nomis.hr\/sr\/produkt\/grv-variant-mlinovi-sa-promjenjivom-brzinom-vrtnje\/","name":"GRV VARIANT mlinovi sa promjenjivom brzinom okretaja - Nomis","isPartOf":{"@id":"https:\/\/nomis.hr\/#website"},"datePublished":"2022-05-04T19:30:22+00:00","dateModified":"2022-05-04T19:30:22+00:00","breadcrumb":{"@id":"https:\/\/nomis.hr\/sr\/produkt\/grv-variant-mlinovi-sa-promjenjivom-brzinom-vrtnje\/#breadcrumb"},"inLanguage":"sr-RS","potentialAction":[{"@type":"ReadAction","target":["https:\/\/nomis.hr\/sr\/produkt\/grv-variant-mlinovi-sa-promjenjivom-brzinom-vrtnje\/"]}]},{"@type":"BreadcrumbList","@id":"https:\/\/nomis.hr\/sr\/produkt\/grv-variant-mlinovi-sa-promjenjivom-brzinom-vrtnje\/#breadcrumb","itemListElement":[{"@type":"ListItem","position":1,"name":"Home","item":"https:\/\/nomis.hr\/sr\/"},{"@type":"ListItem","position":2,"name":"Katalog proizvoda","item":"https:\/\/nomis.hr\/sr\/katalog-proizvoda\/"},{"@type":"ListItem","position":3,"name":"GRV VARIANT mlinovi sa promjenjivom brzinom okretaja"}]},{"@type":"WebSite","@id":"https:\/\/nomis.hr\/#website","url":"https:\/\/nomis.hr\/","name":"Nomis","description":"Sve za preradu polimera i metala na jednom mjestu!","publisher":{"@id":"https:\/\/nomis.hr\/#organization"},"potentialAction":[{"@type":"SearchAction","target":{"@type":"EntryPoint","urlTemplate":"https:\/\/nomis.hr\/?s={search_term_string}"},"query-input":"required name=search_term_string"}],"inLanguage":"sr-RS"},{"@type":"Organization","@id":"https:\/\/nomis.hr\/#organization","name":"Nomis","url":"https:\/\/nomis.hr\/","logo":{"@type":"ImageObject","inLanguage":"sr-RS","@id":"https:\/\/nomis.hr\/#\/schema\/logo\/image\/","url":"https:\/\/nomis.hr\/wp-content\/uploads\/2021\/03\/Nomis-logo-admin-login.png","contentUrl":"https:\/\/nomis.hr\/wp-content\/uploads\/2021\/03\/Nomis-logo-admin-login.png","width":640,"height":163,"caption":"Nomis"},"image":{"@id":"https:\/\/nomis.hr\/#\/schema\/logo\/image\/"}}]}},"_links":{"self":[{"href":"https:\/\/nomis.hr\/sr\/wp-json\/wp\/v2\/product\/4091"}],"collection":[{"href":"https:\/\/nomis.hr\/sr\/wp-json\/wp\/v2\/product"}],"about":[{"href":"https:\/\/nomis.hr\/sr\/wp-json\/wp\/v2\/types\/product"}],"wp:featuredmedia":[{"embeddable":true,"href":"https:\/\/nomis.hr\/sr\/wp-json\/wp\/v2\/media\/4092"}],"wp:attachment":[{"href":"https:\/\/nomis.hr\/sr\/wp-json\/wp\/v2\/media?parent=4091"}],"wp:term":[{"taxonomy":"product_cat","embeddable":true,"href":"https:\/\/nomis.hr\/sr\/wp-json\/wp\/v2\/product_cat?post=4091"},{"taxonomy":"product_tag","embeddable":true,"href":"https:\/\/nomis.hr\/sr\/wp-json\/wp\/v2\/product_tag?post=4091"}],"curies":[{"name":"wp","href":"https:\/\/api.w.org\/{rel}","templated":true}]}}