{"id":4100,"date":"2022-05-07T15:16:14","date_gmt":"2022-05-07T13:16:14","guid":{"rendered":"https:\/\/nomis.hr\/product\/m-vertikalni-mikseri\/"},"modified":"2022-05-07T15:16:14","modified_gmt":"2022-05-07T13:16:14","slug":"m-vertikalni-mikseri","status":"publish","type":"product","link":"https:\/\/nomis.hr\/sr\/produkt\/m-vertikalni-mikseri\/","title":{"rendered":"M vertikalni mikseri"},"content":{"rendered":"","protected":false},"excerpt":{"rendered":"<p>M vertikalni mikseri pogodni za me\u0161anje polimernog granulata s masterbatch-om, aditivima ili regranulatom kako bi se dobila homogena me\u0161avina. Ova serija ima 12 verzija s kapacitetom od 200 do 20.000 dm<sup>3<\/sup>, te na zahtev mo\u017ee biti od ner\u0111aju\u0107eg \u010delika. Robusna konstrukcija s velikim otvorom \u010dini \u010di\u0161\u0107enje jednostavnijim. Podesivi ulaz na dnu konusa osigurava podizanje i mie\u0161anje kompletnog materijala.<\/p>\n<p>Glavne karakteristike:<\/p>\n<ul>\n<li>Ventil za recirkulaciju<\/li>\n<li>Mre\u017ea za otvaranje vre\u0107a<\/li>\n<li>Efekt fontane za homogeno me\u0161anje materijala<\/li>\n<\/ul>\n","protected":false},"featured_media":4101,"template":"","meta":[],"product_brand":[],"product_cat":[248,204,261],"product_tag":[],"class_list":{"0":"post-4100","1":"product","2":"type-product","3":"status-publish","4":"has-post-thumbnail","6":"product_cat-moretto-sr","7":"product_cat-oprema-sr","8":"product_cat-rezervoari-i-silosi-materijala-sistemi-za-manipulaciju-vreca","10":"first","11":"instock","12":"shipping-taxable","13":"product-type-simple"},"yoast_head":"<!-- This site is optimized with the Yoast SEO plugin v27.4 - https:\/\/yoast.com\/product\/yoast-seo-wordpress\/ -->\n<title>M vertikalni mikseri - Nomis<\/title>\n<meta name=\"robots\" content=\"index, follow, max-snippet:-1, max-image-preview:large, max-video-preview:-1\" \/>\n<link rel=\"canonical\" href=\"https:\/\/nomis.hr\/sr\/produkt\/m-vertikalni-mikseri\/\" \/>\n<meta property=\"og:locale\" content=\"sr_RS\" \/>\n<meta property=\"og:type\" content=\"article\" \/>\n<meta property=\"og:title\" content=\"M vertikalni mikseri - Nomis\" \/>\n<meta property=\"og:description\" content=\"M vertikalni mikseri pogodni za me\u0161anje polimernog granulata s masterbatch-om, aditivima ili regranulatom kako bi se dobila homogena me\u0161avina. Ova serija ima 12 verzija s kapacitetom od 200 do 20.000 dm3, te na zahtev mo\u017ee biti od ner\u0111aju\u0107eg \u010delika. Robusna konstrukcija s velikim otvorom \u010dini \u010di\u0161\u0107enje jednostavnijim. Podesivi ulaz na dnu konusa osigurava podizanje i mie\u0161anje kompletnog materijala.  Glavne karakteristike:   Ventil za recirkulaciju  Mre\u017ea za otvaranje vre\u0107a  Efekt fontane za homogeno me\u0161anje materijala\" \/>\n<meta property=\"og:url\" content=\"https:\/\/nomis.hr\/sr\/produkt\/m-vertikalni-mikseri\/\" \/>\n<meta property=\"og:site_name\" content=\"Nomis\" \/>\n<meta property=\"og:image\" content=\"https:\/\/nomis.hr\/wp-content\/uploads\/2022\/05\/M-vertikalni-mjes\u030cac\u030ci.jpg\" \/>\n\t<meta property=\"og:image:width\" content=\"1024\" \/>\n\t<meta property=\"og:image:height\" content=\"1024\" \/>\n\t<meta property=\"og:image:type\" content=\"image\/jpeg\" \/>\n<meta name=\"twitter:card\" content=\"summary_large_image\" \/>\n<script type=\"application\/ld+json\" class=\"yoast-schema-graph\">{\"@context\":\"https:\\\/\\\/schema.org\",\"@graph\":[{\"@type\":\"WebPage\",\"@id\":\"https:\\\/\\\/nomis.hr\\\/sr\\\/produkt\\\/m-vertikalni-mikseri\\\/\",\"url\":\"https:\\\/\\\/nomis.hr\\\/sr\\\/produkt\\\/m-vertikalni-mikseri\\\/\",\"name\":\"M vertikalni mikseri - Nomis\",\"isPartOf\":{\"@id\":\"https:\\\/\\\/nomis.hr\\\/#website\"},\"primaryImageOfPage\":{\"@id\":\"https:\\\/\\\/nomis.hr\\\/sr\\\/produkt\\\/m-vertikalni-mikseri\\\/#primaryimage\"},\"image\":{\"@id\":\"https:\\\/\\\/nomis.hr\\\/sr\\\/produkt\\\/m-vertikalni-mikseri\\\/#primaryimage\"},\"thumbnailUrl\":\"https:\\\/\\\/nomis.hr\\\/wp-content\\\/uploads\\\/2022\\\/05\\\/M-vertikalni-mjes\u030cac\u030ci.jpg\",\"datePublished\":\"2022-05-07T13:16:14+00:00\",\"breadcrumb\":{\"@id\":\"https:\\\/\\\/nomis.hr\\\/sr\\\/produkt\\\/m-vertikalni-mikseri\\\/#breadcrumb\"},\"inLanguage\":\"sr-RS\",\"potentialAction\":[{\"@type\":\"ReadAction\",\"target\":[\"https:\\\/\\\/nomis.hr\\\/sr\\\/produkt\\\/m-vertikalni-mikseri\\\/\"]}]},{\"@type\":\"ImageObject\",\"inLanguage\":\"sr-RS\",\"@id\":\"https:\\\/\\\/nomis.hr\\\/sr\\\/produkt\\\/m-vertikalni-mikseri\\\/#primaryimage\",\"url\":\"https:\\\/\\\/nomis.hr\\\/wp-content\\\/uploads\\\/2022\\\/05\\\/M-vertikalni-mjes\u030cac\u030ci.jpg\",\"contentUrl\":\"https:\\\/\\\/nomis.hr\\\/wp-content\\\/uploads\\\/2022\\\/05\\\/M-vertikalni-mjes\u030cac\u030ci.jpg\",\"width\":1024,\"height\":1024},{\"@type\":\"BreadcrumbList\",\"@id\":\"https:\\\/\\\/nomis.hr\\\/sr\\\/produkt\\\/m-vertikalni-mikseri\\\/#breadcrumb\",\"itemListElement\":[{\"@type\":\"ListItem\",\"position\":1,\"name\":\"Home\",\"item\":\"https:\\\/\\\/nomis.hr\\\/sr\\\/\"},{\"@type\":\"ListItem\",\"position\":2,\"name\":\"Katalog proizvoda\",\"item\":\"https:\\\/\\\/nomis.hr\\\/sr\\\/katalog-proizvoda\\\/\"},{\"@type\":\"ListItem\",\"position\":3,\"name\":\"M vertikalni mikseri\"}]},{\"@type\":\"WebSite\",\"@id\":\"https:\\\/\\\/nomis.hr\\\/#website\",\"url\":\"https:\\\/\\\/nomis.hr\\\/\",\"name\":\"Nomis\",\"description\":\"Sve za preradu polimera i metala na jednom mjestu!\",\"publisher\":{\"@id\":\"https:\\\/\\\/nomis.hr\\\/#organization\"},\"potentialAction\":[{\"@type\":\"SearchAction\",\"target\":{\"@type\":\"EntryPoint\",\"urlTemplate\":\"https:\\\/\\\/nomis.hr\\\/?s={search_term_string}\"},\"query-input\":{\"@type\":\"PropertyValueSpecification\",\"valueRequired\":true,\"valueName\":\"search_term_string\"}}],\"inLanguage\":\"sr-RS\"},{\"@type\":\"Organization\",\"@id\":\"https:\\\/\\\/nomis.hr\\\/#organization\",\"name\":\"Nomis\",\"url\":\"https:\\\/\\\/nomis.hr\\\/\",\"logo\":{\"@type\":\"ImageObject\",\"inLanguage\":\"sr-RS\",\"@id\":\"https:\\\/\\\/nomis.hr\\\/#\\\/schema\\\/logo\\\/image\\\/\",\"url\":\"https:\\\/\\\/nomis.hr\\\/wp-content\\\/uploads\\\/2021\\\/03\\\/Nomis-logo-admin-login.png\",\"contentUrl\":\"https:\\\/\\\/nomis.hr\\\/wp-content\\\/uploads\\\/2021\\\/03\\\/Nomis-logo-admin-login.png\",\"width\":640,\"height\":163,\"caption\":\"Nomis\"},\"image\":{\"@id\":\"https:\\\/\\\/nomis.hr\\\/#\\\/schema\\\/logo\\\/image\\\/\"}}]}<\/script>\n<!-- \/ Yoast SEO plugin. -->","yoast_head_json":{"title":"M vertikalni mikseri - Nomis","robots":{"index":"index","follow":"follow","max-snippet":"max-snippet:-1","max-image-preview":"max-image-preview:large","max-video-preview":"max-video-preview:-1"},"canonical":"https:\/\/nomis.hr\/sr\/produkt\/m-vertikalni-mikseri\/","og_locale":"sr_RS","og_type":"article","og_title":"M vertikalni mikseri - Nomis","og_description":"M vertikalni mikseri pogodni za me\u0161anje polimernog granulata s masterbatch-om, aditivima ili regranulatom kako bi se dobila homogena me\u0161avina. Ova serija ima 12 verzija s kapacitetom od 200 do 20.000 dm3, te na zahtev mo\u017ee biti od ner\u0111aju\u0107eg \u010delika. Robusna konstrukcija s velikim otvorom \u010dini \u010di\u0161\u0107enje jednostavnijim. Podesivi ulaz na dnu konusa osigurava podizanje i mie\u0161anje kompletnog materijala.  Glavne karakteristike:   Ventil za recirkulaciju  Mre\u017ea za otvaranje vre\u0107a  Efekt fontane za homogeno me\u0161anje materijala","og_url":"https:\/\/nomis.hr\/sr\/produkt\/m-vertikalni-mikseri\/","og_site_name":"Nomis","og_image":[{"width":1024,"height":1024,"url":"https:\/\/nomis.hr\/wp-content\/uploads\/2022\/05\/M-vertikalni-mjes\u030cac\u030ci.jpg","type":"image\/jpeg"}],"twitter_card":"summary_large_image","schema":{"@context":"https:\/\/schema.org","@graph":[{"@type":"WebPage","@id":"https:\/\/nomis.hr\/sr\/produkt\/m-vertikalni-mikseri\/","url":"https:\/\/nomis.hr\/sr\/produkt\/m-vertikalni-mikseri\/","name":"M vertikalni mikseri - Nomis","isPartOf":{"@id":"https:\/\/nomis.hr\/#website"},"primaryImageOfPage":{"@id":"https:\/\/nomis.hr\/sr\/produkt\/m-vertikalni-mikseri\/#primaryimage"},"image":{"@id":"https:\/\/nomis.hr\/sr\/produkt\/m-vertikalni-mikseri\/#primaryimage"},"thumbnailUrl":"https:\/\/nomis.hr\/wp-content\/uploads\/2022\/05\/M-vertikalni-mjes\u030cac\u030ci.jpg","datePublished":"2022-05-07T13:16:14+00:00","breadcrumb":{"@id":"https:\/\/nomis.hr\/sr\/produkt\/m-vertikalni-mikseri\/#breadcrumb"},"inLanguage":"sr-RS","potentialAction":[{"@type":"ReadAction","target":["https:\/\/nomis.hr\/sr\/produkt\/m-vertikalni-mikseri\/"]}]},{"@type":"ImageObject","inLanguage":"sr-RS","@id":"https:\/\/nomis.hr\/sr\/produkt\/m-vertikalni-mikseri\/#primaryimage","url":"https:\/\/nomis.hr\/wp-content\/uploads\/2022\/05\/M-vertikalni-mjes\u030cac\u030ci.jpg","contentUrl":"https:\/\/nomis.hr\/wp-content\/uploads\/2022\/05\/M-vertikalni-mjes\u030cac\u030ci.jpg","width":1024,"height":1024},{"@type":"BreadcrumbList","@id":"https:\/\/nomis.hr\/sr\/produkt\/m-vertikalni-mikseri\/#breadcrumb","itemListElement":[{"@type":"ListItem","position":1,"name":"Home","item":"https:\/\/nomis.hr\/sr\/"},{"@type":"ListItem","position":2,"name":"Katalog proizvoda","item":"https:\/\/nomis.hr\/sr\/katalog-proizvoda\/"},{"@type":"ListItem","position":3,"name":"M vertikalni mikseri"}]},{"@type":"WebSite","@id":"https:\/\/nomis.hr\/#website","url":"https:\/\/nomis.hr\/","name":"Nomis","description":"Sve za preradu polimera i metala na jednom mjestu!","publisher":{"@id":"https:\/\/nomis.hr\/#organization"},"potentialAction":[{"@type":"SearchAction","target":{"@type":"EntryPoint","urlTemplate":"https:\/\/nomis.hr\/?s={search_term_string}"},"query-input":{"@type":"PropertyValueSpecification","valueRequired":true,"valueName":"search_term_string"}}],"inLanguage":"sr-RS"},{"@type":"Organization","@id":"https:\/\/nomis.hr\/#organization","name":"Nomis","url":"https:\/\/nomis.hr\/","logo":{"@type":"ImageObject","inLanguage":"sr-RS","@id":"https:\/\/nomis.hr\/#\/schema\/logo\/image\/","url":"https:\/\/nomis.hr\/wp-content\/uploads\/2021\/03\/Nomis-logo-admin-login.png","contentUrl":"https:\/\/nomis.hr\/wp-content\/uploads\/2021\/03\/Nomis-logo-admin-login.png","width":640,"height":163,"caption":"Nomis"},"image":{"@id":"https:\/\/nomis.hr\/#\/schema\/logo\/image\/"}}]}},"_links":{"self":[{"href":"https:\/\/nomis.hr\/sr\/wp-json\/wp\/v2\/product\/4100","targetHints":{"allow":["GET"]}}],"collection":[{"href":"https:\/\/nomis.hr\/sr\/wp-json\/wp\/v2\/product"}],"about":[{"href":"https:\/\/nomis.hr\/sr\/wp-json\/wp\/v2\/types\/product"}],"wp:featuredmedia":[{"embeddable":true,"href":"https:\/\/nomis.hr\/sr\/wp-json\/wp\/v2\/media\/4101"}],"wp:attachment":[{"href":"https:\/\/nomis.hr\/sr\/wp-json\/wp\/v2\/media?parent=4100"}],"wp:term":[{"taxonomy":"product_brand","embeddable":true,"href":"https:\/\/nomis.hr\/sr\/wp-json\/wp\/v2\/product_brand?post=4100"},{"taxonomy":"product_cat","embeddable":true,"href":"https:\/\/nomis.hr\/sr\/wp-json\/wp\/v2\/product_cat?post=4100"},{"taxonomy":"product_tag","embeddable":true,"href":"https:\/\/nomis.hr\/sr\/wp-json\/wp\/v2\/product_tag?post=4100"}],"curies":[{"name":"wp","href":"https:\/\/api.w.org\/{rel}","templated":true}]}}