{"id":4116,"date":"2022-05-07T15:08:15","date_gmt":"2022-05-07T13:08:15","guid":{"rendered":"https:\/\/nomis.hr\/product\/cs-csp\/"},"modified":"2022-05-07T15:08:15","modified_gmt":"2022-05-07T13:08:15","slug":"cs-csp","status":"publish","type":"product","link":"https:\/\/nomis.hr\/sr\/produkt\/cs-csp\/","title":{"rendered":"CS &#8211; CSP"},"content":{"rendered":"","protected":false},"excerpt":{"rendered":"<p>CS serija spremnika pogodna je za skladi\u0161tenje i \u010duvanje polimernog materijala od kontaminacije. Idealni su za postavljanje pored ma\u0161ina za preradu, u potpunosti izra\u0111eni od ner\u0111aju\u0107eg \u010delika, mogu se opremiti hermeti\u010dkom klapnom za zatvaranje, magnetskim separatorom i senzorima nivoa materijala. CSP serija, zbog svoje specifi\u010dne konstrukcije, olak\u0161ava protok i spre\u010dava nakupljanje materijala te je idealno re\u0161enje za skladi\u0161tenje materijala poput regranulata, ljuskica, praha ili talka.<\/p>\n<p>CS serija dostupna je na pokretnom okviru, a ovaj modularni sistem se sastoji od spremnika kapaciteta do 50 dm<sup>3<\/sup>. Svi rezervoari se mogu ukloniti radi lak\u0161eg \u010di\u0161\u0107enja i opremljeni su anti-block ru\u010dnim kliznim ventilom.<\/p>\n<p>Glavne karakteristike:<\/p>\n<ul>\n<li>Dostupni u veli\u010dinama od 60 do 1800 dm<sup>3<\/sup><\/li>\n<li>Konstrukcija od ner\u0111aju\u0107eg \u010delika<\/li>\n<li>Hermeti\u010dka klapna za zatvaranje<\/li>\n<\/ul>\n","protected":false},"featured_media":4117,"template":"","meta":[],"product_cat":[248,204,261],"product_tag":[],"yoast_head":"<!-- This site is optimized with the Yoast SEO plugin v21.3 - https:\/\/yoast.com\/wordpress\/plugins\/seo\/ -->\n<title>CS - CSP - Nomis<\/title>\n<meta name=\"robots\" content=\"index, follow, max-snippet:-1, max-image-preview:large, max-video-preview:-1\" \/>\n<link rel=\"canonical\" href=\"https:\/\/nomis.hr\/sr\/produkt\/cs-csp\/\" \/>\n<meta property=\"og:locale\" content=\"sr_RS\" \/>\n<meta property=\"og:type\" content=\"article\" \/>\n<meta property=\"og:title\" content=\"CS - CSP - Nomis\" \/>\n<meta property=\"og:description\" content=\"CS serija spremnika pogodna je za skladi\u0161tenje i \u010duvanje polimernog materijala od kontaminacije. Idealni su za postavljanje pored ma\u0161ina za preradu, u potpunosti izra\u0111eni od ner\u0111aju\u0107eg \u010delika, mogu se opremiti hermeti\u010dkom klapnom za zatvaranje, magnetskim separatorom i senzorima nivoa materijala. CSP serija, zbog svoje specifi\u010dne konstrukcije, olak\u0161ava protok i spre\u010dava nakupljanje materijala te je idealno re\u0161enje za skladi\u0161tenje materijala poput regranulata, ljuskica, praha ili talka.  CS serija dostupna je na pokretnom okviru, a ovaj modularni sistem se sastoji od spremnika kapaciteta do 50 dm3. Svi rezervoari se mogu ukloniti radi lak\u0161eg \u010di\u0161\u0107enja i opremljeni su anti-block ru\u010dnim kliznim ventilom.  Glavne karakteristike:   Dostupni u veli\u010dinama od 60 do 1800 dm3  Konstrukcija od ner\u0111aju\u0107eg \u010delika  Hermeti\u010dka klapna za zatvaranje\" \/>\n<meta property=\"og:url\" content=\"https:\/\/nomis.hr\/sr\/produkt\/cs-csp\/\" \/>\n<meta property=\"og:site_name\" content=\"Nomis\" \/>\n<meta property=\"og:image\" content=\"https:\/\/nomis.hr\/wp-content\/uploads\/2022\/05\/CS-CSP.jpg\" \/>\n\t<meta property=\"og:image:width\" content=\"1024\" \/>\n\t<meta property=\"og:image:height\" content=\"1024\" \/>\n\t<meta property=\"og:image:type\" content=\"image\/jpeg\" \/>\n<meta name=\"twitter:card\" content=\"summary_large_image\" \/>\n<script type=\"application\/ld+json\" class=\"yoast-schema-graph\">{\"@context\":\"https:\/\/schema.org\",\"@graph\":[{\"@type\":\"WebPage\",\"@id\":\"https:\/\/nomis.hr\/sr\/produkt\/cs-csp\/\",\"url\":\"https:\/\/nomis.hr\/sr\/produkt\/cs-csp\/\",\"name\":\"CS - CSP - Nomis\",\"isPartOf\":{\"@id\":\"https:\/\/nomis.hr\/#website\"},\"datePublished\":\"2022-05-07T13:08:15+00:00\",\"dateModified\":\"2022-05-07T13:08:15+00:00\",\"breadcrumb\":{\"@id\":\"https:\/\/nomis.hr\/sr\/produkt\/cs-csp\/#breadcrumb\"},\"inLanguage\":\"sr-RS\",\"potentialAction\":[{\"@type\":\"ReadAction\",\"target\":[\"https:\/\/nomis.hr\/sr\/produkt\/cs-csp\/\"]}]},{\"@type\":\"BreadcrumbList\",\"@id\":\"https:\/\/nomis.hr\/sr\/produkt\/cs-csp\/#breadcrumb\",\"itemListElement\":[{\"@type\":\"ListItem\",\"position\":1,\"name\":\"Home\",\"item\":\"https:\/\/nomis.hr\/sr\/\"},{\"@type\":\"ListItem\",\"position\":2,\"name\":\"Katalog proizvoda\",\"item\":\"https:\/\/nomis.hr\/sr\/katalog-proizvoda\/\"},{\"@type\":\"ListItem\",\"position\":3,\"name\":\"CS &#8211; CSP\"}]},{\"@type\":\"WebSite\",\"@id\":\"https:\/\/nomis.hr\/#website\",\"url\":\"https:\/\/nomis.hr\/\",\"name\":\"Nomis\",\"description\":\"Sve za preradu polimera i metala na jednom mjestu!\",\"publisher\":{\"@id\":\"https:\/\/nomis.hr\/#organization\"},\"potentialAction\":[{\"@type\":\"SearchAction\",\"target\":{\"@type\":\"EntryPoint\",\"urlTemplate\":\"https:\/\/nomis.hr\/?s={search_term_string}\"},\"query-input\":\"required name=search_term_string\"}],\"inLanguage\":\"sr-RS\"},{\"@type\":\"Organization\",\"@id\":\"https:\/\/nomis.hr\/#organization\",\"name\":\"Nomis\",\"url\":\"https:\/\/nomis.hr\/\",\"logo\":{\"@type\":\"ImageObject\",\"inLanguage\":\"sr-RS\",\"@id\":\"https:\/\/nomis.hr\/#\/schema\/logo\/image\/\",\"url\":\"https:\/\/nomis.hr\/wp-content\/uploads\/2021\/03\/Nomis-logo-admin-login.png\",\"contentUrl\":\"https:\/\/nomis.hr\/wp-content\/uploads\/2021\/03\/Nomis-logo-admin-login.png\",\"width\":640,\"height\":163,\"caption\":\"Nomis\"},\"image\":{\"@id\":\"https:\/\/nomis.hr\/#\/schema\/logo\/image\/\"}}]}<\/script>\n<!-- \/ Yoast SEO plugin. -->","yoast_head_json":{"title":"CS - CSP - Nomis","robots":{"index":"index","follow":"follow","max-snippet":"max-snippet:-1","max-image-preview":"max-image-preview:large","max-video-preview":"max-video-preview:-1"},"canonical":"https:\/\/nomis.hr\/sr\/produkt\/cs-csp\/","og_locale":"sr_RS","og_type":"article","og_title":"CS - CSP - Nomis","og_description":"CS serija spremnika pogodna je za skladi\u0161tenje i \u010duvanje polimernog materijala od kontaminacije. Idealni su za postavljanje pored ma\u0161ina za preradu, u potpunosti izra\u0111eni od ner\u0111aju\u0107eg \u010delika, mogu se opremiti hermeti\u010dkom klapnom za zatvaranje, magnetskim separatorom i senzorima nivoa materijala. CSP serija, zbog svoje specifi\u010dne konstrukcije, olak\u0161ava protok i spre\u010dava nakupljanje materijala te je idealno re\u0161enje za skladi\u0161tenje materijala poput regranulata, ljuskica, praha ili talka.  CS serija dostupna je na pokretnom okviru, a ovaj modularni sistem se sastoji od spremnika kapaciteta do 50 dm3. Svi rezervoari se mogu ukloniti radi lak\u0161eg \u010di\u0161\u0107enja i opremljeni su anti-block ru\u010dnim kliznim ventilom.  Glavne karakteristike:   Dostupni u veli\u010dinama od 60 do 1800 dm3  Konstrukcija od ner\u0111aju\u0107eg \u010delika  Hermeti\u010dka klapna za zatvaranje","og_url":"https:\/\/nomis.hr\/sr\/produkt\/cs-csp\/","og_site_name":"Nomis","og_image":[{"width":1024,"height":1024,"url":"https:\/\/nomis.hr\/wp-content\/uploads\/2022\/05\/CS-CSP.jpg","type":"image\/jpeg"}],"twitter_card":"summary_large_image","schema":{"@context":"https:\/\/schema.org","@graph":[{"@type":"WebPage","@id":"https:\/\/nomis.hr\/sr\/produkt\/cs-csp\/","url":"https:\/\/nomis.hr\/sr\/produkt\/cs-csp\/","name":"CS - CSP - Nomis","isPartOf":{"@id":"https:\/\/nomis.hr\/#website"},"datePublished":"2022-05-07T13:08:15+00:00","dateModified":"2022-05-07T13:08:15+00:00","breadcrumb":{"@id":"https:\/\/nomis.hr\/sr\/produkt\/cs-csp\/#breadcrumb"},"inLanguage":"sr-RS","potentialAction":[{"@type":"ReadAction","target":["https:\/\/nomis.hr\/sr\/produkt\/cs-csp\/"]}]},{"@type":"BreadcrumbList","@id":"https:\/\/nomis.hr\/sr\/produkt\/cs-csp\/#breadcrumb","itemListElement":[{"@type":"ListItem","position":1,"name":"Home","item":"https:\/\/nomis.hr\/sr\/"},{"@type":"ListItem","position":2,"name":"Katalog proizvoda","item":"https:\/\/nomis.hr\/sr\/katalog-proizvoda\/"},{"@type":"ListItem","position":3,"name":"CS &#8211; CSP"}]},{"@type":"WebSite","@id":"https:\/\/nomis.hr\/#website","url":"https:\/\/nomis.hr\/","name":"Nomis","description":"Sve za preradu polimera i metala na jednom mjestu!","publisher":{"@id":"https:\/\/nomis.hr\/#organization"},"potentialAction":[{"@type":"SearchAction","target":{"@type":"EntryPoint","urlTemplate":"https:\/\/nomis.hr\/?s={search_term_string}"},"query-input":"required name=search_term_string"}],"inLanguage":"sr-RS"},{"@type":"Organization","@id":"https:\/\/nomis.hr\/#organization","name":"Nomis","url":"https:\/\/nomis.hr\/","logo":{"@type":"ImageObject","inLanguage":"sr-RS","@id":"https:\/\/nomis.hr\/#\/schema\/logo\/image\/","url":"https:\/\/nomis.hr\/wp-content\/uploads\/2021\/03\/Nomis-logo-admin-login.png","contentUrl":"https:\/\/nomis.hr\/wp-content\/uploads\/2021\/03\/Nomis-logo-admin-login.png","width":640,"height":163,"caption":"Nomis"},"image":{"@id":"https:\/\/nomis.hr\/#\/schema\/logo\/image\/"}}]}},"_links":{"self":[{"href":"https:\/\/nomis.hr\/sr\/wp-json\/wp\/v2\/product\/4116"}],"collection":[{"href":"https:\/\/nomis.hr\/sr\/wp-json\/wp\/v2\/product"}],"about":[{"href":"https:\/\/nomis.hr\/sr\/wp-json\/wp\/v2\/types\/product"}],"wp:featuredmedia":[{"embeddable":true,"href":"https:\/\/nomis.hr\/sr\/wp-json\/wp\/v2\/media\/4117"}],"wp:attachment":[{"href":"https:\/\/nomis.hr\/sr\/wp-json\/wp\/v2\/media?parent=4116"}],"wp:term":[{"taxonomy":"product_cat","embeddable":true,"href":"https:\/\/nomis.hr\/sr\/wp-json\/wp\/v2\/product_cat?post=4116"},{"taxonomy":"product_tag","embeddable":true,"href":"https:\/\/nomis.hr\/sr\/wp-json\/wp\/v2\/product_tag?post=4116"}],"curies":[{"name":"wp","href":"https:\/\/api.w.org\/{rel}","templated":true}]}}