{"id":4155,"date":"2022-05-05T10:25:16","date_gmt":"2022-05-05T08:25:16","guid":{"rendered":"https:\/\/nomis.hr\/product\/xd-800-susare\/"},"modified":"2022-05-05T10:25:16","modified_gmt":"2022-05-05T08:25:16","slug":"xd-800-susare","status":"publish","type":"product","link":"https:\/\/nomis.hr\/sr\/produkt\/xd-800-susare\/","title":{"rendered":"XD 800 sus\u030care"},"content":{"rendered":"","protected":false},"excerpt":{"rendered":"<p>XD 800 X serija su\u0161ara sa protokom vazduha od 275 do 2400 m<sup>3<\/sup>\/h, standardno je opremljena ekranom na dodir u boji koji uklju\u010duje ugra\u0111enu bazu podataka materijala, \u0161to pojednostavljuje upravljanje su\u0161arom. Intuitivni ekran brzo i jednostavno prikazuje glavne parametre. Ova serija predstavlja najsavremenije su\u0161enje \u0161to uklju\u010duje: X tehnologiju, temperaturu rosi\u0161ta od -80\u00b0C, patentirani krug su\u0161enja temeljen na \u010distom apsorpcijskom zeolitu, dugotrajni radni ciklus (do 24h), turbo kompresor i adaptivni protok vazduha. Ove karakteristike \u010dine savr\u0161eni sistem su\u0161enja za PET. U\u010dinkovitost se pove\u0107ava kombinovaju\u0107i X su\u0161are sa OTX rezervoarima.\u00a0 Dostupan MOWIS sistem upravljanja.<\/p>\n<p>Glavne karakteristike :<\/p>\n<ul>\n<li>Adaptivni protok vazduha<\/li>\n<li>Visokou\u010dinski turbo kompresori<\/li>\n<li>Greja\u010de jedinice na struju\/plin<\/li>\n<\/ul>\n","protected":false},"featured_media":4156,"template":"","meta":[],"product_brand":[],"product_cat":[248,204,263],"product_tag":[],"class_list":{"0":"post-4155","1":"product","2":"type-product","3":"status-publish","4":"has-post-thumbnail","6":"product_cat-moretto-sr","7":"product_cat-oprema-sr","8":"product_cat-susenje-materijala-sr","10":"first","11":"instock","12":"shipping-taxable","13":"product-type-simple"},"yoast_head":"<!-- This site is optimized with the Yoast SEO plugin v27.4 - https:\/\/yoast.com\/product\/yoast-seo-wordpress\/ -->\n<title>XD 800 sus\u030care - Nomis<\/title>\n<meta name=\"robots\" content=\"index, follow, max-snippet:-1, max-image-preview:large, max-video-preview:-1\" \/>\n<link rel=\"canonical\" href=\"https:\/\/nomis.hr\/sr\/produkt\/xd-800-susare\/\" \/>\n<meta property=\"og:locale\" content=\"sr_RS\" \/>\n<meta property=\"og:type\" content=\"article\" \/>\n<meta property=\"og:title\" content=\"XD 800 sus\u030care - Nomis\" \/>\n<meta property=\"og:description\" content=\"XD 800 X serija su\u0161ara sa protokom vazduha od 275 do 2400 m3\/h, standardno je opremljena ekranom na dodir u boji koji uklju\u010duje ugra\u0111enu bazu podataka materijala, \u0161to pojednostavljuje upravljanje su\u0161arom. Intuitivni ekran brzo i jednostavno prikazuje glavne parametre. Ova serija predstavlja najsavremenije su\u0161enje \u0161to uklju\u010duje: X tehnologiju, temperaturu rosi\u0161ta od -80\u00b0C, patentirani krug su\u0161enja temeljen na \u010distom apsorpcijskom zeolitu, dugotrajni radni ciklus (do 24h), turbo kompresor i adaptivni protok vazduha. Ove karakteristike \u010dine savr\u0161eni sistem su\u0161enja za PET. U\u010dinkovitost se pove\u0107ava kombinovaju\u0107i X su\u0161are sa OTX rezervoarima.\u00a0 Dostupan MOWIS sistem upravljanja.  Glavne karakteristike :   Adaptivni protok vazduha  Visokou\u010dinski turbo kompresori  Greja\u010de jedinice na struju\/plin\" \/>\n<meta property=\"og:url\" content=\"https:\/\/nomis.hr\/sr\/produkt\/xd-800-susare\/\" \/>\n<meta property=\"og:site_name\" content=\"Nomis\" \/>\n<meta property=\"og:image\" content=\"https:\/\/nomis.hr\/wp-content\/uploads\/2022\/05\/XD-800-sus\u030care.jpg\" \/>\n\t<meta property=\"og:image:width\" content=\"1024\" \/>\n\t<meta property=\"og:image:height\" content=\"1024\" \/>\n\t<meta property=\"og:image:type\" content=\"image\/jpeg\" \/>\n<meta name=\"twitter:card\" content=\"summary_large_image\" \/>\n<script type=\"application\/ld+json\" class=\"yoast-schema-graph\">{\"@context\":\"https:\\\/\\\/schema.org\",\"@graph\":[{\"@type\":\"WebPage\",\"@id\":\"https:\\\/\\\/nomis.hr\\\/sr\\\/produkt\\\/xd-800-susare\\\/\",\"url\":\"https:\\\/\\\/nomis.hr\\\/sr\\\/produkt\\\/xd-800-susare\\\/\",\"name\":\"XD 800 sus\u030care - Nomis\",\"isPartOf\":{\"@id\":\"https:\\\/\\\/nomis.hr\\\/#website\"},\"primaryImageOfPage\":{\"@id\":\"https:\\\/\\\/nomis.hr\\\/sr\\\/produkt\\\/xd-800-susare\\\/#primaryimage\"},\"image\":{\"@id\":\"https:\\\/\\\/nomis.hr\\\/sr\\\/produkt\\\/xd-800-susare\\\/#primaryimage\"},\"thumbnailUrl\":\"https:\\\/\\\/nomis.hr\\\/wp-content\\\/uploads\\\/2022\\\/05\\\/XD-800-sus\u030care.jpg\",\"datePublished\":\"2022-05-05T08:25:16+00:00\",\"breadcrumb\":{\"@id\":\"https:\\\/\\\/nomis.hr\\\/sr\\\/produkt\\\/xd-800-susare\\\/#breadcrumb\"},\"inLanguage\":\"sr-RS\",\"potentialAction\":[{\"@type\":\"ReadAction\",\"target\":[\"https:\\\/\\\/nomis.hr\\\/sr\\\/produkt\\\/xd-800-susare\\\/\"]}]},{\"@type\":\"ImageObject\",\"inLanguage\":\"sr-RS\",\"@id\":\"https:\\\/\\\/nomis.hr\\\/sr\\\/produkt\\\/xd-800-susare\\\/#primaryimage\",\"url\":\"https:\\\/\\\/nomis.hr\\\/wp-content\\\/uploads\\\/2022\\\/05\\\/XD-800-sus\u030care.jpg\",\"contentUrl\":\"https:\\\/\\\/nomis.hr\\\/wp-content\\\/uploads\\\/2022\\\/05\\\/XD-800-sus\u030care.jpg\",\"width\":1024,\"height\":1024},{\"@type\":\"BreadcrumbList\",\"@id\":\"https:\\\/\\\/nomis.hr\\\/sr\\\/produkt\\\/xd-800-susare\\\/#breadcrumb\",\"itemListElement\":[{\"@type\":\"ListItem\",\"position\":1,\"name\":\"Home\",\"item\":\"https:\\\/\\\/nomis.hr\\\/sr\\\/\"},{\"@type\":\"ListItem\",\"position\":2,\"name\":\"Katalog proizvoda\",\"item\":\"https:\\\/\\\/nomis.hr\\\/sr\\\/katalog-proizvoda\\\/\"},{\"@type\":\"ListItem\",\"position\":3,\"name\":\"XD 800 sus\u030care\"}]},{\"@type\":\"WebSite\",\"@id\":\"https:\\\/\\\/nomis.hr\\\/#website\",\"url\":\"https:\\\/\\\/nomis.hr\\\/\",\"name\":\"Nomis\",\"description\":\"Sve za preradu polimera i metala na jednom mjestu!\",\"publisher\":{\"@id\":\"https:\\\/\\\/nomis.hr\\\/#organization\"},\"potentialAction\":[{\"@type\":\"SearchAction\",\"target\":{\"@type\":\"EntryPoint\",\"urlTemplate\":\"https:\\\/\\\/nomis.hr\\\/?s={search_term_string}\"},\"query-input\":{\"@type\":\"PropertyValueSpecification\",\"valueRequired\":true,\"valueName\":\"search_term_string\"}}],\"inLanguage\":\"sr-RS\"},{\"@type\":\"Organization\",\"@id\":\"https:\\\/\\\/nomis.hr\\\/#organization\",\"name\":\"Nomis\",\"url\":\"https:\\\/\\\/nomis.hr\\\/\",\"logo\":{\"@type\":\"ImageObject\",\"inLanguage\":\"sr-RS\",\"@id\":\"https:\\\/\\\/nomis.hr\\\/#\\\/schema\\\/logo\\\/image\\\/\",\"url\":\"https:\\\/\\\/nomis.hr\\\/wp-content\\\/uploads\\\/2021\\\/03\\\/Nomis-logo-admin-login.png\",\"contentUrl\":\"https:\\\/\\\/nomis.hr\\\/wp-content\\\/uploads\\\/2021\\\/03\\\/Nomis-logo-admin-login.png\",\"width\":640,\"height\":163,\"caption\":\"Nomis\"},\"image\":{\"@id\":\"https:\\\/\\\/nomis.hr\\\/#\\\/schema\\\/logo\\\/image\\\/\"}}]}<\/script>\n<!-- \/ Yoast SEO plugin. -->","yoast_head_json":{"title":"XD 800 sus\u030care - Nomis","robots":{"index":"index","follow":"follow","max-snippet":"max-snippet:-1","max-image-preview":"max-image-preview:large","max-video-preview":"max-video-preview:-1"},"canonical":"https:\/\/nomis.hr\/sr\/produkt\/xd-800-susare\/","og_locale":"sr_RS","og_type":"article","og_title":"XD 800 sus\u030care - Nomis","og_description":"XD 800 X serija su\u0161ara sa protokom vazduha od 275 do 2400 m3\/h, standardno je opremljena ekranom na dodir u boji koji uklju\u010duje ugra\u0111enu bazu podataka materijala, \u0161to pojednostavljuje upravljanje su\u0161arom. Intuitivni ekran brzo i jednostavno prikazuje glavne parametre. Ova serija predstavlja najsavremenije su\u0161enje \u0161to uklju\u010duje: X tehnologiju, temperaturu rosi\u0161ta od -80\u00b0C, patentirani krug su\u0161enja temeljen na \u010distom apsorpcijskom zeolitu, dugotrajni radni ciklus (do 24h), turbo kompresor i adaptivni protok vazduha. Ove karakteristike \u010dine savr\u0161eni sistem su\u0161enja za PET. U\u010dinkovitost se pove\u0107ava kombinovaju\u0107i X su\u0161are sa OTX rezervoarima.\u00a0 Dostupan MOWIS sistem upravljanja.  Glavne karakteristike :   Adaptivni protok vazduha  Visokou\u010dinski turbo kompresori  Greja\u010de jedinice na struju\/plin","og_url":"https:\/\/nomis.hr\/sr\/produkt\/xd-800-susare\/","og_site_name":"Nomis","og_image":[{"width":1024,"height":1024,"url":"https:\/\/nomis.hr\/wp-content\/uploads\/2022\/05\/XD-800-sus\u030care.jpg","type":"image\/jpeg"}],"twitter_card":"summary_large_image","schema":{"@context":"https:\/\/schema.org","@graph":[{"@type":"WebPage","@id":"https:\/\/nomis.hr\/sr\/produkt\/xd-800-susare\/","url":"https:\/\/nomis.hr\/sr\/produkt\/xd-800-susare\/","name":"XD 800 sus\u030care - Nomis","isPartOf":{"@id":"https:\/\/nomis.hr\/#website"},"primaryImageOfPage":{"@id":"https:\/\/nomis.hr\/sr\/produkt\/xd-800-susare\/#primaryimage"},"image":{"@id":"https:\/\/nomis.hr\/sr\/produkt\/xd-800-susare\/#primaryimage"},"thumbnailUrl":"https:\/\/nomis.hr\/wp-content\/uploads\/2022\/05\/XD-800-sus\u030care.jpg","datePublished":"2022-05-05T08:25:16+00:00","breadcrumb":{"@id":"https:\/\/nomis.hr\/sr\/produkt\/xd-800-susare\/#breadcrumb"},"inLanguage":"sr-RS","potentialAction":[{"@type":"ReadAction","target":["https:\/\/nomis.hr\/sr\/produkt\/xd-800-susare\/"]}]},{"@type":"ImageObject","inLanguage":"sr-RS","@id":"https:\/\/nomis.hr\/sr\/produkt\/xd-800-susare\/#primaryimage","url":"https:\/\/nomis.hr\/wp-content\/uploads\/2022\/05\/XD-800-sus\u030care.jpg","contentUrl":"https:\/\/nomis.hr\/wp-content\/uploads\/2022\/05\/XD-800-sus\u030care.jpg","width":1024,"height":1024},{"@type":"BreadcrumbList","@id":"https:\/\/nomis.hr\/sr\/produkt\/xd-800-susare\/#breadcrumb","itemListElement":[{"@type":"ListItem","position":1,"name":"Home","item":"https:\/\/nomis.hr\/sr\/"},{"@type":"ListItem","position":2,"name":"Katalog proizvoda","item":"https:\/\/nomis.hr\/sr\/katalog-proizvoda\/"},{"@type":"ListItem","position":3,"name":"XD 800 sus\u030care"}]},{"@type":"WebSite","@id":"https:\/\/nomis.hr\/#website","url":"https:\/\/nomis.hr\/","name":"Nomis","description":"Sve za preradu polimera i metala na jednom mjestu!","publisher":{"@id":"https:\/\/nomis.hr\/#organization"},"potentialAction":[{"@type":"SearchAction","target":{"@type":"EntryPoint","urlTemplate":"https:\/\/nomis.hr\/?s={search_term_string}"},"query-input":{"@type":"PropertyValueSpecification","valueRequired":true,"valueName":"search_term_string"}}],"inLanguage":"sr-RS"},{"@type":"Organization","@id":"https:\/\/nomis.hr\/#organization","name":"Nomis","url":"https:\/\/nomis.hr\/","logo":{"@type":"ImageObject","inLanguage":"sr-RS","@id":"https:\/\/nomis.hr\/#\/schema\/logo\/image\/","url":"https:\/\/nomis.hr\/wp-content\/uploads\/2021\/03\/Nomis-logo-admin-login.png","contentUrl":"https:\/\/nomis.hr\/wp-content\/uploads\/2021\/03\/Nomis-logo-admin-login.png","width":640,"height":163,"caption":"Nomis"},"image":{"@id":"https:\/\/nomis.hr\/#\/schema\/logo\/image\/"}}]}},"_links":{"self":[{"href":"https:\/\/nomis.hr\/sr\/wp-json\/wp\/v2\/product\/4155","targetHints":{"allow":["GET"]}}],"collection":[{"href":"https:\/\/nomis.hr\/sr\/wp-json\/wp\/v2\/product"}],"about":[{"href":"https:\/\/nomis.hr\/sr\/wp-json\/wp\/v2\/types\/product"}],"wp:featuredmedia":[{"embeddable":true,"href":"https:\/\/nomis.hr\/sr\/wp-json\/wp\/v2\/media\/4156"}],"wp:attachment":[{"href":"https:\/\/nomis.hr\/sr\/wp-json\/wp\/v2\/media?parent=4155"}],"wp:term":[{"taxonomy":"product_brand","embeddable":true,"href":"https:\/\/nomis.hr\/sr\/wp-json\/wp\/v2\/product_brand?post=4155"},{"taxonomy":"product_cat","embeddable":true,"href":"https:\/\/nomis.hr\/sr\/wp-json\/wp\/v2\/product_cat?post=4155"},{"taxonomy":"product_tag","embeddable":true,"href":"https:\/\/nomis.hr\/sr\/wp-json\/wp\/v2\/product_tag?post=4155"}],"curies":[{"name":"wp","href":"https:\/\/api.w.org\/{rel}","templated":true}]}}