{"id":4167,"date":"2022-05-05T10:20:28","date_gmt":"2022-05-05T08:20:28","guid":{"rendered":"https:\/\/nomis.hr\/product\/sistemi-za-susenje-kalupa-ds-serije\/"},"modified":"2022-05-05T10:20:28","modified_gmt":"2022-05-05T08:20:28","slug":"sistemi-za-susenje-kalupa-ds-serije","status":"publish","type":"product","link":"https:\/\/nomis.hr\/sr\/produkt\/sistemi-za-susenje-kalupa-ds-serije\/","title":{"rendered":"Sistemi za su\u0161enje kalupa DS serije"},"content":{"rendered":"","protected":false},"excerpt":{"rendered":"<p>DS sistemi za su\u0161enje kalupa \u0161tite kalup od kondenzacije vode te tako pove\u0107avaju performanse u pogledu kvaliteta finalnog proizvoda, energetske u\u010dinkovitosti i produ\u017eavanja \u017eivotnog ciklusa kalupa. Zbog kompaktne strukture i razli\u010ditih veli\u010dina pogodni su za sve aplikacije i razli\u010dite zahteve protoka vazduha. Izjedna\u010diva\u010d automatski modulira temperaturu rosi\u0161ta od -5 do -15\u00b0C zavisno o postoje\u0107im klimatskim uslovima. Kontrolna plo\u010da prikazuje radni status ure\u0111aja, a\u00a0 ekran prikazuje nivo vlage i temperaturu vazduha. Dostupan MOWIS sistem upravljanja.<\/p>\n<p>Glavne karakteristike:<\/p>\n<ul>\n<li>Temperatura rosi\u0161ta od -5 do -15\u00b0C<\/li>\n<li>Visokou\u010dinski rotor<\/li>\n<li>Konstrukcija od ner\u0111aju\u0107eg \u010delika<\/li>\n<\/ul>\n","protected":false},"featured_media":4168,"template":"","meta":[],"product_cat":[204,248,263],"product_tag":[],"yoast_head":"<!-- This site is optimized with the Yoast SEO plugin v21.3 - https:\/\/yoast.com\/wordpress\/plugins\/seo\/ -->\n<title>Sistemi za su\u0161enje kalupa DS serije - Nomis<\/title>\n<meta name=\"robots\" content=\"index, follow, max-snippet:-1, max-image-preview:large, max-video-preview:-1\" \/>\n<link rel=\"canonical\" href=\"https:\/\/nomis.hr\/sr\/produkt\/sistemi-za-susenje-kalupa-ds-serije\/\" \/>\n<meta property=\"og:locale\" content=\"sr_RS\" \/>\n<meta property=\"og:type\" content=\"article\" \/>\n<meta property=\"og:title\" content=\"Sistemi za su\u0161enje kalupa DS serije - Nomis\" \/>\n<meta property=\"og:description\" content=\"DS sistemi za su\u0161enje kalupa \u0161tite kalup od kondenzacije vode te tako pove\u0107avaju performanse u pogledu kvaliteta finalnog proizvoda, energetske u\u010dinkovitosti i produ\u017eavanja \u017eivotnog ciklusa kalupa. Zbog kompaktne strukture i razli\u010ditih veli\u010dina pogodni su za sve aplikacije i razli\u010dite zahteve protoka vazduha. Izjedna\u010diva\u010d automatski modulira temperaturu rosi\u0161ta od -5 do -15\u00b0C zavisno o postoje\u0107im klimatskim uslovima. Kontrolna plo\u010da prikazuje radni status ure\u0111aja, a\u00a0 ekran prikazuje nivo vlage i temperaturu vazduha. Dostupan MOWIS sistem upravljanja.  Glavne karakteristike:   Temperatura rosi\u0161ta od -5 do -15\u00b0C  Visokou\u010dinski rotor  Konstrukcija od ner\u0111aju\u0107eg \u010delika\" \/>\n<meta property=\"og:url\" content=\"https:\/\/nomis.hr\/sr\/produkt\/sistemi-za-susenje-kalupa-ds-serije\/\" \/>\n<meta property=\"og:site_name\" content=\"Nomis\" \/>\n<meta property=\"og:image\" content=\"https:\/\/nomis.hr\/wp-content\/uploads\/2022\/05\/Sustavi-za-sus\u030cenje-kalupa-DS-serije.jpg\" \/>\n\t<meta property=\"og:image:width\" content=\"1024\" \/>\n\t<meta property=\"og:image:height\" content=\"1024\" \/>\n\t<meta property=\"og:image:type\" content=\"image\/jpeg\" \/>\n<meta name=\"twitter:card\" content=\"summary_large_image\" \/>\n<script type=\"application\/ld+json\" class=\"yoast-schema-graph\">{\"@context\":\"https:\/\/schema.org\",\"@graph\":[{\"@type\":\"WebPage\",\"@id\":\"https:\/\/nomis.hr\/sr\/produkt\/sistemi-za-susenje-kalupa-ds-serije\/\",\"url\":\"https:\/\/nomis.hr\/sr\/produkt\/sistemi-za-susenje-kalupa-ds-serije\/\",\"name\":\"Sistemi za su\u0161enje kalupa DS serije - Nomis\",\"isPartOf\":{\"@id\":\"https:\/\/nomis.hr\/#website\"},\"datePublished\":\"2022-05-05T08:20:28+00:00\",\"dateModified\":\"2022-05-05T08:20:28+00:00\",\"breadcrumb\":{\"@id\":\"https:\/\/nomis.hr\/sr\/produkt\/sistemi-za-susenje-kalupa-ds-serije\/#breadcrumb\"},\"inLanguage\":\"sr-RS\",\"potentialAction\":[{\"@type\":\"ReadAction\",\"target\":[\"https:\/\/nomis.hr\/sr\/produkt\/sistemi-za-susenje-kalupa-ds-serije\/\"]}]},{\"@type\":\"BreadcrumbList\",\"@id\":\"https:\/\/nomis.hr\/sr\/produkt\/sistemi-za-susenje-kalupa-ds-serije\/#breadcrumb\",\"itemListElement\":[{\"@type\":\"ListItem\",\"position\":1,\"name\":\"Home\",\"item\":\"https:\/\/nomis.hr\/sr\/\"},{\"@type\":\"ListItem\",\"position\":2,\"name\":\"Katalog proizvoda\",\"item\":\"https:\/\/nomis.hr\/sr\/katalog-proizvoda\/\"},{\"@type\":\"ListItem\",\"position\":3,\"name\":\"Sistemi za su\u0161enje kalupa DS serije\"}]},{\"@type\":\"WebSite\",\"@id\":\"https:\/\/nomis.hr\/#website\",\"url\":\"https:\/\/nomis.hr\/\",\"name\":\"Nomis\",\"description\":\"Sve za preradu polimera i metala na jednom mjestu!\",\"publisher\":{\"@id\":\"https:\/\/nomis.hr\/#organization\"},\"potentialAction\":[{\"@type\":\"SearchAction\",\"target\":{\"@type\":\"EntryPoint\",\"urlTemplate\":\"https:\/\/nomis.hr\/?s={search_term_string}\"},\"query-input\":\"required name=search_term_string\"}],\"inLanguage\":\"sr-RS\"},{\"@type\":\"Organization\",\"@id\":\"https:\/\/nomis.hr\/#organization\",\"name\":\"Nomis\",\"url\":\"https:\/\/nomis.hr\/\",\"logo\":{\"@type\":\"ImageObject\",\"inLanguage\":\"sr-RS\",\"@id\":\"https:\/\/nomis.hr\/#\/schema\/logo\/image\/\",\"url\":\"https:\/\/nomis.hr\/wp-content\/uploads\/2021\/03\/Nomis-logo-admin-login.png\",\"contentUrl\":\"https:\/\/nomis.hr\/wp-content\/uploads\/2021\/03\/Nomis-logo-admin-login.png\",\"width\":640,\"height\":163,\"caption\":\"Nomis\"},\"image\":{\"@id\":\"https:\/\/nomis.hr\/#\/schema\/logo\/image\/\"}}]}<\/script>\n<!-- \/ Yoast SEO plugin. -->","yoast_head_json":{"title":"Sistemi za su\u0161enje kalupa DS serije - Nomis","robots":{"index":"index","follow":"follow","max-snippet":"max-snippet:-1","max-image-preview":"max-image-preview:large","max-video-preview":"max-video-preview:-1"},"canonical":"https:\/\/nomis.hr\/sr\/produkt\/sistemi-za-susenje-kalupa-ds-serije\/","og_locale":"sr_RS","og_type":"article","og_title":"Sistemi za su\u0161enje kalupa DS serije - Nomis","og_description":"DS sistemi za su\u0161enje kalupa \u0161tite kalup od kondenzacije vode te tako pove\u0107avaju performanse u pogledu kvaliteta finalnog proizvoda, energetske u\u010dinkovitosti i produ\u017eavanja \u017eivotnog ciklusa kalupa. Zbog kompaktne strukture i razli\u010ditih veli\u010dina pogodni su za sve aplikacije i razli\u010dite zahteve protoka vazduha. Izjedna\u010diva\u010d automatski modulira temperaturu rosi\u0161ta od -5 do -15\u00b0C zavisno o postoje\u0107im klimatskim uslovima. Kontrolna plo\u010da prikazuje radni status ure\u0111aja, a\u00a0 ekran prikazuje nivo vlage i temperaturu vazduha. Dostupan MOWIS sistem upravljanja.  Glavne karakteristike:   Temperatura rosi\u0161ta od -5 do -15\u00b0C  Visokou\u010dinski rotor  Konstrukcija od ner\u0111aju\u0107eg \u010delika","og_url":"https:\/\/nomis.hr\/sr\/produkt\/sistemi-za-susenje-kalupa-ds-serije\/","og_site_name":"Nomis","og_image":[{"width":1024,"height":1024,"url":"https:\/\/nomis.hr\/wp-content\/uploads\/2022\/05\/Sustavi-za-sus\u030cenje-kalupa-DS-serije.jpg","type":"image\/jpeg"}],"twitter_card":"summary_large_image","schema":{"@context":"https:\/\/schema.org","@graph":[{"@type":"WebPage","@id":"https:\/\/nomis.hr\/sr\/produkt\/sistemi-za-susenje-kalupa-ds-serije\/","url":"https:\/\/nomis.hr\/sr\/produkt\/sistemi-za-susenje-kalupa-ds-serije\/","name":"Sistemi za su\u0161enje kalupa DS serije - Nomis","isPartOf":{"@id":"https:\/\/nomis.hr\/#website"},"datePublished":"2022-05-05T08:20:28+00:00","dateModified":"2022-05-05T08:20:28+00:00","breadcrumb":{"@id":"https:\/\/nomis.hr\/sr\/produkt\/sistemi-za-susenje-kalupa-ds-serije\/#breadcrumb"},"inLanguage":"sr-RS","potentialAction":[{"@type":"ReadAction","target":["https:\/\/nomis.hr\/sr\/produkt\/sistemi-za-susenje-kalupa-ds-serije\/"]}]},{"@type":"BreadcrumbList","@id":"https:\/\/nomis.hr\/sr\/produkt\/sistemi-za-susenje-kalupa-ds-serije\/#breadcrumb","itemListElement":[{"@type":"ListItem","position":1,"name":"Home","item":"https:\/\/nomis.hr\/sr\/"},{"@type":"ListItem","position":2,"name":"Katalog proizvoda","item":"https:\/\/nomis.hr\/sr\/katalog-proizvoda\/"},{"@type":"ListItem","position":3,"name":"Sistemi za su\u0161enje kalupa DS serije"}]},{"@type":"WebSite","@id":"https:\/\/nomis.hr\/#website","url":"https:\/\/nomis.hr\/","name":"Nomis","description":"Sve za preradu polimera i metala na jednom mjestu!","publisher":{"@id":"https:\/\/nomis.hr\/#organization"},"potentialAction":[{"@type":"SearchAction","target":{"@type":"EntryPoint","urlTemplate":"https:\/\/nomis.hr\/?s={search_term_string}"},"query-input":"required name=search_term_string"}],"inLanguage":"sr-RS"},{"@type":"Organization","@id":"https:\/\/nomis.hr\/#organization","name":"Nomis","url":"https:\/\/nomis.hr\/","logo":{"@type":"ImageObject","inLanguage":"sr-RS","@id":"https:\/\/nomis.hr\/#\/schema\/logo\/image\/","url":"https:\/\/nomis.hr\/wp-content\/uploads\/2021\/03\/Nomis-logo-admin-login.png","contentUrl":"https:\/\/nomis.hr\/wp-content\/uploads\/2021\/03\/Nomis-logo-admin-login.png","width":640,"height":163,"caption":"Nomis"},"image":{"@id":"https:\/\/nomis.hr\/#\/schema\/logo\/image\/"}}]}},"_links":{"self":[{"href":"https:\/\/nomis.hr\/sr\/wp-json\/wp\/v2\/product\/4167"}],"collection":[{"href":"https:\/\/nomis.hr\/sr\/wp-json\/wp\/v2\/product"}],"about":[{"href":"https:\/\/nomis.hr\/sr\/wp-json\/wp\/v2\/types\/product"}],"wp:featuredmedia":[{"embeddable":true,"href":"https:\/\/nomis.hr\/sr\/wp-json\/wp\/v2\/media\/4168"}],"wp:attachment":[{"href":"https:\/\/nomis.hr\/sr\/wp-json\/wp\/v2\/media?parent=4167"}],"wp:term":[{"taxonomy":"product_cat","embeddable":true,"href":"https:\/\/nomis.hr\/sr\/wp-json\/wp\/v2\/product_cat?post=4167"},{"taxonomy":"product_tag","embeddable":true,"href":"https:\/\/nomis.hr\/sr\/wp-json\/wp\/v2\/product_tag?post=4167"}],"curies":[{"name":"wp","href":"https:\/\/api.w.org\/{rel}","templated":true}]}}