{"id":4174,"date":"2022-05-05T10:18:10","date_gmt":"2022-05-05T08:18:10","guid":{"rendered":"https:\/\/nomis.hr\/product\/moisture-meter-guard\/"},"modified":"2022-05-05T10:18:10","modified_gmt":"2022-05-05T08:18:10","slug":"moisture-meter-guard","status":"publish","type":"product","link":"https:\/\/nomis.hr\/sr\/produkt\/moisture-meter-guard\/","title":{"rendered":"Moisture meter guard"},"content":{"rendered":"","protected":false},"excerpt":{"rendered":"<p>Nadzorni ure\u0111aj koji omogu\u0107uje konstantnu 360\u00b0 kontrolu procesa odvla\u017eivanja materijala \u010dak i no\u0107nim smenama i bez prisustva operatera. Ukoliko materijal nije dobro osu\u0161en, MM GUARD zaustavlja njegov protok prema stroju za preradu i aktivira automatski sistem za oporavak materijala koji se prenosi u rezervoar i ponovno odvla\u017euje. Kada se dostignu zadovoljavaju\u0107i uslovi, pokre\u0107e se automatska reaktivacija protoka materijala. Ure\u0111aj ima HD ekran osetljiv na dodir u boji, jednostavno korisni\u010dki interfejs sa priklju\u010dcima: Ethernet, USB, Serial RS485. Dostupan MOWIS sistem upravljanja.<\/p>\n<p>Glavne karakteristike:<\/p>\n<ul>\n<li>Certificirana proizvodnja<\/li>\n<li>Linijski nadzor vla\u017enosti<\/li>\n<li>Automatsko ponovno tretiranje materijala ukoliko je potrebno<\/li>\n<\/ul>\n","protected":false},"featured_media":4175,"template":"","meta":[],"product_cat":[248,204,263],"product_tag":[],"yoast_head":"<!-- This site is optimized with the Yoast SEO plugin v21.3 - https:\/\/yoast.com\/wordpress\/plugins\/seo\/ -->\n<title>Moisture meter guard - Nomis<\/title>\n<meta name=\"robots\" content=\"index, follow, max-snippet:-1, max-image-preview:large, max-video-preview:-1\" \/>\n<link rel=\"canonical\" href=\"https:\/\/nomis.hr\/sr\/produkt\/moisture-meter-guard\/\" \/>\n<meta property=\"og:locale\" content=\"sr_RS\" \/>\n<meta property=\"og:type\" content=\"article\" \/>\n<meta property=\"og:title\" content=\"Moisture meter guard - Nomis\" \/>\n<meta property=\"og:description\" content=\"Nadzorni ure\u0111aj koji omogu\u0107uje konstantnu 360\u00b0 kontrolu procesa odvla\u017eivanja materijala \u010dak i no\u0107nim smenama i bez prisustva operatera. Ukoliko materijal nije dobro osu\u0161en, MM GUARD zaustavlja njegov protok prema stroju za preradu i aktivira automatski sistem za oporavak materijala koji se prenosi u rezervoar i ponovno odvla\u017euje. Kada se dostignu zadovoljavaju\u0107i uslovi, pokre\u0107e se automatska reaktivacija protoka materijala. Ure\u0111aj ima HD ekran osetljiv na dodir u boji, jednostavno korisni\u010dki interfejs sa priklju\u010dcima: Ethernet, USB, Serial RS485. Dostupan MOWIS sistem upravljanja.  Glavne karakteristike:   Certificirana proizvodnja  Linijski nadzor vla\u017enosti  Automatsko ponovno tretiranje materijala ukoliko je potrebno\" \/>\n<meta property=\"og:url\" content=\"https:\/\/nomis.hr\/sr\/produkt\/moisture-meter-guard\/\" \/>\n<meta property=\"og:site_name\" content=\"Nomis\" \/>\n<meta property=\"og:image\" content=\"https:\/\/nomis.hr\/wp-content\/uploads\/2022\/05\/Moisture-meter-guard.jpg\" \/>\n\t<meta property=\"og:image:width\" content=\"1024\" \/>\n\t<meta property=\"og:image:height\" content=\"1024\" \/>\n\t<meta property=\"og:image:type\" content=\"image\/jpeg\" \/>\n<meta name=\"twitter:card\" content=\"summary_large_image\" \/>\n<script type=\"application\/ld+json\" class=\"yoast-schema-graph\">{\"@context\":\"https:\/\/schema.org\",\"@graph\":[{\"@type\":\"WebPage\",\"@id\":\"https:\/\/nomis.hr\/sr\/produkt\/moisture-meter-guard\/\",\"url\":\"https:\/\/nomis.hr\/sr\/produkt\/moisture-meter-guard\/\",\"name\":\"Moisture meter guard - Nomis\",\"isPartOf\":{\"@id\":\"https:\/\/nomis.hr\/#website\"},\"datePublished\":\"2022-05-05T08:18:10+00:00\",\"dateModified\":\"2022-05-05T08:18:10+00:00\",\"breadcrumb\":{\"@id\":\"https:\/\/nomis.hr\/sr\/produkt\/moisture-meter-guard\/#breadcrumb\"},\"inLanguage\":\"sr-RS\",\"potentialAction\":[{\"@type\":\"ReadAction\",\"target\":[\"https:\/\/nomis.hr\/sr\/produkt\/moisture-meter-guard\/\"]}]},{\"@type\":\"BreadcrumbList\",\"@id\":\"https:\/\/nomis.hr\/sr\/produkt\/moisture-meter-guard\/#breadcrumb\",\"itemListElement\":[{\"@type\":\"ListItem\",\"position\":1,\"name\":\"Home\",\"item\":\"https:\/\/nomis.hr\/sr\/\"},{\"@type\":\"ListItem\",\"position\":2,\"name\":\"Katalog proizvoda\",\"item\":\"https:\/\/nomis.hr\/sr\/katalog-proizvoda\/\"},{\"@type\":\"ListItem\",\"position\":3,\"name\":\"Moisture meter guard\"}]},{\"@type\":\"WebSite\",\"@id\":\"https:\/\/nomis.hr\/#website\",\"url\":\"https:\/\/nomis.hr\/\",\"name\":\"Nomis\",\"description\":\"Sve za preradu polimera i metala na jednom mjestu!\",\"publisher\":{\"@id\":\"https:\/\/nomis.hr\/#organization\"},\"potentialAction\":[{\"@type\":\"SearchAction\",\"target\":{\"@type\":\"EntryPoint\",\"urlTemplate\":\"https:\/\/nomis.hr\/?s={search_term_string}\"},\"query-input\":\"required name=search_term_string\"}],\"inLanguage\":\"sr-RS\"},{\"@type\":\"Organization\",\"@id\":\"https:\/\/nomis.hr\/#organization\",\"name\":\"Nomis\",\"url\":\"https:\/\/nomis.hr\/\",\"logo\":{\"@type\":\"ImageObject\",\"inLanguage\":\"sr-RS\",\"@id\":\"https:\/\/nomis.hr\/#\/schema\/logo\/image\/\",\"url\":\"https:\/\/nomis.hr\/wp-content\/uploads\/2021\/03\/Nomis-logo-admin-login.png\",\"contentUrl\":\"https:\/\/nomis.hr\/wp-content\/uploads\/2021\/03\/Nomis-logo-admin-login.png\",\"width\":640,\"height\":163,\"caption\":\"Nomis\"},\"image\":{\"@id\":\"https:\/\/nomis.hr\/#\/schema\/logo\/image\/\"}}]}<\/script>\n<!-- \/ Yoast SEO plugin. -->","yoast_head_json":{"title":"Moisture meter guard - Nomis","robots":{"index":"index","follow":"follow","max-snippet":"max-snippet:-1","max-image-preview":"max-image-preview:large","max-video-preview":"max-video-preview:-1"},"canonical":"https:\/\/nomis.hr\/sr\/produkt\/moisture-meter-guard\/","og_locale":"sr_RS","og_type":"article","og_title":"Moisture meter guard - Nomis","og_description":"Nadzorni ure\u0111aj koji omogu\u0107uje konstantnu 360\u00b0 kontrolu procesa odvla\u017eivanja materijala \u010dak i no\u0107nim smenama i bez prisustva operatera. Ukoliko materijal nije dobro osu\u0161en, MM GUARD zaustavlja njegov protok prema stroju za preradu i aktivira automatski sistem za oporavak materijala koji se prenosi u rezervoar i ponovno odvla\u017euje. Kada se dostignu zadovoljavaju\u0107i uslovi, pokre\u0107e se automatska reaktivacija protoka materijala. Ure\u0111aj ima HD ekran osetljiv na dodir u boji, jednostavno korisni\u010dki interfejs sa priklju\u010dcima: Ethernet, USB, Serial RS485. Dostupan MOWIS sistem upravljanja.  Glavne karakteristike:   Certificirana proizvodnja  Linijski nadzor vla\u017enosti  Automatsko ponovno tretiranje materijala ukoliko je potrebno","og_url":"https:\/\/nomis.hr\/sr\/produkt\/moisture-meter-guard\/","og_site_name":"Nomis","og_image":[{"width":1024,"height":1024,"url":"https:\/\/nomis.hr\/wp-content\/uploads\/2022\/05\/Moisture-meter-guard.jpg","type":"image\/jpeg"}],"twitter_card":"summary_large_image","schema":{"@context":"https:\/\/schema.org","@graph":[{"@type":"WebPage","@id":"https:\/\/nomis.hr\/sr\/produkt\/moisture-meter-guard\/","url":"https:\/\/nomis.hr\/sr\/produkt\/moisture-meter-guard\/","name":"Moisture meter guard - Nomis","isPartOf":{"@id":"https:\/\/nomis.hr\/#website"},"datePublished":"2022-05-05T08:18:10+00:00","dateModified":"2022-05-05T08:18:10+00:00","breadcrumb":{"@id":"https:\/\/nomis.hr\/sr\/produkt\/moisture-meter-guard\/#breadcrumb"},"inLanguage":"sr-RS","potentialAction":[{"@type":"ReadAction","target":["https:\/\/nomis.hr\/sr\/produkt\/moisture-meter-guard\/"]}]},{"@type":"BreadcrumbList","@id":"https:\/\/nomis.hr\/sr\/produkt\/moisture-meter-guard\/#breadcrumb","itemListElement":[{"@type":"ListItem","position":1,"name":"Home","item":"https:\/\/nomis.hr\/sr\/"},{"@type":"ListItem","position":2,"name":"Katalog proizvoda","item":"https:\/\/nomis.hr\/sr\/katalog-proizvoda\/"},{"@type":"ListItem","position":3,"name":"Moisture meter guard"}]},{"@type":"WebSite","@id":"https:\/\/nomis.hr\/#website","url":"https:\/\/nomis.hr\/","name":"Nomis","description":"Sve za preradu polimera i metala na jednom mjestu!","publisher":{"@id":"https:\/\/nomis.hr\/#organization"},"potentialAction":[{"@type":"SearchAction","target":{"@type":"EntryPoint","urlTemplate":"https:\/\/nomis.hr\/?s={search_term_string}"},"query-input":"required name=search_term_string"}],"inLanguage":"sr-RS"},{"@type":"Organization","@id":"https:\/\/nomis.hr\/#organization","name":"Nomis","url":"https:\/\/nomis.hr\/","logo":{"@type":"ImageObject","inLanguage":"sr-RS","@id":"https:\/\/nomis.hr\/#\/schema\/logo\/image\/","url":"https:\/\/nomis.hr\/wp-content\/uploads\/2021\/03\/Nomis-logo-admin-login.png","contentUrl":"https:\/\/nomis.hr\/wp-content\/uploads\/2021\/03\/Nomis-logo-admin-login.png","width":640,"height":163,"caption":"Nomis"},"image":{"@id":"https:\/\/nomis.hr\/#\/schema\/logo\/image\/"}}]}},"_links":{"self":[{"href":"https:\/\/nomis.hr\/sr\/wp-json\/wp\/v2\/product\/4174"}],"collection":[{"href":"https:\/\/nomis.hr\/sr\/wp-json\/wp\/v2\/product"}],"about":[{"href":"https:\/\/nomis.hr\/sr\/wp-json\/wp\/v2\/types\/product"}],"wp:featuredmedia":[{"embeddable":true,"href":"https:\/\/nomis.hr\/sr\/wp-json\/wp\/v2\/media\/4175"}],"wp:attachment":[{"href":"https:\/\/nomis.hr\/sr\/wp-json\/wp\/v2\/media?parent=4174"}],"wp:term":[{"taxonomy":"product_cat","embeddable":true,"href":"https:\/\/nomis.hr\/sr\/wp-json\/wp\/v2\/product_cat?post=4174"},{"taxonomy":"product_tag","embeddable":true,"href":"https:\/\/nomis.hr\/sr\/wp-json\/wp\/v2\/product_tag?post=4174"}],"curies":[{"name":"wp","href":"https:\/\/api.w.org\/{rel}","templated":true}]}}