{"id":4177,"date":"2022-05-05T10:17:03","date_gmt":"2022-05-05T08:17:03","guid":{"rendered":"https:\/\/nomis.hr\/product\/moisture-meter-box\/"},"modified":"2022-05-05T10:17:03","modified_gmt":"2022-05-05T08:17:03","slug":"moisture-meter-box","status":"publish","type":"product","link":"https:\/\/nomis.hr\/sr\/produkt\/moisture-meter-box\/","title":{"rendered":"Moisture meter box"},"content":{"rendered":"","protected":false},"excerpt":{"rendered":"<p>Analizator vlage s patentiranom \u201ePower Peak\u201c tehnologijom, posve\u0107en linijskom merenju ostatka vlage u polimernom granulatu nakon su\u0161enja i neposredno pre oblikovanja. Konstantnim skeniranjem materijala meri minimalno 15 delova od njih 1.000.000 pru\u017ea izve\u0161taje o kvalitetu granulata, te slu\u017ei za eliminaciju<em> offline<\/em> analiza. Ima ekran osetljiv na dodir u boji i jednostavno korisni\u010dki interfejs sa priklju\u010dcima: Ethernet, USB, Serial RS485. Dostupan MOWIS sistem upravljanja.<\/p>\n<p>Glavne karakteristike:<\/p>\n<ul>\n<li>Certificirana proizvodnja<\/li>\n<li>Linijska kontrola vlage<\/li>\n<li>Prilagodljivi profili materijala<\/li>\n<\/ul>\n","protected":false},"featured_media":4178,"template":"","meta":[],"product_cat":[204,248,263],"product_tag":[],"yoast_head":"<!-- This site is optimized with the Yoast SEO plugin v21.3 - https:\/\/yoast.com\/wordpress\/plugins\/seo\/ -->\n<title>Moisture meter box - Nomis<\/title>\n<meta name=\"robots\" content=\"index, follow, max-snippet:-1, max-image-preview:large, max-video-preview:-1\" \/>\n<link rel=\"canonical\" href=\"https:\/\/nomis.hr\/sr\/produkt\/moisture-meter-box\/\" \/>\n<meta property=\"og:locale\" content=\"sr_RS\" \/>\n<meta property=\"og:type\" content=\"article\" \/>\n<meta property=\"og:title\" content=\"Moisture meter box - Nomis\" \/>\n<meta property=\"og:description\" content=\"Analizator vlage s patentiranom \u201ePower Peak\u201c tehnologijom, posve\u0107en linijskom merenju ostatka vlage u polimernom granulatu nakon su\u0161enja i neposredno pre oblikovanja. Konstantnim skeniranjem materijala meri minimalno 15 delova od njih 1.000.000 pru\u017ea izve\u0161taje o kvalitetu granulata, te slu\u017ei za eliminaciju offline analiza. Ima ekran osetljiv na dodir u boji i jednostavno korisni\u010dki interfejs sa priklju\u010dcima: Ethernet, USB, Serial RS485. Dostupan MOWIS sistem upravljanja.  Glavne karakteristike:   Certificirana proizvodnja  Linijska kontrola vlage  Prilagodljivi profili materijala\" \/>\n<meta property=\"og:url\" content=\"https:\/\/nomis.hr\/sr\/produkt\/moisture-meter-box\/\" \/>\n<meta property=\"og:site_name\" content=\"Nomis\" \/>\n<meta property=\"og:image\" content=\"https:\/\/nomis.hr\/wp-content\/uploads\/2022\/05\/Moisture-meter-box.jpg\" \/>\n\t<meta property=\"og:image:width\" content=\"1024\" \/>\n\t<meta property=\"og:image:height\" content=\"1024\" \/>\n\t<meta property=\"og:image:type\" content=\"image\/jpeg\" \/>\n<meta name=\"twitter:card\" content=\"summary_large_image\" \/>\n<script type=\"application\/ld+json\" class=\"yoast-schema-graph\">{\"@context\":\"https:\/\/schema.org\",\"@graph\":[{\"@type\":\"WebPage\",\"@id\":\"https:\/\/nomis.hr\/sr\/produkt\/moisture-meter-box\/\",\"url\":\"https:\/\/nomis.hr\/sr\/produkt\/moisture-meter-box\/\",\"name\":\"Moisture meter box - Nomis\",\"isPartOf\":{\"@id\":\"https:\/\/nomis.hr\/#website\"},\"datePublished\":\"2022-05-05T08:17:03+00:00\",\"dateModified\":\"2022-05-05T08:17:03+00:00\",\"breadcrumb\":{\"@id\":\"https:\/\/nomis.hr\/sr\/produkt\/moisture-meter-box\/#breadcrumb\"},\"inLanguage\":\"sr-RS\",\"potentialAction\":[{\"@type\":\"ReadAction\",\"target\":[\"https:\/\/nomis.hr\/sr\/produkt\/moisture-meter-box\/\"]}]},{\"@type\":\"BreadcrumbList\",\"@id\":\"https:\/\/nomis.hr\/sr\/produkt\/moisture-meter-box\/#breadcrumb\",\"itemListElement\":[{\"@type\":\"ListItem\",\"position\":1,\"name\":\"Home\",\"item\":\"https:\/\/nomis.hr\/sr\/\"},{\"@type\":\"ListItem\",\"position\":2,\"name\":\"Katalog proizvoda\",\"item\":\"https:\/\/nomis.hr\/sr\/katalog-proizvoda\/\"},{\"@type\":\"ListItem\",\"position\":3,\"name\":\"Moisture meter box\"}]},{\"@type\":\"WebSite\",\"@id\":\"https:\/\/nomis.hr\/#website\",\"url\":\"https:\/\/nomis.hr\/\",\"name\":\"Nomis\",\"description\":\"Sve za preradu polimera i metala na jednom mjestu!\",\"publisher\":{\"@id\":\"https:\/\/nomis.hr\/#organization\"},\"potentialAction\":[{\"@type\":\"SearchAction\",\"target\":{\"@type\":\"EntryPoint\",\"urlTemplate\":\"https:\/\/nomis.hr\/?s={search_term_string}\"},\"query-input\":\"required name=search_term_string\"}],\"inLanguage\":\"sr-RS\"},{\"@type\":\"Organization\",\"@id\":\"https:\/\/nomis.hr\/#organization\",\"name\":\"Nomis\",\"url\":\"https:\/\/nomis.hr\/\",\"logo\":{\"@type\":\"ImageObject\",\"inLanguage\":\"sr-RS\",\"@id\":\"https:\/\/nomis.hr\/#\/schema\/logo\/image\/\",\"url\":\"https:\/\/nomis.hr\/wp-content\/uploads\/2021\/03\/Nomis-logo-admin-login.png\",\"contentUrl\":\"https:\/\/nomis.hr\/wp-content\/uploads\/2021\/03\/Nomis-logo-admin-login.png\",\"width\":640,\"height\":163,\"caption\":\"Nomis\"},\"image\":{\"@id\":\"https:\/\/nomis.hr\/#\/schema\/logo\/image\/\"}}]}<\/script>\n<!-- \/ Yoast SEO plugin. -->","yoast_head_json":{"title":"Moisture meter box - Nomis","robots":{"index":"index","follow":"follow","max-snippet":"max-snippet:-1","max-image-preview":"max-image-preview:large","max-video-preview":"max-video-preview:-1"},"canonical":"https:\/\/nomis.hr\/sr\/produkt\/moisture-meter-box\/","og_locale":"sr_RS","og_type":"article","og_title":"Moisture meter box - Nomis","og_description":"Analizator vlage s patentiranom \u201ePower Peak\u201c tehnologijom, posve\u0107en linijskom merenju ostatka vlage u polimernom granulatu nakon su\u0161enja i neposredno pre oblikovanja. Konstantnim skeniranjem materijala meri minimalno 15 delova od njih 1.000.000 pru\u017ea izve\u0161taje o kvalitetu granulata, te slu\u017ei za eliminaciju offline analiza. Ima ekran osetljiv na dodir u boji i jednostavno korisni\u010dki interfejs sa priklju\u010dcima: Ethernet, USB, Serial RS485. Dostupan MOWIS sistem upravljanja.  Glavne karakteristike:   Certificirana proizvodnja  Linijska kontrola vlage  Prilagodljivi profili materijala","og_url":"https:\/\/nomis.hr\/sr\/produkt\/moisture-meter-box\/","og_site_name":"Nomis","og_image":[{"width":1024,"height":1024,"url":"https:\/\/nomis.hr\/wp-content\/uploads\/2022\/05\/Moisture-meter-box.jpg","type":"image\/jpeg"}],"twitter_card":"summary_large_image","schema":{"@context":"https:\/\/schema.org","@graph":[{"@type":"WebPage","@id":"https:\/\/nomis.hr\/sr\/produkt\/moisture-meter-box\/","url":"https:\/\/nomis.hr\/sr\/produkt\/moisture-meter-box\/","name":"Moisture meter box - Nomis","isPartOf":{"@id":"https:\/\/nomis.hr\/#website"},"datePublished":"2022-05-05T08:17:03+00:00","dateModified":"2022-05-05T08:17:03+00:00","breadcrumb":{"@id":"https:\/\/nomis.hr\/sr\/produkt\/moisture-meter-box\/#breadcrumb"},"inLanguage":"sr-RS","potentialAction":[{"@type":"ReadAction","target":["https:\/\/nomis.hr\/sr\/produkt\/moisture-meter-box\/"]}]},{"@type":"BreadcrumbList","@id":"https:\/\/nomis.hr\/sr\/produkt\/moisture-meter-box\/#breadcrumb","itemListElement":[{"@type":"ListItem","position":1,"name":"Home","item":"https:\/\/nomis.hr\/sr\/"},{"@type":"ListItem","position":2,"name":"Katalog proizvoda","item":"https:\/\/nomis.hr\/sr\/katalog-proizvoda\/"},{"@type":"ListItem","position":3,"name":"Moisture meter box"}]},{"@type":"WebSite","@id":"https:\/\/nomis.hr\/#website","url":"https:\/\/nomis.hr\/","name":"Nomis","description":"Sve za preradu polimera i metala na jednom mjestu!","publisher":{"@id":"https:\/\/nomis.hr\/#organization"},"potentialAction":[{"@type":"SearchAction","target":{"@type":"EntryPoint","urlTemplate":"https:\/\/nomis.hr\/?s={search_term_string}"},"query-input":"required name=search_term_string"}],"inLanguage":"sr-RS"},{"@type":"Organization","@id":"https:\/\/nomis.hr\/#organization","name":"Nomis","url":"https:\/\/nomis.hr\/","logo":{"@type":"ImageObject","inLanguage":"sr-RS","@id":"https:\/\/nomis.hr\/#\/schema\/logo\/image\/","url":"https:\/\/nomis.hr\/wp-content\/uploads\/2021\/03\/Nomis-logo-admin-login.png","contentUrl":"https:\/\/nomis.hr\/wp-content\/uploads\/2021\/03\/Nomis-logo-admin-login.png","width":640,"height":163,"caption":"Nomis"},"image":{"@id":"https:\/\/nomis.hr\/#\/schema\/logo\/image\/"}}]}},"_links":{"self":[{"href":"https:\/\/nomis.hr\/sr\/wp-json\/wp\/v2\/product\/4177"}],"collection":[{"href":"https:\/\/nomis.hr\/sr\/wp-json\/wp\/v2\/product"}],"about":[{"href":"https:\/\/nomis.hr\/sr\/wp-json\/wp\/v2\/types\/product"}],"wp:featuredmedia":[{"embeddable":true,"href":"https:\/\/nomis.hr\/sr\/wp-json\/wp\/v2\/media\/4178"}],"wp:attachment":[{"href":"https:\/\/nomis.hr\/sr\/wp-json\/wp\/v2\/media?parent=4177"}],"wp:term":[{"taxonomy":"product_cat","embeddable":true,"href":"https:\/\/nomis.hr\/sr\/wp-json\/wp\/v2\/product_cat?post=4177"},{"taxonomy":"product_tag","embeddable":true,"href":"https:\/\/nomis.hr\/sr\/wp-json\/wp\/v2\/product_tag?post=4177"}],"curies":[{"name":"wp","href":"https:\/\/api.w.org\/{rel}","templated":true}]}}