{"id":4207,"date":"2022-05-05T10:04:14","date_gmt":"2022-05-05T08:04:14","guid":{"rendered":"https:\/\/nomis.hr\/product\/susare-na-vruc-vazduh-s-m\/"},"modified":"2022-05-05T10:04:14","modified_gmt":"2022-05-05T08:04:14","slug":"susare-na-vruc-vazduh-s-m","status":"publish","type":"product","link":"https:\/\/nomis.hr\/sr\/produkt\/susare-na-vruc-vazduh-s-m\/","title":{"rendered":"Sus\u030care na vruc\u0301 vazduh (S-M)"},"content":{"rendered":"","protected":false},"excerpt":{"rendered":"<p>EH A V \u2013 EH AC V je serija su\u0161ara na vru\u0107 vazduh s kapacitetom protoka vazduha od 35 do 200 m<sup>3<\/sup>. Ove su\u0161are posebno su dizajnirane za tretiranje nehigroskopnih materijala. Temperatura je elektronski regulisana preko impulsa sa solid-state releja, a VIEWER sistem osigurava jednostavno upravljanje. Ure\u0111aj mo\u017ee biti instaliran pored ma\u0161ina za preradu ili na njemu, \u0161to ga \u010dini vrlo kompaktnim. Dostupno je 11 razli\u010ditih konfiguracija sa TS rezervoarima.<\/p>\n<p>Glavne karakteristike:<\/p>\n<ul>\n<li>VIEWER sistem za jednostavno upravljanje<\/li>\n<li>Solid-state relej<\/li>\n<li>Filter povratnog vazduha<\/li>\n<\/ul>\n","protected":false},"featured_media":4208,"template":"","meta":[],"product_cat":[204,248,263],"product_tag":[],"yoast_head":"<!-- This site is optimized with the Yoast SEO plugin v21.3 - https:\/\/yoast.com\/wordpress\/plugins\/seo\/ -->\n<title>Sus\u030care na vruc\u0301 vazduh (S-M) - Nomis<\/title>\n<meta name=\"robots\" content=\"index, follow, max-snippet:-1, max-image-preview:large, max-video-preview:-1\" \/>\n<link rel=\"canonical\" href=\"https:\/\/nomis.hr\/sr\/produkt\/susare-na-vruc-vazduh-s-m\/\" \/>\n<meta property=\"og:locale\" content=\"sr_RS\" \/>\n<meta property=\"og:type\" content=\"article\" \/>\n<meta property=\"og:title\" content=\"Sus\u030care na vruc\u0301 vazduh (S-M) - Nomis\" \/>\n<meta property=\"og:description\" content=\"EH A V \u2013 EH AC V je serija su\u0161ara na vru\u0107 vazduh s kapacitetom protoka vazduha od 35 do 200 m3. Ove su\u0161are posebno su dizajnirane za tretiranje nehigroskopnih materijala. Temperatura je elektronski regulisana preko impulsa sa solid-state releja, a VIEWER sistem osigurava jednostavno upravljanje. Ure\u0111aj mo\u017ee biti instaliran pored ma\u0161ina za preradu ili na njemu, \u0161to ga \u010dini vrlo kompaktnim. Dostupno je 11 razli\u010ditih konfiguracija sa TS rezervoarima.  Glavne karakteristike:   VIEWER sistem za jednostavno upravljanje  Solid-state relej  Filter povratnog vazduha\" \/>\n<meta property=\"og:url\" content=\"https:\/\/nomis.hr\/sr\/produkt\/susare-na-vruc-vazduh-s-m\/\" \/>\n<meta property=\"og:site_name\" content=\"Nomis\" \/>\n<meta property=\"og:image\" content=\"https:\/\/nomis.hr\/wp-content\/uploads\/2022\/05\/Sus\u030care-na-vruc\u0301i-zrak-S-M.jpg\" \/>\n\t<meta property=\"og:image:width\" content=\"1024\" \/>\n\t<meta property=\"og:image:height\" content=\"1024\" \/>\n\t<meta property=\"og:image:type\" content=\"image\/jpeg\" \/>\n<meta name=\"twitter:card\" content=\"summary_large_image\" \/>\n<script type=\"application\/ld+json\" class=\"yoast-schema-graph\">{\"@context\":\"https:\/\/schema.org\",\"@graph\":[{\"@type\":\"WebPage\",\"@id\":\"https:\/\/nomis.hr\/sr\/produkt\/susare-na-vruc-vazduh-s-m\/\",\"url\":\"https:\/\/nomis.hr\/sr\/produkt\/susare-na-vruc-vazduh-s-m\/\",\"name\":\"Sus\u030care na vruc\u0301 vazduh (S-M) - Nomis\",\"isPartOf\":{\"@id\":\"https:\/\/nomis.hr\/#website\"},\"datePublished\":\"2022-05-05T08:04:14+00:00\",\"dateModified\":\"2022-05-05T08:04:14+00:00\",\"breadcrumb\":{\"@id\":\"https:\/\/nomis.hr\/sr\/produkt\/susare-na-vruc-vazduh-s-m\/#breadcrumb\"},\"inLanguage\":\"sr-RS\",\"potentialAction\":[{\"@type\":\"ReadAction\",\"target\":[\"https:\/\/nomis.hr\/sr\/produkt\/susare-na-vruc-vazduh-s-m\/\"]}]},{\"@type\":\"BreadcrumbList\",\"@id\":\"https:\/\/nomis.hr\/sr\/produkt\/susare-na-vruc-vazduh-s-m\/#breadcrumb\",\"itemListElement\":[{\"@type\":\"ListItem\",\"position\":1,\"name\":\"Home\",\"item\":\"https:\/\/nomis.hr\/sr\/\"},{\"@type\":\"ListItem\",\"position\":2,\"name\":\"Katalog proizvoda\",\"item\":\"https:\/\/nomis.hr\/sr\/katalog-proizvoda\/\"},{\"@type\":\"ListItem\",\"position\":3,\"name\":\"Sus\u030care na vruc\u0301 vazduh (S-M)\"}]},{\"@type\":\"WebSite\",\"@id\":\"https:\/\/nomis.hr\/#website\",\"url\":\"https:\/\/nomis.hr\/\",\"name\":\"Nomis\",\"description\":\"Sve za preradu polimera i metala na jednom mjestu!\",\"publisher\":{\"@id\":\"https:\/\/nomis.hr\/#organization\"},\"potentialAction\":[{\"@type\":\"SearchAction\",\"target\":{\"@type\":\"EntryPoint\",\"urlTemplate\":\"https:\/\/nomis.hr\/?s={search_term_string}\"},\"query-input\":\"required name=search_term_string\"}],\"inLanguage\":\"sr-RS\"},{\"@type\":\"Organization\",\"@id\":\"https:\/\/nomis.hr\/#organization\",\"name\":\"Nomis\",\"url\":\"https:\/\/nomis.hr\/\",\"logo\":{\"@type\":\"ImageObject\",\"inLanguage\":\"sr-RS\",\"@id\":\"https:\/\/nomis.hr\/#\/schema\/logo\/image\/\",\"url\":\"https:\/\/nomis.hr\/wp-content\/uploads\/2021\/03\/Nomis-logo-admin-login.png\",\"contentUrl\":\"https:\/\/nomis.hr\/wp-content\/uploads\/2021\/03\/Nomis-logo-admin-login.png\",\"width\":640,\"height\":163,\"caption\":\"Nomis\"},\"image\":{\"@id\":\"https:\/\/nomis.hr\/#\/schema\/logo\/image\/\"}}]}<\/script>\n<!-- \/ Yoast SEO plugin. -->","yoast_head_json":{"title":"Sus\u030care na vruc\u0301 vazduh (S-M) - Nomis","robots":{"index":"index","follow":"follow","max-snippet":"max-snippet:-1","max-image-preview":"max-image-preview:large","max-video-preview":"max-video-preview:-1"},"canonical":"https:\/\/nomis.hr\/sr\/produkt\/susare-na-vruc-vazduh-s-m\/","og_locale":"sr_RS","og_type":"article","og_title":"Sus\u030care na vruc\u0301 vazduh (S-M) - Nomis","og_description":"EH A V \u2013 EH AC V je serija su\u0161ara na vru\u0107 vazduh s kapacitetom protoka vazduha od 35 do 200 m3. Ove su\u0161are posebno su dizajnirane za tretiranje nehigroskopnih materijala. Temperatura je elektronski regulisana preko impulsa sa solid-state releja, a VIEWER sistem osigurava jednostavno upravljanje. Ure\u0111aj mo\u017ee biti instaliran pored ma\u0161ina za preradu ili na njemu, \u0161to ga \u010dini vrlo kompaktnim. Dostupno je 11 razli\u010ditih konfiguracija sa TS rezervoarima.  Glavne karakteristike:   VIEWER sistem za jednostavno upravljanje  Solid-state relej  Filter povratnog vazduha","og_url":"https:\/\/nomis.hr\/sr\/produkt\/susare-na-vruc-vazduh-s-m\/","og_site_name":"Nomis","og_image":[{"width":1024,"height":1024,"url":"https:\/\/nomis.hr\/wp-content\/uploads\/2022\/05\/Sus\u030care-na-vruc\u0301i-zrak-S-M.jpg","type":"image\/jpeg"}],"twitter_card":"summary_large_image","schema":{"@context":"https:\/\/schema.org","@graph":[{"@type":"WebPage","@id":"https:\/\/nomis.hr\/sr\/produkt\/susare-na-vruc-vazduh-s-m\/","url":"https:\/\/nomis.hr\/sr\/produkt\/susare-na-vruc-vazduh-s-m\/","name":"Sus\u030care na vruc\u0301 vazduh (S-M) - Nomis","isPartOf":{"@id":"https:\/\/nomis.hr\/#website"},"datePublished":"2022-05-05T08:04:14+00:00","dateModified":"2022-05-05T08:04:14+00:00","breadcrumb":{"@id":"https:\/\/nomis.hr\/sr\/produkt\/susare-na-vruc-vazduh-s-m\/#breadcrumb"},"inLanguage":"sr-RS","potentialAction":[{"@type":"ReadAction","target":["https:\/\/nomis.hr\/sr\/produkt\/susare-na-vruc-vazduh-s-m\/"]}]},{"@type":"BreadcrumbList","@id":"https:\/\/nomis.hr\/sr\/produkt\/susare-na-vruc-vazduh-s-m\/#breadcrumb","itemListElement":[{"@type":"ListItem","position":1,"name":"Home","item":"https:\/\/nomis.hr\/sr\/"},{"@type":"ListItem","position":2,"name":"Katalog proizvoda","item":"https:\/\/nomis.hr\/sr\/katalog-proizvoda\/"},{"@type":"ListItem","position":3,"name":"Sus\u030care na vruc\u0301 vazduh (S-M)"}]},{"@type":"WebSite","@id":"https:\/\/nomis.hr\/#website","url":"https:\/\/nomis.hr\/","name":"Nomis","description":"Sve za preradu polimera i metala na jednom mjestu!","publisher":{"@id":"https:\/\/nomis.hr\/#organization"},"potentialAction":[{"@type":"SearchAction","target":{"@type":"EntryPoint","urlTemplate":"https:\/\/nomis.hr\/?s={search_term_string}"},"query-input":"required name=search_term_string"}],"inLanguage":"sr-RS"},{"@type":"Organization","@id":"https:\/\/nomis.hr\/#organization","name":"Nomis","url":"https:\/\/nomis.hr\/","logo":{"@type":"ImageObject","inLanguage":"sr-RS","@id":"https:\/\/nomis.hr\/#\/schema\/logo\/image\/","url":"https:\/\/nomis.hr\/wp-content\/uploads\/2021\/03\/Nomis-logo-admin-login.png","contentUrl":"https:\/\/nomis.hr\/wp-content\/uploads\/2021\/03\/Nomis-logo-admin-login.png","width":640,"height":163,"caption":"Nomis"},"image":{"@id":"https:\/\/nomis.hr\/#\/schema\/logo\/image\/"}}]}},"_links":{"self":[{"href":"https:\/\/nomis.hr\/sr\/wp-json\/wp\/v2\/product\/4207"}],"collection":[{"href":"https:\/\/nomis.hr\/sr\/wp-json\/wp\/v2\/product"}],"about":[{"href":"https:\/\/nomis.hr\/sr\/wp-json\/wp\/v2\/types\/product"}],"wp:featuredmedia":[{"embeddable":true,"href":"https:\/\/nomis.hr\/sr\/wp-json\/wp\/v2\/media\/4208"}],"wp:attachment":[{"href":"https:\/\/nomis.hr\/sr\/wp-json\/wp\/v2\/media?parent=4207"}],"wp:term":[{"taxonomy":"product_cat","embeddable":true,"href":"https:\/\/nomis.hr\/sr\/wp-json\/wp\/v2\/product_cat?post=4207"},{"taxonomy":"product_tag","embeddable":true,"href":"https:\/\/nomis.hr\/sr\/wp-json\/wp\/v2\/product_tag?post=4207"}],"curies":[{"name":"wp","href":"https:\/\/api.w.org\/{rel}","templated":true}]}}