{"id":4210,"date":"2022-05-05T10:03:06","date_gmt":"2022-05-05T08:03:06","guid":{"rendered":"https:\/\/nomis.hr\/product\/susare-na-vruc-vazduh-m-l\/"},"modified":"2022-05-05T10:03:06","modified_gmt":"2022-05-05T08:03:06","slug":"susare-na-vruc-vazduh-m-l","status":"publish","type":"product","link":"https:\/\/nomis.hr\/sr\/produkt\/susare-na-vruc-vazduh-m-l\/","title":{"rendered":"Sus\u030care na vruc\u0301 vazduh (M-L)"},"content":{"rendered":"","protected":false},"excerpt":{"rendered":"<p>EH V je serija su\u0161ara na vru\u0107 vazduh s kapacitetom protoka vazduha od 300 do 2.400 m<sup>3<\/sup>. Ove su\u0161are posebno su dizajnirane za tretiranje velikih koli\u010dina nehigroskopnih materijala. Su\u0161ara se pozicionira na pod uz ma\u0161inu za preradu, a rezervoar se mo\u017ee instalirati na ma\u0161inu ili na mezanin. Dostupno je 11 razli\u010ditih konfiguracija sa TS rezervoarima.<\/p>\n<p>Glavne karakteristike:<\/p>\n<ul>\n<li>Visokotla\u010dni generator vazduha<\/li>\n<li>Precizno upravljanje putem PID upravlja\u010da<\/li>\n<li>Solid-state relej<\/li>\n<\/ul>\n","protected":false},"featured_media":4211,"template":"","meta":[],"product_cat":[204,248,263],"product_tag":[],"yoast_head":"<!-- This site is optimized with the Yoast SEO plugin v21.3 - https:\/\/yoast.com\/wordpress\/plugins\/seo\/ -->\n<title>Sus\u030care na vruc\u0301 vazduh (M-L) - Nomis<\/title>\n<meta name=\"robots\" content=\"index, follow, max-snippet:-1, max-image-preview:large, max-video-preview:-1\" \/>\n<link rel=\"canonical\" href=\"https:\/\/nomis.hr\/sr\/produkt\/susare-na-vruc-vazduh-m-l\/\" \/>\n<meta property=\"og:locale\" content=\"sr_RS\" \/>\n<meta property=\"og:type\" content=\"article\" \/>\n<meta property=\"og:title\" content=\"Sus\u030care na vruc\u0301 vazduh (M-L) - Nomis\" \/>\n<meta property=\"og:description\" content=\"EH V je serija su\u0161ara na vru\u0107 vazduh s kapacitetom protoka vazduha od 300 do 2.400 m3. Ove su\u0161are posebno su dizajnirane za tretiranje velikih koli\u010dina nehigroskopnih materijala. Su\u0161ara se pozicionira na pod uz ma\u0161inu za preradu, a rezervoar se mo\u017ee instalirati na ma\u0161inu ili na mezanin. Dostupno je 11 razli\u010ditih konfiguracija sa TS rezervoarima.  Glavne karakteristike:   Visokotla\u010dni generator vazduha  Precizno upravljanje putem PID upravlja\u010da  Solid-state relej\" \/>\n<meta property=\"og:url\" content=\"https:\/\/nomis.hr\/sr\/produkt\/susare-na-vruc-vazduh-m-l\/\" \/>\n<meta property=\"og:site_name\" content=\"Nomis\" \/>\n<meta property=\"og:image\" content=\"https:\/\/nomis.hr\/wp-content\/uploads\/2022\/05\/Sus\u030care-na-vruc\u0301i-zrak-M-L.jpg\" \/>\n\t<meta property=\"og:image:width\" content=\"1024\" \/>\n\t<meta property=\"og:image:height\" content=\"1024\" \/>\n\t<meta property=\"og:image:type\" content=\"image\/jpeg\" \/>\n<meta name=\"twitter:card\" content=\"summary_large_image\" \/>\n<script type=\"application\/ld+json\" class=\"yoast-schema-graph\">{\"@context\":\"https:\/\/schema.org\",\"@graph\":[{\"@type\":\"WebPage\",\"@id\":\"https:\/\/nomis.hr\/sr\/produkt\/susare-na-vruc-vazduh-m-l\/\",\"url\":\"https:\/\/nomis.hr\/sr\/produkt\/susare-na-vruc-vazduh-m-l\/\",\"name\":\"Sus\u030care na vruc\u0301 vazduh (M-L) - Nomis\",\"isPartOf\":{\"@id\":\"https:\/\/nomis.hr\/#website\"},\"datePublished\":\"2022-05-05T08:03:06+00:00\",\"dateModified\":\"2022-05-05T08:03:06+00:00\",\"breadcrumb\":{\"@id\":\"https:\/\/nomis.hr\/sr\/produkt\/susare-na-vruc-vazduh-m-l\/#breadcrumb\"},\"inLanguage\":\"sr-RS\",\"potentialAction\":[{\"@type\":\"ReadAction\",\"target\":[\"https:\/\/nomis.hr\/sr\/produkt\/susare-na-vruc-vazduh-m-l\/\"]}]},{\"@type\":\"BreadcrumbList\",\"@id\":\"https:\/\/nomis.hr\/sr\/produkt\/susare-na-vruc-vazduh-m-l\/#breadcrumb\",\"itemListElement\":[{\"@type\":\"ListItem\",\"position\":1,\"name\":\"Home\",\"item\":\"https:\/\/nomis.hr\/sr\/\"},{\"@type\":\"ListItem\",\"position\":2,\"name\":\"Katalog proizvoda\",\"item\":\"https:\/\/nomis.hr\/sr\/katalog-proizvoda\/\"},{\"@type\":\"ListItem\",\"position\":3,\"name\":\"Sus\u030care na vruc\u0301 vazduh (M-L)\"}]},{\"@type\":\"WebSite\",\"@id\":\"https:\/\/nomis.hr\/#website\",\"url\":\"https:\/\/nomis.hr\/\",\"name\":\"Nomis\",\"description\":\"Sve za preradu polimera i metala na jednom mjestu!\",\"publisher\":{\"@id\":\"https:\/\/nomis.hr\/#organization\"},\"potentialAction\":[{\"@type\":\"SearchAction\",\"target\":{\"@type\":\"EntryPoint\",\"urlTemplate\":\"https:\/\/nomis.hr\/?s={search_term_string}\"},\"query-input\":\"required name=search_term_string\"}],\"inLanguage\":\"sr-RS\"},{\"@type\":\"Organization\",\"@id\":\"https:\/\/nomis.hr\/#organization\",\"name\":\"Nomis\",\"url\":\"https:\/\/nomis.hr\/\",\"logo\":{\"@type\":\"ImageObject\",\"inLanguage\":\"sr-RS\",\"@id\":\"https:\/\/nomis.hr\/#\/schema\/logo\/image\/\",\"url\":\"https:\/\/nomis.hr\/wp-content\/uploads\/2021\/03\/Nomis-logo-admin-login.png\",\"contentUrl\":\"https:\/\/nomis.hr\/wp-content\/uploads\/2021\/03\/Nomis-logo-admin-login.png\",\"width\":640,\"height\":163,\"caption\":\"Nomis\"},\"image\":{\"@id\":\"https:\/\/nomis.hr\/#\/schema\/logo\/image\/\"}}]}<\/script>\n<!-- \/ Yoast SEO plugin. -->","yoast_head_json":{"title":"Sus\u030care na vruc\u0301 vazduh (M-L) - Nomis","robots":{"index":"index","follow":"follow","max-snippet":"max-snippet:-1","max-image-preview":"max-image-preview:large","max-video-preview":"max-video-preview:-1"},"canonical":"https:\/\/nomis.hr\/sr\/produkt\/susare-na-vruc-vazduh-m-l\/","og_locale":"sr_RS","og_type":"article","og_title":"Sus\u030care na vruc\u0301 vazduh (M-L) - Nomis","og_description":"EH V je serija su\u0161ara na vru\u0107 vazduh s kapacitetom protoka vazduha od 300 do 2.400 m3. Ove su\u0161are posebno su dizajnirane za tretiranje velikih koli\u010dina nehigroskopnih materijala. Su\u0161ara se pozicionira na pod uz ma\u0161inu za preradu, a rezervoar se mo\u017ee instalirati na ma\u0161inu ili na mezanin. Dostupno je 11 razli\u010ditih konfiguracija sa TS rezervoarima.  Glavne karakteristike:   Visokotla\u010dni generator vazduha  Precizno upravljanje putem PID upravlja\u010da  Solid-state relej","og_url":"https:\/\/nomis.hr\/sr\/produkt\/susare-na-vruc-vazduh-m-l\/","og_site_name":"Nomis","og_image":[{"width":1024,"height":1024,"url":"https:\/\/nomis.hr\/wp-content\/uploads\/2022\/05\/Sus\u030care-na-vruc\u0301i-zrak-M-L.jpg","type":"image\/jpeg"}],"twitter_card":"summary_large_image","schema":{"@context":"https:\/\/schema.org","@graph":[{"@type":"WebPage","@id":"https:\/\/nomis.hr\/sr\/produkt\/susare-na-vruc-vazduh-m-l\/","url":"https:\/\/nomis.hr\/sr\/produkt\/susare-na-vruc-vazduh-m-l\/","name":"Sus\u030care na vruc\u0301 vazduh (M-L) - Nomis","isPartOf":{"@id":"https:\/\/nomis.hr\/#website"},"datePublished":"2022-05-05T08:03:06+00:00","dateModified":"2022-05-05T08:03:06+00:00","breadcrumb":{"@id":"https:\/\/nomis.hr\/sr\/produkt\/susare-na-vruc-vazduh-m-l\/#breadcrumb"},"inLanguage":"sr-RS","potentialAction":[{"@type":"ReadAction","target":["https:\/\/nomis.hr\/sr\/produkt\/susare-na-vruc-vazduh-m-l\/"]}]},{"@type":"BreadcrumbList","@id":"https:\/\/nomis.hr\/sr\/produkt\/susare-na-vruc-vazduh-m-l\/#breadcrumb","itemListElement":[{"@type":"ListItem","position":1,"name":"Home","item":"https:\/\/nomis.hr\/sr\/"},{"@type":"ListItem","position":2,"name":"Katalog proizvoda","item":"https:\/\/nomis.hr\/sr\/katalog-proizvoda\/"},{"@type":"ListItem","position":3,"name":"Sus\u030care na vruc\u0301 vazduh (M-L)"}]},{"@type":"WebSite","@id":"https:\/\/nomis.hr\/#website","url":"https:\/\/nomis.hr\/","name":"Nomis","description":"Sve za preradu polimera i metala na jednom mjestu!","publisher":{"@id":"https:\/\/nomis.hr\/#organization"},"potentialAction":[{"@type":"SearchAction","target":{"@type":"EntryPoint","urlTemplate":"https:\/\/nomis.hr\/?s={search_term_string}"},"query-input":"required name=search_term_string"}],"inLanguage":"sr-RS"},{"@type":"Organization","@id":"https:\/\/nomis.hr\/#organization","name":"Nomis","url":"https:\/\/nomis.hr\/","logo":{"@type":"ImageObject","inLanguage":"sr-RS","@id":"https:\/\/nomis.hr\/#\/schema\/logo\/image\/","url":"https:\/\/nomis.hr\/wp-content\/uploads\/2021\/03\/Nomis-logo-admin-login.png","contentUrl":"https:\/\/nomis.hr\/wp-content\/uploads\/2021\/03\/Nomis-logo-admin-login.png","width":640,"height":163,"caption":"Nomis"},"image":{"@id":"https:\/\/nomis.hr\/#\/schema\/logo\/image\/"}}]}},"_links":{"self":[{"href":"https:\/\/nomis.hr\/sr\/wp-json\/wp\/v2\/product\/4210"}],"collection":[{"href":"https:\/\/nomis.hr\/sr\/wp-json\/wp\/v2\/product"}],"about":[{"href":"https:\/\/nomis.hr\/sr\/wp-json\/wp\/v2\/types\/product"}],"wp:featuredmedia":[{"embeddable":true,"href":"https:\/\/nomis.hr\/sr\/wp-json\/wp\/v2\/media\/4211"}],"wp:attachment":[{"href":"https:\/\/nomis.hr\/sr\/wp-json\/wp\/v2\/media?parent=4210"}],"wp:term":[{"taxonomy":"product_cat","embeddable":true,"href":"https:\/\/nomis.hr\/sr\/wp-json\/wp\/v2\/product_cat?post=4210"},{"taxonomy":"product_tag","embeddable":true,"href":"https:\/\/nomis.hr\/sr\/wp-json\/wp\/v2\/product_tag?post=4210"}],"curies":[{"name":"wp","href":"https:\/\/api.w.org\/{rel}","templated":true}]}}