{"id":4213,"date":"2022-05-05T10:02:00","date_gmt":"2022-05-05T08:02:00","guid":{"rendered":"https:\/\/nomis.hr\/product\/susara-na-vruc-vazduh-za-pet-kristalizatore\/"},"modified":"2022-05-05T10:02:00","modified_gmt":"2022-05-05T08:02:00","slug":"susara-na-vruc-vazduh-za-pet-kristalizatore","status":"publish","type":"product","link":"https:\/\/nomis.hr\/sr\/produkt\/susara-na-vruc-vazduh-za-pet-kristalizatore\/","title":{"rendered":"Su\u0161ara na vru\u0107 vazduh za PET kristalizatore"},"content":{"rendered":"","protected":false},"excerpt":{"rendered":"<p>EHK V serija su\u0161ara na vru\u0107 vazduh za PET kristalizatore pogodna je za su\u0161enje velikih koli\u010dina materijala. Opremljena je turbo kompresorima i osigurava visoko u\u010dinkovit rad uz smanjenu potro\u0161nju energije. Ova serija su\u0161ara koristi se za su\u0161enje listi\u0107a ili re-granuliranog PET-a, te je dizajnirana za zahtevne aplikacije gde je potreban najvi\u0161i nivo kvaliteta kristalizacije.<\/p>\n<p>Glavne karakteristike:<\/p>\n<ul>\n<li>Visokotla\u010dni generator vazduha<\/li>\n<li>Precizno upravljanje PID upravlja\u010dem<\/li>\n<li>Solid-state releji<\/li>\n<\/ul>\n","protected":false},"featured_media":4214,"template":"","meta":[],"product_cat":[204,248,263],"product_tag":[],"yoast_head":"<!-- This site is optimized with the Yoast SEO plugin v21.3 - https:\/\/yoast.com\/wordpress\/plugins\/seo\/ -->\n<title>Su\u0161ara na vru\u0107 vazduh za PET kristalizatore - Nomis<\/title>\n<meta name=\"robots\" content=\"index, follow, max-snippet:-1, max-image-preview:large, max-video-preview:-1\" \/>\n<link rel=\"canonical\" href=\"https:\/\/nomis.hr\/sr\/produkt\/susara-na-vruc-vazduh-za-pet-kristalizatore\/\" \/>\n<meta property=\"og:locale\" content=\"sr_RS\" \/>\n<meta property=\"og:type\" content=\"article\" \/>\n<meta property=\"og:title\" content=\"Su\u0161ara na vru\u0107 vazduh za PET kristalizatore - Nomis\" \/>\n<meta property=\"og:description\" content=\"EHK V serija su\u0161ara na vru\u0107 vazduh za PET kristalizatore pogodna je za su\u0161enje velikih koli\u010dina materijala. Opremljena je turbo kompresorima i osigurava visoko u\u010dinkovit rad uz smanjenu potro\u0161nju energije. Ova serija su\u0161ara koristi se za su\u0161enje listi\u0107a ili re-granuliranog PET-a, te je dizajnirana za zahtevne aplikacije gde je potreban najvi\u0161i nivo kvaliteta kristalizacije.  Glavne karakteristike:   Visokotla\u010dni generator vazduha  Precizno upravljanje PID upravlja\u010dem  Solid-state releji\" \/>\n<meta property=\"og:url\" content=\"https:\/\/nomis.hr\/sr\/produkt\/susara-na-vruc-vazduh-za-pet-kristalizatore\/\" \/>\n<meta property=\"og:site_name\" content=\"Nomis\" \/>\n<meta property=\"og:image\" content=\"https:\/\/nomis.hr\/wp-content\/uploads\/2022\/05\/Sus\u030cara-na-vruc\u0301i-zrak-za-PET-kristalizatore.jpg\" \/>\n\t<meta property=\"og:image:width\" content=\"1024\" \/>\n\t<meta property=\"og:image:height\" content=\"1024\" \/>\n\t<meta property=\"og:image:type\" content=\"image\/jpeg\" \/>\n<meta name=\"twitter:card\" content=\"summary_large_image\" \/>\n<script type=\"application\/ld+json\" class=\"yoast-schema-graph\">{\"@context\":\"https:\/\/schema.org\",\"@graph\":[{\"@type\":\"WebPage\",\"@id\":\"https:\/\/nomis.hr\/sr\/produkt\/susara-na-vruc-vazduh-za-pet-kristalizatore\/\",\"url\":\"https:\/\/nomis.hr\/sr\/produkt\/susara-na-vruc-vazduh-za-pet-kristalizatore\/\",\"name\":\"Su\u0161ara na vru\u0107 vazduh za PET kristalizatore - Nomis\",\"isPartOf\":{\"@id\":\"https:\/\/nomis.hr\/#website\"},\"datePublished\":\"2022-05-05T08:02:00+00:00\",\"dateModified\":\"2022-05-05T08:02:00+00:00\",\"breadcrumb\":{\"@id\":\"https:\/\/nomis.hr\/sr\/produkt\/susara-na-vruc-vazduh-za-pet-kristalizatore\/#breadcrumb\"},\"inLanguage\":\"sr-RS\",\"potentialAction\":[{\"@type\":\"ReadAction\",\"target\":[\"https:\/\/nomis.hr\/sr\/produkt\/susara-na-vruc-vazduh-za-pet-kristalizatore\/\"]}]},{\"@type\":\"BreadcrumbList\",\"@id\":\"https:\/\/nomis.hr\/sr\/produkt\/susara-na-vruc-vazduh-za-pet-kristalizatore\/#breadcrumb\",\"itemListElement\":[{\"@type\":\"ListItem\",\"position\":1,\"name\":\"Home\",\"item\":\"https:\/\/nomis.hr\/sr\/\"},{\"@type\":\"ListItem\",\"position\":2,\"name\":\"Katalog proizvoda\",\"item\":\"https:\/\/nomis.hr\/sr\/katalog-proizvoda\/\"},{\"@type\":\"ListItem\",\"position\":3,\"name\":\"Su\u0161ara na vru\u0107 vazduh za PET kristalizatore\"}]},{\"@type\":\"WebSite\",\"@id\":\"https:\/\/nomis.hr\/#website\",\"url\":\"https:\/\/nomis.hr\/\",\"name\":\"Nomis\",\"description\":\"Sve za preradu polimera i metala na jednom mjestu!\",\"publisher\":{\"@id\":\"https:\/\/nomis.hr\/#organization\"},\"potentialAction\":[{\"@type\":\"SearchAction\",\"target\":{\"@type\":\"EntryPoint\",\"urlTemplate\":\"https:\/\/nomis.hr\/?s={search_term_string}\"},\"query-input\":\"required name=search_term_string\"}],\"inLanguage\":\"sr-RS\"},{\"@type\":\"Organization\",\"@id\":\"https:\/\/nomis.hr\/#organization\",\"name\":\"Nomis\",\"url\":\"https:\/\/nomis.hr\/\",\"logo\":{\"@type\":\"ImageObject\",\"inLanguage\":\"sr-RS\",\"@id\":\"https:\/\/nomis.hr\/#\/schema\/logo\/image\/\",\"url\":\"https:\/\/nomis.hr\/wp-content\/uploads\/2021\/03\/Nomis-logo-admin-login.png\",\"contentUrl\":\"https:\/\/nomis.hr\/wp-content\/uploads\/2021\/03\/Nomis-logo-admin-login.png\",\"width\":640,\"height\":163,\"caption\":\"Nomis\"},\"image\":{\"@id\":\"https:\/\/nomis.hr\/#\/schema\/logo\/image\/\"}}]}<\/script>\n<!-- \/ Yoast SEO plugin. -->","yoast_head_json":{"title":"Su\u0161ara na vru\u0107 vazduh za PET kristalizatore - Nomis","robots":{"index":"index","follow":"follow","max-snippet":"max-snippet:-1","max-image-preview":"max-image-preview:large","max-video-preview":"max-video-preview:-1"},"canonical":"https:\/\/nomis.hr\/sr\/produkt\/susara-na-vruc-vazduh-za-pet-kristalizatore\/","og_locale":"sr_RS","og_type":"article","og_title":"Su\u0161ara na vru\u0107 vazduh za PET kristalizatore - Nomis","og_description":"EHK V serija su\u0161ara na vru\u0107 vazduh za PET kristalizatore pogodna je za su\u0161enje velikih koli\u010dina materijala. Opremljena je turbo kompresorima i osigurava visoko u\u010dinkovit rad uz smanjenu potro\u0161nju energije. Ova serija su\u0161ara koristi se za su\u0161enje listi\u0107a ili re-granuliranog PET-a, te je dizajnirana za zahtevne aplikacije gde je potreban najvi\u0161i nivo kvaliteta kristalizacije.  Glavne karakteristike:   Visokotla\u010dni generator vazduha  Precizno upravljanje PID upravlja\u010dem  Solid-state releji","og_url":"https:\/\/nomis.hr\/sr\/produkt\/susara-na-vruc-vazduh-za-pet-kristalizatore\/","og_site_name":"Nomis","og_image":[{"width":1024,"height":1024,"url":"https:\/\/nomis.hr\/wp-content\/uploads\/2022\/05\/Sus\u030cara-na-vruc\u0301i-zrak-za-PET-kristalizatore.jpg","type":"image\/jpeg"}],"twitter_card":"summary_large_image","schema":{"@context":"https:\/\/schema.org","@graph":[{"@type":"WebPage","@id":"https:\/\/nomis.hr\/sr\/produkt\/susara-na-vruc-vazduh-za-pet-kristalizatore\/","url":"https:\/\/nomis.hr\/sr\/produkt\/susara-na-vruc-vazduh-za-pet-kristalizatore\/","name":"Su\u0161ara na vru\u0107 vazduh za PET kristalizatore - Nomis","isPartOf":{"@id":"https:\/\/nomis.hr\/#website"},"datePublished":"2022-05-05T08:02:00+00:00","dateModified":"2022-05-05T08:02:00+00:00","breadcrumb":{"@id":"https:\/\/nomis.hr\/sr\/produkt\/susara-na-vruc-vazduh-za-pet-kristalizatore\/#breadcrumb"},"inLanguage":"sr-RS","potentialAction":[{"@type":"ReadAction","target":["https:\/\/nomis.hr\/sr\/produkt\/susara-na-vruc-vazduh-za-pet-kristalizatore\/"]}]},{"@type":"BreadcrumbList","@id":"https:\/\/nomis.hr\/sr\/produkt\/susara-na-vruc-vazduh-za-pet-kristalizatore\/#breadcrumb","itemListElement":[{"@type":"ListItem","position":1,"name":"Home","item":"https:\/\/nomis.hr\/sr\/"},{"@type":"ListItem","position":2,"name":"Katalog proizvoda","item":"https:\/\/nomis.hr\/sr\/katalog-proizvoda\/"},{"@type":"ListItem","position":3,"name":"Su\u0161ara na vru\u0107 vazduh za PET kristalizatore"}]},{"@type":"WebSite","@id":"https:\/\/nomis.hr\/#website","url":"https:\/\/nomis.hr\/","name":"Nomis","description":"Sve za preradu polimera i metala na jednom mjestu!","publisher":{"@id":"https:\/\/nomis.hr\/#organization"},"potentialAction":[{"@type":"SearchAction","target":{"@type":"EntryPoint","urlTemplate":"https:\/\/nomis.hr\/?s={search_term_string}"},"query-input":"required name=search_term_string"}],"inLanguage":"sr-RS"},{"@type":"Organization","@id":"https:\/\/nomis.hr\/#organization","name":"Nomis","url":"https:\/\/nomis.hr\/","logo":{"@type":"ImageObject","inLanguage":"sr-RS","@id":"https:\/\/nomis.hr\/#\/schema\/logo\/image\/","url":"https:\/\/nomis.hr\/wp-content\/uploads\/2021\/03\/Nomis-logo-admin-login.png","contentUrl":"https:\/\/nomis.hr\/wp-content\/uploads\/2021\/03\/Nomis-logo-admin-login.png","width":640,"height":163,"caption":"Nomis"},"image":{"@id":"https:\/\/nomis.hr\/#\/schema\/logo\/image\/"}}]}},"_links":{"self":[{"href":"https:\/\/nomis.hr\/sr\/wp-json\/wp\/v2\/product\/4213"}],"collection":[{"href":"https:\/\/nomis.hr\/sr\/wp-json\/wp\/v2\/product"}],"about":[{"href":"https:\/\/nomis.hr\/sr\/wp-json\/wp\/v2\/types\/product"}],"wp:featuredmedia":[{"embeddable":true,"href":"https:\/\/nomis.hr\/sr\/wp-json\/wp\/v2\/media\/4214"}],"wp:attachment":[{"href":"https:\/\/nomis.hr\/sr\/wp-json\/wp\/v2\/media?parent=4213"}],"wp:term":[{"taxonomy":"product_cat","embeddable":true,"href":"https:\/\/nomis.hr\/sr\/wp-json\/wp\/v2\/product_cat?post=4213"},{"taxonomy":"product_tag","embeddable":true,"href":"https:\/\/nomis.hr\/sr\/wp-json\/wp\/v2\/product_tag?post=4213"}],"curies":[{"name":"wp","href":"https:\/\/api.w.org\/{rel}","templated":true}]}}