{"id":4216,"date":"2022-05-05T09:42:37","date_gmt":"2022-05-05T07:42:37","guid":{"rendered":"https:\/\/nomis.hr\/product\/mowis-sistem-za-nadzor-i-pracenje-proizvodnje\/"},"modified":"2022-05-05T09:42:37","modified_gmt":"2022-05-05T07:42:37","slug":"mowis-sistem-za-nadzor-i-pracenje-proizvodnje","status":"publish","type":"product","link":"https:\/\/nomis.hr\/sr\/produkt\/mowis-sistem-za-nadzor-i-pracenje-proizvodnje\/","title":{"rendered":"MOWIS sistem za nadzor i prac\u0301enje proizvodnje"},"content":{"rendered":"","protected":false},"excerpt":{"rendered":"<p>MOWIS sistem nadzora i upravljanja je samo-konfiguriraju\u0107i integrisani sistem s objektno orijentisanim programiranjem te je idealan alat za daljinsko upravljanje kompleksnim sistemima u stvarnom vremenu. Korisnik samostalno kreira raspored odela i prati njegov razvoj, te ima trenutnu i potpunu vizualizaciju proizvodnog pogona. MOWIS sistem omogu\u0107uje pregled statusa pogona i upravljanje svakom spojenom jedinicom, te je strukturiran sa Modbus komunikacijskom mre\u017eom. To je multikorisni\u010dka platforma bazirana na serveru \u010dija konfiguracija omogu\u0107ava upravljanje na razli\u010ditim nivoima. Standardno dolazi sa Ethernet konekcijom za upravljanje na daljinu, \u0161to je mogu\u0107e i be\u017ei\u010dno. MOWIS sistem upravlja svom opremom i sistemima s namenskim modulima.<\/p>\n<p>Glavne karakteristike:<\/p>\n<ul>\n<li>Potpuno upravljanje statusom proizvodnje<\/li>\n<li>Otvoreni integrisani sistem<\/li>\n<li>Pomo\u0107 na daljinu<\/li>\n<\/ul>\n","protected":false},"featured_media":4217,"template":"","meta":[],"product_brand":[],"product_cat":[248,204,265],"product_tag":[],"class_list":{"0":"post-4216","1":"product","2":"type-product","3":"status-publish","4":"has-post-thumbnail","6":"product_cat-moretto-sr","7":"product_cat-oprema-sr","8":"product_cat-sistem-za-nadzor-proizvodnje","10":"first","11":"instock","12":"shipping-taxable","13":"product-type-simple"},"yoast_head":"<!-- This site is optimized with the Yoast SEO plugin v27.4 - https:\/\/yoast.com\/product\/yoast-seo-wordpress\/ -->\n<title>MOWIS sistem za nadzor i prac\u0301enje proizvodnje - Nomis<\/title>\n<meta name=\"robots\" content=\"index, follow, max-snippet:-1, max-image-preview:large, max-video-preview:-1\" \/>\n<link rel=\"canonical\" href=\"https:\/\/nomis.hr\/sr\/produkt\/mowis-sistem-za-nadzor-i-pracenje-proizvodnje\/\" \/>\n<meta property=\"og:locale\" content=\"sr_RS\" \/>\n<meta property=\"og:type\" content=\"article\" \/>\n<meta property=\"og:title\" content=\"MOWIS sistem za nadzor i prac\u0301enje proizvodnje - Nomis\" \/>\n<meta property=\"og:description\" content=\"MOWIS sistem nadzora i upravljanja je samo-konfiguriraju\u0107i integrisani sistem s objektno orijentisanim programiranjem te je idealan alat za daljinsko upravljanje kompleksnim sistemima u stvarnom vremenu. Korisnik samostalno kreira raspored odela i prati njegov razvoj, te ima trenutnu i potpunu vizualizaciju proizvodnog pogona. MOWIS sistem omogu\u0107uje pregled statusa pogona i upravljanje svakom spojenom jedinicom, te je strukturiran sa Modbus komunikacijskom mre\u017eom. To je multikorisni\u010dka platforma bazirana na serveru \u010dija konfiguracija omogu\u0107ava upravljanje na razli\u010ditim nivoima. Standardno dolazi sa Ethernet konekcijom za upravljanje na daljinu, \u0161to je mogu\u0107e i be\u017ei\u010dno. MOWIS sistem upravlja svom opremom i sistemima s namenskim modulima.  Glavne karakteristike:   Potpuno upravljanje statusom proizvodnje  Otvoreni integrisani sistem  Pomo\u0107 na daljinu\" \/>\n<meta property=\"og:url\" content=\"https:\/\/nomis.hr\/sr\/produkt\/mowis-sistem-za-nadzor-i-pracenje-proizvodnje\/\" \/>\n<meta property=\"og:site_name\" content=\"Nomis\" \/>\n<meta property=\"og:image\" content=\"https:\/\/nomis.hr\/wp-content\/uploads\/2022\/05\/MOWIS-sustav-za-nadzor-i-prac\u0301enje-proizvodnje.jpg\" \/>\n\t<meta property=\"og:image:width\" content=\"1024\" \/>\n\t<meta property=\"og:image:height\" content=\"1024\" \/>\n\t<meta property=\"og:image:type\" content=\"image\/jpeg\" \/>\n<meta name=\"twitter:card\" content=\"summary_large_image\" \/>\n<script type=\"application\/ld+json\" class=\"yoast-schema-graph\">{\"@context\":\"https:\\\/\\\/schema.org\",\"@graph\":[{\"@type\":\"WebPage\",\"@id\":\"https:\\\/\\\/nomis.hr\\\/sr\\\/produkt\\\/mowis-sistem-za-nadzor-i-pracenje-proizvodnje\\\/\",\"url\":\"https:\\\/\\\/nomis.hr\\\/sr\\\/produkt\\\/mowis-sistem-za-nadzor-i-pracenje-proizvodnje\\\/\",\"name\":\"MOWIS sistem za nadzor i prac\u0301enje proizvodnje - Nomis\",\"isPartOf\":{\"@id\":\"https:\\\/\\\/nomis.hr\\\/#website\"},\"primaryImageOfPage\":{\"@id\":\"https:\\\/\\\/nomis.hr\\\/sr\\\/produkt\\\/mowis-sistem-za-nadzor-i-pracenje-proizvodnje\\\/#primaryimage\"},\"image\":{\"@id\":\"https:\\\/\\\/nomis.hr\\\/sr\\\/produkt\\\/mowis-sistem-za-nadzor-i-pracenje-proizvodnje\\\/#primaryimage\"},\"thumbnailUrl\":\"https:\\\/\\\/nomis.hr\\\/wp-content\\\/uploads\\\/2022\\\/05\\\/MOWIS-sustav-za-nadzor-i-prac\u0301enje-proizvodnje.jpg\",\"datePublished\":\"2022-05-05T07:42:37+00:00\",\"breadcrumb\":{\"@id\":\"https:\\\/\\\/nomis.hr\\\/sr\\\/produkt\\\/mowis-sistem-za-nadzor-i-pracenje-proizvodnje\\\/#breadcrumb\"},\"inLanguage\":\"sr-RS\",\"potentialAction\":[{\"@type\":\"ReadAction\",\"target\":[\"https:\\\/\\\/nomis.hr\\\/sr\\\/produkt\\\/mowis-sistem-za-nadzor-i-pracenje-proizvodnje\\\/\"]}]},{\"@type\":\"ImageObject\",\"inLanguage\":\"sr-RS\",\"@id\":\"https:\\\/\\\/nomis.hr\\\/sr\\\/produkt\\\/mowis-sistem-za-nadzor-i-pracenje-proizvodnje\\\/#primaryimage\",\"url\":\"https:\\\/\\\/nomis.hr\\\/wp-content\\\/uploads\\\/2022\\\/05\\\/MOWIS-sustav-za-nadzor-i-prac\u0301enje-proizvodnje.jpg\",\"contentUrl\":\"https:\\\/\\\/nomis.hr\\\/wp-content\\\/uploads\\\/2022\\\/05\\\/MOWIS-sustav-za-nadzor-i-prac\u0301enje-proizvodnje.jpg\",\"width\":1024,\"height\":1024},{\"@type\":\"BreadcrumbList\",\"@id\":\"https:\\\/\\\/nomis.hr\\\/sr\\\/produkt\\\/mowis-sistem-za-nadzor-i-pracenje-proizvodnje\\\/#breadcrumb\",\"itemListElement\":[{\"@type\":\"ListItem\",\"position\":1,\"name\":\"Home\",\"item\":\"https:\\\/\\\/nomis.hr\\\/sr\\\/\"},{\"@type\":\"ListItem\",\"position\":2,\"name\":\"Katalog proizvoda\",\"item\":\"https:\\\/\\\/nomis.hr\\\/sr\\\/katalog-proizvoda\\\/\"},{\"@type\":\"ListItem\",\"position\":3,\"name\":\"MOWIS sistem za nadzor i prac\u0301enje proizvodnje\"}]},{\"@type\":\"WebSite\",\"@id\":\"https:\\\/\\\/nomis.hr\\\/#website\",\"url\":\"https:\\\/\\\/nomis.hr\\\/\",\"name\":\"Nomis\",\"description\":\"Sve za preradu polimera i metala na jednom mjestu!\",\"publisher\":{\"@id\":\"https:\\\/\\\/nomis.hr\\\/#organization\"},\"potentialAction\":[{\"@type\":\"SearchAction\",\"target\":{\"@type\":\"EntryPoint\",\"urlTemplate\":\"https:\\\/\\\/nomis.hr\\\/?s={search_term_string}\"},\"query-input\":{\"@type\":\"PropertyValueSpecification\",\"valueRequired\":true,\"valueName\":\"search_term_string\"}}],\"inLanguage\":\"sr-RS\"},{\"@type\":\"Organization\",\"@id\":\"https:\\\/\\\/nomis.hr\\\/#organization\",\"name\":\"Nomis\",\"url\":\"https:\\\/\\\/nomis.hr\\\/\",\"logo\":{\"@type\":\"ImageObject\",\"inLanguage\":\"sr-RS\",\"@id\":\"https:\\\/\\\/nomis.hr\\\/#\\\/schema\\\/logo\\\/image\\\/\",\"url\":\"https:\\\/\\\/nomis.hr\\\/wp-content\\\/uploads\\\/2021\\\/03\\\/Nomis-logo-admin-login.png\",\"contentUrl\":\"https:\\\/\\\/nomis.hr\\\/wp-content\\\/uploads\\\/2021\\\/03\\\/Nomis-logo-admin-login.png\",\"width\":640,\"height\":163,\"caption\":\"Nomis\"},\"image\":{\"@id\":\"https:\\\/\\\/nomis.hr\\\/#\\\/schema\\\/logo\\\/image\\\/\"}}]}<\/script>\n<!-- \/ Yoast SEO plugin. -->","yoast_head_json":{"title":"MOWIS sistem za nadzor i prac\u0301enje proizvodnje - Nomis","robots":{"index":"index","follow":"follow","max-snippet":"max-snippet:-1","max-image-preview":"max-image-preview:large","max-video-preview":"max-video-preview:-1"},"canonical":"https:\/\/nomis.hr\/sr\/produkt\/mowis-sistem-za-nadzor-i-pracenje-proizvodnje\/","og_locale":"sr_RS","og_type":"article","og_title":"MOWIS sistem za nadzor i prac\u0301enje proizvodnje - Nomis","og_description":"MOWIS sistem nadzora i upravljanja je samo-konfiguriraju\u0107i integrisani sistem s objektno orijentisanim programiranjem te je idealan alat za daljinsko upravljanje kompleksnim sistemima u stvarnom vremenu. Korisnik samostalno kreira raspored odela i prati njegov razvoj, te ima trenutnu i potpunu vizualizaciju proizvodnog pogona. MOWIS sistem omogu\u0107uje pregled statusa pogona i upravljanje svakom spojenom jedinicom, te je strukturiran sa Modbus komunikacijskom mre\u017eom. To je multikorisni\u010dka platforma bazirana na serveru \u010dija konfiguracija omogu\u0107ava upravljanje na razli\u010ditim nivoima. Standardno dolazi sa Ethernet konekcijom za upravljanje na daljinu, \u0161to je mogu\u0107e i be\u017ei\u010dno. MOWIS sistem upravlja svom opremom i sistemima s namenskim modulima.  Glavne karakteristike:   Potpuno upravljanje statusom proizvodnje  Otvoreni integrisani sistem  Pomo\u0107 na daljinu","og_url":"https:\/\/nomis.hr\/sr\/produkt\/mowis-sistem-za-nadzor-i-pracenje-proizvodnje\/","og_site_name":"Nomis","og_image":[{"width":1024,"height":1024,"url":"https:\/\/nomis.hr\/wp-content\/uploads\/2022\/05\/MOWIS-sustav-za-nadzor-i-prac\u0301enje-proizvodnje.jpg","type":"image\/jpeg"}],"twitter_card":"summary_large_image","schema":{"@context":"https:\/\/schema.org","@graph":[{"@type":"WebPage","@id":"https:\/\/nomis.hr\/sr\/produkt\/mowis-sistem-za-nadzor-i-pracenje-proizvodnje\/","url":"https:\/\/nomis.hr\/sr\/produkt\/mowis-sistem-za-nadzor-i-pracenje-proizvodnje\/","name":"MOWIS sistem za nadzor i prac\u0301enje proizvodnje - Nomis","isPartOf":{"@id":"https:\/\/nomis.hr\/#website"},"primaryImageOfPage":{"@id":"https:\/\/nomis.hr\/sr\/produkt\/mowis-sistem-za-nadzor-i-pracenje-proizvodnje\/#primaryimage"},"image":{"@id":"https:\/\/nomis.hr\/sr\/produkt\/mowis-sistem-za-nadzor-i-pracenje-proizvodnje\/#primaryimage"},"thumbnailUrl":"https:\/\/nomis.hr\/wp-content\/uploads\/2022\/05\/MOWIS-sustav-za-nadzor-i-prac\u0301enje-proizvodnje.jpg","datePublished":"2022-05-05T07:42:37+00:00","breadcrumb":{"@id":"https:\/\/nomis.hr\/sr\/produkt\/mowis-sistem-za-nadzor-i-pracenje-proizvodnje\/#breadcrumb"},"inLanguage":"sr-RS","potentialAction":[{"@type":"ReadAction","target":["https:\/\/nomis.hr\/sr\/produkt\/mowis-sistem-za-nadzor-i-pracenje-proizvodnje\/"]}]},{"@type":"ImageObject","inLanguage":"sr-RS","@id":"https:\/\/nomis.hr\/sr\/produkt\/mowis-sistem-za-nadzor-i-pracenje-proizvodnje\/#primaryimage","url":"https:\/\/nomis.hr\/wp-content\/uploads\/2022\/05\/MOWIS-sustav-za-nadzor-i-prac\u0301enje-proizvodnje.jpg","contentUrl":"https:\/\/nomis.hr\/wp-content\/uploads\/2022\/05\/MOWIS-sustav-za-nadzor-i-prac\u0301enje-proizvodnje.jpg","width":1024,"height":1024},{"@type":"BreadcrumbList","@id":"https:\/\/nomis.hr\/sr\/produkt\/mowis-sistem-za-nadzor-i-pracenje-proizvodnje\/#breadcrumb","itemListElement":[{"@type":"ListItem","position":1,"name":"Home","item":"https:\/\/nomis.hr\/sr\/"},{"@type":"ListItem","position":2,"name":"Katalog proizvoda","item":"https:\/\/nomis.hr\/sr\/katalog-proizvoda\/"},{"@type":"ListItem","position":3,"name":"MOWIS sistem za nadzor i prac\u0301enje proizvodnje"}]},{"@type":"WebSite","@id":"https:\/\/nomis.hr\/#website","url":"https:\/\/nomis.hr\/","name":"Nomis","description":"Sve za preradu polimera i metala na jednom mjestu!","publisher":{"@id":"https:\/\/nomis.hr\/#organization"},"potentialAction":[{"@type":"SearchAction","target":{"@type":"EntryPoint","urlTemplate":"https:\/\/nomis.hr\/?s={search_term_string}"},"query-input":{"@type":"PropertyValueSpecification","valueRequired":true,"valueName":"search_term_string"}}],"inLanguage":"sr-RS"},{"@type":"Organization","@id":"https:\/\/nomis.hr\/#organization","name":"Nomis","url":"https:\/\/nomis.hr\/","logo":{"@type":"ImageObject","inLanguage":"sr-RS","@id":"https:\/\/nomis.hr\/#\/schema\/logo\/image\/","url":"https:\/\/nomis.hr\/wp-content\/uploads\/2021\/03\/Nomis-logo-admin-login.png","contentUrl":"https:\/\/nomis.hr\/wp-content\/uploads\/2021\/03\/Nomis-logo-admin-login.png","width":640,"height":163,"caption":"Nomis"},"image":{"@id":"https:\/\/nomis.hr\/#\/schema\/logo\/image\/"}}]}},"_links":{"self":[{"href":"https:\/\/nomis.hr\/sr\/wp-json\/wp\/v2\/product\/4216","targetHints":{"allow":["GET"]}}],"collection":[{"href":"https:\/\/nomis.hr\/sr\/wp-json\/wp\/v2\/product"}],"about":[{"href":"https:\/\/nomis.hr\/sr\/wp-json\/wp\/v2\/types\/product"}],"wp:featuredmedia":[{"embeddable":true,"href":"https:\/\/nomis.hr\/sr\/wp-json\/wp\/v2\/media\/4217"}],"wp:attachment":[{"href":"https:\/\/nomis.hr\/sr\/wp-json\/wp\/v2\/media?parent=4216"}],"wp:term":[{"taxonomy":"product_brand","embeddable":true,"href":"https:\/\/nomis.hr\/sr\/wp-json\/wp\/v2\/product_brand?post=4216"},{"taxonomy":"product_cat","embeddable":true,"href":"https:\/\/nomis.hr\/sr\/wp-json\/wp\/v2\/product_cat?post=4216"},{"taxonomy":"product_tag","embeddable":true,"href":"https:\/\/nomis.hr\/sr\/wp-json\/wp\/v2\/product_tag?post=4216"}],"curies":[{"name":"wp","href":"https:\/\/api.w.org\/{rel}","templated":true}]}}