{"id":4234,"date":"2022-05-05T09:46:21","date_gmt":"2022-05-05T07:46:21","guid":{"rendered":"https:\/\/nomis.hr\/product\/rc-combi-hladnjaci-za-centralne-sustave\/"},"modified":"2022-05-05T09:46:21","modified_gmt":"2022-05-05T07:46:21","slug":"rc-combi-hladnjaci-za-centralne-sustave","status":"publish","type":"product","link":"https:\/\/nomis.hr\/sr\/produkt\/rc-combi-hladnjaci-za-centralne-sustave\/","title":{"rendered":"RC COMBI hladnjaci za centralne sisteme"},"content":{"rendered":"","protected":false},"excerpt":{"rendered":"<p>RC COMBI hladnjaci imaju modularni koncept za pro\u0161irenje, te su opremljeni izolovanim rezervoarom velikog kapaciteta i nezavisnom dvostrukom pumpom. Visoku energetsku efikasnost osiguravaju centrifugalni ventilatori, dizajn dvostrukog kruga i vij\u010dani kompresor. MULTI verzija ima dve rashladne jedinice. Dostupan MOWIS sistem upravljanja.<\/p>\n<p>Glavne karakteristike:<\/p>\n<ul>\n<li>Visoka u\u010dinkovitost<\/li>\n<li>Konstrukcija od ner\u0111aju\u0107eg \u010delika<\/li>\n<li>Dvostruki krug i pumpa<\/li>\n<\/ul>\n","protected":false},"featured_media":4235,"template":"","meta":[],"product_cat":[204,248,267],"product_tag":[],"yoast_head":"<!-- This site is optimized with the Yoast SEO plugin v21.3 - https:\/\/yoast.com\/wordpress\/plugins\/seo\/ -->\n<title>RC COMBI hladnjaci za centralne sisteme - Nomis<\/title>\n<meta name=\"robots\" content=\"index, follow, max-snippet:-1, max-image-preview:large, max-video-preview:-1\" \/>\n<link rel=\"canonical\" href=\"https:\/\/nomis.hr\/sr\/produkt\/rc-combi-hladnjaci-za-centralne-sustave\/\" \/>\n<meta property=\"og:locale\" content=\"sr_RS\" \/>\n<meta property=\"og:type\" content=\"article\" \/>\n<meta property=\"og:title\" content=\"RC COMBI hladnjaci za centralne sisteme - Nomis\" \/>\n<meta property=\"og:description\" content=\"RC COMBI hladnjaci imaju modularni koncept za pro\u0161irenje, te su opremljeni izolovanim rezervoarom velikog kapaciteta i nezavisnom dvostrukom pumpom. Visoku energetsku efikasnost osiguravaju centrifugalni ventilatori, dizajn dvostrukog kruga i vij\u010dani kompresor. MULTI verzija ima dve rashladne jedinice. Dostupan MOWIS sistem upravljanja.  Glavne karakteristike:   Visoka u\u010dinkovitost  Konstrukcija od ner\u0111aju\u0107eg \u010delika  Dvostruki krug i pumpa\" \/>\n<meta property=\"og:url\" content=\"https:\/\/nomis.hr\/sr\/produkt\/rc-combi-hladnjaci-za-centralne-sustave\/\" \/>\n<meta property=\"og:site_name\" content=\"Nomis\" \/>\n<meta property=\"og:image\" content=\"https:\/\/nomis.hr\/wp-content\/uploads\/2022\/05\/RC-COMBI.jpg\" \/>\n\t<meta property=\"og:image:width\" content=\"1024\" \/>\n\t<meta property=\"og:image:height\" content=\"1024\" \/>\n\t<meta property=\"og:image:type\" content=\"image\/jpeg\" \/>\n<meta name=\"twitter:card\" content=\"summary_large_image\" \/>\n<script type=\"application\/ld+json\" class=\"yoast-schema-graph\">{\"@context\":\"https:\/\/schema.org\",\"@graph\":[{\"@type\":\"WebPage\",\"@id\":\"https:\/\/nomis.hr\/sr\/produkt\/rc-combi-hladnjaci-za-centralne-sustave\/\",\"url\":\"https:\/\/nomis.hr\/sr\/produkt\/rc-combi-hladnjaci-za-centralne-sustave\/\",\"name\":\"RC COMBI hladnjaci za centralne sisteme - Nomis\",\"isPartOf\":{\"@id\":\"https:\/\/nomis.hr\/#website\"},\"datePublished\":\"2022-05-05T07:46:21+00:00\",\"dateModified\":\"2022-05-05T07:46:21+00:00\",\"breadcrumb\":{\"@id\":\"https:\/\/nomis.hr\/sr\/produkt\/rc-combi-hladnjaci-za-centralne-sustave\/#breadcrumb\"},\"inLanguage\":\"sr-RS\",\"potentialAction\":[{\"@type\":\"ReadAction\",\"target\":[\"https:\/\/nomis.hr\/sr\/produkt\/rc-combi-hladnjaci-za-centralne-sustave\/\"]}]},{\"@type\":\"BreadcrumbList\",\"@id\":\"https:\/\/nomis.hr\/sr\/produkt\/rc-combi-hladnjaci-za-centralne-sustave\/#breadcrumb\",\"itemListElement\":[{\"@type\":\"ListItem\",\"position\":1,\"name\":\"Home\",\"item\":\"https:\/\/nomis.hr\/sr\/\"},{\"@type\":\"ListItem\",\"position\":2,\"name\":\"Katalog proizvoda\",\"item\":\"https:\/\/nomis.hr\/sr\/katalog-proizvoda\/\"},{\"@type\":\"ListItem\",\"position\":3,\"name\":\"RC COMBI hladnjaci za centralne sisteme\"}]},{\"@type\":\"WebSite\",\"@id\":\"https:\/\/nomis.hr\/#website\",\"url\":\"https:\/\/nomis.hr\/\",\"name\":\"Nomis\",\"description\":\"Sve za preradu polimera i metala na jednom mjestu!\",\"publisher\":{\"@id\":\"https:\/\/nomis.hr\/#organization\"},\"potentialAction\":[{\"@type\":\"SearchAction\",\"target\":{\"@type\":\"EntryPoint\",\"urlTemplate\":\"https:\/\/nomis.hr\/?s={search_term_string}\"},\"query-input\":\"required name=search_term_string\"}],\"inLanguage\":\"sr-RS\"},{\"@type\":\"Organization\",\"@id\":\"https:\/\/nomis.hr\/#organization\",\"name\":\"Nomis\",\"url\":\"https:\/\/nomis.hr\/\",\"logo\":{\"@type\":\"ImageObject\",\"inLanguage\":\"sr-RS\",\"@id\":\"https:\/\/nomis.hr\/#\/schema\/logo\/image\/\",\"url\":\"https:\/\/nomis.hr\/wp-content\/uploads\/2021\/03\/Nomis-logo-admin-login.png\",\"contentUrl\":\"https:\/\/nomis.hr\/wp-content\/uploads\/2021\/03\/Nomis-logo-admin-login.png\",\"width\":640,\"height\":163,\"caption\":\"Nomis\"},\"image\":{\"@id\":\"https:\/\/nomis.hr\/#\/schema\/logo\/image\/\"}}]}<\/script>\n<!-- \/ Yoast SEO plugin. -->","yoast_head_json":{"title":"RC COMBI hladnjaci za centralne sisteme - Nomis","robots":{"index":"index","follow":"follow","max-snippet":"max-snippet:-1","max-image-preview":"max-image-preview:large","max-video-preview":"max-video-preview:-1"},"canonical":"https:\/\/nomis.hr\/sr\/produkt\/rc-combi-hladnjaci-za-centralne-sustave\/","og_locale":"sr_RS","og_type":"article","og_title":"RC COMBI hladnjaci za centralne sisteme - Nomis","og_description":"RC COMBI hladnjaci imaju modularni koncept za pro\u0161irenje, te su opremljeni izolovanim rezervoarom velikog kapaciteta i nezavisnom dvostrukom pumpom. Visoku energetsku efikasnost osiguravaju centrifugalni ventilatori, dizajn dvostrukog kruga i vij\u010dani kompresor. MULTI verzija ima dve rashladne jedinice. Dostupan MOWIS sistem upravljanja.  Glavne karakteristike:   Visoka u\u010dinkovitost  Konstrukcija od ner\u0111aju\u0107eg \u010delika  Dvostruki krug i pumpa","og_url":"https:\/\/nomis.hr\/sr\/produkt\/rc-combi-hladnjaci-za-centralne-sustave\/","og_site_name":"Nomis","og_image":[{"width":1024,"height":1024,"url":"https:\/\/nomis.hr\/wp-content\/uploads\/2022\/05\/RC-COMBI.jpg","type":"image\/jpeg"}],"twitter_card":"summary_large_image","schema":{"@context":"https:\/\/schema.org","@graph":[{"@type":"WebPage","@id":"https:\/\/nomis.hr\/sr\/produkt\/rc-combi-hladnjaci-za-centralne-sustave\/","url":"https:\/\/nomis.hr\/sr\/produkt\/rc-combi-hladnjaci-za-centralne-sustave\/","name":"RC COMBI hladnjaci za centralne sisteme - Nomis","isPartOf":{"@id":"https:\/\/nomis.hr\/#website"},"datePublished":"2022-05-05T07:46:21+00:00","dateModified":"2022-05-05T07:46:21+00:00","breadcrumb":{"@id":"https:\/\/nomis.hr\/sr\/produkt\/rc-combi-hladnjaci-za-centralne-sustave\/#breadcrumb"},"inLanguage":"sr-RS","potentialAction":[{"@type":"ReadAction","target":["https:\/\/nomis.hr\/sr\/produkt\/rc-combi-hladnjaci-za-centralne-sustave\/"]}]},{"@type":"BreadcrumbList","@id":"https:\/\/nomis.hr\/sr\/produkt\/rc-combi-hladnjaci-za-centralne-sustave\/#breadcrumb","itemListElement":[{"@type":"ListItem","position":1,"name":"Home","item":"https:\/\/nomis.hr\/sr\/"},{"@type":"ListItem","position":2,"name":"Katalog proizvoda","item":"https:\/\/nomis.hr\/sr\/katalog-proizvoda\/"},{"@type":"ListItem","position":3,"name":"RC COMBI hladnjaci za centralne sisteme"}]},{"@type":"WebSite","@id":"https:\/\/nomis.hr\/#website","url":"https:\/\/nomis.hr\/","name":"Nomis","description":"Sve za preradu polimera i metala na jednom mjestu!","publisher":{"@id":"https:\/\/nomis.hr\/#organization"},"potentialAction":[{"@type":"SearchAction","target":{"@type":"EntryPoint","urlTemplate":"https:\/\/nomis.hr\/?s={search_term_string}"},"query-input":"required name=search_term_string"}],"inLanguage":"sr-RS"},{"@type":"Organization","@id":"https:\/\/nomis.hr\/#organization","name":"Nomis","url":"https:\/\/nomis.hr\/","logo":{"@type":"ImageObject","inLanguage":"sr-RS","@id":"https:\/\/nomis.hr\/#\/schema\/logo\/image\/","url":"https:\/\/nomis.hr\/wp-content\/uploads\/2021\/03\/Nomis-logo-admin-login.png","contentUrl":"https:\/\/nomis.hr\/wp-content\/uploads\/2021\/03\/Nomis-logo-admin-login.png","width":640,"height":163,"caption":"Nomis"},"image":{"@id":"https:\/\/nomis.hr\/#\/schema\/logo\/image\/"}}]}},"_links":{"self":[{"href":"https:\/\/nomis.hr\/sr\/wp-json\/wp\/v2\/product\/4234"}],"collection":[{"href":"https:\/\/nomis.hr\/sr\/wp-json\/wp\/v2\/product"}],"about":[{"href":"https:\/\/nomis.hr\/sr\/wp-json\/wp\/v2\/types\/product"}],"wp:featuredmedia":[{"embeddable":true,"href":"https:\/\/nomis.hr\/sr\/wp-json\/wp\/v2\/media\/4235"}],"wp:attachment":[{"href":"https:\/\/nomis.hr\/sr\/wp-json\/wp\/v2\/media?parent=4234"}],"wp:term":[{"taxonomy":"product_cat","embeddable":true,"href":"https:\/\/nomis.hr\/sr\/wp-json\/wp\/v2\/product_cat?post=4234"},{"taxonomy":"product_tag","embeddable":true,"href":"https:\/\/nomis.hr\/sr\/wp-json\/wp\/v2\/product_tag?post=4234"}],"curies":[{"name":"wp","href":"https:\/\/api.w.org\/{rel}","templated":true}]}}