{"id":4238,"date":"2022-05-05T10:55:53","date_gmt":"2022-05-05T08:55:53","guid":{"rendered":"https:\/\/nomis.hr\/product\/sustav-za-odvajanje-prasine\/"},"modified":"2022-05-05T10:55:53","modified_gmt":"2022-05-05T08:55:53","slug":"sustav-za-odvajanje-prasine","status":"publish","type":"product","link":"https:\/\/nomis.hr\/sr\/produkt\/sustav-za-odvajanje-prasine\/","title":{"rendered":"Sistem za odvajanje pra\u0161ine"},"content":{"rendered":"","protected":false},"excerpt":{"rendered":"<p>Bez obzira na efikasnost mlina, male koli\u010dine pra\u0161ine i sitnih \u010destica uvek \u0107e biti prisutne te \u0107e se pove\u0107avati sa tro\u0161enjem no\u017eeva. U\u010dinkovitim i prilago\u0111enim sistemom za odvajanje pra\u0161ine ti se problemi mogu izbe\u0107i.<\/p>\n<ul>\n<li>koli\u010dina pra\u0161ine je manja kada su no\u017eevi o\u0161tri<\/li>\n<li>u\u010dinkoviti sistem odvajanja pra\u0161ine filtrira pra\u0161inu i sitne \u010destice \u010dime se dobiva visokokvalitetan granulat za povrat u preraeni proces<\/li>\n<li>osim bolje kvalitete granulata, radno okru\u017eenje \u0107e tako\u0111er biti \u010di\u0161\u0107e i sigurnije<\/li>\n<\/ul>\n<p>Sistem pre pritiska:<\/p>\n<ul>\n<li>Rapid DS-50 do 250 kg\/h<\/li>\n<li>Rapid DS-400 do 500 kg\/h<\/li>\n<li>Rapid DS-800 do 1,000 kg\/h<\/li>\n<\/ul>\n<p>Sistem pod pritiska:<\/p>\n<ul>\n<li>NPDS 500 s kapacitetom do 500 kg\/h<\/li>\n<li>NPDS 1500 s kapacitetom do 1,500 kg\/h<\/li>\n<\/ul>\n","protected":false},"featured_media":4239,"template":"","meta":[],"product_cat":[204,270,271],"product_tag":[],"yoast_head":"<!-- This site is optimized with the Yoast SEO plugin v21.3 - https:\/\/yoast.com\/wordpress\/plugins\/seo\/ -->\n<title>Sistem za odvajanje pra\u0161ine - Nomis<\/title>\n<meta name=\"robots\" content=\"index, follow, max-snippet:-1, max-image-preview:large, max-video-preview:-1\" \/>\n<link rel=\"canonical\" href=\"https:\/\/nomis.hr\/sr\/produkt\/sustav-za-odvajanje-prasine\/\" \/>\n<meta property=\"og:locale\" content=\"sr_RS\" \/>\n<meta property=\"og:type\" content=\"article\" \/>\n<meta property=\"og:title\" content=\"Sistem za odvajanje pra\u0161ine - Nomis\" \/>\n<meta property=\"og:description\" content=\"Bez obzira na efikasnost mlina, male koli\u010dine pra\u0161ine i sitnih \u010destica uvek \u0107e biti prisutne te \u0107e se pove\u0107avati sa tro\u0161enjem no\u017eeva. U\u010dinkovitim i prilago\u0111enim sistemom za odvajanje pra\u0161ine ti se problemi mogu izbe\u0107i.   koli\u010dina pra\u0161ine je manja kada su no\u017eevi o\u0161tri  u\u010dinkoviti sistem odvajanja pra\u0161ine filtrira pra\u0161inu i sitne \u010destice \u010dime se dobiva visokokvalitetan granulat za povrat u preraeni proces  osim bolje kvalitete granulata, radno okru\u017eenje \u0107e tako\u0111er biti \u010di\u0161\u0107e i sigurnije  Sistem pre pritiska:   Rapid DS-50 do 250 kg\/h  Rapid DS-400 do 500 kg\/h  Rapid DS-800 do 1,000 kg\/h  Sistem pod pritiska:   NPDS 500 s kapacitetom do 500 kg\/h  NPDS 1500 s kapacitetom do 1,500 kg\/h\" \/>\n<meta property=\"og:url\" content=\"https:\/\/nomis.hr\/sr\/produkt\/sustav-za-odvajanje-prasine\/\" \/>\n<meta property=\"og:site_name\" content=\"Nomis\" \/>\n<meta property=\"og:image\" content=\"https:\/\/nomis.hr\/wp-content\/uploads\/2022\/05\/Dust-separator.jpg\" \/>\n\t<meta property=\"og:image:width\" content=\"1024\" \/>\n\t<meta property=\"og:image:height\" content=\"1024\" \/>\n\t<meta property=\"og:image:type\" content=\"image\/jpeg\" \/>\n<meta name=\"twitter:card\" content=\"summary_large_image\" \/>\n<script type=\"application\/ld+json\" class=\"yoast-schema-graph\">{\"@context\":\"https:\/\/schema.org\",\"@graph\":[{\"@type\":\"WebPage\",\"@id\":\"https:\/\/nomis.hr\/sr\/produkt\/sustav-za-odvajanje-prasine\/\",\"url\":\"https:\/\/nomis.hr\/sr\/produkt\/sustav-za-odvajanje-prasine\/\",\"name\":\"Sistem za odvajanje pra\u0161ine - Nomis\",\"isPartOf\":{\"@id\":\"https:\/\/nomis.hr\/#website\"},\"datePublished\":\"2022-05-05T08:55:53+00:00\",\"dateModified\":\"2022-05-05T08:55:53+00:00\",\"breadcrumb\":{\"@id\":\"https:\/\/nomis.hr\/sr\/produkt\/sustav-za-odvajanje-prasine\/#breadcrumb\"},\"inLanguage\":\"sr-RS\",\"potentialAction\":[{\"@type\":\"ReadAction\",\"target\":[\"https:\/\/nomis.hr\/sr\/produkt\/sustav-za-odvajanje-prasine\/\"]}]},{\"@type\":\"BreadcrumbList\",\"@id\":\"https:\/\/nomis.hr\/sr\/produkt\/sustav-za-odvajanje-prasine\/#breadcrumb\",\"itemListElement\":[{\"@type\":\"ListItem\",\"position\":1,\"name\":\"Home\",\"item\":\"https:\/\/nomis.hr\/sr\/\"},{\"@type\":\"ListItem\",\"position\":2,\"name\":\"Katalog proizvoda\",\"item\":\"https:\/\/nomis.hr\/sr\/katalog-proizvoda\/\"},{\"@type\":\"ListItem\",\"position\":3,\"name\":\"Sistem za odvajanje pra\u0161ine\"}]},{\"@type\":\"WebSite\",\"@id\":\"https:\/\/nomis.hr\/#website\",\"url\":\"https:\/\/nomis.hr\/\",\"name\":\"Nomis\",\"description\":\"Sve za preradu polimera i metala na jednom mjestu!\",\"publisher\":{\"@id\":\"https:\/\/nomis.hr\/#organization\"},\"potentialAction\":[{\"@type\":\"SearchAction\",\"target\":{\"@type\":\"EntryPoint\",\"urlTemplate\":\"https:\/\/nomis.hr\/?s={search_term_string}\"},\"query-input\":\"required name=search_term_string\"}],\"inLanguage\":\"sr-RS\"},{\"@type\":\"Organization\",\"@id\":\"https:\/\/nomis.hr\/#organization\",\"name\":\"Nomis\",\"url\":\"https:\/\/nomis.hr\/\",\"logo\":{\"@type\":\"ImageObject\",\"inLanguage\":\"sr-RS\",\"@id\":\"https:\/\/nomis.hr\/#\/schema\/logo\/image\/\",\"url\":\"https:\/\/nomis.hr\/wp-content\/uploads\/2021\/03\/Nomis-logo-admin-login.png\",\"contentUrl\":\"https:\/\/nomis.hr\/wp-content\/uploads\/2021\/03\/Nomis-logo-admin-login.png\",\"width\":640,\"height\":163,\"caption\":\"Nomis\"},\"image\":{\"@id\":\"https:\/\/nomis.hr\/#\/schema\/logo\/image\/\"}}]}<\/script>\n<!-- \/ Yoast SEO plugin. -->","yoast_head_json":{"title":"Sistem za odvajanje pra\u0161ine - Nomis","robots":{"index":"index","follow":"follow","max-snippet":"max-snippet:-1","max-image-preview":"max-image-preview:large","max-video-preview":"max-video-preview:-1"},"canonical":"https:\/\/nomis.hr\/sr\/produkt\/sustav-za-odvajanje-prasine\/","og_locale":"sr_RS","og_type":"article","og_title":"Sistem za odvajanje pra\u0161ine - Nomis","og_description":"Bez obzira na efikasnost mlina, male koli\u010dine pra\u0161ine i sitnih \u010destica uvek \u0107e biti prisutne te \u0107e se pove\u0107avati sa tro\u0161enjem no\u017eeva. U\u010dinkovitim i prilago\u0111enim sistemom za odvajanje pra\u0161ine ti se problemi mogu izbe\u0107i.   koli\u010dina pra\u0161ine je manja kada su no\u017eevi o\u0161tri  u\u010dinkoviti sistem odvajanja pra\u0161ine filtrira pra\u0161inu i sitne \u010destice \u010dime se dobiva visokokvalitetan granulat za povrat u preraeni proces  osim bolje kvalitete granulata, radno okru\u017eenje \u0107e tako\u0111er biti \u010di\u0161\u0107e i sigurnije  Sistem pre pritiska:   Rapid DS-50 do 250 kg\/h  Rapid DS-400 do 500 kg\/h  Rapid DS-800 do 1,000 kg\/h  Sistem pod pritiska:   NPDS 500 s kapacitetom do 500 kg\/h  NPDS 1500 s kapacitetom do 1,500 kg\/h","og_url":"https:\/\/nomis.hr\/sr\/produkt\/sustav-za-odvajanje-prasine\/","og_site_name":"Nomis","og_image":[{"width":1024,"height":1024,"url":"https:\/\/nomis.hr\/wp-content\/uploads\/2022\/05\/Dust-separator.jpg","type":"image\/jpeg"}],"twitter_card":"summary_large_image","schema":{"@context":"https:\/\/schema.org","@graph":[{"@type":"WebPage","@id":"https:\/\/nomis.hr\/sr\/produkt\/sustav-za-odvajanje-prasine\/","url":"https:\/\/nomis.hr\/sr\/produkt\/sustav-za-odvajanje-prasine\/","name":"Sistem za odvajanje pra\u0161ine - Nomis","isPartOf":{"@id":"https:\/\/nomis.hr\/#website"},"datePublished":"2022-05-05T08:55:53+00:00","dateModified":"2022-05-05T08:55:53+00:00","breadcrumb":{"@id":"https:\/\/nomis.hr\/sr\/produkt\/sustav-za-odvajanje-prasine\/#breadcrumb"},"inLanguage":"sr-RS","potentialAction":[{"@type":"ReadAction","target":["https:\/\/nomis.hr\/sr\/produkt\/sustav-za-odvajanje-prasine\/"]}]},{"@type":"BreadcrumbList","@id":"https:\/\/nomis.hr\/sr\/produkt\/sustav-za-odvajanje-prasine\/#breadcrumb","itemListElement":[{"@type":"ListItem","position":1,"name":"Home","item":"https:\/\/nomis.hr\/sr\/"},{"@type":"ListItem","position":2,"name":"Katalog proizvoda","item":"https:\/\/nomis.hr\/sr\/katalog-proizvoda\/"},{"@type":"ListItem","position":3,"name":"Sistem za odvajanje pra\u0161ine"}]},{"@type":"WebSite","@id":"https:\/\/nomis.hr\/#website","url":"https:\/\/nomis.hr\/","name":"Nomis","description":"Sve za preradu polimera i metala na jednom mjestu!","publisher":{"@id":"https:\/\/nomis.hr\/#organization"},"potentialAction":[{"@type":"SearchAction","target":{"@type":"EntryPoint","urlTemplate":"https:\/\/nomis.hr\/?s={search_term_string}"},"query-input":"required name=search_term_string"}],"inLanguage":"sr-RS"},{"@type":"Organization","@id":"https:\/\/nomis.hr\/#organization","name":"Nomis","url":"https:\/\/nomis.hr\/","logo":{"@type":"ImageObject","inLanguage":"sr-RS","@id":"https:\/\/nomis.hr\/#\/schema\/logo\/image\/","url":"https:\/\/nomis.hr\/wp-content\/uploads\/2021\/03\/Nomis-logo-admin-login.png","contentUrl":"https:\/\/nomis.hr\/wp-content\/uploads\/2021\/03\/Nomis-logo-admin-login.png","width":640,"height":163,"caption":"Nomis"},"image":{"@id":"https:\/\/nomis.hr\/#\/schema\/logo\/image\/"}}]}},"_links":{"self":[{"href":"https:\/\/nomis.hr\/sr\/wp-json\/wp\/v2\/product\/4238"}],"collection":[{"href":"https:\/\/nomis.hr\/sr\/wp-json\/wp\/v2\/product"}],"about":[{"href":"https:\/\/nomis.hr\/sr\/wp-json\/wp\/v2\/types\/product"}],"wp:featuredmedia":[{"embeddable":true,"href":"https:\/\/nomis.hr\/sr\/wp-json\/wp\/v2\/media\/4239"}],"wp:attachment":[{"href":"https:\/\/nomis.hr\/sr\/wp-json\/wp\/v2\/media?parent=4238"}],"wp:term":[{"taxonomy":"product_cat","embeddable":true,"href":"https:\/\/nomis.hr\/sr\/wp-json\/wp\/v2\/product_cat?post=4238"},{"taxonomy":"product_tag","embeddable":true,"href":"https:\/\/nomis.hr\/sr\/wp-json\/wp\/v2\/product_tag?post=4238"}],"curies":[{"name":"wp","href":"https:\/\/api.w.org\/{rel}","templated":true}]}}